{"id":90,"date":"2019-01-30T21:22:57","date_gmt":"2019-01-30T20:22:57","guid":{"rendered":"https:\/\/stiftung-ts.de\/sts\/?page_id=90"},"modified":"2026-03-16T16:17:50","modified_gmt":"2026-03-16T15:17:50","slug":"gemeinde_1","status":"publish","type":"page","link":"https:\/\/stiftung-ts.de\/sts\/gemeinde_1\/","title":{"rendered":"Gemeinde"},"content":{"rendered":"<div class=\"wp-block-image\">\n<figure class=\"aligncenter size-medium is-resized\"><img loading=\"lazy\" decoding=\"async\" width=\"297\" height=\"300\" src=\"https:\/\/stiftung-ts.de\/sts\/wp-content\/uploads\/2021\/04\/Logo_TS-Gemeinde-297x300.png\" alt=\"\" class=\"wp-image-2462\" style=\"width:149px;height:150px\" srcset=\"https:\/\/stiftung-ts.de\/sts\/wp-content\/uploads\/2021\/04\/Logo_TS-Gemeinde-297x300.png 297w, https:\/\/stiftung-ts.de\/sts\/wp-content\/uploads\/2021\/04\/Logo_TS-Gemeinde-1015x1024.png 1015w, https:\/\/stiftung-ts.de\/sts\/wp-content\/uploads\/2021\/04\/Logo_TS-Gemeinde-768x775.png 768w, https:\/\/stiftung-ts.de\/sts\/wp-content\/uploads\/2021\/04\/Logo_TS-Gemeinde-90x90.png 90w, https:\/\/stiftung-ts.de\/sts\/wp-content\/uploads\/2021\/04\/Logo_TS-Gemeinde-64x64.png 64w, https:\/\/stiftung-ts.de\/sts\/wp-content\/uploads\/2021\/04\/Logo_TS-Gemeinde.png 1096w\" sizes=\"auto, (max-width: 297px) 100vw, 297px\" \/><\/figure>\n<\/div>\n\n\n<div style=\"height:30px\" aria-hidden=\"true\" class=\"wp-block-spacer\"><\/div>\n\n\n\n<div class=\"wp-block-columns is-layout-flex wp-container-core-columns-is-layout-9d6595d7 wp-block-columns-is-layout-flex\">\n<div class=\"wp-block-column is-vertically-aligned-center is-layout-flow wp-block-column-is-layout-flow\"><\/div>\n<\/div>\n\n\n\n<h2 class=\"wp-block-heading\">Seelsorge neu denken und leben<\/h2>\n\n\n\n<p><strong>Tools f\u00fcr die Gemeinde von heute<\/strong><\/p>\n\n\n\n<p>Seelsorge hei\u00dft f\u00fcreinander da sein \u2013 echt und ehrlich. Hier findest du praktische Wege, wie du das ganz konkret leben kannst.<\/p>\n\n\n\n<div style=\"height:30px\" aria-hidden=\"true\" class=\"wp-block-spacer\"><\/div>\n\n\n\n<h3 class=\"wp-block-heading\"><a href=\"https:\/\/stiftung-ts.de\/sts\/gemeinde_1\/seelsorge-als-gemeindekultur\/\">Seelsorge als Gemeindekultur etablieren<\/a><\/h3>\n\n\n\n<p><strong>Tagessemina<\/strong>r<\/p>\n\n\n\n<ul class=\"wp-block-list\">\n<li>Inspirierender Vortrag zum Thema<\/li>\n\n\n\n<li>Austausch und Vertiefung in Kleingruppen<\/li>\n\n\n\n<li>Festhalten von pers\u00f6nlichen Learnings f\u00fcr die Gemeinde<\/li>\n<\/ul>\n\n\n\n<div style=\"height:30px\" aria-hidden=\"true\" class=\"wp-block-spacer\"><\/div>\n\n\n\n<h3 class=\"wp-block-heading\"><a href=\"https:\/\/stiftung-ts.de\/sts\/gemeinde_1\/seelsorgeschulungen\/gelingende-gespraeche\/\">Besser reden. Ehrlich zuh\u00f6ren. Wirklich verstehen<\/a><\/h3>\n\n\n\n<p><strong>Workshop f\u00fcr gelingende Gespr\u00e4che<\/strong><\/p>\n\n\n\n<ul class=\"wp-block-list\">\n<li>Geistliche und praktische Leitlinien f\u00fcr gute Kommunikation kennenlernen<\/li>\n\n\n\n<li>Entdecken, wie wertvoll echtes Zuh\u00f6ren ist<\/li>\n\n\n\n<li>Zeit zum \u00dcben, Fragen stellen, ausprobieren \u2013 in gesch\u00fctztem Rahmen<\/li>\n<\/ul>\n\n\n\n<div style=\"height:30px\" aria-hidden=\"true\" class=\"wp-block-spacer\"><\/div>\n\n\n\n<h3 class=\"wp-block-heading\"><a href=\"https:\/\/stiftung-ts.de\/sts\/gemeinde_1\/seelsorgeschulungen\/seelsorge-in-kleingruppen\/\">Ein heiliger Ort mitten im Alltag &#8211; Seelsorge in der Kleingruppe<\/a><\/h3>\n\n\n\n<p><strong>Schulungstag<\/strong><\/p>\n\n\n\n<ul class=\"wp-block-list\">\n<li>Einf\u00fchrung in das Konzept\n<ul class=\"wp-block-list\">\n<li>Ehrliches Teilen von K\u00e4mpfen, Zweifeln und Freuden<\/li>\n\n\n\n<li>Kein Urteilen, stattdessen Verst\u00e4ndnis und Gebet<\/li>\n<\/ul>\n<\/li>\n\n\n\n<li>Ein\u00fcbung von Gespr\u00e4chsf\u00fchrung und Leitung<\/li>\n<\/ul>\n\n\n\n<div style=\"height:30px\" aria-hidden=\"true\" class=\"wp-block-spacer\"><\/div>\n\n\n\n<h3 class=\"wp-block-heading\"><a href=\"https:\/\/stiftung-ts.de\/sts\/gemeinde_1\/seelsorgeschulungen\/8-plus-5-seelsorgetraining-lebensbegleitung\/\">8 plus 5 Seelsorgetraining und Lebensbegleitung<\/a><\/h3>\n\n\n\n<ul class=\"wp-block-list\">\n<li>Praxisnahes Training, wie Seelsorge im Alltag aussehen kann<\/li>\n\n\n\n<li>Geistlich fundiert und von der Gemeinde selbst durchf\u00fchrbar<\/li>\n\n\n\n<li>Viel Zeit zum \u00dcben und Ausprobieren<\/li>\n\n\n\n<li><strong>Lebensbegleitung<\/strong>: Aufbaukonzept, wie Menschen l\u00e4ngerfristig im Alltag geistlich begleitet werden k\u00f6nnen<\/li>\n<\/ul>\n\n\n\n<div style=\"height:30px\" aria-hidden=\"true\" class=\"wp-block-spacer\"><\/div>\n\n\n\n<h3 class=\"wp-block-heading\"><a href=\"https:\/\/stiftung-ts.de\/sts\/gemeinde_1\/tools-fuer-paare\/\">Tools f\u00fcr Paare \u2013 Das Handwerkszeug f\u00fcr echte N\u00e4he<\/a><\/h3>\n\n\n\n<ul class=\"wp-block-list\">\n<li><strong>Gespr\u00e4chstraining f\u00fcr Paare \u2013 EPL\/KEK <\/strong>(online oder in Pr\u00e4senz)<\/li>\n\n\n\n<li><strong>Ehekurs <\/strong>\u2013 investieren statt reparieren (online)<\/li>\n\n\n\n<li><strong>Tage oder Wochenenden f\u00fcr Paare <\/strong>\u2013<strong> <\/strong>Raus aus dem Alltag, rein ins \u201eWir\u201c<\/li>\n\n\n\n<li><strong>Vortr\u00e4ge <\/strong>\u2013<strong> <\/strong>Lichtblicke f\u00fcr den n\u00e4chsten Schritt<\/li>\n\n\n\n<li><strong>Eheberatung <\/strong>\u2013<strong> <\/strong>Hilfe, die versteht (online oder in Pr\u00e4senz)<\/li>\n<\/ul>\n\n\n\n<p><\/p>\n","protected":false},"excerpt":{"rendered":"<p>Seelsorge neu denken und leben Tools f\u00fcr die Gemeinde von heute Seelsorge hei\u00dft f\u00fcreinander da sein \u2013 echt und ehrlich. Hier findest du praktische Wege, wie du das ganz konkret leben kannst. Seelsorge als Gemeindekultur etablieren Tagesseminar Besser reden. Ehrlich zuh\u00f6ren. Wirklich verstehen Workshop f\u00fcr gelingende Gespr\u00e4che Ein heiliger Ort mitten im Alltag &#8211; Seelsorge<\/p>\n","protected":false},"author":1,"featured_media":0,"parent":0,"menu_order":3,"comment_status":"closed","ping_status":"closed","template":"page-fullwidth.php","meta":{"footnotes":""},"class_list":["post-90","page","type-page","status-publish","hentry"],"yoast_head":"<!-- This site is optimized with the Yoast SEO plugin v27.4 - https:\/\/yoast.com\/product\/yoast-seo-wordpress\/ -->\n<title>Gemeinde - Stiftung TS<\/title>\n<meta name=\"description\" content=\"Seelsorge neu denken und leben \u2013 Tools f\u00fcr die Gemeinde von heute.\" \/>\n<meta name=\"robots\" content=\"index, follow, max-snippet:-1, max-image-preview:large, max-video-preview:-1\" \/>\n<link rel=\"canonical\" href=\"https:\/\/stiftung-ts.de\/sts\/gemeinde_1\/\" \/>\n<meta property=\"og:locale\" content=\"de_DE\" \/>\n<meta property=\"og:type\" content=\"article\" \/>\n<meta property=\"og:title\" content=\"Gemeinde - Stiftung TS\" \/>\n<meta property=\"og:description\" content=\"Seelsorge neu denken und leben \u2013 Tools f\u00fcr die Gemeinde von heute.\" \/>\n<meta property=\"og:url\" content=\"https:\/\/stiftung-ts.de\/sts\/gemeinde_1\/\" \/>\n<meta property=\"og:site_name\" content=\"Stiftung TS\" \/>\n<meta property=\"article:publisher\" content=\"https:\/\/www.facebook.com\/therapeutische.seelsorge\" \/>\n<meta property=\"article:modified_time\" content=\"2026-03-16T15:17:50+00:00\" \/>\n<meta property=\"og:image\" content=\"https:\/\/stiftung-ts.de\/sts\/wp-content\/uploads\/2021\/04\/Logo_TS-Gemeinde.png\" \/>\n\t<meta property=\"og:image:width\" content=\"1096\" \/>\n\t<meta property=\"og:image:height\" content=\"1106\" \/>\n\t<meta property=\"og:image:type\" content=\"image\/png\" \/>\n<meta name=\"twitter:card\" content=\"summary_large_image\" \/>\n<meta name=\"twitter:label1\" content=\"Gesch\u00e4tzte Lesezeit\" \/>\n\t<meta name=\"twitter:data1\" content=\"2\u00a0Minuten\" \/>\n<script type=\"application\/ld+json\" class=\"yoast-schema-graph\">{\"@context\":\"https:\\\/\\\/schema.org\",\"@graph\":[{\"@type\":\"WebPage\",\"@id\":\"https:\\\/\\\/stiftung-ts.de\\\/sts\\\/gemeinde_1\\\/\",\"url\":\"https:\\\/\\\/stiftung-ts.de\\\/sts\\\/gemeinde_1\\\/\",\"name\":\"Gemeinde - Stiftung TS\",\"isPartOf\":{\"@id\":\"https:\\\/\\\/stiftung-ts.de\\\/sts\\\/#website\"},\"primaryImageOfPage\":{\"@id\":\"https:\\\/\\\/stiftung-ts.de\\\/sts\\\/gemeinde_1\\\/#primaryimage\"},\"image\":{\"@id\":\"https:\\\/\\\/stiftung-ts.de\\\/sts\\\/gemeinde_1\\\/#primaryimage\"},\"thumbnailUrl\":\"https:\\\/\\\/stiftung-ts.de\\\/sts\\\/wp-content\\\/uploads\\\/2021\\\/04\\\/Logo_TS-Gemeinde-297x300.png\",\"datePublished\":\"2019-01-30T20:22:57+00:00\",\"dateModified\":\"2026-03-16T15:17:50+00:00\",\"description\":\"Seelsorge neu denken und leben \u2013 Tools f\u00fcr die Gemeinde von heute.\",\"breadcrumb\":{\"@id\":\"https:\\\/\\\/stiftung-ts.de\\\/sts\\\/gemeinde_1\\\/#breadcrumb\"},\"inLanguage\":\"de\",\"potentialAction\":[{\"@type\":\"ReadAction\",\"target\":[\"https:\\\/\\\/stiftung-ts.de\\\/sts\\\/gemeinde_1\\\/\"]}]},{\"@type\":\"ImageObject\",\"inLanguage\":\"de\",\"@id\":\"https:\\\/\\\/stiftung-ts.de\\\/sts\\\/gemeinde_1\\\/#primaryimage\",\"url\":\"https:\\\/\\\/stiftung-ts.de\\\/sts\\\/wp-content\\\/uploads\\\/2021\\\/04\\\/Logo_TS-Gemeinde.png\",\"contentUrl\":\"https:\\\/\\\/stiftung-ts.de\\\/sts\\\/wp-content\\\/uploads\\\/2021\\\/04\\\/Logo_TS-Gemeinde.png\",\"width\":1096,\"height\":1106,\"caption\":\"Logo Stiftung TS - Bereich Gemeinde\"},{\"@type\":\"BreadcrumbList\",\"@id\":\"https:\\\/\\\/stiftung-ts.de\\\/sts\\\/gemeinde_1\\\/#breadcrumb\",\"itemListElement\":[{\"@type\":\"ListItem\",\"position\":1,\"name\":\"Startseite\",\"item\":\"https:\\\/\\\/stiftung-ts.de\\\/sts\\\/\"},{\"@type\":\"ListItem\",\"position\":2,\"name\":\"Gemeinde\"}]},{\"@type\":\"WebSite\",\"@id\":\"https:\\\/\\\/stiftung-ts.de\\\/sts\\\/#website\",\"url\":\"https:\\\/\\\/stiftung-ts.de\\\/sts\\\/\",\"name\":\"Stiftung TS\",\"description\":\"\",\"publisher\":{\"@id\":\"https:\\\/\\\/stiftung-ts.de\\\/sts\\\/#organization\"},\"potentialAction\":[{\"@type\":\"SearchAction\",\"target\":{\"@type\":\"EntryPoint\",\"urlTemplate\":\"https:\\\/\\\/stiftung-ts.de\\\/sts\\\/?s={search_term_string}\"},\"query-input\":{\"@type\":\"PropertyValueSpecification\",\"valueRequired\":true,\"valueName\":\"search_term_string\"}}],\"inLanguage\":\"de\"},{\"@type\":\"Organization\",\"@id\":\"https:\\\/\\\/stiftung-ts.de\\\/sts\\\/#organization\",\"name\":\"Stiftung TS\",\"url\":\"https:\\\/\\\/stiftung-ts.de\\\/sts\\\/\",\"logo\":{\"@type\":\"ImageObject\",\"inLanguage\":\"de\",\"@id\":\"https:\\\/\\\/stiftung-ts.de\\\/sts\\\/#\\\/schema\\\/logo\\\/image\\\/\",\"url\":\"https:\\\/\\\/stiftung-ts.de\\\/sts\\\/wp-content\\\/uploads\\\/2021\\\/04\\\/Logo_Stiftung-TS_512-rund.png\",\"contentUrl\":\"https:\\\/\\\/stiftung-ts.de\\\/sts\\\/wp-content\\\/uploads\\\/2021\\\/04\\\/Logo_Stiftung-TS_512-rund.png\",\"width\":512,\"height\":512,\"caption\":\"Stiftung TS\"},\"image\":{\"@id\":\"https:\\\/\\\/stiftung-ts.de\\\/sts\\\/#\\\/schema\\\/logo\\\/image\\\/\"},\"sameAs\":[\"https:\\\/\\\/www.facebook.com\\\/therapeutische.seelsorge\"]}]}<\/script>\n<!-- \/ Yoast SEO plugin. -->","yoast_head_json":{"title":"Gemeinde - Stiftung TS","description":"Seelsorge neu denken und leben \u2013 Tools f\u00fcr die Gemeinde von heute.","robots":{"index":"index","follow":"follow","max-snippet":"max-snippet:-1","max-image-preview":"max-image-preview:large","max-video-preview":"max-video-preview:-1"},"canonical":"https:\/\/stiftung-ts.de\/sts\/gemeinde_1\/","og_locale":"de_DE","og_type":"article","og_title":"Gemeinde - Stiftung TS","og_description":"Seelsorge neu denken und leben \u2013 Tools f\u00fcr die Gemeinde von heute.","og_url":"https:\/\/stiftung-ts.de\/sts\/gemeinde_1\/","og_site_name":"Stiftung TS","article_publisher":"https:\/\/www.facebook.com\/therapeutische.seelsorge","article_modified_time":"2026-03-16T15:17:50+00:00","og_image":[{"width":1096,"height":1106,"url":"https:\/\/stiftung-ts.de\/sts\/wp-content\/uploads\/2021\/04\/Logo_TS-Gemeinde.png","type":"image\/png"}],"twitter_card":"summary_large_image","twitter_misc":{"Gesch\u00e4tzte Lesezeit":"2\u00a0Minuten"},"schema":{"@context":"https:\/\/schema.org","@graph":[{"@type":"WebPage","@id":"https:\/\/stiftung-ts.de\/sts\/gemeinde_1\/","url":"https:\/\/stiftung-ts.de\/sts\/gemeinde_1\/","name":"Gemeinde - Stiftung TS","isPartOf":{"@id":"https:\/\/stiftung-ts.de\/sts\/#website"},"primaryImageOfPage":{"@id":"https:\/\/stiftung-ts.de\/sts\/gemeinde_1\/#primaryimage"},"image":{"@id":"https:\/\/stiftung-ts.de\/sts\/gemeinde_1\/#primaryimage"},"thumbnailUrl":"https:\/\/stiftung-ts.de\/sts\/wp-content\/uploads\/2021\/04\/Logo_TS-Gemeinde-297x300.png","datePublished":"2019-01-30T20:22:57+00:00","dateModified":"2026-03-16T15:17:50+00:00","description":"Seelsorge neu denken und leben \u2013 Tools f\u00fcr die Gemeinde von heute.","breadcrumb":{"@id":"https:\/\/stiftung-ts.de\/sts\/gemeinde_1\/#breadcrumb"},"inLanguage":"de","potentialAction":[{"@type":"ReadAction","target":["https:\/\/stiftung-ts.de\/sts\/gemeinde_1\/"]}]},{"@type":"ImageObject","inLanguage":"de","@id":"https:\/\/stiftung-ts.de\/sts\/gemeinde_1\/#primaryimage","url":"https:\/\/stiftung-ts.de\/sts\/wp-content\/uploads\/2021\/04\/Logo_TS-Gemeinde.png","contentUrl":"https:\/\/stiftung-ts.de\/sts\/wp-content\/uploads\/2021\/04\/Logo_TS-Gemeinde.png","width":1096,"height":1106,"caption":"Logo Stiftung TS - Bereich Gemeinde"},{"@type":"BreadcrumbList","@id":"https:\/\/stiftung-ts.de\/sts\/gemeinde_1\/#breadcrumb","itemListElement":[{"@type":"ListItem","position":1,"name":"Startseite","item":"https:\/\/stiftung-ts.de\/sts\/"},{"@type":"ListItem","position":2,"name":"Gemeinde"}]},{"@type":"WebSite","@id":"https:\/\/stiftung-ts.de\/sts\/#website","url":"https:\/\/stiftung-ts.de\/sts\/","name":"Stiftung TS","description":"","publisher":{"@id":"https:\/\/stiftung-ts.de\/sts\/#organization"},"potentialAction":[{"@type":"SearchAction","target":{"@type":"EntryPoint","urlTemplate":"https:\/\/stiftung-ts.de\/sts\/?s={search_term_string}"},"query-input":{"@type":"PropertyValueSpecification","valueRequired":true,"valueName":"search_term_string"}}],"inLanguage":"de"},{"@type":"Organization","@id":"https:\/\/stiftung-ts.de\/sts\/#organization","name":"Stiftung TS","url":"https:\/\/stiftung-ts.de\/sts\/","logo":{"@type":"ImageObject","inLanguage":"de","@id":"https:\/\/stiftung-ts.de\/sts\/#\/schema\/logo\/image\/","url":"https:\/\/stiftung-ts.de\/sts\/wp-content\/uploads\/2021\/04\/Logo_Stiftung-TS_512-rund.png","contentUrl":"https:\/\/stiftung-ts.de\/sts\/wp-content\/uploads\/2021\/04\/Logo_Stiftung-TS_512-rund.png","width":512,"height":512,"caption":"Stiftung TS"},"image":{"@id":"https:\/\/stiftung-ts.de\/sts\/#\/schema\/logo\/image\/"},"sameAs":["https:\/\/www.facebook.com\/therapeutische.seelsorge"]}]}},"_links":{"self":[{"href":"https:\/\/stiftung-ts.de\/sts\/wp-json\/wp\/v2\/pages\/90","targetHints":{"allow":["GET"]}}],"collection":[{"href":"https:\/\/stiftung-ts.de\/sts\/wp-json\/wp\/v2\/pages"}],"about":[{"href":"https:\/\/stiftung-ts.de\/sts\/wp-json\/wp\/v2\/types\/page"}],"author":[{"embeddable":true,"href":"https:\/\/stiftung-ts.de\/sts\/wp-json\/wp\/v2\/users\/1"}],"replies":[{"embeddable":true,"href":"https:\/\/stiftung-ts.de\/sts\/wp-json\/wp\/v2\/comments?post=90"}],"version-history":[{"count":1,"href":"https:\/\/stiftung-ts.de\/sts\/wp-json\/wp\/v2\/pages\/90\/revisions"}],"predecessor-version":[{"id":7354,"href":"https:\/\/stiftung-ts.de\/sts\/wp-json\/wp\/v2\/pages\/90\/revisions\/7354"}],"wp:attachment":[{"href":"https:\/\/stiftung-ts.de\/sts\/wp-json\/wp\/v2\/media?parent=90"}],"curies":[{"name":"wp","href":"https:\/\/api.w.org\/{rel}","templated":true}]}}