{"id":725,"date":"2019-11-24T12:54:45","date_gmt":"2019-11-24T11:54:45","guid":{"rendered":"https:\/\/stiftung-ts.de\/sts\/?page_id=725"},"modified":"2026-01-23T15:37:07","modified_gmt":"2026-01-23T14:37:07","slug":"ueber-uns","status":"publish","type":"page","link":"https:\/\/stiftung-ts.de\/sts\/ueber-uns\/","title":{"rendered":"\u00dcber uns"},"content":{"rendered":"\n<h2 class=\"wp-block-heading\">Unsere Vision<\/h2>\n\n\n\n<blockquote class=\"wp-block-quote is-style-default is-layout-flow wp-block-quote-is-layout-flow\">\n<p>\u201eWir bilden Christen in einer evangeliums- und zeitgem\u00e4\u00dfen Seelsorge aus, damit sie als geistlich gereifte, beziehungsf\u00e4hige und fachlich qualifizierte Pers\u00f6nlichkeiten andere Menschen im Leben begleiten, im Glauben f\u00f6rdern, in Krisen und Konfliktsituationen beraten und bei seelischen St\u00f6rungen therapeutisch helfen.\u201c<\/p>\n<cite>Vision der Stiftung Therapeutische Seelsorge<\/cite><\/blockquote>\n\n\n\n<div style=\"height:30px\" aria-hidden=\"true\" class=\"wp-block-spacer\"><\/div>\n\n\n\n<h2 class=\"wp-block-heading\">Wie wir arbeiten<\/h2>\n\n\n\n<p>Als Stiftung Therapeutische Seelsorge wissen wir um unsere Berufung: Menschen in Lebenskrisen zu begleiten!<\/p>\n\n\n\n<p>Wir tun dies in dreifacher Weise<\/p>\n\n\n\n<ul class=\"wp-block-list\">\n<li><strong>TS Ausbildung<\/strong><br>Wir bilden Menschen zu kompetenten Seelsorgerinnen und Seelsorgern f\u00fcr den Gemeindedienst und Praxisarbeit aus<br>\u2026 und bieten durch ein Netzwerk von Beratungsstellen unserer Absolventen Begleitung, Beratung und Therapie in schwierigen Lebenslagen an.<\/li>\n\n\n\n<li><strong>TS Gemeinde<\/strong><br>Wir unterst\u00fctzen Gemeinden darin, eine eigene Seelsorgearbeit nach den Bed\u00fcrfnissen vor Ort aufzubauen.<\/li>\n\n\n\n<li><strong>TS Care<\/strong><br>Wir bieten ganzheitliche Hilfe &#8211; nach Geist, Seele und Leib &#8211; f\u00fcr notleidende Menschen in Kenia.<\/li>\n<\/ul>\n\n\n\n<div style=\"height:30px\" aria-hidden=\"true\" class=\"wp-block-spacer\"><\/div>\n\n\n\n<p><strong>Weiterf\u00fchrende Informationen<\/strong><\/p>\n\n\n\n<div class=\"wp-block-group is-layout-flex wp-block-group-is-layout-flex\">\n<figure class=\"wp-block-image size-medium is-resized\"><a href=\"https:\/\/stiftung-ts.de\/sts\/wp-content\/uploads\/2021\/04\/Faltblatt_Stiftung_4S_web.pdf\" target=\"_blank\" rel=\" noreferrer noopener\"><img loading=\"lazy\" decoding=\"async\" width=\"300\" height=\"616\" src=\"https:\/\/stiftung-ts.de\/sts\/wp-content\/uploads\/2025\/08\/Faltblatt-Stiftung-TS-Deckblatt-300x616.jpg\" alt=\"Faltblatt Stiftung Therapeutische Seelsorge\" class=\"wp-image-6622\" style=\"width:70px\" srcset=\"https:\/\/stiftung-ts.de\/sts\/wp-content\/uploads\/2025\/08\/Faltblatt-Stiftung-TS-Deckblatt-300x616.jpg 300w, https:\/\/stiftung-ts.de\/sts\/wp-content\/uploads\/2025\/08\/Faltblatt-Stiftung-TS-Deckblatt-150x308.jpg 150w, https:\/\/stiftung-ts.de\/sts\/wp-content\/uploads\/2025\/08\/Faltblatt-Stiftung-TS-Deckblatt.jpg 375w\" sizes=\"auto, (max-width: 300px) 100vw, 300px\" \/><\/a><\/figure>\n\n\n\n<p><strong><a href=\"https:\/\/stiftung-ts.de\/sts\/wp-content\/uploads\/2021\/04\/Faltblatt_Stiftung_4S_web.pdf\" target=\"_blank\" rel=\"noreferrer noopener\">Stiftung Therapeutische Seelsorge<\/a><\/strong><br>&#8230; wie wir arbeiten<br>&#8230; wie Sie uns dabei unterst\u00fctzen k\u00f6nnen<\/p>\n<\/div>\n\n\n\n<div style=\"height:30px\" aria-hidden=\"true\" class=\"wp-block-spacer\"><\/div>\n\n\n\n<h2 class=\"wp-block-heading\">Unsere Geschichte<\/h2>\n\n\n\n<p><strong>1988<\/strong>: Geburtsstunde der Stiftung Therapeutische Seelsorge. <br>Michael H\u00fcbner erz\u00e4hlt, wie alles begann. <a href=\"https:\/\/stiftung-ts.de\/sts\/ueber-uns\/die-geburtsstunde-der-stiftung-therapeutische-seelsorge\/\">Mehr erfahren<\/a><\/p>\n\n\n\n<p><strong>1990<\/strong>: Michael H\u00fcbner gr\u00fcndet das Institut f\u00fcr Therapeutische Seelsorge als&nbsp;eigenst\u00e4ndiger Arbeitszweig des EC-Landesverbandes Bayern e. V.<\/p>\n\n\n\n<p><strong>2012<\/strong>: Gr\u00fcndung der Stiftung Therapeutische Seelsorge mit Sitz in Neuendettelsau.<\/p>\n\n\n\n<p><strong>2019<\/strong>: Mit der Pensionierung von Dr. Michael H\u00fcbner \u00fcbernimmt Werner Sch\u00e4fer den Vorstand der Stiftung TS. Die Stiftung zieht von ihren R\u00e4umlichkeiten in Neuendettelsau in ihr B\u00fcro nach Gunzenhausen.<\/p>\n\n\n\n<p><strong>2020<\/strong>: Gr\u00fcndung der Treuhandstiftung TS Care<\/p>\n","protected":false},"excerpt":{"rendered":"<p>Unsere Vision \u201eWir bilden Christen in einer evangeliums- und zeitgem\u00e4\u00dfen Seelsorge aus, damit sie als geistlich gereifte, beziehungsf\u00e4hige und fachlich qualifizierte Pers\u00f6nlichkeiten andere Menschen im Leben begleiten, im Glauben f\u00f6rdern, in Krisen und Konfliktsituationen beraten und bei seelischen St\u00f6rungen therapeutisch helfen.\u201c Vision der Stiftung Therapeutische Seelsorge Wie wir arbeiten Als Stiftung Therapeutische Seelsorge wissen wir<\/p>\n","protected":false},"author":1,"featured_media":0,"parent":0,"menu_order":1,"comment_status":"closed","ping_status":"closed","template":"page-fullwidth.php","meta":{"footnotes":""},"class_list":["post-725","page","type-page","status-publish","hentry"],"yoast_head":"<!-- This site is optimized with the Yoast SEO plugin v27.3 - https:\/\/yoast.com\/product\/yoast-seo-wordpress\/ -->\n<title>\u00dcber uns - Stiftung TS<\/title>\n<meta name=\"description\" content=\"Unsere Vision: \u201eWir bilden Christen in einer evangeliums- und zeitgem\u00e4\u00dfen Seelsorge aus, damit sie als geistlich gereifte, beziehungsf\u00e4hige und fachlich qualifizierte Pers\u00f6nlichkeiten ...\" \/>\n<meta name=\"robots\" content=\"index, follow, max-snippet:-1, max-image-preview:large, max-video-preview:-1\" \/>\n<link rel=\"canonical\" href=\"https:\/\/stiftung-ts.de\/sts\/ueber-uns\/\" \/>\n<meta property=\"og:locale\" content=\"de_DE\" \/>\n<meta property=\"og:type\" content=\"article\" \/>\n<meta property=\"og:title\" content=\"\u00dcber uns - Stiftung TS\" \/>\n<meta property=\"og:description\" content=\"Unsere Vision: \u201eWir bilden Christen in einer evangeliums- und zeitgem\u00e4\u00dfen Seelsorge aus, damit sie als geistlich gereifte, beziehungsf\u00e4hige und fachlich qualifizierte Pers\u00f6nlichkeiten ...\" \/>\n<meta property=\"og:url\" content=\"https:\/\/stiftung-ts.de\/sts\/ueber-uns\/\" \/>\n<meta property=\"og:site_name\" content=\"Stiftung TS\" \/>\n<meta property=\"article:publisher\" content=\"https:\/\/www.facebook.com\/therapeutische.seelsorge\" \/>\n<meta property=\"article:modified_time\" content=\"2026-01-23T14:37:07+00:00\" \/>\n<meta property=\"og:image\" content=\"https:\/\/stiftung-ts.de\/sts\/wp-content\/uploads\/2025\/08\/Faltblatt-Stiftung-TS-Deckblatt.jpg\" \/>\n\t<meta property=\"og:image:width\" content=\"375\" \/>\n\t<meta property=\"og:image:height\" content=\"770\" \/>\n\t<meta property=\"og:image:type\" content=\"image\/jpeg\" \/>\n<meta name=\"twitter:card\" content=\"summary_large_image\" \/>\n<meta name=\"twitter:label1\" content=\"Gesch\u00e4tzte Lesezeit\" \/>\n\t<meta name=\"twitter:data1\" content=\"2\u00a0Minuten\" \/>\n<script type=\"application\/ld+json\" class=\"yoast-schema-graph\">{\"@context\":\"https:\\\/\\\/schema.org\",\"@graph\":[{\"@type\":\"WebPage\",\"@id\":\"https:\\\/\\\/stiftung-ts.de\\\/sts\\\/ueber-uns\\\/\",\"url\":\"https:\\\/\\\/stiftung-ts.de\\\/sts\\\/ueber-uns\\\/\",\"name\":\"\u00dcber uns - Stiftung TS\",\"isPartOf\":{\"@id\":\"https:\\\/\\\/stiftung-ts.de\\\/sts\\\/#website\"},\"primaryImageOfPage\":{\"@id\":\"https:\\\/\\\/stiftung-ts.de\\\/sts\\\/ueber-uns\\\/#primaryimage\"},\"image\":{\"@id\":\"https:\\\/\\\/stiftung-ts.de\\\/sts\\\/ueber-uns\\\/#primaryimage\"},\"thumbnailUrl\":\"https:\\\/\\\/stiftung-ts.de\\\/sts\\\/wp-content\\\/uploads\\\/2025\\\/08\\\/Faltblatt-Stiftung-TS-Deckblatt-300x616.jpg\",\"datePublished\":\"2019-11-24T11:54:45+00:00\",\"dateModified\":\"2026-01-23T14:37:07+00:00\",\"description\":\"Unsere Vision: \u201eWir bilden Christen in einer evangeliums- und zeitgem\u00e4\u00dfen Seelsorge aus, damit sie als geistlich gereifte, beziehungsf\u00e4hige und fachlich qualifizierte Pers\u00f6nlichkeiten ...\",\"breadcrumb\":{\"@id\":\"https:\\\/\\\/stiftung-ts.de\\\/sts\\\/ueber-uns\\\/#breadcrumb\"},\"inLanguage\":\"de\",\"potentialAction\":[{\"@type\":\"ReadAction\",\"target\":[\"https:\\\/\\\/stiftung-ts.de\\\/sts\\\/ueber-uns\\\/\"]}]},{\"@type\":\"ImageObject\",\"inLanguage\":\"de\",\"@id\":\"https:\\\/\\\/stiftung-ts.de\\\/sts\\\/ueber-uns\\\/#primaryimage\",\"url\":\"https:\\\/\\\/stiftung-ts.de\\\/sts\\\/wp-content\\\/uploads\\\/2025\\\/08\\\/Faltblatt-Stiftung-TS-Deckblatt.jpg\",\"contentUrl\":\"https:\\\/\\\/stiftung-ts.de\\\/sts\\\/wp-content\\\/uploads\\\/2025\\\/08\\\/Faltblatt-Stiftung-TS-Deckblatt.jpg\",\"width\":375,\"height\":770,\"caption\":\"Faltblatt Stiftung Therapeutische Seelsorge\"},{\"@type\":\"BreadcrumbList\",\"@id\":\"https:\\\/\\\/stiftung-ts.de\\\/sts\\\/ueber-uns\\\/#breadcrumb\",\"itemListElement\":[{\"@type\":\"ListItem\",\"position\":1,\"name\":\"Startseite\",\"item\":\"https:\\\/\\\/stiftung-ts.de\\\/sts\\\/\"},{\"@type\":\"ListItem\",\"position\":2,\"name\":\"\u00dcber uns\"}]},{\"@type\":\"WebSite\",\"@id\":\"https:\\\/\\\/stiftung-ts.de\\\/sts\\\/#website\",\"url\":\"https:\\\/\\\/stiftung-ts.de\\\/sts\\\/\",\"name\":\"Stiftung TS\",\"description\":\"\",\"publisher\":{\"@id\":\"https:\\\/\\\/stiftung-ts.de\\\/sts\\\/#organization\"},\"potentialAction\":[{\"@type\":\"SearchAction\",\"target\":{\"@type\":\"EntryPoint\",\"urlTemplate\":\"https:\\\/\\\/stiftung-ts.de\\\/sts\\\/?s={search_term_string}\"},\"query-input\":{\"@type\":\"PropertyValueSpecification\",\"valueRequired\":true,\"valueName\":\"search_term_string\"}}],\"inLanguage\":\"de\"},{\"@type\":\"Organization\",\"@id\":\"https:\\\/\\\/stiftung-ts.de\\\/sts\\\/#organization\",\"name\":\"Stiftung TS\",\"url\":\"https:\\\/\\\/stiftung-ts.de\\\/sts\\\/\",\"logo\":{\"@type\":\"ImageObject\",\"inLanguage\":\"de\",\"@id\":\"https:\\\/\\\/stiftung-ts.de\\\/sts\\\/#\\\/schema\\\/logo\\\/image\\\/\",\"url\":\"https:\\\/\\\/stiftung-ts.de\\\/sts\\\/wp-content\\\/uploads\\\/2021\\\/04\\\/Logo_Stiftung-TS_512-rund.png\",\"contentUrl\":\"https:\\\/\\\/stiftung-ts.de\\\/sts\\\/wp-content\\\/uploads\\\/2021\\\/04\\\/Logo_Stiftung-TS_512-rund.png\",\"width\":512,\"height\":512,\"caption\":\"Stiftung TS\"},\"image\":{\"@id\":\"https:\\\/\\\/stiftung-ts.de\\\/sts\\\/#\\\/schema\\\/logo\\\/image\\\/\"},\"sameAs\":[\"https:\\\/\\\/www.facebook.com\\\/therapeutische.seelsorge\"]}]}<\/script>\n<!-- \/ Yoast SEO plugin. -->","yoast_head_json":{"title":"\u00dcber uns - Stiftung TS","description":"Unsere Vision: \u201eWir bilden Christen in einer evangeliums- und zeitgem\u00e4\u00dfen Seelsorge aus, damit sie als geistlich gereifte, beziehungsf\u00e4hige und fachlich qualifizierte Pers\u00f6nlichkeiten ...","robots":{"index":"index","follow":"follow","max-snippet":"max-snippet:-1","max-image-preview":"max-image-preview:large","max-video-preview":"max-video-preview:-1"},"canonical":"https:\/\/stiftung-ts.de\/sts\/ueber-uns\/","og_locale":"de_DE","og_type":"article","og_title":"\u00dcber uns - Stiftung TS","og_description":"Unsere Vision: \u201eWir bilden Christen in einer evangeliums- und zeitgem\u00e4\u00dfen Seelsorge aus, damit sie als geistlich gereifte, beziehungsf\u00e4hige und fachlich qualifizierte Pers\u00f6nlichkeiten ...","og_url":"https:\/\/stiftung-ts.de\/sts\/ueber-uns\/","og_site_name":"Stiftung TS","article_publisher":"https:\/\/www.facebook.com\/therapeutische.seelsorge","article_modified_time":"2026-01-23T14:37:07+00:00","og_image":[{"width":375,"height":770,"url":"https:\/\/stiftung-ts.de\/sts\/wp-content\/uploads\/2025\/08\/Faltblatt-Stiftung-TS-Deckblatt.jpg","type":"image\/jpeg"}],"twitter_card":"summary_large_image","twitter_misc":{"Gesch\u00e4tzte Lesezeit":"2\u00a0Minuten"},"schema":{"@context":"https:\/\/schema.org","@graph":[{"@type":"WebPage","@id":"https:\/\/stiftung-ts.de\/sts\/ueber-uns\/","url":"https:\/\/stiftung-ts.de\/sts\/ueber-uns\/","name":"\u00dcber uns - Stiftung TS","isPartOf":{"@id":"https:\/\/stiftung-ts.de\/sts\/#website"},"primaryImageOfPage":{"@id":"https:\/\/stiftung-ts.de\/sts\/ueber-uns\/#primaryimage"},"image":{"@id":"https:\/\/stiftung-ts.de\/sts\/ueber-uns\/#primaryimage"},"thumbnailUrl":"https:\/\/stiftung-ts.de\/sts\/wp-content\/uploads\/2025\/08\/Faltblatt-Stiftung-TS-Deckblatt-300x616.jpg","datePublished":"2019-11-24T11:54:45+00:00","dateModified":"2026-01-23T14:37:07+00:00","description":"Unsere Vision: \u201eWir bilden Christen in einer evangeliums- und zeitgem\u00e4\u00dfen Seelsorge aus, damit sie als geistlich gereifte, beziehungsf\u00e4hige und fachlich qualifizierte Pers\u00f6nlichkeiten ...","breadcrumb":{"@id":"https:\/\/stiftung-ts.de\/sts\/ueber-uns\/#breadcrumb"},"inLanguage":"de","potentialAction":[{"@type":"ReadAction","target":["https:\/\/stiftung-ts.de\/sts\/ueber-uns\/"]}]},{"@type":"ImageObject","inLanguage":"de","@id":"https:\/\/stiftung-ts.de\/sts\/ueber-uns\/#primaryimage","url":"https:\/\/stiftung-ts.de\/sts\/wp-content\/uploads\/2025\/08\/Faltblatt-Stiftung-TS-Deckblatt.jpg","contentUrl":"https:\/\/stiftung-ts.de\/sts\/wp-content\/uploads\/2025\/08\/Faltblatt-Stiftung-TS-Deckblatt.jpg","width":375,"height":770,"caption":"Faltblatt Stiftung Therapeutische Seelsorge"},{"@type":"BreadcrumbList","@id":"https:\/\/stiftung-ts.de\/sts\/ueber-uns\/#breadcrumb","itemListElement":[{"@type":"ListItem","position":1,"name":"Startseite","item":"https:\/\/stiftung-ts.de\/sts\/"},{"@type":"ListItem","position":2,"name":"\u00dcber uns"}]},{"@type":"WebSite","@id":"https:\/\/stiftung-ts.de\/sts\/#website","url":"https:\/\/stiftung-ts.de\/sts\/","name":"Stiftung TS","description":"","publisher":{"@id":"https:\/\/stiftung-ts.de\/sts\/#organization"},"potentialAction":[{"@type":"SearchAction","target":{"@type":"EntryPoint","urlTemplate":"https:\/\/stiftung-ts.de\/sts\/?s={search_term_string}"},"query-input":{"@type":"PropertyValueSpecification","valueRequired":true,"valueName":"search_term_string"}}],"inLanguage":"de"},{"@type":"Organization","@id":"https:\/\/stiftung-ts.de\/sts\/#organization","name":"Stiftung TS","url":"https:\/\/stiftung-ts.de\/sts\/","logo":{"@type":"ImageObject","inLanguage":"de","@id":"https:\/\/stiftung-ts.de\/sts\/#\/schema\/logo\/image\/","url":"https:\/\/stiftung-ts.de\/sts\/wp-content\/uploads\/2021\/04\/Logo_Stiftung-TS_512-rund.png","contentUrl":"https:\/\/stiftung-ts.de\/sts\/wp-content\/uploads\/2021\/04\/Logo_Stiftung-TS_512-rund.png","width":512,"height":512,"caption":"Stiftung TS"},"image":{"@id":"https:\/\/stiftung-ts.de\/sts\/#\/schema\/logo\/image\/"},"sameAs":["https:\/\/www.facebook.com\/therapeutische.seelsorge"]}]}},"_links":{"self":[{"href":"https:\/\/stiftung-ts.de\/sts\/wp-json\/wp\/v2\/pages\/725","targetHints":{"allow":["GET"]}}],"collection":[{"href":"https:\/\/stiftung-ts.de\/sts\/wp-json\/wp\/v2\/pages"}],"about":[{"href":"https:\/\/stiftung-ts.de\/sts\/wp-json\/wp\/v2\/types\/page"}],"author":[{"embeddable":true,"href":"https:\/\/stiftung-ts.de\/sts\/wp-json\/wp\/v2\/users\/1"}],"replies":[{"embeddable":true,"href":"https:\/\/stiftung-ts.de\/sts\/wp-json\/wp\/v2\/comments?post=725"}],"version-history":[{"count":0,"href":"https:\/\/stiftung-ts.de\/sts\/wp-json\/wp\/v2\/pages\/725\/revisions"}],"wp:attachment":[{"href":"https:\/\/stiftung-ts.de\/sts\/wp-json\/wp\/v2\/media?parent=725"}],"curies":[{"name":"wp","href":"https:\/\/api.w.org\/{rel}","templated":true}]}}