{"id":6266,"date":"2025-06-25T20:06:23","date_gmt":"2025-06-25T18:06:23","guid":{"rendered":"https:\/\/stiftung-ts.de\/sts\/?page_id=6266"},"modified":"2025-08-01T16:19:28","modified_gmt":"2025-08-01T14:19:28","slug":"seelsorge-in-kleingruppen","status":"publish","type":"page","link":"https:\/\/stiftung-ts.de\/sts\/gemeinde_1\/seelsorgeschulungen\/seelsorge-in-kleingruppen\/","title":{"rendered":"Seelsorge in Kleingruppen"},"content":{"rendered":"\n<h2 class=\"wp-block-heading\">Ein heiliger Ort mitten im Alltag &#8211; Seelsorge in der Kleingruppe<\/h2>\n\n\n\n<p><strong>Schulungstag<\/strong><\/p>\n\n\n\n<blockquote class=\"wp-block-quote is-layout-flow wp-block-quote-is-layout-flow\">\n<p>\u201eWir \u00fcbertreiben nicht, wenn wir feststellen, dass es ein solches Bed\u00fcrfnis nach Sich-Aussprechen, wie es heute unter den Menschen herrscht, wohl noch nie gegeben hat. Das Gespr\u00e4ch mit dem Anderen geh\u00f6rt zu den vorrangigen Themen, um die sich im Augenblick die christliche Gemeinde k\u00fcmmern sollte.\u201c<\/p>\n<cite>Prof. Manfred Seitz<\/cite><\/blockquote>\n\n\n\n<div style=\"height:30px\" aria-hidden=\"true\" class=\"wp-block-spacer\"><\/div>\n\n\n\n<h3 class=\"wp-block-heading\">F\u00fcr wen?<\/h3>\n\n\n\n<p>F\u00fcr Menschen, die\u2026.<\/p>\n\n\n\n<ul class=\"wp-block-list\">\n<li>schon mal Leitung \u00fcbernommen haben (z.B. im Hauskreis)<\/li>\n\n\n\n<li>gern zuh\u00f6ren und offen sind f\u00fcr echte Gespr\u00e4che<\/li>\n\n\n\n<li>vielleicht am 8 plus 5 Seelsorgetraining teilgenommen haben<\/li>\n\n\n\n<li>in ihrer Gemeinde Seelsorge in der Kleingruppe anbieten wollen<\/li>\n<\/ul>\n\n\n\n<div style=\"height:30px\" aria-hidden=\"true\" class=\"wp-block-spacer\"><\/div>\n\n\n\n<h3 class=\"wp-block-heading\">Struktur Schulungstag<\/h3>\n\n\n\n<ul class=\"wp-block-list\">\n<li>Max. 4 Personen<\/li>\n\n\n\n<li>Einf\u00fchrung in das Konzept und unsere Erfahrungen<\/li>\n\n\n\n<li>Ein\u00fcben von Gespr\u00e4chsf\u00fchrung und Leitung<\/li>\n\n\n\n<li>Feedback &amp; Reflexion \u2013 ehrlich, freundlich und auf Augenh\u00f6he<\/li>\n\n\n\n<li>Zeit: 09:00 bis 19:00 (incl. Pausen)<\/li>\n<\/ul>\n\n\n\n<div style=\"height:30px\" aria-hidden=\"true\" class=\"wp-block-spacer\"><\/div>\n\n\n\n<h3 class=\"wp-block-heading\">Was macht die Kleingruppe so wertvoll?<\/h3>\n\n\n\n<ul class=\"wp-block-list\">\n<li>Ein heiliger Ort mitten im Alltag<\/li>\n\n\n\n<li>Keine B\u00fchne, sondern ein vertrauter und gesch\u00fctzter Kreis<\/li>\n\n\n\n<li>Ehrliches Teilen von K\u00e4mpfen, Zweifeln und Freuden<\/li>\n\n\n\n<li>Ermutigung, die ins Herz trifft<\/li>\n\n\n\n<li>Kein Urteil, stattdessen Verst\u00e4ndnis und Gebet<\/li>\n\n\n\n<li>Glauben und Leben teilen &#8211; auch zwischen den Treffen<\/li>\n<\/ul>\n\n\n\n<p><strong>Das Format der Gruppe<\/strong><\/p>\n\n\n\n<ul class=\"wp-block-list\">\n<li>Max. 5 teilnehmende Personen<\/li>\n\n\n\n<li>5 Gruppentreffen \u00e1 90 Minuten<\/li>\n\n\n\n<li>Ablauf eines Gruppentreffens nach fester Struktur<\/li>\n\n\n\n<li>Gespr\u00e4chsf\u00fchrung durch eine geschulte Person<\/li>\n<\/ul>\n\n\n\n<div style=\"height:30px\" aria-hidden=\"true\" class=\"wp-block-spacer\"><\/div>\n\n\n\n<h3 class=\"wp-block-heading\">Termine und Ort<\/h3>\n\n\n\n<ul class=\"wp-block-list\">\n<li>Nach Absprache in eurer Gemeinde m\u00f6glich.<\/li>\n\n\n\n<li>Als Angebot der Stiftung TS an wechselnden Orten. <br>Weitere Infos unter <a href=\"#kontakt_gemeinde\">Kontakt<\/a><\/li>\n<\/ul>\n\n\n\n<div style=\"height:30px\" aria-hidden=\"true\" class=\"wp-block-spacer\"><\/div>\n\n\n\n<h3 class=\"wp-block-heading\">Kosten<\/h3>\n\n\n\n<p>80,00 Euro pro Person<\/p>\n\n\n\n<p class=\"has-small-font-size\">Stand: Juni 2025<\/p>\n\n\n\n<div style=\"height:30px\" aria-hidden=\"true\" class=\"wp-block-spacer\"><\/div>\n\n\n\n<h3 class=\"wp-block-heading\" id=\"kontakt_gemeinde\">Kontakt<\/h3>\n\n\n\n<p><a href=\"https:\/\/stiftung-ts.de\/sts\/gemeinde_1\/leitung-bereich-gemeinde\/\">Thomas Alexi<\/a><\/p>\n\n\n\n<p><\/p>\n","protected":false},"excerpt":{"rendered":"<p>Ein heiliger Ort mitten im Alltag &#8211; Seelsorge in der Kleingruppe Schulungstag \u201eWir \u00fcbertreiben nicht, wenn wir feststellen, dass es ein solches Bed\u00fcrfnis nach Sich-Aussprechen, wie es heute unter den Menschen herrscht, wohl noch nie gegeben hat. Das Gespr\u00e4ch mit dem Anderen geh\u00f6rt zu den vorrangigen Themen, um die sich im Augenblick die christliche Gemeinde<\/p>\n","protected":false},"author":1,"featured_media":6564,"parent":3166,"menu_order":2,"comment_status":"closed","ping_status":"closed","template":"page-fullwidth.php","meta":{"footnotes":""},"class_list":["post-6266","page","type-page","status-publish","has-post-thumbnail","hentry"],"yoast_head":"<!-- This site is optimized with the Yoast SEO plugin v27.6 - https:\/\/yoast.com\/product\/yoast-seo-wordpress\/ -->\n<title>Seelsorge in Kleingruppen - Stiftung TS<\/title>\n<meta name=\"description\" content=\"Seelsorge in der Kleingruppe. Schulungstag f\u00fcr Start und Leitung einer Kleingruppe in gesch\u00fctztem Rahmen.\" \/>\n<meta name=\"robots\" content=\"index, follow, max-snippet:-1, max-image-preview:large, max-video-preview:-1\" \/>\n<link rel=\"canonical\" href=\"https:\/\/stiftung-ts.de\/sts\/gemeinde_1\/seelsorgeschulungen\/seelsorge-in-kleingruppen\/\" \/>\n<meta property=\"og:locale\" content=\"de_DE\" \/>\n<meta property=\"og:type\" content=\"article\" \/>\n<meta property=\"og:title\" content=\"Seelsorge in Kleingruppen - Stiftung TS\" \/>\n<meta property=\"og:description\" content=\"Seelsorge in der Kleingruppe. Schulungstag f\u00fcr Start und Leitung einer Kleingruppe in gesch\u00fctztem Rahmen.\" \/>\n<meta property=\"og:url\" content=\"https:\/\/stiftung-ts.de\/sts\/gemeinde_1\/seelsorgeschulungen\/seelsorge-in-kleingruppen\/\" \/>\n<meta property=\"og:site_name\" content=\"Stiftung TS\" \/>\n<meta property=\"article:publisher\" content=\"https:\/\/www.facebook.com\/therapeutische.seelsorge\" \/>\n<meta property=\"article:modified_time\" content=\"2025-08-01T14:19:28+00:00\" \/>\n<meta property=\"og:image\" content=\"https:\/\/stiftung-ts.de\/sts\/wp-content\/uploads\/2025\/08\/Kleingruppen_1110x350px.jpg\" \/>\n\t<meta property=\"og:image:width\" content=\"1110\" \/>\n\t<meta property=\"og:image:height\" content=\"350\" \/>\n\t<meta property=\"og:image:type\" content=\"image\/jpeg\" \/>\n<meta name=\"twitter:card\" content=\"summary_large_image\" \/>\n<meta name=\"twitter:label1\" content=\"Gesch\u00e4tzte Lesezeit\" \/>\n\t<meta name=\"twitter:data1\" content=\"2\u00a0Minuten\" \/>\n<script type=\"application\/ld+json\" class=\"yoast-schema-graph\">{\"@context\":\"https:\\\/\\\/schema.org\",\"@graph\":[{\"@type\":\"WebPage\",\"@id\":\"https:\\\/\\\/stiftung-ts.de\\\/sts\\\/gemeinde_1\\\/seelsorgeschulungen\\\/seelsorge-in-kleingruppen\\\/\",\"url\":\"https:\\\/\\\/stiftung-ts.de\\\/sts\\\/gemeinde_1\\\/seelsorgeschulungen\\\/seelsorge-in-kleingruppen\\\/\",\"name\":\"Seelsorge in Kleingruppen - Stiftung TS\",\"isPartOf\":{\"@id\":\"https:\\\/\\\/stiftung-ts.de\\\/sts\\\/#website\"},\"primaryImageOfPage\":{\"@id\":\"https:\\\/\\\/stiftung-ts.de\\\/sts\\\/gemeinde_1\\\/seelsorgeschulungen\\\/seelsorge-in-kleingruppen\\\/#primaryimage\"},\"image\":{\"@id\":\"https:\\\/\\\/stiftung-ts.de\\\/sts\\\/gemeinde_1\\\/seelsorgeschulungen\\\/seelsorge-in-kleingruppen\\\/#primaryimage\"},\"thumbnailUrl\":\"https:\\\/\\\/stiftung-ts.de\\\/sts\\\/wp-content\\\/uploads\\\/2025\\\/08\\\/Kleingruppen_1110x350px.jpg\",\"datePublished\":\"2025-06-25T18:06:23+00:00\",\"dateModified\":\"2025-08-01T14:19:28+00:00\",\"description\":\"Seelsorge in der Kleingruppe. Schulungstag f\u00fcr Start und Leitung einer Kleingruppe in gesch\u00fctztem Rahmen.\",\"breadcrumb\":{\"@id\":\"https:\\\/\\\/stiftung-ts.de\\\/sts\\\/gemeinde_1\\\/seelsorgeschulungen\\\/seelsorge-in-kleingruppen\\\/#breadcrumb\"},\"inLanguage\":\"de\",\"potentialAction\":[{\"@type\":\"ReadAction\",\"target\":[\"https:\\\/\\\/stiftung-ts.de\\\/sts\\\/gemeinde_1\\\/seelsorgeschulungen\\\/seelsorge-in-kleingruppen\\\/\"]}]},{\"@type\":\"ImageObject\",\"inLanguage\":\"de\",\"@id\":\"https:\\\/\\\/stiftung-ts.de\\\/sts\\\/gemeinde_1\\\/seelsorgeschulungen\\\/seelsorge-in-kleingruppen\\\/#primaryimage\",\"url\":\"https:\\\/\\\/stiftung-ts.de\\\/sts\\\/wp-content\\\/uploads\\\/2025\\\/08\\\/Kleingruppen_1110x350px.jpg\",\"contentUrl\":\"https:\\\/\\\/stiftung-ts.de\\\/sts\\\/wp-content\\\/uploads\\\/2025\\\/08\\\/Kleingruppen_1110x350px.jpg\",\"width\":1110,\"height\":350},{\"@type\":\"BreadcrumbList\",\"@id\":\"https:\\\/\\\/stiftung-ts.de\\\/sts\\\/gemeinde_1\\\/seelsorgeschulungen\\\/seelsorge-in-kleingruppen\\\/#breadcrumb\",\"itemListElement\":[{\"@type\":\"ListItem\",\"position\":1,\"name\":\"Startseite\",\"item\":\"https:\\\/\\\/stiftung-ts.de\\\/sts\\\/\"},{\"@type\":\"ListItem\",\"position\":2,\"name\":\"Gemeinde\",\"item\":\"https:\\\/\\\/stiftung-ts.de\\\/sts\\\/gemeinde_1\\\/\"},{\"@type\":\"ListItem\",\"position\":3,\"name\":\"Seelsorgeschulungen\",\"item\":\"https:\\\/\\\/stiftung-ts.de\\\/sts\\\/gemeinde_1\\\/seelsorgeschulungen\\\/\"},{\"@type\":\"ListItem\",\"position\":4,\"name\":\"Seelsorge in Kleingruppen\"}]},{\"@type\":\"WebSite\",\"@id\":\"https:\\\/\\\/stiftung-ts.de\\\/sts\\\/#website\",\"url\":\"https:\\\/\\\/stiftung-ts.de\\\/sts\\\/\",\"name\":\"Stiftung TS\",\"description\":\"\",\"publisher\":{\"@id\":\"https:\\\/\\\/stiftung-ts.de\\\/sts\\\/#organization\"},\"potentialAction\":[{\"@type\":\"SearchAction\",\"target\":{\"@type\":\"EntryPoint\",\"urlTemplate\":\"https:\\\/\\\/stiftung-ts.de\\\/sts\\\/?s={search_term_string}\"},\"query-input\":{\"@type\":\"PropertyValueSpecification\",\"valueRequired\":true,\"valueName\":\"search_term_string\"}}],\"inLanguage\":\"de\"},{\"@type\":\"Organization\",\"@id\":\"https:\\\/\\\/stiftung-ts.de\\\/sts\\\/#organization\",\"name\":\"Stiftung TS\",\"url\":\"https:\\\/\\\/stiftung-ts.de\\\/sts\\\/\",\"logo\":{\"@type\":\"ImageObject\",\"inLanguage\":\"de\",\"@id\":\"https:\\\/\\\/stiftung-ts.de\\\/sts\\\/#\\\/schema\\\/logo\\\/image\\\/\",\"url\":\"https:\\\/\\\/stiftung-ts.de\\\/sts\\\/wp-content\\\/uploads\\\/2021\\\/04\\\/Logo_Stiftung-TS_512-rund.png\",\"contentUrl\":\"https:\\\/\\\/stiftung-ts.de\\\/sts\\\/wp-content\\\/uploads\\\/2021\\\/04\\\/Logo_Stiftung-TS_512-rund.png\",\"width\":512,\"height\":512,\"caption\":\"Stiftung TS\"},\"image\":{\"@id\":\"https:\\\/\\\/stiftung-ts.de\\\/sts\\\/#\\\/schema\\\/logo\\\/image\\\/\"},\"sameAs\":[\"https:\\\/\\\/www.facebook.com\\\/therapeutische.seelsorge\"]}]}<\/script>\n<!-- \/ Yoast SEO plugin. -->","yoast_head_json":{"title":"Seelsorge in Kleingruppen - Stiftung TS","description":"Seelsorge in der Kleingruppe. Schulungstag f\u00fcr Start und Leitung einer Kleingruppe in gesch\u00fctztem Rahmen.","robots":{"index":"index","follow":"follow","max-snippet":"max-snippet:-1","max-image-preview":"max-image-preview:large","max-video-preview":"max-video-preview:-1"},"canonical":"https:\/\/stiftung-ts.de\/sts\/gemeinde_1\/seelsorgeschulungen\/seelsorge-in-kleingruppen\/","og_locale":"de_DE","og_type":"article","og_title":"Seelsorge in Kleingruppen - Stiftung TS","og_description":"Seelsorge in der Kleingruppe. Schulungstag f\u00fcr Start und Leitung einer Kleingruppe in gesch\u00fctztem Rahmen.","og_url":"https:\/\/stiftung-ts.de\/sts\/gemeinde_1\/seelsorgeschulungen\/seelsorge-in-kleingruppen\/","og_site_name":"Stiftung TS","article_publisher":"https:\/\/www.facebook.com\/therapeutische.seelsorge","article_modified_time":"2025-08-01T14:19:28+00:00","og_image":[{"width":1110,"height":350,"url":"https:\/\/stiftung-ts.de\/sts\/wp-content\/uploads\/2025\/08\/Kleingruppen_1110x350px.jpg","type":"image\/jpeg"}],"twitter_card":"summary_large_image","twitter_misc":{"Gesch\u00e4tzte Lesezeit":"2\u00a0Minuten"},"schema":{"@context":"https:\/\/schema.org","@graph":[{"@type":"WebPage","@id":"https:\/\/stiftung-ts.de\/sts\/gemeinde_1\/seelsorgeschulungen\/seelsorge-in-kleingruppen\/","url":"https:\/\/stiftung-ts.de\/sts\/gemeinde_1\/seelsorgeschulungen\/seelsorge-in-kleingruppen\/","name":"Seelsorge in Kleingruppen - Stiftung TS","isPartOf":{"@id":"https:\/\/stiftung-ts.de\/sts\/#website"},"primaryImageOfPage":{"@id":"https:\/\/stiftung-ts.de\/sts\/gemeinde_1\/seelsorgeschulungen\/seelsorge-in-kleingruppen\/#primaryimage"},"image":{"@id":"https:\/\/stiftung-ts.de\/sts\/gemeinde_1\/seelsorgeschulungen\/seelsorge-in-kleingruppen\/#primaryimage"},"thumbnailUrl":"https:\/\/stiftung-ts.de\/sts\/wp-content\/uploads\/2025\/08\/Kleingruppen_1110x350px.jpg","datePublished":"2025-06-25T18:06:23+00:00","dateModified":"2025-08-01T14:19:28+00:00","description":"Seelsorge in der Kleingruppe. Schulungstag f\u00fcr Start und Leitung einer Kleingruppe in gesch\u00fctztem Rahmen.","breadcrumb":{"@id":"https:\/\/stiftung-ts.de\/sts\/gemeinde_1\/seelsorgeschulungen\/seelsorge-in-kleingruppen\/#breadcrumb"},"inLanguage":"de","potentialAction":[{"@type":"ReadAction","target":["https:\/\/stiftung-ts.de\/sts\/gemeinde_1\/seelsorgeschulungen\/seelsorge-in-kleingruppen\/"]}]},{"@type":"ImageObject","inLanguage":"de","@id":"https:\/\/stiftung-ts.de\/sts\/gemeinde_1\/seelsorgeschulungen\/seelsorge-in-kleingruppen\/#primaryimage","url":"https:\/\/stiftung-ts.de\/sts\/wp-content\/uploads\/2025\/08\/Kleingruppen_1110x350px.jpg","contentUrl":"https:\/\/stiftung-ts.de\/sts\/wp-content\/uploads\/2025\/08\/Kleingruppen_1110x350px.jpg","width":1110,"height":350},{"@type":"BreadcrumbList","@id":"https:\/\/stiftung-ts.de\/sts\/gemeinde_1\/seelsorgeschulungen\/seelsorge-in-kleingruppen\/#breadcrumb","itemListElement":[{"@type":"ListItem","position":1,"name":"Startseite","item":"https:\/\/stiftung-ts.de\/sts\/"},{"@type":"ListItem","position":2,"name":"Gemeinde","item":"https:\/\/stiftung-ts.de\/sts\/gemeinde_1\/"},{"@type":"ListItem","position":3,"name":"Seelsorgeschulungen","item":"https:\/\/stiftung-ts.de\/sts\/gemeinde_1\/seelsorgeschulungen\/"},{"@type":"ListItem","position":4,"name":"Seelsorge in Kleingruppen"}]},{"@type":"WebSite","@id":"https:\/\/stiftung-ts.de\/sts\/#website","url":"https:\/\/stiftung-ts.de\/sts\/","name":"Stiftung TS","description":"","publisher":{"@id":"https:\/\/stiftung-ts.de\/sts\/#organization"},"potentialAction":[{"@type":"SearchAction","target":{"@type":"EntryPoint","urlTemplate":"https:\/\/stiftung-ts.de\/sts\/?s={search_term_string}"},"query-input":{"@type":"PropertyValueSpecification","valueRequired":true,"valueName":"search_term_string"}}],"inLanguage":"de"},{"@type":"Organization","@id":"https:\/\/stiftung-ts.de\/sts\/#organization","name":"Stiftung TS","url":"https:\/\/stiftung-ts.de\/sts\/","logo":{"@type":"ImageObject","inLanguage":"de","@id":"https:\/\/stiftung-ts.de\/sts\/#\/schema\/logo\/image\/","url":"https:\/\/stiftung-ts.de\/sts\/wp-content\/uploads\/2021\/04\/Logo_Stiftung-TS_512-rund.png","contentUrl":"https:\/\/stiftung-ts.de\/sts\/wp-content\/uploads\/2021\/04\/Logo_Stiftung-TS_512-rund.png","width":512,"height":512,"caption":"Stiftung TS"},"image":{"@id":"https:\/\/stiftung-ts.de\/sts\/#\/schema\/logo\/image\/"},"sameAs":["https:\/\/www.facebook.com\/therapeutische.seelsorge"]}]}},"_links":{"self":[{"href":"https:\/\/stiftung-ts.de\/sts\/wp-json\/wp\/v2\/pages\/6266","targetHints":{"allow":["GET"]}}],"collection":[{"href":"https:\/\/stiftung-ts.de\/sts\/wp-json\/wp\/v2\/pages"}],"about":[{"href":"https:\/\/stiftung-ts.de\/sts\/wp-json\/wp\/v2\/types\/page"}],"author":[{"embeddable":true,"href":"https:\/\/stiftung-ts.de\/sts\/wp-json\/wp\/v2\/users\/1"}],"replies":[{"embeddable":true,"href":"https:\/\/stiftung-ts.de\/sts\/wp-json\/wp\/v2\/comments?post=6266"}],"version-history":[{"count":0,"href":"https:\/\/stiftung-ts.de\/sts\/wp-json\/wp\/v2\/pages\/6266\/revisions"}],"up":[{"embeddable":true,"href":"https:\/\/stiftung-ts.de\/sts\/wp-json\/wp\/v2\/pages\/3166"}],"wp:featuredmedia":[{"embeddable":true,"href":"https:\/\/stiftung-ts.de\/sts\/wp-json\/wp\/v2\/media\/6564"}],"wp:attachment":[{"href":"https:\/\/stiftung-ts.de\/sts\/wp-json\/wp\/v2\/media?parent=6266"}],"curies":[{"name":"wp","href":"https:\/\/api.w.org\/{rel}","templated":true}]}}