{"id":617,"date":"2019-11-15T15:52:49","date_gmt":"2019-11-15T14:52:49","guid":{"rendered":"https:\/\/stiftung-ts.de\/sts\/?page_id=617"},"modified":"2026-02-04T11:39:36","modified_gmt":"2026-02-04T10:39:36","slug":"beratender-seelsorger","status":"publish","type":"page","link":"https:\/\/stiftung-ts.de\/sts\/ausbildung-2\/ausbildungsprogramm\/beratender-seelsorger\/","title":{"rendered":"Beratende Seelsorge"},"content":{"rendered":"\n<h2 class=\"wp-block-heading\">Weiterbildung Beratende Seelsorge<\/h2>\n\n\n\n<p>Die Weiterbildung in Beratender Seelsorge TS bef\u00e4higt zu Seelsorge und Beratung mit Menschen die Orientierung suchen, auch bei seelischen N\u00f6ten, in Krisen- und Konfliktsituationen und bei Neuorientierung im Leben.<\/p>\n\n\n\n<p>Grundlage der Beratenden Seelsorge sind die Seminare und der Abschluss in Begleitender Seelsorge TS.<\/p>\n\n\n\n<p>Im hilfreichen Wechsel von Theorie, Praxis und Reflexion erwirbst du die n\u00f6tigen Kompetenzen und n\u00e4herst dich gut vorbereitet dem Abschluss der Weiterbildung.<\/p>\n\n\n\n<p><strong>Kompetenzen<\/strong><\/p>\n\n\n\n<ul class=\"wp-block-list\">\n<li><strong>Fachliche Kompetenzen<\/strong><br>z.B. Gespr\u00e4chsf\u00fchrung, Erarbeitung der Lebenslogik im prozesshaften Ansatz, systemische Sichtweise, Ressourcenorientierte Sicht- und Arbeitsweise, Abgrenzung zu Therapie und Krankheit<\/li>\n\n\n\n<li><strong>Soziale Kompetenzen<\/strong><br>wie Empathie und F\u00fchlverm\u00f6gen, verbesserte Kommunikations- und Beziehungsf\u00e4higkeit<\/li>\n\n\n\n<li><strong>Theologische Kompetenzen<\/strong><br>mit den Aspekten Verantwortung vor und f\u00fcr, biblische Weisheit, Spiritualit\u00e4t, christliche Ethik, sowie Kompetenzen im Umgang mit Trauer, Leid, Vergebung und Vers\u00f6hnung<\/li>\n\n\n\n<li><strong>Personale Kompetenzen<\/strong><br>z.B. verst\u00e4rkte Selbst- und Fremdwahrnehmung, Konfliktf\u00e4higkeit, Selbst\u00e4ndigkeit, eigene St\u00e4rken und Schw\u00e4chen<\/li>\n<\/ul>\n\n\n\n<p><strong>M\u00f6gliche Arbeitsfelder Beratender Seelsorge k\u00f6nnen sein<\/strong>:<\/p>\n\n\n\n<ul class=\"wp-block-list\">\n<li>Haupt- und ehrenamtliche Gemeindeseelsorge<\/li>\n\n\n\n<li>Mitarbeit in Erziehungs-, Familien,- und Sch\u00fclerberatung<\/li>\n\n\n\n<li>Mitarbeit in Beratungsstellen<\/li>\n\n\n\n<li>Mitarbeit in sozialen und diakonischen Einrichtungen<\/li>\n<\/ul>\n\n\n\n<div style=\"height:30px\" aria-hidden=\"true\" class=\"wp-block-spacer\"><\/div>\n\n\n\n<div class=\"wp-block-group is-layout-flex wp-block-group-is-layout-flex\">\n<p>Der Weiterbildungsgang Beratende Seelsorge TS ist bei der&nbsp;<a href=\"https:\/\/acc-deutschland.org\/\" target=\"_blank\" rel=\"noreferrer noopener\">Association of Christian Counselors (ACC)<\/a> akkreditiert.<\/p>\n\n\n\n<figure class=\"wp-block-image size-medium\"><img loading=\"lazy\" decoding=\"async\" width=\"300\" height=\"102\" src=\"https:\/\/stiftung-ts.de\/sts\/wp-content\/uploads\/2023\/09\/acc-logo2023-weiss-300x102.jpg\" alt=\"Link zu ACC Deutschland\" class=\"wp-image-4725\" style=\"object-fit:cover\" srcset=\"https:\/\/stiftung-ts.de\/sts\/wp-content\/uploads\/2023\/09\/acc-logo2023-weiss-300x102.jpg 300w, https:\/\/stiftung-ts.de\/sts\/wp-content\/uploads\/2023\/09\/acc-logo2023-weiss-1024x349.jpg 1024w, https:\/\/stiftung-ts.de\/sts\/wp-content\/uploads\/2023\/09\/acc-logo2023-weiss-768x262.jpg 768w, https:\/\/stiftung-ts.de\/sts\/wp-content\/uploads\/2023\/09\/acc-logo2023-weiss.jpg 1436w\" sizes=\"auto, (max-width: 300px) 100vw, 300px\" \/><\/figure>\n<\/div>\n\n\n\n<div style=\"height:30px\" aria-hidden=\"true\" class=\"wp-block-spacer\"><\/div>\n\n\n\n<p><strong>Weiterf\u00fchrende Informationen <\/strong><\/p>\n\n\n\n<div class=\"wp-block-group is-layout-flex wp-block-group-is-layout-flex\">\n<figure class=\"wp-block-image size-medium is-resized\"><img loading=\"lazy\" decoding=\"async\" width=\"300\" height=\"424\" src=\"https:\/\/stiftung-ts.de\/sts\/wp-content\/uploads\/2025\/08\/Leitlinien_WeiterbildungBeratendeSeelsorge_interaktiv-1-300x424.jpg\" alt=\"Leitlinien zur Weiterbildung Beratende Seelsorge \u2013 Therapeutische Seelsorge\" class=\"wp-image-6702\" style=\"width:105px\" srcset=\"https:\/\/stiftung-ts.de\/sts\/wp-content\/uploads\/2025\/08\/Leitlinien_WeiterbildungBeratendeSeelsorge_interaktiv-1-300x424.jpg 300w, https:\/\/stiftung-ts.de\/sts\/wp-content\/uploads\/2025\/08\/Leitlinien_WeiterbildungBeratendeSeelsorge_interaktiv-1-150x212.jpg 150w, https:\/\/stiftung-ts.de\/sts\/wp-content\/uploads\/2025\/08\/Leitlinien_WeiterbildungBeratendeSeelsorge_interaktiv-1-768x1087.jpg 768w, https:\/\/stiftung-ts.de\/sts\/wp-content\/uploads\/2025\/08\/Leitlinien_WeiterbildungBeratendeSeelsorge_interaktiv-1.jpg 909w\" sizes=\"auto, (max-width: 300px) 100vw, 300px\" \/><\/figure>\n\n\n\n<p><a href=\"https:\/\/stiftung-ts.de\/sts\/wp-content\/uploads\/2024\/10\/Leitlinien_WeiterbildungBeratendeSeelsorge_interaktiv.pdf\" target=\"_blank\" rel=\"noreferrer noopener\"><strong>Leitlinien zur Weiterbildung Beratende Seelsorge &#8211; Therapeutische Seelsorge<\/strong><\/a><\/p>\n<\/div>\n","protected":false},"excerpt":{"rendered":"<p>Weiterbildung Beratende Seelsorge Die Weiterbildung in Beratender Seelsorge TS bef\u00e4higt zu Seelsorge und Beratung mit Menschen die Orientierung suchen, auch bei seelischen N\u00f6ten, in Krisen- und Konfliktsituationen und bei Neuorientierung im Leben. Grundlage der Beratenden Seelsorge sind die Seminare und der Abschluss in Begleitender Seelsorge TS. Im hilfreichen Wechsel von Theorie, Praxis und Reflexion erwirbst<\/p>\n","protected":false},"author":1,"featured_media":0,"parent":611,"menu_order":2,"comment_status":"closed","ping_status":"closed","template":"page-fullwidth.php","meta":{"footnotes":""},"class_list":["post-617","page","type-page","status-publish","hentry"],"yoast_head":"<!-- This site is optimized with the Yoast SEO plugin v27.6 - https:\/\/yoast.com\/product\/yoast-seo-wordpress\/ -->\n<title>Beratende Seelsorge - Weiterbildungen - Stiftung TS<\/title>\n<meta name=\"description\" content=\"Die Weiterbildung in Beratender Seelsorge bef\u00e4higt zu Seelsorge und Beratung mit Menschen die Orientierung suchen, auch bei seelischen N\u00f6ten, in Krisen- und Konfliktsituationen und bei Neuorientierung im Leben.\" \/>\n<meta name=\"robots\" content=\"index, follow, max-snippet:-1, max-image-preview:large, max-video-preview:-1\" \/>\n<link rel=\"canonical\" href=\"https:\/\/stiftung-ts.de\/sts\/ausbildung-2\/ausbildungsprogramm\/beratender-seelsorger\/\" \/>\n<meta property=\"og:locale\" content=\"de_DE\" \/>\n<meta property=\"og:type\" content=\"article\" \/>\n<meta property=\"og:title\" content=\"Beratende Seelsorge - Weiterbildungen - Stiftung TS\" \/>\n<meta property=\"og:description\" content=\"Die Weiterbildung in Beratender Seelsorge bef\u00e4higt zu Seelsorge und Beratung mit Menschen die Orientierung suchen, auch bei seelischen N\u00f6ten, in Krisen- und Konfliktsituationen und bei Neuorientierung im Leben.\" \/>\n<meta property=\"og:url\" content=\"https:\/\/stiftung-ts.de\/sts\/ausbildung-2\/ausbildungsprogramm\/beratender-seelsorger\/\" \/>\n<meta property=\"og:site_name\" content=\"Stiftung TS\" \/>\n<meta property=\"article:publisher\" content=\"https:\/\/www.facebook.com\/therapeutische.seelsorge\" \/>\n<meta property=\"article:modified_time\" content=\"2026-02-04T10:39:36+00:00\" \/>\n<meta property=\"og:image\" content=\"https:\/\/stiftung-ts.de\/sts\/wp-content\/uploads\/2023\/09\/acc-logo2023-weiss.jpg\" \/>\n\t<meta property=\"og:image:width\" content=\"1436\" \/>\n\t<meta property=\"og:image:height\" content=\"490\" \/>\n\t<meta property=\"og:image:type\" content=\"image\/jpeg\" \/>\n<meta name=\"twitter:card\" content=\"summary_large_image\" \/>\n<meta name=\"twitter:label1\" content=\"Gesch\u00e4tzte Lesezeit\" \/>\n\t<meta name=\"twitter:data1\" content=\"2\u00a0Minuten\" \/>\n<script type=\"application\/ld+json\" class=\"yoast-schema-graph\">{\"@context\":\"https:\\\/\\\/schema.org\",\"@graph\":[{\"@type\":\"WebPage\",\"@id\":\"https:\\\/\\\/stiftung-ts.de\\\/sts\\\/ausbildung-2\\\/ausbildungsprogramm\\\/beratender-seelsorger\\\/\",\"url\":\"https:\\\/\\\/stiftung-ts.de\\\/sts\\\/ausbildung-2\\\/ausbildungsprogramm\\\/beratender-seelsorger\\\/\",\"name\":\"Beratende Seelsorge - Weiterbildungen - Stiftung TS\",\"isPartOf\":{\"@id\":\"https:\\\/\\\/stiftung-ts.de\\\/sts\\\/#website\"},\"primaryImageOfPage\":{\"@id\":\"https:\\\/\\\/stiftung-ts.de\\\/sts\\\/ausbildung-2\\\/ausbildungsprogramm\\\/beratender-seelsorger\\\/#primaryimage\"},\"image\":{\"@id\":\"https:\\\/\\\/stiftung-ts.de\\\/sts\\\/ausbildung-2\\\/ausbildungsprogramm\\\/beratender-seelsorger\\\/#primaryimage\"},\"thumbnailUrl\":\"https:\\\/\\\/stiftung-ts.de\\\/sts\\\/wp-content\\\/uploads\\\/2023\\\/09\\\/acc-logo2023-weiss-300x102.jpg\",\"datePublished\":\"2019-11-15T14:52:49+00:00\",\"dateModified\":\"2026-02-04T10:39:36+00:00\",\"description\":\"Die Weiterbildung in Beratender Seelsorge bef\u00e4higt zu Seelsorge und Beratung mit Menschen die Orientierung suchen, auch bei seelischen N\u00f6ten, in Krisen- und Konfliktsituationen und bei Neuorientierung im Leben.\",\"breadcrumb\":{\"@id\":\"https:\\\/\\\/stiftung-ts.de\\\/sts\\\/ausbildung-2\\\/ausbildungsprogramm\\\/beratender-seelsorger\\\/#breadcrumb\"},\"inLanguage\":\"de\",\"potentialAction\":[{\"@type\":\"ReadAction\",\"target\":[\"https:\\\/\\\/stiftung-ts.de\\\/sts\\\/ausbildung-2\\\/ausbildungsprogramm\\\/beratender-seelsorger\\\/\"]}]},{\"@type\":\"ImageObject\",\"inLanguage\":\"de\",\"@id\":\"https:\\\/\\\/stiftung-ts.de\\\/sts\\\/ausbildung-2\\\/ausbildungsprogramm\\\/beratender-seelsorger\\\/#primaryimage\",\"url\":\"https:\\\/\\\/stiftung-ts.de\\\/sts\\\/wp-content\\\/uploads\\\/2023\\\/09\\\/acc-logo2023-weiss.jpg\",\"contentUrl\":\"https:\\\/\\\/stiftung-ts.de\\\/sts\\\/wp-content\\\/uploads\\\/2023\\\/09\\\/acc-logo2023-weiss.jpg\",\"width\":1436,\"height\":490},{\"@type\":\"BreadcrumbList\",\"@id\":\"https:\\\/\\\/stiftung-ts.de\\\/sts\\\/ausbildung-2\\\/ausbildungsprogramm\\\/beratender-seelsorger\\\/#breadcrumb\",\"itemListElement\":[{\"@type\":\"ListItem\",\"position\":1,\"name\":\"Startseite\",\"item\":\"https:\\\/\\\/stiftung-ts.de\\\/sts\\\/\"},{\"@type\":\"ListItem\",\"position\":2,\"name\":\"Ausbildung\",\"item\":\"https:\\\/\\\/stiftung-ts.de\\\/sts\\\/ausbildung-2\\\/\"},{\"@type\":\"ListItem\",\"position\":3,\"name\":\"Weiterbildungen\",\"item\":\"https:\\\/\\\/stiftung-ts.de\\\/sts\\\/ausbildung-2\\\/ausbildungsprogramm\\\/\"},{\"@type\":\"ListItem\",\"position\":4,\"name\":\"Beratende Seelsorge\"}]},{\"@type\":\"WebSite\",\"@id\":\"https:\\\/\\\/stiftung-ts.de\\\/sts\\\/#website\",\"url\":\"https:\\\/\\\/stiftung-ts.de\\\/sts\\\/\",\"name\":\"Stiftung TS\",\"description\":\"\",\"publisher\":{\"@id\":\"https:\\\/\\\/stiftung-ts.de\\\/sts\\\/#organization\"},\"potentialAction\":[{\"@type\":\"SearchAction\",\"target\":{\"@type\":\"EntryPoint\",\"urlTemplate\":\"https:\\\/\\\/stiftung-ts.de\\\/sts\\\/?s={search_term_string}\"},\"query-input\":{\"@type\":\"PropertyValueSpecification\",\"valueRequired\":true,\"valueName\":\"search_term_string\"}}],\"inLanguage\":\"de\"},{\"@type\":\"Organization\",\"@id\":\"https:\\\/\\\/stiftung-ts.de\\\/sts\\\/#organization\",\"name\":\"Stiftung TS\",\"url\":\"https:\\\/\\\/stiftung-ts.de\\\/sts\\\/\",\"logo\":{\"@type\":\"ImageObject\",\"inLanguage\":\"de\",\"@id\":\"https:\\\/\\\/stiftung-ts.de\\\/sts\\\/#\\\/schema\\\/logo\\\/image\\\/\",\"url\":\"https:\\\/\\\/stiftung-ts.de\\\/sts\\\/wp-content\\\/uploads\\\/2021\\\/04\\\/Logo_Stiftung-TS_512-rund.png\",\"contentUrl\":\"https:\\\/\\\/stiftung-ts.de\\\/sts\\\/wp-content\\\/uploads\\\/2021\\\/04\\\/Logo_Stiftung-TS_512-rund.png\",\"width\":512,\"height\":512,\"caption\":\"Stiftung TS\"},\"image\":{\"@id\":\"https:\\\/\\\/stiftung-ts.de\\\/sts\\\/#\\\/schema\\\/logo\\\/image\\\/\"},\"sameAs\":[\"https:\\\/\\\/www.facebook.com\\\/therapeutische.seelsorge\"]}]}<\/script>\n<!-- \/ Yoast SEO plugin. -->","yoast_head_json":{"title":"Beratende Seelsorge - Weiterbildungen - Stiftung TS","description":"Die Weiterbildung in Beratender Seelsorge bef\u00e4higt zu Seelsorge und Beratung mit Menschen die Orientierung suchen, auch bei seelischen N\u00f6ten, in Krisen- und Konfliktsituationen und bei Neuorientierung im Leben.","robots":{"index":"index","follow":"follow","max-snippet":"max-snippet:-1","max-image-preview":"max-image-preview:large","max-video-preview":"max-video-preview:-1"},"canonical":"https:\/\/stiftung-ts.de\/sts\/ausbildung-2\/ausbildungsprogramm\/beratender-seelsorger\/","og_locale":"de_DE","og_type":"article","og_title":"Beratende Seelsorge - Weiterbildungen - Stiftung TS","og_description":"Die Weiterbildung in Beratender Seelsorge bef\u00e4higt zu Seelsorge und Beratung mit Menschen die Orientierung suchen, auch bei seelischen N\u00f6ten, in Krisen- und Konfliktsituationen und bei Neuorientierung im Leben.","og_url":"https:\/\/stiftung-ts.de\/sts\/ausbildung-2\/ausbildungsprogramm\/beratender-seelsorger\/","og_site_name":"Stiftung TS","article_publisher":"https:\/\/www.facebook.com\/therapeutische.seelsorge","article_modified_time":"2026-02-04T10:39:36+00:00","og_image":[{"width":1436,"height":490,"url":"https:\/\/stiftung-ts.de\/sts\/wp-content\/uploads\/2023\/09\/acc-logo2023-weiss.jpg","type":"image\/jpeg"}],"twitter_card":"summary_large_image","twitter_misc":{"Gesch\u00e4tzte Lesezeit":"2\u00a0Minuten"},"schema":{"@context":"https:\/\/schema.org","@graph":[{"@type":"WebPage","@id":"https:\/\/stiftung-ts.de\/sts\/ausbildung-2\/ausbildungsprogramm\/beratender-seelsorger\/","url":"https:\/\/stiftung-ts.de\/sts\/ausbildung-2\/ausbildungsprogramm\/beratender-seelsorger\/","name":"Beratende Seelsorge - Weiterbildungen - Stiftung TS","isPartOf":{"@id":"https:\/\/stiftung-ts.de\/sts\/#website"},"primaryImageOfPage":{"@id":"https:\/\/stiftung-ts.de\/sts\/ausbildung-2\/ausbildungsprogramm\/beratender-seelsorger\/#primaryimage"},"image":{"@id":"https:\/\/stiftung-ts.de\/sts\/ausbildung-2\/ausbildungsprogramm\/beratender-seelsorger\/#primaryimage"},"thumbnailUrl":"https:\/\/stiftung-ts.de\/sts\/wp-content\/uploads\/2023\/09\/acc-logo2023-weiss-300x102.jpg","datePublished":"2019-11-15T14:52:49+00:00","dateModified":"2026-02-04T10:39:36+00:00","description":"Die Weiterbildung in Beratender Seelsorge bef\u00e4higt zu Seelsorge und Beratung mit Menschen die Orientierung suchen, auch bei seelischen N\u00f6ten, in Krisen- und Konfliktsituationen und bei Neuorientierung im Leben.","breadcrumb":{"@id":"https:\/\/stiftung-ts.de\/sts\/ausbildung-2\/ausbildungsprogramm\/beratender-seelsorger\/#breadcrumb"},"inLanguage":"de","potentialAction":[{"@type":"ReadAction","target":["https:\/\/stiftung-ts.de\/sts\/ausbildung-2\/ausbildungsprogramm\/beratender-seelsorger\/"]}]},{"@type":"ImageObject","inLanguage":"de","@id":"https:\/\/stiftung-ts.de\/sts\/ausbildung-2\/ausbildungsprogramm\/beratender-seelsorger\/#primaryimage","url":"https:\/\/stiftung-ts.de\/sts\/wp-content\/uploads\/2023\/09\/acc-logo2023-weiss.jpg","contentUrl":"https:\/\/stiftung-ts.de\/sts\/wp-content\/uploads\/2023\/09\/acc-logo2023-weiss.jpg","width":1436,"height":490},{"@type":"BreadcrumbList","@id":"https:\/\/stiftung-ts.de\/sts\/ausbildung-2\/ausbildungsprogramm\/beratender-seelsorger\/#breadcrumb","itemListElement":[{"@type":"ListItem","position":1,"name":"Startseite","item":"https:\/\/stiftung-ts.de\/sts\/"},{"@type":"ListItem","position":2,"name":"Ausbildung","item":"https:\/\/stiftung-ts.de\/sts\/ausbildung-2\/"},{"@type":"ListItem","position":3,"name":"Weiterbildungen","item":"https:\/\/stiftung-ts.de\/sts\/ausbildung-2\/ausbildungsprogramm\/"},{"@type":"ListItem","position":4,"name":"Beratende Seelsorge"}]},{"@type":"WebSite","@id":"https:\/\/stiftung-ts.de\/sts\/#website","url":"https:\/\/stiftung-ts.de\/sts\/","name":"Stiftung TS","description":"","publisher":{"@id":"https:\/\/stiftung-ts.de\/sts\/#organization"},"potentialAction":[{"@type":"SearchAction","target":{"@type":"EntryPoint","urlTemplate":"https:\/\/stiftung-ts.de\/sts\/?s={search_term_string}"},"query-input":{"@type":"PropertyValueSpecification","valueRequired":true,"valueName":"search_term_string"}}],"inLanguage":"de"},{"@type":"Organization","@id":"https:\/\/stiftung-ts.de\/sts\/#organization","name":"Stiftung TS","url":"https:\/\/stiftung-ts.de\/sts\/","logo":{"@type":"ImageObject","inLanguage":"de","@id":"https:\/\/stiftung-ts.de\/sts\/#\/schema\/logo\/image\/","url":"https:\/\/stiftung-ts.de\/sts\/wp-content\/uploads\/2021\/04\/Logo_Stiftung-TS_512-rund.png","contentUrl":"https:\/\/stiftung-ts.de\/sts\/wp-content\/uploads\/2021\/04\/Logo_Stiftung-TS_512-rund.png","width":512,"height":512,"caption":"Stiftung TS"},"image":{"@id":"https:\/\/stiftung-ts.de\/sts\/#\/schema\/logo\/image\/"},"sameAs":["https:\/\/www.facebook.com\/therapeutische.seelsorge"]}]}},"_links":{"self":[{"href":"https:\/\/stiftung-ts.de\/sts\/wp-json\/wp\/v2\/pages\/617","targetHints":{"allow":["GET"]}}],"collection":[{"href":"https:\/\/stiftung-ts.de\/sts\/wp-json\/wp\/v2\/pages"}],"about":[{"href":"https:\/\/stiftung-ts.de\/sts\/wp-json\/wp\/v2\/types\/page"}],"author":[{"embeddable":true,"href":"https:\/\/stiftung-ts.de\/sts\/wp-json\/wp\/v2\/users\/1"}],"replies":[{"embeddable":true,"href":"https:\/\/stiftung-ts.de\/sts\/wp-json\/wp\/v2\/comments?post=617"}],"version-history":[{"count":0,"href":"https:\/\/stiftung-ts.de\/sts\/wp-json\/wp\/v2\/pages\/617\/revisions"}],"up":[{"embeddable":true,"href":"https:\/\/stiftung-ts.de\/sts\/wp-json\/wp\/v2\/pages\/611"}],"wp:attachment":[{"href":"https:\/\/stiftung-ts.de\/sts\/wp-json\/wp\/v2\/media?parent=617"}],"curies":[{"name":"wp","href":"https:\/\/api.w.org\/{rel}","templated":true}]}}