{"id":615,"date":"2019-11-15T15:52:37","date_gmt":"2019-11-15T14:52:37","guid":{"rendered":"https:\/\/stiftung-ts.de\/sts\/?page_id=615"},"modified":"2026-02-04T11:39:30","modified_gmt":"2026-02-04T10:39:30","slug":"begleitender-seelsorger","status":"publish","type":"page","link":"https:\/\/stiftung-ts.de\/sts\/ausbildung-2\/ausbildungsprogramm\/begleitender-seelsorger\/","title":{"rendered":"Begleitende Seelsorge"},"content":{"rendered":"\n<h2 class=\"wp-block-heading\">Weiterbildung Begleitende Seelsorge<\/h2>\n\n\n\n<p>Die Weiterbildung in Begleitender Seelsorge TS vermittelt die Grundlagen der Beratenden Seelsorge.<\/p>\n\n\n\n<p>Die Teilnehmenden werden bef\u00e4higt, Menschen in ihren Glaubens- und Lebensfragen beratend zur Seite zu stehen und sie in Krisen-, Trauer- und Konfliktsituationen qualifiziert zu begleiten.<\/p>\n\n\n\n<p>Im Rahmen ihrer Weiterbildung wird ihre eigene Selbst- und Fremdwahrnehmung, ihre Pers\u00f6nlichkeitsentwicklung und Sozialkompetenz, sowie ihre Kommunikations- und Teamf\u00e4higkeit gef\u00f6rdert. Die Teilnehmenden \u00fcben in dieser Grundausbildung reflektierte Beratung und ressourcenorientiertes Arbeiten ein.<\/p>\n\n\n\n<p>Zentrale Themen (Ausz\u00fcge):<\/p>\n\n\n\n<ul class=\"wp-block-list\">\n<li>Begleiten und Tr\u00f6sten in schwierigen Lebenssituationen sowie Gestalten von Hausbesuchen und Beichte<\/li>\n\n\n\n<li>Ermutigung und Hilfe, um geistliche und seelische Ver\u00e4nderungsprozesse zu begleiten<\/li>\n\n\n\n<li>Ein vertieftes Verst\u00e4ndnis von Konfliktentstehung, Beziehungsst\u00f6rungen und pathogenem Verhalten<\/li>\n\n\n\n<li>Grundkenntnisse des Lebensstils vor dem Hintergrund der Familiengeschichte sowie die gewonnen Pers\u00f6nlichkeitsstrukturen<\/li>\n\n\n\n<li>Systemisches Denken auf biblisch-theologischer Grundlage<\/li>\n\n\n\n<li>Die seelsorgerliche Gespr\u00e4chsf\u00fchrung<\/li>\n<\/ul>\n\n\n\n<div style=\"height:30px\" aria-hidden=\"true\" class=\"wp-block-spacer\"><\/div>\n\n\n\n<blockquote class=\"wp-block-quote is-layout-flow wp-block-quote-is-layout-flow\">\n<p>&#8222;Mir konnte nichts besseres begegnen! Die Lernatmosph\u00e4re war locker und tiefgehend. Mich und andere verstehen! Genau dass habe ich gelernt.&#8220;<\/p>\n<cite>Meinung eines Teilnehmenden<\/cite><\/blockquote>\n\n\n\n<blockquote class=\"wp-block-quote is-layout-flow wp-block-quote-is-layout-flow\">\n<p>&#8222;Hilfreich um sich und andere besser einordnen, verstehen zu k\u00f6nnen. In jedem Fall lohnend, praxisnah und motivierend seelsorgerlich los zu legen.&#8220;<\/p>\n<cite>Meinung eines Teilnehmenden<\/cite><\/blockquote>\n\n\n\n<figure class=\"wp-block-image size-large is-resized\"><img loading=\"lazy\" decoding=\"async\" width=\"1024\" height=\"619\" src=\"https:\/\/stiftung-ts.de\/sts\/wp-content\/uploads\/2020\/02\/Kursaufbau_Begl_Seelsorge-1024x619.png\" alt=\"Kursaufbau Begleitende Seelsorge &amp; Spezialisierungen\" class=\"wp-image-1252\" style=\"width:512px;height:310px\" srcset=\"https:\/\/stiftung-ts.de\/sts\/wp-content\/uploads\/2020\/02\/Kursaufbau_Begl_Seelsorge-1024x619.png 1024w, https:\/\/stiftung-ts.de\/sts\/wp-content\/uploads\/2020\/02\/Kursaufbau_Begl_Seelsorge-300x181.png 300w, https:\/\/stiftung-ts.de\/sts\/wp-content\/uploads\/2020\/02\/Kursaufbau_Begl_Seelsorge-768x465.png 768w, https:\/\/stiftung-ts.de\/sts\/wp-content\/uploads\/2020\/02\/Kursaufbau_Begl_Seelsorge.png 1063w\" sizes=\"auto, (max-width: 1024px) 100vw, 1024px\" \/><\/figure>\n\n\n\n<div style=\"height:30px\" aria-hidden=\"true\" class=\"wp-block-spacer\"><\/div>\n\n\n\n<div class=\"wp-block-group is-layout-flex wp-block-group-is-layout-flex\">\n<p>Der Weiterbildungsgang Begleitende Seelsorge, mit \u00fcber 200 Stunden Theorie, Praxis, Supervision und Selbstreflexion, ist anerkannt von der <a href=\"https:\/\/acc-deutschland.org\" target=\"_blank\" rel=\"noreferrer noopener\">Association of Christian Counselors (ACC)<\/a>, Mitglied der Deutschen Gesellschaft f\u00fcr Beratung.<\/p>\n\n\n\n<figure class=\"wp-block-image size-medium\"><a href=\"https:\/\/acc-deutschland.org\/\" target=\"_blank\" rel=\"noreferrer noopener\"><img loading=\"lazy\" decoding=\"async\" width=\"300\" height=\"102\" src=\"https:\/\/stiftung-ts.de\/sts\/wp-content\/uploads\/2023\/09\/acc-logo2023-weiss-300x102.jpg\" alt=\"Link zu ACC Deutschland\" class=\"wp-image-4725\" style=\"object-fit:cover\" srcset=\"https:\/\/stiftung-ts.de\/sts\/wp-content\/uploads\/2023\/09\/acc-logo2023-weiss-300x102.jpg 300w, https:\/\/stiftung-ts.de\/sts\/wp-content\/uploads\/2023\/09\/acc-logo2023-weiss-1024x349.jpg 1024w, https:\/\/stiftung-ts.de\/sts\/wp-content\/uploads\/2023\/09\/acc-logo2023-weiss-768x262.jpg 768w, https:\/\/stiftung-ts.de\/sts\/wp-content\/uploads\/2023\/09\/acc-logo2023-weiss.jpg 1436w\" sizes=\"auto, (max-width: 300px) 100vw, 300px\" \/><\/a><\/figure>\n<\/div>\n\n\n\n<div style=\"height:30px\" aria-hidden=\"true\" class=\"wp-block-spacer\"><\/div>\n\n\n\n<p><strong>Weiterf\u00fchrende Informationen<\/strong><\/p>\n\n\n\n<div class=\"wp-block-group is-layout-flex wp-block-group-is-layout-flex\">\n<figure class=\"wp-block-image size-thumbnail\"><a href=\"https:\/\/stiftung-ts.de\/sts\/wp-content\/uploads\/2019\/12\/Leitfaden_Begleitende_Seelsorge_2019_Web.pdf\" target=\"_blank\" rel=\" noreferrer noopener\"><img loading=\"lazy\" decoding=\"async\" width=\"150\" height=\"150\" src=\"https:\/\/stiftung-ts.de\/sts\/wp-content\/uploads\/2025\/08\/Leitfaden_Begleitende_Seelsorge_2019_Web-1-150x150.jpg\" alt=\"Leitfaden zur Ausbildung Begleitende Seelsorge\" class=\"wp-image-6701\" style=\"object-fit:cover\" srcset=\"https:\/\/stiftung-ts.de\/sts\/wp-content\/uploads\/2025\/08\/Leitfaden_Begleitende_Seelsorge_2019_Web-1-150x150.jpg 150w, https:\/\/stiftung-ts.de\/sts\/wp-content\/uploads\/2025\/08\/Leitfaden_Begleitende_Seelsorge_2019_Web-1-300x300.jpg 300w, https:\/\/stiftung-ts.de\/sts\/wp-content\/uploads\/2025\/08\/Leitfaden_Begleitende_Seelsorge_2019_Web-1-768x768.jpg 768w, https:\/\/stiftung-ts.de\/sts\/wp-content\/uploads\/2025\/08\/Leitfaden_Begleitende_Seelsorge_2019_Web-1-90x90.jpg 90w, https:\/\/stiftung-ts.de\/sts\/wp-content\/uploads\/2025\/08\/Leitfaden_Begleitende_Seelsorge_2019_Web-1-360x360.jpg 360w, https:\/\/stiftung-ts.de\/sts\/wp-content\/uploads\/2025\/08\/Leitfaden_Begleitende_Seelsorge_2019_Web-1-64x64.jpg 64w, https:\/\/stiftung-ts.de\/sts\/wp-content\/uploads\/2025\/08\/Leitfaden_Begleitende_Seelsorge_2019_Web-1.jpg 909w\" sizes=\"auto, (max-width: 150px) 100vw, 150px\" \/><\/a><\/figure>\n\n\n\n<p>&nbsp;<strong><a href=\"https:\/\/stiftung-ts.de\/sts\/wp-content\/uploads\/2019\/12\/Leitfaden_Begleitende_Seelsorge_2019_Web.pdf\" target=\"_blank\" rel=\"noreferrer noopener\">Leitfaden zur Ausbildung Begleitende Seelsorge<\/a><\/strong><\/p>\n<\/div>\n\n\n\n<p><\/p>\n","protected":false},"excerpt":{"rendered":"<p>Weiterbildung Begleitende Seelsorge Die Weiterbildung in Begleitender Seelsorge TS vermittelt die Grundlagen der Beratenden Seelsorge. Die Teilnehmenden werden bef\u00e4higt, Menschen in ihren Glaubens- und Lebensfragen beratend zur Seite zu stehen und sie in Krisen-, Trauer- und Konfliktsituationen qualifiziert zu begleiten. Im Rahmen ihrer Weiterbildung wird ihre eigene Selbst- und Fremdwahrnehmung, ihre Pers\u00f6nlichkeitsentwicklung und Sozialkompetenz, sowie<\/p>\n","protected":false},"author":1,"featured_media":0,"parent":611,"menu_order":1,"comment_status":"closed","ping_status":"closed","template":"page-fullwidth.php","meta":{"footnotes":""},"class_list":["post-615","page","type-page","status-publish","hentry"],"yoast_head":"<!-- This site is optimized with the Yoast SEO plugin v27.4 - https:\/\/yoast.com\/product\/yoast-seo-wordpress\/ -->\n<title>Begleitende Seelsorge - Weiterbildungen - Stiftung TS<\/title>\n<meta name=\"description\" content=\"Die Weiterbildung in Begleitender Seelsorge vermittelt die Grundlagen der Beratenden Seelsorge. Die Teilnehmenden werden geschult, Menschen qualifiziert zu begleiten.\" \/>\n<meta name=\"robots\" content=\"index, follow, max-snippet:-1, max-image-preview:large, max-video-preview:-1\" \/>\n<link rel=\"canonical\" href=\"https:\/\/stiftung-ts.de\/sts\/ausbildung-2\/ausbildungsprogramm\/begleitender-seelsorger\/\" \/>\n<meta property=\"og:locale\" content=\"de_DE\" \/>\n<meta property=\"og:type\" content=\"article\" \/>\n<meta property=\"og:title\" content=\"Begleitende Seelsorge - Weiterbildungen - Stiftung TS\" \/>\n<meta property=\"og:description\" content=\"Die Weiterbildung in Begleitender Seelsorge vermittelt die Grundlagen der Beratenden Seelsorge. Die Teilnehmenden werden geschult, Menschen qualifiziert zu begleiten.\" \/>\n<meta property=\"og:url\" content=\"https:\/\/stiftung-ts.de\/sts\/ausbildung-2\/ausbildungsprogramm\/begleitender-seelsorger\/\" \/>\n<meta property=\"og:site_name\" content=\"Stiftung TS\" \/>\n<meta property=\"article:publisher\" content=\"https:\/\/www.facebook.com\/therapeutische.seelsorge\" \/>\n<meta property=\"article:modified_time\" content=\"2026-02-04T10:39:30+00:00\" \/>\n<meta property=\"og:image\" content=\"https:\/\/stiftung-ts.de\/sts\/wp-content\/uploads\/2020\/02\/Kursaufbau_Begl_Seelsorge.png\" \/>\n\t<meta property=\"og:image:width\" content=\"1063\" \/>\n\t<meta property=\"og:image:height\" content=\"643\" \/>\n\t<meta property=\"og:image:type\" content=\"image\/png\" \/>\n<meta name=\"twitter:card\" content=\"summary_large_image\" \/>\n<meta name=\"twitter:label1\" content=\"Gesch\u00e4tzte Lesezeit\" \/>\n\t<meta name=\"twitter:data1\" content=\"2\u00a0Minuten\" \/>\n<script type=\"application\/ld+json\" class=\"yoast-schema-graph\">{\"@context\":\"https:\\\/\\\/schema.org\",\"@graph\":[{\"@type\":\"WebPage\",\"@id\":\"https:\\\/\\\/stiftung-ts.de\\\/sts\\\/ausbildung-2\\\/ausbildungsprogramm\\\/begleitender-seelsorger\\\/\",\"url\":\"https:\\\/\\\/stiftung-ts.de\\\/sts\\\/ausbildung-2\\\/ausbildungsprogramm\\\/begleitender-seelsorger\\\/\",\"name\":\"Begleitende Seelsorge - Weiterbildungen - Stiftung TS\",\"isPartOf\":{\"@id\":\"https:\\\/\\\/stiftung-ts.de\\\/sts\\\/#website\"},\"primaryImageOfPage\":{\"@id\":\"https:\\\/\\\/stiftung-ts.de\\\/sts\\\/ausbildung-2\\\/ausbildungsprogramm\\\/begleitender-seelsorger\\\/#primaryimage\"},\"image\":{\"@id\":\"https:\\\/\\\/stiftung-ts.de\\\/sts\\\/ausbildung-2\\\/ausbildungsprogramm\\\/begleitender-seelsorger\\\/#primaryimage\"},\"thumbnailUrl\":\"https:\\\/\\\/stiftung-ts.de\\\/sts\\\/wp-content\\\/uploads\\\/2020\\\/02\\\/Kursaufbau_Begl_Seelsorge-1024x619.png\",\"datePublished\":\"2019-11-15T14:52:37+00:00\",\"dateModified\":\"2026-02-04T10:39:30+00:00\",\"description\":\"Die Weiterbildung in Begleitender Seelsorge vermittelt die Grundlagen der Beratenden Seelsorge. Die Teilnehmenden werden geschult, Menschen qualifiziert zu begleiten.\",\"breadcrumb\":{\"@id\":\"https:\\\/\\\/stiftung-ts.de\\\/sts\\\/ausbildung-2\\\/ausbildungsprogramm\\\/begleitender-seelsorger\\\/#breadcrumb\"},\"inLanguage\":\"de\",\"potentialAction\":[{\"@type\":\"ReadAction\",\"target\":[\"https:\\\/\\\/stiftung-ts.de\\\/sts\\\/ausbildung-2\\\/ausbildungsprogramm\\\/begleitender-seelsorger\\\/\"]}]},{\"@type\":\"ImageObject\",\"inLanguage\":\"de\",\"@id\":\"https:\\\/\\\/stiftung-ts.de\\\/sts\\\/ausbildung-2\\\/ausbildungsprogramm\\\/begleitender-seelsorger\\\/#primaryimage\",\"url\":\"https:\\\/\\\/stiftung-ts.de\\\/sts\\\/wp-content\\\/uploads\\\/2020\\\/02\\\/Kursaufbau_Begl_Seelsorge.png\",\"contentUrl\":\"https:\\\/\\\/stiftung-ts.de\\\/sts\\\/wp-content\\\/uploads\\\/2020\\\/02\\\/Kursaufbau_Begl_Seelsorge.png\",\"width\":1063,\"height\":643},{\"@type\":\"BreadcrumbList\",\"@id\":\"https:\\\/\\\/stiftung-ts.de\\\/sts\\\/ausbildung-2\\\/ausbildungsprogramm\\\/begleitender-seelsorger\\\/#breadcrumb\",\"itemListElement\":[{\"@type\":\"ListItem\",\"position\":1,\"name\":\"Startseite\",\"item\":\"https:\\\/\\\/stiftung-ts.de\\\/sts\\\/\"},{\"@type\":\"ListItem\",\"position\":2,\"name\":\"Ausbildung\",\"item\":\"https:\\\/\\\/stiftung-ts.de\\\/sts\\\/ausbildung-2\\\/\"},{\"@type\":\"ListItem\",\"position\":3,\"name\":\"Weiterbildungen\",\"item\":\"https:\\\/\\\/stiftung-ts.de\\\/sts\\\/ausbildung-2\\\/ausbildungsprogramm\\\/\"},{\"@type\":\"ListItem\",\"position\":4,\"name\":\"Begleitende Seelsorge\"}]},{\"@type\":\"WebSite\",\"@id\":\"https:\\\/\\\/stiftung-ts.de\\\/sts\\\/#website\",\"url\":\"https:\\\/\\\/stiftung-ts.de\\\/sts\\\/\",\"name\":\"Stiftung TS\",\"description\":\"\",\"publisher\":{\"@id\":\"https:\\\/\\\/stiftung-ts.de\\\/sts\\\/#organization\"},\"potentialAction\":[{\"@type\":\"SearchAction\",\"target\":{\"@type\":\"EntryPoint\",\"urlTemplate\":\"https:\\\/\\\/stiftung-ts.de\\\/sts\\\/?s={search_term_string}\"},\"query-input\":{\"@type\":\"PropertyValueSpecification\",\"valueRequired\":true,\"valueName\":\"search_term_string\"}}],\"inLanguage\":\"de\"},{\"@type\":\"Organization\",\"@id\":\"https:\\\/\\\/stiftung-ts.de\\\/sts\\\/#organization\",\"name\":\"Stiftung TS\",\"url\":\"https:\\\/\\\/stiftung-ts.de\\\/sts\\\/\",\"logo\":{\"@type\":\"ImageObject\",\"inLanguage\":\"de\",\"@id\":\"https:\\\/\\\/stiftung-ts.de\\\/sts\\\/#\\\/schema\\\/logo\\\/image\\\/\",\"url\":\"https:\\\/\\\/stiftung-ts.de\\\/sts\\\/wp-content\\\/uploads\\\/2021\\\/04\\\/Logo_Stiftung-TS_512-rund.png\",\"contentUrl\":\"https:\\\/\\\/stiftung-ts.de\\\/sts\\\/wp-content\\\/uploads\\\/2021\\\/04\\\/Logo_Stiftung-TS_512-rund.png\",\"width\":512,\"height\":512,\"caption\":\"Stiftung TS\"},\"image\":{\"@id\":\"https:\\\/\\\/stiftung-ts.de\\\/sts\\\/#\\\/schema\\\/logo\\\/image\\\/\"},\"sameAs\":[\"https:\\\/\\\/www.facebook.com\\\/therapeutische.seelsorge\"]}]}<\/script>\n<!-- \/ Yoast SEO plugin. -->","yoast_head_json":{"title":"Begleitende Seelsorge - Weiterbildungen - Stiftung TS","description":"Die Weiterbildung in Begleitender Seelsorge vermittelt die Grundlagen der Beratenden Seelsorge. Die Teilnehmenden werden geschult, Menschen qualifiziert zu begleiten.","robots":{"index":"index","follow":"follow","max-snippet":"max-snippet:-1","max-image-preview":"max-image-preview:large","max-video-preview":"max-video-preview:-1"},"canonical":"https:\/\/stiftung-ts.de\/sts\/ausbildung-2\/ausbildungsprogramm\/begleitender-seelsorger\/","og_locale":"de_DE","og_type":"article","og_title":"Begleitende Seelsorge - Weiterbildungen - Stiftung TS","og_description":"Die Weiterbildung in Begleitender Seelsorge vermittelt die Grundlagen der Beratenden Seelsorge. Die Teilnehmenden werden geschult, Menschen qualifiziert zu begleiten.","og_url":"https:\/\/stiftung-ts.de\/sts\/ausbildung-2\/ausbildungsprogramm\/begleitender-seelsorger\/","og_site_name":"Stiftung TS","article_publisher":"https:\/\/www.facebook.com\/therapeutische.seelsorge","article_modified_time":"2026-02-04T10:39:30+00:00","og_image":[{"width":1063,"height":643,"url":"https:\/\/stiftung-ts.de\/sts\/wp-content\/uploads\/2020\/02\/Kursaufbau_Begl_Seelsorge.png","type":"image\/png"}],"twitter_card":"summary_large_image","twitter_misc":{"Gesch\u00e4tzte Lesezeit":"2\u00a0Minuten"},"schema":{"@context":"https:\/\/schema.org","@graph":[{"@type":"WebPage","@id":"https:\/\/stiftung-ts.de\/sts\/ausbildung-2\/ausbildungsprogramm\/begleitender-seelsorger\/","url":"https:\/\/stiftung-ts.de\/sts\/ausbildung-2\/ausbildungsprogramm\/begleitender-seelsorger\/","name":"Begleitende Seelsorge - Weiterbildungen - Stiftung TS","isPartOf":{"@id":"https:\/\/stiftung-ts.de\/sts\/#website"},"primaryImageOfPage":{"@id":"https:\/\/stiftung-ts.de\/sts\/ausbildung-2\/ausbildungsprogramm\/begleitender-seelsorger\/#primaryimage"},"image":{"@id":"https:\/\/stiftung-ts.de\/sts\/ausbildung-2\/ausbildungsprogramm\/begleitender-seelsorger\/#primaryimage"},"thumbnailUrl":"https:\/\/stiftung-ts.de\/sts\/wp-content\/uploads\/2020\/02\/Kursaufbau_Begl_Seelsorge-1024x619.png","datePublished":"2019-11-15T14:52:37+00:00","dateModified":"2026-02-04T10:39:30+00:00","description":"Die Weiterbildung in Begleitender Seelsorge vermittelt die Grundlagen der Beratenden Seelsorge. Die Teilnehmenden werden geschult, Menschen qualifiziert zu begleiten.","breadcrumb":{"@id":"https:\/\/stiftung-ts.de\/sts\/ausbildung-2\/ausbildungsprogramm\/begleitender-seelsorger\/#breadcrumb"},"inLanguage":"de","potentialAction":[{"@type":"ReadAction","target":["https:\/\/stiftung-ts.de\/sts\/ausbildung-2\/ausbildungsprogramm\/begleitender-seelsorger\/"]}]},{"@type":"ImageObject","inLanguage":"de","@id":"https:\/\/stiftung-ts.de\/sts\/ausbildung-2\/ausbildungsprogramm\/begleitender-seelsorger\/#primaryimage","url":"https:\/\/stiftung-ts.de\/sts\/wp-content\/uploads\/2020\/02\/Kursaufbau_Begl_Seelsorge.png","contentUrl":"https:\/\/stiftung-ts.de\/sts\/wp-content\/uploads\/2020\/02\/Kursaufbau_Begl_Seelsorge.png","width":1063,"height":643},{"@type":"BreadcrumbList","@id":"https:\/\/stiftung-ts.de\/sts\/ausbildung-2\/ausbildungsprogramm\/begleitender-seelsorger\/#breadcrumb","itemListElement":[{"@type":"ListItem","position":1,"name":"Startseite","item":"https:\/\/stiftung-ts.de\/sts\/"},{"@type":"ListItem","position":2,"name":"Ausbildung","item":"https:\/\/stiftung-ts.de\/sts\/ausbildung-2\/"},{"@type":"ListItem","position":3,"name":"Weiterbildungen","item":"https:\/\/stiftung-ts.de\/sts\/ausbildung-2\/ausbildungsprogramm\/"},{"@type":"ListItem","position":4,"name":"Begleitende Seelsorge"}]},{"@type":"WebSite","@id":"https:\/\/stiftung-ts.de\/sts\/#website","url":"https:\/\/stiftung-ts.de\/sts\/","name":"Stiftung TS","description":"","publisher":{"@id":"https:\/\/stiftung-ts.de\/sts\/#organization"},"potentialAction":[{"@type":"SearchAction","target":{"@type":"EntryPoint","urlTemplate":"https:\/\/stiftung-ts.de\/sts\/?s={search_term_string}"},"query-input":{"@type":"PropertyValueSpecification","valueRequired":true,"valueName":"search_term_string"}}],"inLanguage":"de"},{"@type":"Organization","@id":"https:\/\/stiftung-ts.de\/sts\/#organization","name":"Stiftung TS","url":"https:\/\/stiftung-ts.de\/sts\/","logo":{"@type":"ImageObject","inLanguage":"de","@id":"https:\/\/stiftung-ts.de\/sts\/#\/schema\/logo\/image\/","url":"https:\/\/stiftung-ts.de\/sts\/wp-content\/uploads\/2021\/04\/Logo_Stiftung-TS_512-rund.png","contentUrl":"https:\/\/stiftung-ts.de\/sts\/wp-content\/uploads\/2021\/04\/Logo_Stiftung-TS_512-rund.png","width":512,"height":512,"caption":"Stiftung TS"},"image":{"@id":"https:\/\/stiftung-ts.de\/sts\/#\/schema\/logo\/image\/"},"sameAs":["https:\/\/www.facebook.com\/therapeutische.seelsorge"]}]}},"_links":{"self":[{"href":"https:\/\/stiftung-ts.de\/sts\/wp-json\/wp\/v2\/pages\/615","targetHints":{"allow":["GET"]}}],"collection":[{"href":"https:\/\/stiftung-ts.de\/sts\/wp-json\/wp\/v2\/pages"}],"about":[{"href":"https:\/\/stiftung-ts.de\/sts\/wp-json\/wp\/v2\/types\/page"}],"author":[{"embeddable":true,"href":"https:\/\/stiftung-ts.de\/sts\/wp-json\/wp\/v2\/users\/1"}],"replies":[{"embeddable":true,"href":"https:\/\/stiftung-ts.de\/sts\/wp-json\/wp\/v2\/comments?post=615"}],"version-history":[{"count":0,"href":"https:\/\/stiftung-ts.de\/sts\/wp-json\/wp\/v2\/pages\/615\/revisions"}],"up":[{"embeddable":true,"href":"https:\/\/stiftung-ts.de\/sts\/wp-json\/wp\/v2\/pages\/611"}],"wp:attachment":[{"href":"https:\/\/stiftung-ts.de\/sts\/wp-json\/wp\/v2\/media?parent=615"}],"curies":[{"name":"wp","href":"https:\/\/api.w.org\/{rel}","templated":true}]}}