{"id":613,"date":"2019-11-15T15:52:20","date_gmt":"2019-11-15T14:52:20","guid":{"rendered":"https:\/\/stiftung-ts.de\/sts\/?page_id=613"},"modified":"2026-02-04T11:39:44","modified_gmt":"2026-02-04T10:39:44","slug":"therapeutscher-seelsorger","status":"publish","type":"page","link":"https:\/\/stiftung-ts.de\/sts\/ausbildung-2\/ausbildungsprogramm\/therapeutscher-seelsorger\/","title":{"rendered":"Therapeutische Seelsorge"},"content":{"rendered":"\n<h2 class=\"wp-block-heading\">Weiterbildung Therapeutische Seelsorge<\/h2>\n\n\n\n<p>Der Weiterbildungsgang Therapeutische Seelsorge TS bef\u00e4higt zu professioneller seelsorgerlicher und therapeutischer Hilfe an Ratsuchenden und Klienten.<\/p>\n\n\n\n<p><strong>Kompetenzen<\/strong><\/p>\n\n\n\n<p>Grundlage sind die erworbenen Kompetenzen der Beratenden Seelsorge.<\/p>\n\n\n\n<p>Hinzu kommen Kompetenzen in:<\/p>\n\n\n\n<ul class=\"wp-block-list\">\n<li>Anamnese, Befunderhebung und Differentialdiagnostik<\/li>\n\n\n\n<li>Psychopathologie, Psychosomatik<\/li>\n\n\n\n<li>Anwendung unterschiedlicher psychotherapeutischer Ans\u00e4tze sowie Entspannungstechniken<\/li>\n\n\n\n<li>Rechtliche Abgrenzungen, Gesetzeskunde, Praxisf\u00fchrung und Krisenintervention<\/li>\n\n\n\n<li>Umgang mit ICD-10<\/li>\n<\/ul>\n\n\n\n<p>Die Pflichtseminare des Weiterbildungsgangs Therapeutische Seelsorge TS bereiten auf die <strong>Pr\u00fcfung Heilpraktiker f\u00fcr Psychotherapie am Gesundheitsamt<\/strong> vor.<\/p>\n\n\n\n<p><strong>M\u00f6gliche T\u00e4tigkeitsfelder k\u00f6nnen sein:<\/strong><\/p>\n\n\n\n<ul class=\"wp-block-list\">\n<li>Aufgrund der staatlichen Pr\u00fcfung am Gesundheitsamt (Heilpraktiker-Pr\u00fcfung f\u00fcr Psychotherapie) sind therapeutische Seelsorgerinnen\/Seelsorger TS berechtigt, als Therapeutin\/Therapeut in freier Praxis gegen Entgelt zu arbeiten.<\/li>\n\n\n\n<li>Hauptamtliche Seelsorgerinnen\/Seelsorger in Gemeinden, Kirchen und Einrichtungen.<\/li>\n<\/ul>\n\n\n\n<div style=\"height:30px\" aria-hidden=\"true\" class=\"wp-block-spacer\"><\/div>\n\n\n\n<p><strong>Weiterf\u00fchrende Informationen<\/strong><\/p>\n\n\n\n<div class=\"wp-block-group is-layout-flex wp-block-group-is-layout-flex\">\n<figure class=\"wp-block-image size-medium is-resized\"><img loading=\"lazy\" decoding=\"async\" width=\"300\" height=\"424\" src=\"https:\/\/stiftung-ts.de\/sts\/wp-content\/uploads\/2025\/08\/Leitlinien_WeiterbildungBeratendeSeelsorge_interaktiv-1-300x424.jpg\" alt=\"Leitlinien zur Weiterbildung Beratende Seelsorge - Therapeutische Seelsorge\" class=\"wp-image-6702\" style=\"width:105px\" srcset=\"https:\/\/stiftung-ts.de\/sts\/wp-content\/uploads\/2025\/08\/Leitlinien_WeiterbildungBeratendeSeelsorge_interaktiv-1-300x424.jpg 300w, https:\/\/stiftung-ts.de\/sts\/wp-content\/uploads\/2025\/08\/Leitlinien_WeiterbildungBeratendeSeelsorge_interaktiv-1-150x212.jpg 150w, https:\/\/stiftung-ts.de\/sts\/wp-content\/uploads\/2025\/08\/Leitlinien_WeiterbildungBeratendeSeelsorge_interaktiv-1-768x1087.jpg 768w, https:\/\/stiftung-ts.de\/sts\/wp-content\/uploads\/2025\/08\/Leitlinien_WeiterbildungBeratendeSeelsorge_interaktiv-1.jpg 909w\" sizes=\"auto, (max-width: 300px) 100vw, 300px\" \/><\/figure>\n\n\n\n<p><a href=\"https:\/\/stiftung-ts.de\/sts\/wp-content\/uploads\/2024\/10\/Leitlinien_WeiterbildungBeratendeSeelsorge_interaktiv.pdf\" target=\"_blank\" rel=\"noreferrer noopener\"><strong>Leitlinien zur Weiterbildung Beratende Seelsorge &#8211; Therapeutische Seelsorge<\/strong><\/a><\/p>\n<\/div>\n\n\n\n<p><\/p>\n","protected":false},"excerpt":{"rendered":"<p>Weiterbildung Therapeutische Seelsorge Der Weiterbildungsgang Therapeutische Seelsorge TS bef\u00e4higt zu professioneller seelsorgerlicher und therapeutischer Hilfe an Ratsuchenden und Klienten. Kompetenzen Grundlage sind die erworbenen Kompetenzen der Beratenden Seelsorge. Hinzu kommen Kompetenzen in: Die Pflichtseminare des Weiterbildungsgangs Therapeutische Seelsorge TS bereiten auf die Pr\u00fcfung Heilpraktiker f\u00fcr Psychotherapie am Gesundheitsamt vor. M\u00f6gliche T\u00e4tigkeitsfelder k\u00f6nnen sein: Weiterf\u00fchrende Informationen<\/p>\n","protected":false},"author":1,"featured_media":0,"parent":611,"menu_order":3,"comment_status":"closed","ping_status":"closed","template":"page-fullwidth.php","meta":{"footnotes":""},"class_list":["post-613","page","type-page","status-publish","hentry"],"yoast_head":"<!-- This site is optimized with the Yoast SEO plugin v27.5 - https:\/\/yoast.com\/product\/yoast-seo-wordpress\/ -->\n<title>Therapeutische Seelsorge - Weiterbildungen - Stiftung TS<\/title>\n<meta name=\"description\" content=\"Der Weiterbildungsgang Therapeutische Seelsorge bef\u00e4higt zu professioneller seelsorgerlicher und therapeutischer Hilfe an Ratsuchenden und Klienten.\" \/>\n<meta name=\"robots\" content=\"index, follow, max-snippet:-1, max-image-preview:large, max-video-preview:-1\" \/>\n<link rel=\"canonical\" href=\"https:\/\/stiftung-ts.de\/sts\/ausbildung-2\/ausbildungsprogramm\/therapeutscher-seelsorger\/\" \/>\n<meta property=\"og:locale\" content=\"de_DE\" \/>\n<meta property=\"og:type\" content=\"article\" \/>\n<meta property=\"og:title\" content=\"Therapeutische Seelsorge - Weiterbildungen - Stiftung TS\" \/>\n<meta property=\"og:description\" content=\"Der Weiterbildungsgang Therapeutische Seelsorge bef\u00e4higt zu professioneller seelsorgerlicher und therapeutischer Hilfe an Ratsuchenden und Klienten.\" \/>\n<meta property=\"og:url\" content=\"https:\/\/stiftung-ts.de\/sts\/ausbildung-2\/ausbildungsprogramm\/therapeutscher-seelsorger\/\" \/>\n<meta property=\"og:site_name\" content=\"Stiftung TS\" \/>\n<meta property=\"article:publisher\" content=\"https:\/\/www.facebook.com\/therapeutische.seelsorge\" \/>\n<meta property=\"article:modified_time\" content=\"2026-02-04T10:39:44+00:00\" \/>\n<meta property=\"og:image\" content=\"https:\/\/stiftung-ts.de\/sts\/wp-content\/uploads\/2025\/08\/Leitlinien_WeiterbildungBeratendeSeelsorge_interaktiv-1.jpg\" \/>\n\t<meta property=\"og:image:width\" content=\"909\" \/>\n\t<meta property=\"og:image:height\" content=\"1286\" \/>\n\t<meta property=\"og:image:type\" content=\"image\/jpeg\" \/>\n<meta name=\"twitter:card\" content=\"summary_large_image\" \/>\n<meta name=\"twitter:label1\" content=\"Gesch\u00e4tzte Lesezeit\" \/>\n\t<meta name=\"twitter:data1\" content=\"1\u00a0Minute\" \/>\n<script type=\"application\/ld+json\" class=\"yoast-schema-graph\">{\"@context\":\"https:\\\/\\\/schema.org\",\"@graph\":[{\"@type\":\"WebPage\",\"@id\":\"https:\\\/\\\/stiftung-ts.de\\\/sts\\\/ausbildung-2\\\/ausbildungsprogramm\\\/therapeutscher-seelsorger\\\/\",\"url\":\"https:\\\/\\\/stiftung-ts.de\\\/sts\\\/ausbildung-2\\\/ausbildungsprogramm\\\/therapeutscher-seelsorger\\\/\",\"name\":\"Therapeutische Seelsorge - Weiterbildungen - Stiftung TS\",\"isPartOf\":{\"@id\":\"https:\\\/\\\/stiftung-ts.de\\\/sts\\\/#website\"},\"primaryImageOfPage\":{\"@id\":\"https:\\\/\\\/stiftung-ts.de\\\/sts\\\/ausbildung-2\\\/ausbildungsprogramm\\\/therapeutscher-seelsorger\\\/#primaryimage\"},\"image\":{\"@id\":\"https:\\\/\\\/stiftung-ts.de\\\/sts\\\/ausbildung-2\\\/ausbildungsprogramm\\\/therapeutscher-seelsorger\\\/#primaryimage\"},\"thumbnailUrl\":\"https:\\\/\\\/stiftung-ts.de\\\/sts\\\/wp-content\\\/uploads\\\/2025\\\/08\\\/Leitlinien_WeiterbildungBeratendeSeelsorge_interaktiv-1-300x424.jpg\",\"datePublished\":\"2019-11-15T14:52:20+00:00\",\"dateModified\":\"2026-02-04T10:39:44+00:00\",\"description\":\"Der Weiterbildungsgang Therapeutische Seelsorge bef\u00e4higt zu professioneller seelsorgerlicher und therapeutischer Hilfe an Ratsuchenden und Klienten.\",\"breadcrumb\":{\"@id\":\"https:\\\/\\\/stiftung-ts.de\\\/sts\\\/ausbildung-2\\\/ausbildungsprogramm\\\/therapeutscher-seelsorger\\\/#breadcrumb\"},\"inLanguage\":\"de\",\"potentialAction\":[{\"@type\":\"ReadAction\",\"target\":[\"https:\\\/\\\/stiftung-ts.de\\\/sts\\\/ausbildung-2\\\/ausbildungsprogramm\\\/therapeutscher-seelsorger\\\/\"]}]},{\"@type\":\"ImageObject\",\"inLanguage\":\"de\",\"@id\":\"https:\\\/\\\/stiftung-ts.de\\\/sts\\\/ausbildung-2\\\/ausbildungsprogramm\\\/therapeutscher-seelsorger\\\/#primaryimage\",\"url\":\"https:\\\/\\\/stiftung-ts.de\\\/sts\\\/wp-content\\\/uploads\\\/2025\\\/08\\\/Leitlinien_WeiterbildungBeratendeSeelsorge_interaktiv-1.jpg\",\"contentUrl\":\"https:\\\/\\\/stiftung-ts.de\\\/sts\\\/wp-content\\\/uploads\\\/2025\\\/08\\\/Leitlinien_WeiterbildungBeratendeSeelsorge_interaktiv-1.jpg\",\"width\":909,\"height\":1286},{\"@type\":\"BreadcrumbList\",\"@id\":\"https:\\\/\\\/stiftung-ts.de\\\/sts\\\/ausbildung-2\\\/ausbildungsprogramm\\\/therapeutscher-seelsorger\\\/#breadcrumb\",\"itemListElement\":[{\"@type\":\"ListItem\",\"position\":1,\"name\":\"Startseite\",\"item\":\"https:\\\/\\\/stiftung-ts.de\\\/sts\\\/\"},{\"@type\":\"ListItem\",\"position\":2,\"name\":\"Ausbildung\",\"item\":\"https:\\\/\\\/stiftung-ts.de\\\/sts\\\/ausbildung-2\\\/\"},{\"@type\":\"ListItem\",\"position\":3,\"name\":\"Weiterbildungen\",\"item\":\"https:\\\/\\\/stiftung-ts.de\\\/sts\\\/ausbildung-2\\\/ausbildungsprogramm\\\/\"},{\"@type\":\"ListItem\",\"position\":4,\"name\":\"Therapeutische Seelsorge\"}]},{\"@type\":\"WebSite\",\"@id\":\"https:\\\/\\\/stiftung-ts.de\\\/sts\\\/#website\",\"url\":\"https:\\\/\\\/stiftung-ts.de\\\/sts\\\/\",\"name\":\"Stiftung TS\",\"description\":\"\",\"publisher\":{\"@id\":\"https:\\\/\\\/stiftung-ts.de\\\/sts\\\/#organization\"},\"potentialAction\":[{\"@type\":\"SearchAction\",\"target\":{\"@type\":\"EntryPoint\",\"urlTemplate\":\"https:\\\/\\\/stiftung-ts.de\\\/sts\\\/?s={search_term_string}\"},\"query-input\":{\"@type\":\"PropertyValueSpecification\",\"valueRequired\":true,\"valueName\":\"search_term_string\"}}],\"inLanguage\":\"de\"},{\"@type\":\"Organization\",\"@id\":\"https:\\\/\\\/stiftung-ts.de\\\/sts\\\/#organization\",\"name\":\"Stiftung TS\",\"url\":\"https:\\\/\\\/stiftung-ts.de\\\/sts\\\/\",\"logo\":{\"@type\":\"ImageObject\",\"inLanguage\":\"de\",\"@id\":\"https:\\\/\\\/stiftung-ts.de\\\/sts\\\/#\\\/schema\\\/logo\\\/image\\\/\",\"url\":\"https:\\\/\\\/stiftung-ts.de\\\/sts\\\/wp-content\\\/uploads\\\/2021\\\/04\\\/Logo_Stiftung-TS_512-rund.png\",\"contentUrl\":\"https:\\\/\\\/stiftung-ts.de\\\/sts\\\/wp-content\\\/uploads\\\/2021\\\/04\\\/Logo_Stiftung-TS_512-rund.png\",\"width\":512,\"height\":512,\"caption\":\"Stiftung TS\"},\"image\":{\"@id\":\"https:\\\/\\\/stiftung-ts.de\\\/sts\\\/#\\\/schema\\\/logo\\\/image\\\/\"},\"sameAs\":[\"https:\\\/\\\/www.facebook.com\\\/therapeutische.seelsorge\"]}]}<\/script>\n<!-- \/ Yoast SEO plugin. -->","yoast_head_json":{"title":"Therapeutische Seelsorge - Weiterbildungen - Stiftung TS","description":"Der Weiterbildungsgang Therapeutische Seelsorge bef\u00e4higt zu professioneller seelsorgerlicher und therapeutischer Hilfe an Ratsuchenden und Klienten.","robots":{"index":"index","follow":"follow","max-snippet":"max-snippet:-1","max-image-preview":"max-image-preview:large","max-video-preview":"max-video-preview:-1"},"canonical":"https:\/\/stiftung-ts.de\/sts\/ausbildung-2\/ausbildungsprogramm\/therapeutscher-seelsorger\/","og_locale":"de_DE","og_type":"article","og_title":"Therapeutische Seelsorge - Weiterbildungen - Stiftung TS","og_description":"Der Weiterbildungsgang Therapeutische Seelsorge bef\u00e4higt zu professioneller seelsorgerlicher und therapeutischer Hilfe an Ratsuchenden und Klienten.","og_url":"https:\/\/stiftung-ts.de\/sts\/ausbildung-2\/ausbildungsprogramm\/therapeutscher-seelsorger\/","og_site_name":"Stiftung TS","article_publisher":"https:\/\/www.facebook.com\/therapeutische.seelsorge","article_modified_time":"2026-02-04T10:39:44+00:00","og_image":[{"width":909,"height":1286,"url":"https:\/\/stiftung-ts.de\/sts\/wp-content\/uploads\/2025\/08\/Leitlinien_WeiterbildungBeratendeSeelsorge_interaktiv-1.jpg","type":"image\/jpeg"}],"twitter_card":"summary_large_image","twitter_misc":{"Gesch\u00e4tzte Lesezeit":"1\u00a0Minute"},"schema":{"@context":"https:\/\/schema.org","@graph":[{"@type":"WebPage","@id":"https:\/\/stiftung-ts.de\/sts\/ausbildung-2\/ausbildungsprogramm\/therapeutscher-seelsorger\/","url":"https:\/\/stiftung-ts.de\/sts\/ausbildung-2\/ausbildungsprogramm\/therapeutscher-seelsorger\/","name":"Therapeutische Seelsorge - Weiterbildungen - Stiftung TS","isPartOf":{"@id":"https:\/\/stiftung-ts.de\/sts\/#website"},"primaryImageOfPage":{"@id":"https:\/\/stiftung-ts.de\/sts\/ausbildung-2\/ausbildungsprogramm\/therapeutscher-seelsorger\/#primaryimage"},"image":{"@id":"https:\/\/stiftung-ts.de\/sts\/ausbildung-2\/ausbildungsprogramm\/therapeutscher-seelsorger\/#primaryimage"},"thumbnailUrl":"https:\/\/stiftung-ts.de\/sts\/wp-content\/uploads\/2025\/08\/Leitlinien_WeiterbildungBeratendeSeelsorge_interaktiv-1-300x424.jpg","datePublished":"2019-11-15T14:52:20+00:00","dateModified":"2026-02-04T10:39:44+00:00","description":"Der Weiterbildungsgang Therapeutische Seelsorge bef\u00e4higt zu professioneller seelsorgerlicher und therapeutischer Hilfe an Ratsuchenden und Klienten.","breadcrumb":{"@id":"https:\/\/stiftung-ts.de\/sts\/ausbildung-2\/ausbildungsprogramm\/therapeutscher-seelsorger\/#breadcrumb"},"inLanguage":"de","potentialAction":[{"@type":"ReadAction","target":["https:\/\/stiftung-ts.de\/sts\/ausbildung-2\/ausbildungsprogramm\/therapeutscher-seelsorger\/"]}]},{"@type":"ImageObject","inLanguage":"de","@id":"https:\/\/stiftung-ts.de\/sts\/ausbildung-2\/ausbildungsprogramm\/therapeutscher-seelsorger\/#primaryimage","url":"https:\/\/stiftung-ts.de\/sts\/wp-content\/uploads\/2025\/08\/Leitlinien_WeiterbildungBeratendeSeelsorge_interaktiv-1.jpg","contentUrl":"https:\/\/stiftung-ts.de\/sts\/wp-content\/uploads\/2025\/08\/Leitlinien_WeiterbildungBeratendeSeelsorge_interaktiv-1.jpg","width":909,"height":1286},{"@type":"BreadcrumbList","@id":"https:\/\/stiftung-ts.de\/sts\/ausbildung-2\/ausbildungsprogramm\/therapeutscher-seelsorger\/#breadcrumb","itemListElement":[{"@type":"ListItem","position":1,"name":"Startseite","item":"https:\/\/stiftung-ts.de\/sts\/"},{"@type":"ListItem","position":2,"name":"Ausbildung","item":"https:\/\/stiftung-ts.de\/sts\/ausbildung-2\/"},{"@type":"ListItem","position":3,"name":"Weiterbildungen","item":"https:\/\/stiftung-ts.de\/sts\/ausbildung-2\/ausbildungsprogramm\/"},{"@type":"ListItem","position":4,"name":"Therapeutische Seelsorge"}]},{"@type":"WebSite","@id":"https:\/\/stiftung-ts.de\/sts\/#website","url":"https:\/\/stiftung-ts.de\/sts\/","name":"Stiftung TS","description":"","publisher":{"@id":"https:\/\/stiftung-ts.de\/sts\/#organization"},"potentialAction":[{"@type":"SearchAction","target":{"@type":"EntryPoint","urlTemplate":"https:\/\/stiftung-ts.de\/sts\/?s={search_term_string}"},"query-input":{"@type":"PropertyValueSpecification","valueRequired":true,"valueName":"search_term_string"}}],"inLanguage":"de"},{"@type":"Organization","@id":"https:\/\/stiftung-ts.de\/sts\/#organization","name":"Stiftung TS","url":"https:\/\/stiftung-ts.de\/sts\/","logo":{"@type":"ImageObject","inLanguage":"de","@id":"https:\/\/stiftung-ts.de\/sts\/#\/schema\/logo\/image\/","url":"https:\/\/stiftung-ts.de\/sts\/wp-content\/uploads\/2021\/04\/Logo_Stiftung-TS_512-rund.png","contentUrl":"https:\/\/stiftung-ts.de\/sts\/wp-content\/uploads\/2021\/04\/Logo_Stiftung-TS_512-rund.png","width":512,"height":512,"caption":"Stiftung TS"},"image":{"@id":"https:\/\/stiftung-ts.de\/sts\/#\/schema\/logo\/image\/"},"sameAs":["https:\/\/www.facebook.com\/therapeutische.seelsorge"]}]}},"_links":{"self":[{"href":"https:\/\/stiftung-ts.de\/sts\/wp-json\/wp\/v2\/pages\/613","targetHints":{"allow":["GET"]}}],"collection":[{"href":"https:\/\/stiftung-ts.de\/sts\/wp-json\/wp\/v2\/pages"}],"about":[{"href":"https:\/\/stiftung-ts.de\/sts\/wp-json\/wp\/v2\/types\/page"}],"author":[{"embeddable":true,"href":"https:\/\/stiftung-ts.de\/sts\/wp-json\/wp\/v2\/users\/1"}],"replies":[{"embeddable":true,"href":"https:\/\/stiftung-ts.de\/sts\/wp-json\/wp\/v2\/comments?post=613"}],"version-history":[{"count":0,"href":"https:\/\/stiftung-ts.de\/sts\/wp-json\/wp\/v2\/pages\/613\/revisions"}],"up":[{"embeddable":true,"href":"https:\/\/stiftung-ts.de\/sts\/wp-json\/wp\/v2\/pages\/611"}],"wp:attachment":[{"href":"https:\/\/stiftung-ts.de\/sts\/wp-json\/wp\/v2\/media?parent=613"}],"curies":[{"name":"wp","href":"https:\/\/api.w.org\/{rel}","templated":true}]}}