{"id":611,"date":"2019-11-15T15:51:55","date_gmt":"2019-11-15T14:51:55","guid":{"rendered":"https:\/\/stiftung-ts.de\/sts\/?page_id=611"},"modified":"2026-03-16T16:25:47","modified_gmt":"2026-03-16T15:25:47","slug":"ausbildungsprogramm","status":"publish","type":"page","link":"https:\/\/stiftung-ts.de\/sts\/ausbildung-2\/ausbildungsprogramm\/","title":{"rendered":"Weiterbildungen"},"content":{"rendered":"\n<h2 class=\"wp-block-heading\">Weiterbildungsm\u00f6glichkeiten im \u00dcberblick<\/h2>\n\n\n\n<figure class=\"wp-block-image size-full\"><img loading=\"lazy\" decoding=\"async\" width=\"826\" height=\"246\" src=\"https:\/\/stiftung-ts.de\/sts\/wp-content\/uploads\/2024\/11\/Grafik_Weiterbildung.png\" alt=\"Weiterbildungsm\u00f6glichkeiten im \u00dcberblick: Begleitende - Beratende - Therapeutische Seelsorge sowie Akademisches Aufbauprogramm\" class=\"wp-image-5941\" srcset=\"https:\/\/stiftung-ts.de\/sts\/wp-content\/uploads\/2024\/11\/Grafik_Weiterbildung.png 826w, https:\/\/stiftung-ts.de\/sts\/wp-content\/uploads\/2024\/11\/Grafik_Weiterbildung-300x89.png 300w, https:\/\/stiftung-ts.de\/sts\/wp-content\/uploads\/2024\/11\/Grafik_Weiterbildung-768x229.png 768w\" sizes=\"auto, (max-width: 826px) 100vw, 826px\" \/><\/figure>\n\n\n\n<p>Die Stiftung&nbsp;Therapeutische Seelsorge bietet ein <strong>Weiterbildungsprogramm<\/strong> und ein <strong>Akademisches Aufbauprogramm<\/strong> im Bereich Seelsorge an.<\/p>\n\n\n\n<p>Das&nbsp;<strong>Weiterbildungsprogramm&nbsp;<\/strong>beinhaltet die aufeinander aufbauenden Weiterbildungsg\u00e4nge:<\/p>\n\n\n\n<ul class=\"wp-block-list\">\n<li><a href=\"https:\/\/stiftung-ts.de\/sts\/ausbildung-2\/ausbildungsprogramm\/begleitender-seelsorger\/\">Begleitende Seelsorge<\/a><\/li>\n\n\n\n<li><a href=\"https:\/\/stiftung-ts.de\/sts\/ausbildung-2\/ausbildungsprogramm\/beratender-seelsorger\/\">Beratende Seelsorge<\/a><\/li>\n\n\n\n<li><a href=\"https:\/\/stiftung-ts.de\/sts\/ausbildung-2\/ausbildungsprogramm\/therapeutscher-seelsorger\/\">Therapeutische Seelsorge<\/a><\/li>\n<\/ul>\n\n\n\n<p>Das\u00a0<a href=\"https:\/\/stiftung-ts.de\/sts\/ausbildung-2\/ausbildungsprogramm\/akademisches-aufbau-programm\/\" type=\"page\" id=\"136\"><strong>Akademische Aufbauprogramm<\/strong><\/a>\u00a0erm\u00f6glicht mit erfolgreichem Abschluss ein Masterstudium an der Universit\u00e4t von S\u00fcdafrika (UNISA).<\/p>\n\n\n\n<div style=\"height:30px\" aria-hidden=\"true\" class=\"wp-block-spacer\"><\/div>\n\n\n\n<p>Kurse oder Seminare anderer Ausbildungs- und Weiterbildungsst\u00e4tten werden ggf. anerkannt.<\/p>\n\n\n\n<p>Absolvierende sind qualifiziert mit einer individualpsychologisch-, systemisch- und ressourcenorientierten beratenden Seelsorge Menschen ganzheitlich wahrzunehmen und zu begleiten.<\/p>\n\n\n\n<div style=\"height:60px\" aria-hidden=\"true\" class=\"wp-block-spacer\"><\/div>\n\n\n\n<h2 class=\"wp-block-heading\">Einschreiben zur Weiterbildung<\/h2>\n\n\n\n<p><strong>Du m\u00f6chtest dich f\u00fcr einen Weiterbildungsgang einschreiben?<\/strong><\/p>\n\n\n\n<p>Wir freuen uns \u00fcber dein Interesse und hei\u00dfen dich herzlich willkommen!<\/p>\n\n\n\n<div style=\"height:30px\" aria-hidden=\"true\" class=\"wp-block-spacer\"><\/div>\n\n\n\n<h3 class=\"wp-block-heading\">Voraussetzungen zur Weiterbildung<\/h3>\n\n\n\n<p>Folgende Eingangsvoraussetzungen w\u00e4ren w\u00fcnschenswert:<\/p>\n\n\n\n<ul class=\"wp-block-list\">\n<li>Eine pers\u00f6nlich christliche Glaubens\u00fcberzeugung, die aktiv gelebt wird.<\/li>\n\n\n\n<li>Die Bereitschaft, sich praktisch im Seelsorgebereich einzubringen, verbunden mit der F\u00e4higkeit, sich auf den Lebenskontext anderer Menschen einzustellen.<\/li>\n\n\n\n<li>Bereitschaft und F\u00e4higkeit zur Beziehungsgestaltung, Empathie- und Dialogf\u00e4higkeit in Gruppen und Teams.<\/li>\n\n\n\n<li>Das Reflektieren der eigenen Biografie, um daraus zu lernen.<\/li>\n\n\n\n<li>Die Bereitschaft eigene Grenzen zu erkennen und die damit verbundene Entwicklung zu gestalten.<\/li>\n\n\n\n<li>Das Reflektieren und Weiterentwickeln der eigenen Konfliktf\u00e4higkeit.<\/li>\n\n\n\n<li>Verschwiegenheit bez\u00fcglich der Gespr\u00e4che mit Ratsuchenden.<\/li>\n\n\n\n<li>Eine Referenz der Gemeinde.<\/li>\n<\/ul>\n\n\n\n<div style=\"height:30px\" aria-hidden=\"true\" class=\"wp-block-spacer\"><\/div>\n\n\n\n<h3 class=\"wp-block-heading\">Der Weg zur Einschreibung f\u00fcr die Weiterbildung<\/h3>\n\n\n\n<ul class=\"wp-block-list\">\n<li>Fordere die Einschreibeunterlagen an.<\/li>\n\n\n\n<li>Das Anmeldeformular und alle weiteren Unterlagen werden dann digital im Sekretariat eingereicht.<\/li>\n\n\n\n<li>Wenn das Einschreibeprocedere abgeschlossen ist, erh\u00e4ltst du deine pers\u00f6nlichen Unterlagen zur Weiterbildung.<\/li>\n<\/ul>\n\n\n\n<p>Die Einschreibung ist mit einer einmaligen Bearbeitungsgeb\u00fchr verbunden.<\/p>\n\n\n\n<div style=\"height:30px\" aria-hidden=\"true\" class=\"wp-block-spacer\"><\/div>\n\n\n\n<h3 class=\"wp-block-heading\">Kontakt<\/h3>\n\n\n\n<p>Bitte setze dich mit uns in Verbindung, damit wir das weitere Vorgehen besprechen k\u00f6nnen.<\/p>\n\n\n\n<figure class=\"wp-block-image is-resized\"><img loading=\"lazy\" decoding=\"async\" width=\"512\" height=\"512\" src=\"https:\/\/stiftung-ts.de\/sts\/wp-content\/uploads\/2025\/09\/Sonja_Kittler_2b.jpg\" alt=\"\" class=\"wp-image-6983\" style=\"object-fit:cover;width:225px;height:225px\" srcset=\"https:\/\/stiftung-ts.de\/sts\/wp-content\/uploads\/2025\/09\/Sonja_Kittler_2b.jpg 512w, https:\/\/stiftung-ts.de\/sts\/wp-content\/uploads\/2025\/09\/Sonja_Kittler_2b-300x300.jpg 300w, https:\/\/stiftung-ts.de\/sts\/wp-content\/uploads\/2025\/09\/Sonja_Kittler_2b-150x150.jpg 150w, https:\/\/stiftung-ts.de\/sts\/wp-content\/uploads\/2025\/09\/Sonja_Kittler_2b-90x90.jpg 90w, https:\/\/stiftung-ts.de\/sts\/wp-content\/uploads\/2025\/09\/Sonja_Kittler_2b-360x360.jpg 360w, https:\/\/stiftung-ts.de\/sts\/wp-content\/uploads\/2025\/09\/Sonja_Kittler_2b-64x64.jpg 64w\" sizes=\"auto, (max-width: 512px) 100vw, 512px\" \/><\/figure>\n\n\n\n<p><strong>Sonja Kittler<\/strong><\/p>\n\n\n\n<p><strong>Gesch\u00e4ftsf\u00fchrung<\/strong><\/p>\n\n\n\n<p>&nbsp;09831 6879542<br><a rel=\"noreferrer noopener\" href=\"mailto:sonja.kittler@stiftung-ts.de\" target=\"_blank\"><em>sonja.kittler(at)stiftung-ts.de<\/em><\/a><\/p>\n","protected":false},"excerpt":{"rendered":"<p>Weiterbildungsm\u00f6glichkeiten im \u00dcberblick Die Stiftung&nbsp;Therapeutische Seelsorge bietet ein Weiterbildungsprogramm und ein Akademisches Aufbauprogramm im Bereich Seelsorge an. Das&nbsp;Weiterbildungsprogramm&nbsp;beinhaltet die aufeinander aufbauenden Weiterbildungsg\u00e4nge: Das\u00a0Akademische Aufbauprogramm\u00a0erm\u00f6glicht mit erfolgreichem Abschluss ein Masterstudium an der Universit\u00e4t von S\u00fcdafrika (UNISA). Kurse oder Seminare anderer Ausbildungs- und Weiterbildungsst\u00e4tten werden ggf. anerkannt. Absolvierende sind qualifiziert mit einer individualpsychologisch-, systemisch- und ressourcenorientierten beratenden<\/p>\n","protected":false},"author":1,"featured_media":0,"parent":111,"menu_order":1,"comment_status":"closed","ping_status":"closed","template":"page-fullwidth.php","meta":{"footnotes":""},"class_list":["post-611","page","type-page","status-publish","hentry"],"yoast_head":"<!-- This site is optimized with the Yoast SEO plugin v27.3 - https:\/\/yoast.com\/product\/yoast-seo-wordpress\/ -->\n<title>Weiterbildungen - Ausbildung - Stiftung TS<\/title>\n<meta name=\"description\" content=\"Die Stiftung Therapeutische Seelsorge bietet ein Weiterbildungsprogramm und ein Akademisches Aufbauprogramm im Bereich Seelsorge an.\" \/>\n<meta name=\"robots\" content=\"index, follow, max-snippet:-1, max-image-preview:large, max-video-preview:-1\" \/>\n<link rel=\"canonical\" href=\"https:\/\/stiftung-ts.de\/sts\/ausbildung-2\/ausbildungsprogramm\/\" \/>\n<meta property=\"og:locale\" content=\"de_DE\" \/>\n<meta property=\"og:type\" content=\"article\" \/>\n<meta property=\"og:title\" content=\"Weiterbildungen - Ausbildung - Stiftung TS\" \/>\n<meta property=\"og:description\" content=\"Die Stiftung Therapeutische Seelsorge bietet ein Weiterbildungsprogramm und ein Akademisches Aufbauprogramm im Bereich Seelsorge an.\" \/>\n<meta property=\"og:url\" content=\"https:\/\/stiftung-ts.de\/sts\/ausbildung-2\/ausbildungsprogramm\/\" \/>\n<meta property=\"og:site_name\" content=\"Stiftung TS\" \/>\n<meta property=\"article:publisher\" content=\"https:\/\/www.facebook.com\/therapeutische.seelsorge\" \/>\n<meta property=\"article:modified_time\" content=\"2026-03-16T15:25:47+00:00\" \/>\n<meta property=\"og:image\" content=\"https:\/\/stiftung-ts.de\/sts\/wp-content\/uploads\/2024\/11\/Grafik_Weiterbildung.png\" \/>\n\t<meta property=\"og:image:width\" content=\"826\" \/>\n\t<meta property=\"og:image:height\" content=\"246\" \/>\n\t<meta property=\"og:image:type\" content=\"image\/png\" \/>\n<meta name=\"twitter:card\" content=\"summary_large_image\" \/>\n<meta name=\"twitter:label1\" content=\"Gesch\u00e4tzte Lesezeit\" \/>\n\t<meta name=\"twitter:data1\" content=\"2\u00a0Minuten\" \/>\n<script type=\"application\/ld+json\" class=\"yoast-schema-graph\">{\"@context\":\"https:\\\/\\\/schema.org\",\"@graph\":[{\"@type\":\"WebPage\",\"@id\":\"https:\\\/\\\/stiftung-ts.de\\\/sts\\\/ausbildung-2\\\/ausbildungsprogramm\\\/\",\"url\":\"https:\\\/\\\/stiftung-ts.de\\\/sts\\\/ausbildung-2\\\/ausbildungsprogramm\\\/\",\"name\":\"Weiterbildungen - Ausbildung - Stiftung TS\",\"isPartOf\":{\"@id\":\"https:\\\/\\\/stiftung-ts.de\\\/sts\\\/#website\"},\"primaryImageOfPage\":{\"@id\":\"https:\\\/\\\/stiftung-ts.de\\\/sts\\\/ausbildung-2\\\/ausbildungsprogramm\\\/#primaryimage\"},\"image\":{\"@id\":\"https:\\\/\\\/stiftung-ts.de\\\/sts\\\/ausbildung-2\\\/ausbildungsprogramm\\\/#primaryimage\"},\"thumbnailUrl\":\"https:\\\/\\\/stiftung-ts.de\\\/sts\\\/wp-content\\\/uploads\\\/2024\\\/11\\\/Grafik_Weiterbildung.png\",\"datePublished\":\"2019-11-15T14:51:55+00:00\",\"dateModified\":\"2026-03-16T15:25:47+00:00\",\"description\":\"Die Stiftung Therapeutische Seelsorge bietet ein Weiterbildungsprogramm und ein Akademisches Aufbauprogramm im Bereich Seelsorge an.\",\"breadcrumb\":{\"@id\":\"https:\\\/\\\/stiftung-ts.de\\\/sts\\\/ausbildung-2\\\/ausbildungsprogramm\\\/#breadcrumb\"},\"inLanguage\":\"de\",\"potentialAction\":[{\"@type\":\"ReadAction\",\"target\":[\"https:\\\/\\\/stiftung-ts.de\\\/sts\\\/ausbildung-2\\\/ausbildungsprogramm\\\/\"]}]},{\"@type\":\"ImageObject\",\"inLanguage\":\"de\",\"@id\":\"https:\\\/\\\/stiftung-ts.de\\\/sts\\\/ausbildung-2\\\/ausbildungsprogramm\\\/#primaryimage\",\"url\":\"https:\\\/\\\/stiftung-ts.de\\\/sts\\\/wp-content\\\/uploads\\\/2024\\\/11\\\/Grafik_Weiterbildung.png\",\"contentUrl\":\"https:\\\/\\\/stiftung-ts.de\\\/sts\\\/wp-content\\\/uploads\\\/2024\\\/11\\\/Grafik_Weiterbildung.png\",\"width\":826,\"height\":246},{\"@type\":\"BreadcrumbList\",\"@id\":\"https:\\\/\\\/stiftung-ts.de\\\/sts\\\/ausbildung-2\\\/ausbildungsprogramm\\\/#breadcrumb\",\"itemListElement\":[{\"@type\":\"ListItem\",\"position\":1,\"name\":\"Startseite\",\"item\":\"https:\\\/\\\/stiftung-ts.de\\\/sts\\\/\"},{\"@type\":\"ListItem\",\"position\":2,\"name\":\"Ausbildung\",\"item\":\"https:\\\/\\\/stiftung-ts.de\\\/sts\\\/ausbildung-2\\\/\"},{\"@type\":\"ListItem\",\"position\":3,\"name\":\"Weiterbildungen\"}]},{\"@type\":\"WebSite\",\"@id\":\"https:\\\/\\\/stiftung-ts.de\\\/sts\\\/#website\",\"url\":\"https:\\\/\\\/stiftung-ts.de\\\/sts\\\/\",\"name\":\"Stiftung TS\",\"description\":\"\",\"publisher\":{\"@id\":\"https:\\\/\\\/stiftung-ts.de\\\/sts\\\/#organization\"},\"potentialAction\":[{\"@type\":\"SearchAction\",\"target\":{\"@type\":\"EntryPoint\",\"urlTemplate\":\"https:\\\/\\\/stiftung-ts.de\\\/sts\\\/?s={search_term_string}\"},\"query-input\":{\"@type\":\"PropertyValueSpecification\",\"valueRequired\":true,\"valueName\":\"search_term_string\"}}],\"inLanguage\":\"de\"},{\"@type\":\"Organization\",\"@id\":\"https:\\\/\\\/stiftung-ts.de\\\/sts\\\/#organization\",\"name\":\"Stiftung TS\",\"url\":\"https:\\\/\\\/stiftung-ts.de\\\/sts\\\/\",\"logo\":{\"@type\":\"ImageObject\",\"inLanguage\":\"de\",\"@id\":\"https:\\\/\\\/stiftung-ts.de\\\/sts\\\/#\\\/schema\\\/logo\\\/image\\\/\",\"url\":\"https:\\\/\\\/stiftung-ts.de\\\/sts\\\/wp-content\\\/uploads\\\/2021\\\/04\\\/Logo_Stiftung-TS_512-rund.png\",\"contentUrl\":\"https:\\\/\\\/stiftung-ts.de\\\/sts\\\/wp-content\\\/uploads\\\/2021\\\/04\\\/Logo_Stiftung-TS_512-rund.png\",\"width\":512,\"height\":512,\"caption\":\"Stiftung TS\"},\"image\":{\"@id\":\"https:\\\/\\\/stiftung-ts.de\\\/sts\\\/#\\\/schema\\\/logo\\\/image\\\/\"},\"sameAs\":[\"https:\\\/\\\/www.facebook.com\\\/therapeutische.seelsorge\"]}]}<\/script>\n<!-- \/ Yoast SEO plugin. -->","yoast_head_json":{"title":"Weiterbildungen - Ausbildung - Stiftung TS","description":"Die Stiftung Therapeutische Seelsorge bietet ein Weiterbildungsprogramm und ein Akademisches Aufbauprogramm im Bereich Seelsorge an.","robots":{"index":"index","follow":"follow","max-snippet":"max-snippet:-1","max-image-preview":"max-image-preview:large","max-video-preview":"max-video-preview:-1"},"canonical":"https:\/\/stiftung-ts.de\/sts\/ausbildung-2\/ausbildungsprogramm\/","og_locale":"de_DE","og_type":"article","og_title":"Weiterbildungen - Ausbildung - Stiftung TS","og_description":"Die Stiftung Therapeutische Seelsorge bietet ein Weiterbildungsprogramm und ein Akademisches Aufbauprogramm im Bereich Seelsorge an.","og_url":"https:\/\/stiftung-ts.de\/sts\/ausbildung-2\/ausbildungsprogramm\/","og_site_name":"Stiftung TS","article_publisher":"https:\/\/www.facebook.com\/therapeutische.seelsorge","article_modified_time":"2026-03-16T15:25:47+00:00","og_image":[{"width":826,"height":246,"url":"https:\/\/stiftung-ts.de\/sts\/wp-content\/uploads\/2024\/11\/Grafik_Weiterbildung.png","type":"image\/png"}],"twitter_card":"summary_large_image","twitter_misc":{"Gesch\u00e4tzte Lesezeit":"2\u00a0Minuten"},"schema":{"@context":"https:\/\/schema.org","@graph":[{"@type":"WebPage","@id":"https:\/\/stiftung-ts.de\/sts\/ausbildung-2\/ausbildungsprogramm\/","url":"https:\/\/stiftung-ts.de\/sts\/ausbildung-2\/ausbildungsprogramm\/","name":"Weiterbildungen - Ausbildung - Stiftung TS","isPartOf":{"@id":"https:\/\/stiftung-ts.de\/sts\/#website"},"primaryImageOfPage":{"@id":"https:\/\/stiftung-ts.de\/sts\/ausbildung-2\/ausbildungsprogramm\/#primaryimage"},"image":{"@id":"https:\/\/stiftung-ts.de\/sts\/ausbildung-2\/ausbildungsprogramm\/#primaryimage"},"thumbnailUrl":"https:\/\/stiftung-ts.de\/sts\/wp-content\/uploads\/2024\/11\/Grafik_Weiterbildung.png","datePublished":"2019-11-15T14:51:55+00:00","dateModified":"2026-03-16T15:25:47+00:00","description":"Die Stiftung Therapeutische Seelsorge bietet ein Weiterbildungsprogramm und ein Akademisches Aufbauprogramm im Bereich Seelsorge an.","breadcrumb":{"@id":"https:\/\/stiftung-ts.de\/sts\/ausbildung-2\/ausbildungsprogramm\/#breadcrumb"},"inLanguage":"de","potentialAction":[{"@type":"ReadAction","target":["https:\/\/stiftung-ts.de\/sts\/ausbildung-2\/ausbildungsprogramm\/"]}]},{"@type":"ImageObject","inLanguage":"de","@id":"https:\/\/stiftung-ts.de\/sts\/ausbildung-2\/ausbildungsprogramm\/#primaryimage","url":"https:\/\/stiftung-ts.de\/sts\/wp-content\/uploads\/2024\/11\/Grafik_Weiterbildung.png","contentUrl":"https:\/\/stiftung-ts.de\/sts\/wp-content\/uploads\/2024\/11\/Grafik_Weiterbildung.png","width":826,"height":246},{"@type":"BreadcrumbList","@id":"https:\/\/stiftung-ts.de\/sts\/ausbildung-2\/ausbildungsprogramm\/#breadcrumb","itemListElement":[{"@type":"ListItem","position":1,"name":"Startseite","item":"https:\/\/stiftung-ts.de\/sts\/"},{"@type":"ListItem","position":2,"name":"Ausbildung","item":"https:\/\/stiftung-ts.de\/sts\/ausbildung-2\/"},{"@type":"ListItem","position":3,"name":"Weiterbildungen"}]},{"@type":"WebSite","@id":"https:\/\/stiftung-ts.de\/sts\/#website","url":"https:\/\/stiftung-ts.de\/sts\/","name":"Stiftung TS","description":"","publisher":{"@id":"https:\/\/stiftung-ts.de\/sts\/#organization"},"potentialAction":[{"@type":"SearchAction","target":{"@type":"EntryPoint","urlTemplate":"https:\/\/stiftung-ts.de\/sts\/?s={search_term_string}"},"query-input":{"@type":"PropertyValueSpecification","valueRequired":true,"valueName":"search_term_string"}}],"inLanguage":"de"},{"@type":"Organization","@id":"https:\/\/stiftung-ts.de\/sts\/#organization","name":"Stiftung TS","url":"https:\/\/stiftung-ts.de\/sts\/","logo":{"@type":"ImageObject","inLanguage":"de","@id":"https:\/\/stiftung-ts.de\/sts\/#\/schema\/logo\/image\/","url":"https:\/\/stiftung-ts.de\/sts\/wp-content\/uploads\/2021\/04\/Logo_Stiftung-TS_512-rund.png","contentUrl":"https:\/\/stiftung-ts.de\/sts\/wp-content\/uploads\/2021\/04\/Logo_Stiftung-TS_512-rund.png","width":512,"height":512,"caption":"Stiftung TS"},"image":{"@id":"https:\/\/stiftung-ts.de\/sts\/#\/schema\/logo\/image\/"},"sameAs":["https:\/\/www.facebook.com\/therapeutische.seelsorge"]}]}},"_links":{"self":[{"href":"https:\/\/stiftung-ts.de\/sts\/wp-json\/wp\/v2\/pages\/611","targetHints":{"allow":["GET"]}}],"collection":[{"href":"https:\/\/stiftung-ts.de\/sts\/wp-json\/wp\/v2\/pages"}],"about":[{"href":"https:\/\/stiftung-ts.de\/sts\/wp-json\/wp\/v2\/types\/page"}],"author":[{"embeddable":true,"href":"https:\/\/stiftung-ts.de\/sts\/wp-json\/wp\/v2\/users\/1"}],"replies":[{"embeddable":true,"href":"https:\/\/stiftung-ts.de\/sts\/wp-json\/wp\/v2\/comments?post=611"}],"version-history":[{"count":1,"href":"https:\/\/stiftung-ts.de\/sts\/wp-json\/wp\/v2\/pages\/611\/revisions"}],"predecessor-version":[{"id":7353,"href":"https:\/\/stiftung-ts.de\/sts\/wp-json\/wp\/v2\/pages\/611\/revisions\/7353"}],"up":[{"embeddable":true,"href":"https:\/\/stiftung-ts.de\/sts\/wp-json\/wp\/v2\/pages\/111"}],"wp:attachment":[{"href":"https:\/\/stiftung-ts.de\/sts\/wp-json\/wp\/v2\/media?parent=611"}],"curies":[{"name":"wp","href":"https:\/\/api.w.org\/{rel}","templated":true}]}}