{"id":5238,"date":"2024-07-25T11:40:17","date_gmt":"2024-07-25T09:40:17","guid":{"rendered":"https:\/\/stiftung-ts.de\/sts\/?page_id=5238"},"modified":"2025-08-14T20:17:07","modified_gmt":"2025-08-14T18:17:07","slug":"8-plus-5-seelsorgetraining-lebensbegleitung","status":"publish","type":"page","link":"https:\/\/stiftung-ts.de\/sts\/gemeinde_1\/seelsorgeschulungen\/8-plus-5-seelsorgetraining-lebensbegleitung\/","title":{"rendered":"8 plus 5 Seelsorgetraining und Lebensbegleitung"},"content":{"rendered":"\n<h2 class=\"wp-block-heading\">8 plus 5 Seelsorgetraining und Lebensbegleitung<\/h2>\n\n\n\n<p><strong>Beziehungen heilsam gestalten<\/strong><\/p>\n\n\n\n<blockquote class=\"wp-block-quote is-layout-flow wp-block-quote-is-layout-flow\">\n<blockquote class=\"wp-block-quote is-layout-flow wp-block-quote-is-layout-flow\">\n<p>\u201eSich um die \u00b4Seele\u00b4 anderer zu k\u00fcmmern, geh\u00f6rt zu den wesentlichen Merkmalen einer christlichen Gemeinde. Nicht nur \u00b4Profis\u00b4, sondern auch gut geschulte Ehrenamtliche begleiten dar\u00fcber hinaus Menschen in existenziellen Fragen ihres Lebens aus der Perspektive des Glaubens an Jesus Christus. Es ist darum zu begr\u00fc\u00dfen, wenn es Angebote f\u00fcr interessierte Gemeindeglieder gibt, die eigene Begabung zu entdecken und weiterzuentwickeln.\u201c<\/p>\n<cite>Prof. Dr. Michael Herbst<\/cite><\/blockquote>\n<\/blockquote>\n\n\n\n<div style=\"height:30px\" aria-hidden=\"true\" class=\"wp-block-spacer\"><\/div>\n\n\n\n<figure class=\"wp-block-image size-large\"><img loading=\"lazy\" decoding=\"async\" width=\"1024\" height=\"472\" src=\"https:\/\/stiftung-ts.de\/sts\/wp-content\/uploads\/2024\/07\/Grafik_8plus5-1024x472.png\" alt=\"\" class=\"wp-image-5259\" srcset=\"https:\/\/stiftung-ts.de\/sts\/wp-content\/uploads\/2024\/07\/Grafik_8plus5-1024x472.png 1024w, https:\/\/stiftung-ts.de\/sts\/wp-content\/uploads\/2024\/07\/Grafik_8plus5-300x138.png 300w, https:\/\/stiftung-ts.de\/sts\/wp-content\/uploads\/2024\/07\/Grafik_8plus5-768x354.png 768w, https:\/\/stiftung-ts.de\/sts\/wp-content\/uploads\/2024\/07\/Grafik_8plus5.png 1063w\" sizes=\"auto, (max-width: 1024px) 100vw, 1024px\" \/><\/figure>\n\n\n\n<figure class=\"wp-block-table is-style-stripes\"><table><thead><tr><th class=\"has-text-align-left\" data-align=\"left\"><\/th><th class=\"has-text-align-left\" data-align=\"left\">Basismodul<br><em>Seelsorgetraining<\/em><\/th><th class=\"has-text-align-left\" data-align=\"left\">Aufbaumodul<br><em>Christliche Lebensbegleitung<\/em><\/th><\/tr><\/thead><tbody><tr><td class=\"has-text-align-left\" data-align=\"left\"><strong>Umfang<\/strong><\/td><td class=\"has-text-align-left\" data-align=\"left\">7 Einheiten \u00e0 2\u20134 Stunden<br>1 Einheit 8 Stunden<\/td><td class=\"has-text-align-left\" data-align=\"left\">5 Einheiten \u00e0 2\u20133 Stunden<\/td><\/tr><tr><td class=\"has-text-align-left\" data-align=\"left\"><strong>F\u00fcr wen?<\/strong><\/td><td class=\"has-text-align-left\" data-align=\"left\">ganze Gemeinde<\/td><td class=\"has-text-align-left\" data-align=\"left\">Interessierte, die <ul><li>an mindestens 7 Einheiten des <br>Seelsorgetrainings teilgenommen haben.<\/li><li>Sozialkompetenz besitzen.<\/li><li>f\u00e4hig sind seelsorgliche Gespr\u00e4che zu f\u00fchren.<\/li><\/ul><\/td><\/tr><\/tbody><\/table><\/figure>\n\n\n\n<div style=\"height:30px\" aria-hidden=\"true\" class=\"wp-block-spacer\"><\/div>\n\n\n\n<h3 class=\"wp-block-heading\">Seelsorgetraining<\/h3>\n\n\n\n<p><strong>Schwerpunkte der 8 Einheiten<\/strong><\/p>\n\n\n\n<ul class=\"wp-block-list\">\n<li>Grundlagen f\u00fcr gelingende Gespr\u00e4che.<\/li>\n\n\n\n<li>Gelingende Gespr\u00e4che und geistliches Leben.<\/li>\n\n\n\n<li>Schuld und Vergebung in der Seelsorge.<\/li>\n\n\n\n<li>R\u00e4ume f\u00fcr Gespr\u00e4che \u00fcber Pers\u00f6nliches.<\/li>\n\n\n\n<li>Wenn ich im Gespr\u00e4ch an meine Grenzen komme.<br>Tageseinheit der Stiftung TS.<\/li>\n\n\n\n<li>Einander vergeben. In vers\u00f6hnten Beziehungen leben.<\/li>\n\n\n\n<li>Begleitung bei Krankheit und Schwerstkrankheit.<\/li>\n\n\n\n<li>Seelsorge dem ganzen Menschen durch die ganze Gemeinde. <br>Eine Kultur der Seelsorge entwickeln.<\/li>\n<\/ul>\n\n\n\n<p><strong>Kompetenzen<\/strong><\/p>\n\n\n\n<ul class=\"wp-block-list\">\n<li>Fertigkeiten der Gespr\u00e4chsf\u00fchrung f\u00fcr die Alltagsseelsorge.<\/li>\n\n\n\n<li>Im Alltag ermutigt und bef\u00e4higt sein, auf Menschen zuzugehen und sich auf seelsorgliche Gespr\u00e4che einzulassen.<\/li>\n\n\n\n<li>Seelsorge ganzheitlich leben.<\/li>\n\n\n\n<li>Dazu geh\u00f6ren auch praktische Hilfen, Gastfreundschaft, Gebetsdienst, Zeit schenken und vieles mehr.<\/li>\n<\/ul>\n\n\n\n<p><a href=\"https:\/\/stiftung-ts.de\/sts\/wp-content\/uploads\/2025\/07\/8plus5-Basismodul-Infos-fuer-Gemeinde_1.pdf\" target=\"_blank\" rel=\"noreferrer noopener\">Ausf\u00fchrliche Infos zum Seelsorgetraining f\u00fcr die Gemeinde<\/a><\/p>\n\n\n\n<div style=\"height:30px\" aria-hidden=\"true\" class=\"wp-block-spacer\"><\/div>\n\n\n\n<h3 class=\"wp-block-heading\">Christliche Lebensbegleitung<\/h3>\n\n\n\n<p>Christliche Lebensbegleitung \u2013 was ist das?<\/p>\n\n\n\n<p>Ein Konzept f\u00fcr die Gemeinde zur Begleitung von Menschen in herausfordernden Lebenssituationen (z.B.: Trauer, Trennung\/Scheidung, Arbeitslosigkeit, geistliche Krise, Einsamkeit usw.).<\/p>\n\n\n\n<p>Lebensbegleitung hei\u00dft: <br>Sich f\u00fcr eine begrenzte Zeit, regelm\u00e4\u00dfig, im gesch\u00fctzten Rahmen mit einer Person zu treffen.<\/p>\n\n\n\n<p>Zuh\u00f6ren, ermutigen und beten sind die Grunds\u00e4tze dieser Begleitung.<\/p>\n\n\n\n<p>Regelm\u00e4\u00dfige Intervision bietet den Begleitenden Orientierung, unterst\u00fctzt bei Fragen und gew\u00e4hrleistet  die Qualit\u00e4t.<\/p>\n\n\n\n<p><strong>Schwerpunkte der 5 Einheiten<\/strong><\/p>\n\n\n\n<ul class=\"wp-block-list\">\n<li>Einf\u00fchrung und Ziele<\/li>\n\n\n\n<li>Kommunikation und pers\u00f6nliche Grenzen<\/li>\n\n\n\n<li>Vertraulichkeit<\/li>\n\n\n\n<li>Intervision<\/li>\n\n\n\n<li>Erstes Treffen und Abschluss der Begleitungsbeziehung<\/li>\n<\/ul>\n\n\n\n<div style=\"height:30px\" aria-hidden=\"true\" class=\"wp-block-spacer\"><\/div>\n\n\n\n<h3 class=\"wp-block-heading\">Informationen im \u00dcberblick<\/h3>\n\n\n\n<ul class=\"wp-block-list\">\n<li>Teilnehmerzahl max. 21 Personen.<\/li>\n\n\n\n<li>Herzst\u00fcck sind viele \u00dcbungen in Kleingruppen mit 3 Personen plus Coach. <\/li>\n\n\n\n<li>Das Seelsorgetraining und der Kurs zum Lebensbegleiter werden zum gr\u00f6\u00dften Teil von der Gemeinde eigenst\u00e4ndig durchgef\u00fchrt.<\/li>\n\n\n\n<li>Die Teilnahme wird in der \u201eWeiterbildung Begleitende Seelsorge\u201c bei der Stiftung TS ber\u00fccksichtigt.<\/li>\n<\/ul>\n\n\n\n<p><strong>Voraussetzung zur Durchf\u00fchrung<\/strong><\/p>\n\n\n\n<ul class=\"wp-block-list\">\n<li>Kursleitung und Coaches f\u00fcr Kleingruppen (Personen aus der Gemeinde)<\/li>\n\n\n\n<li>1 Schulungstag im Basismodul<\/li>\n\n\n\n<li>Vorerfahrungen im Bereich Seelsorge<\/li>\n<\/ul>\n\n\n\n<p><a href=\"https:\/\/stiftung-ts.de\/sts\/wp-content\/uploads\/2025\/04\/8plus5-Aufbaumodul-Infos-fuer-Gemeinde.pdf\" target=\"_blank\" rel=\"noreferrer noopener\">Ausf\u00fchrliche Infos zum Kurs Christliche Lebensbegleitung f\u00fcr die Gemeinde<\/a><\/p>\n\n\n\n<div style=\"height:30px\" aria-hidden=\"true\" class=\"wp-block-spacer\"><\/div>\n\n\n\n<h3 class=\"wp-block-heading\">Ort<\/h3>\n\n\n\n<p>In eurer Gemeinde<\/p>\n\n\n\n<div style=\"height:30px\" aria-hidden=\"true\" class=\"wp-block-spacer\"><\/div>\n\n\n\n<h3 class=\"wp-block-heading\">Kosten<\/h3>\n\n\n\n<ul class=\"wp-block-list\">\n<li>Seelsorgetraining: 850 Euro<\/li>\n\n\n\n<li>Kurs Lebensbegleitung: 250 Euro<\/li>\n<\/ul>\n\n\n\n<p>(zzgl. Fahrt- und Materialkosten)<\/p>\n\n\n\n<p class=\"has-small-font-size\">Stand: Juli 2024<\/p>\n\n\n\n<div style=\"height:30px\" aria-hidden=\"true\" class=\"wp-block-spacer\"><\/div>\n\n\n\n<h3 class=\"wp-block-heading\">Kontakt<\/h3>\n\n\n\n<p><a type=\"page\" id=\"827\" href=\"https:\/\/stiftung-ts.de\/sts\/gemeinde_1\/leitung-bereich-gemeinde\/\">Thomas Alexi<\/a><\/p>\n","protected":false},"excerpt":{"rendered":"<p>8 plus 5 Seelsorgetraining und Lebensbegleitung Beziehungen heilsam gestalten BasismodulSeelsorgetraining AufbaumodulChristliche Lebensbegleitung Umfang 7 Einheiten \u00e0 2\u20134 Stunden1 Einheit 8 Stunden 5 Einheiten \u00e0 2\u20133 Stunden F\u00fcr wen? ganze Gemeinde Interessierte, die an mindestens 7 Einheiten des Seelsorgetrainings teilgenommen haben. Sozialkompetenz besitzen. f\u00e4hig sind seelsorgliche Gespr\u00e4che zu f\u00fchren. Seelsorgetraining Schwerpunkte der 8 Einheiten Kompetenzen Ausf\u00fchrliche<\/p>\n","protected":false},"author":1,"featured_media":6566,"parent":3166,"menu_order":3,"comment_status":"closed","ping_status":"closed","template":"page-fullwidth.php","meta":{"footnotes":""},"class_list":["post-5238","page","type-page","status-publish","has-post-thumbnail","hentry"],"yoast_head":"<!-- This site is optimized with the Yoast SEO plugin v27.3 - https:\/\/yoast.com\/product\/yoast-seo-wordpress\/ -->\n<title>8 plus 5 Seelsorgetraining und Lebensbegleitung - Stiftung TS<\/title>\n<meta name=\"description\" content=\"Zuh\u00f6ren lernen - Verst\u00e4ndnis gewinnen - Unterst\u00fctzung bekommen - Menschen in herausfordernden Lebenssituationen begleiten.\" \/>\n<meta name=\"robots\" content=\"index, follow, max-snippet:-1, max-image-preview:large, max-video-preview:-1\" \/>\n<link rel=\"canonical\" href=\"https:\/\/stiftung-ts.de\/sts\/gemeinde_1\/seelsorgeschulungen\/8-plus-5-seelsorgetraining-lebensbegleitung\/\" \/>\n<meta property=\"og:locale\" content=\"de_DE\" \/>\n<meta property=\"og:type\" content=\"article\" \/>\n<meta property=\"og:title\" content=\"8 plus 5 Seelsorgetraining und Lebensbegleitung - Stiftung TS\" \/>\n<meta property=\"og:description\" content=\"Zuh\u00f6ren lernen - Verst\u00e4ndnis gewinnen - Unterst\u00fctzung bekommen - Menschen in herausfordernden Lebenssituationen begleiten.\" \/>\n<meta property=\"og:url\" content=\"https:\/\/stiftung-ts.de\/sts\/gemeinde_1\/seelsorgeschulungen\/8-plus-5-seelsorgetraining-lebensbegleitung\/\" \/>\n<meta property=\"og:site_name\" content=\"Stiftung TS\" \/>\n<meta property=\"article:publisher\" content=\"https:\/\/www.facebook.com\/therapeutische.seelsorge\" \/>\n<meta property=\"article:modified_time\" content=\"2025-08-14T18:17:07+00:00\" \/>\n<meta property=\"og:image\" content=\"https:\/\/stiftung-ts.de\/sts\/wp-content\/uploads\/2025\/08\/Seelsorgetraining_1110x350px.jpg\" \/>\n\t<meta property=\"og:image:width\" content=\"1110\" \/>\n\t<meta property=\"og:image:height\" content=\"350\" \/>\n\t<meta property=\"og:image:type\" content=\"image\/jpeg\" \/>\n<meta name=\"twitter:card\" content=\"summary_large_image\" \/>\n<meta name=\"twitter:label1\" content=\"Gesch\u00e4tzte Lesezeit\" \/>\n\t<meta name=\"twitter:data1\" content=\"3\u00a0Minuten\" \/>\n<script type=\"application\/ld+json\" class=\"yoast-schema-graph\">{\"@context\":\"https:\\\/\\\/schema.org\",\"@graph\":[{\"@type\":\"WebPage\",\"@id\":\"https:\\\/\\\/stiftung-ts.de\\\/sts\\\/gemeinde_1\\\/seelsorgeschulungen\\\/8-plus-5-seelsorgetraining-lebensbegleitung\\\/\",\"url\":\"https:\\\/\\\/stiftung-ts.de\\\/sts\\\/gemeinde_1\\\/seelsorgeschulungen\\\/8-plus-5-seelsorgetraining-lebensbegleitung\\\/\",\"name\":\"8 plus 5 Seelsorgetraining und Lebensbegleitung - Stiftung TS\",\"isPartOf\":{\"@id\":\"https:\\\/\\\/stiftung-ts.de\\\/sts\\\/#website\"},\"primaryImageOfPage\":{\"@id\":\"https:\\\/\\\/stiftung-ts.de\\\/sts\\\/gemeinde_1\\\/seelsorgeschulungen\\\/8-plus-5-seelsorgetraining-lebensbegleitung\\\/#primaryimage\"},\"image\":{\"@id\":\"https:\\\/\\\/stiftung-ts.de\\\/sts\\\/gemeinde_1\\\/seelsorgeschulungen\\\/8-plus-5-seelsorgetraining-lebensbegleitung\\\/#primaryimage\"},\"thumbnailUrl\":\"https:\\\/\\\/stiftung-ts.de\\\/sts\\\/wp-content\\\/uploads\\\/2025\\\/08\\\/Seelsorgetraining_1110x350px.jpg\",\"datePublished\":\"2024-07-25T09:40:17+00:00\",\"dateModified\":\"2025-08-14T18:17:07+00:00\",\"description\":\"Zuh\u00f6ren lernen - Verst\u00e4ndnis gewinnen - Unterst\u00fctzung bekommen - Menschen in herausfordernden Lebenssituationen begleiten.\",\"breadcrumb\":{\"@id\":\"https:\\\/\\\/stiftung-ts.de\\\/sts\\\/gemeinde_1\\\/seelsorgeschulungen\\\/8-plus-5-seelsorgetraining-lebensbegleitung\\\/#breadcrumb\"},\"inLanguage\":\"de\",\"potentialAction\":[{\"@type\":\"ReadAction\",\"target\":[\"https:\\\/\\\/stiftung-ts.de\\\/sts\\\/gemeinde_1\\\/seelsorgeschulungen\\\/8-plus-5-seelsorgetraining-lebensbegleitung\\\/\"]}]},{\"@type\":\"ImageObject\",\"inLanguage\":\"de\",\"@id\":\"https:\\\/\\\/stiftung-ts.de\\\/sts\\\/gemeinde_1\\\/seelsorgeschulungen\\\/8-plus-5-seelsorgetraining-lebensbegleitung\\\/#primaryimage\",\"url\":\"https:\\\/\\\/stiftung-ts.de\\\/sts\\\/wp-content\\\/uploads\\\/2025\\\/08\\\/Seelsorgetraining_1110x350px.jpg\",\"contentUrl\":\"https:\\\/\\\/stiftung-ts.de\\\/sts\\\/wp-content\\\/uploads\\\/2025\\\/08\\\/Seelsorgetraining_1110x350px.jpg\",\"width\":1110,\"height\":350},{\"@type\":\"BreadcrumbList\",\"@id\":\"https:\\\/\\\/stiftung-ts.de\\\/sts\\\/gemeinde_1\\\/seelsorgeschulungen\\\/8-plus-5-seelsorgetraining-lebensbegleitung\\\/#breadcrumb\",\"itemListElement\":[{\"@type\":\"ListItem\",\"position\":1,\"name\":\"Startseite\",\"item\":\"https:\\\/\\\/stiftung-ts.de\\\/sts\\\/\"},{\"@type\":\"ListItem\",\"position\":2,\"name\":\"Gemeinde\",\"item\":\"https:\\\/\\\/stiftung-ts.de\\\/sts\\\/gemeinde_1\\\/\"},{\"@type\":\"ListItem\",\"position\":3,\"name\":\"Seelsorgeschulungen\",\"item\":\"https:\\\/\\\/stiftung-ts.de\\\/sts\\\/gemeinde_1\\\/seelsorgeschulungen\\\/\"},{\"@type\":\"ListItem\",\"position\":4,\"name\":\"8 plus 5 Seelsorgetraining und Lebensbegleitung\"}]},{\"@type\":\"WebSite\",\"@id\":\"https:\\\/\\\/stiftung-ts.de\\\/sts\\\/#website\",\"url\":\"https:\\\/\\\/stiftung-ts.de\\\/sts\\\/\",\"name\":\"Stiftung TS\",\"description\":\"\",\"publisher\":{\"@id\":\"https:\\\/\\\/stiftung-ts.de\\\/sts\\\/#organization\"},\"potentialAction\":[{\"@type\":\"SearchAction\",\"target\":{\"@type\":\"EntryPoint\",\"urlTemplate\":\"https:\\\/\\\/stiftung-ts.de\\\/sts\\\/?s={search_term_string}\"},\"query-input\":{\"@type\":\"PropertyValueSpecification\",\"valueRequired\":true,\"valueName\":\"search_term_string\"}}],\"inLanguage\":\"de\"},{\"@type\":\"Organization\",\"@id\":\"https:\\\/\\\/stiftung-ts.de\\\/sts\\\/#organization\",\"name\":\"Stiftung TS\",\"url\":\"https:\\\/\\\/stiftung-ts.de\\\/sts\\\/\",\"logo\":{\"@type\":\"ImageObject\",\"inLanguage\":\"de\",\"@id\":\"https:\\\/\\\/stiftung-ts.de\\\/sts\\\/#\\\/schema\\\/logo\\\/image\\\/\",\"url\":\"https:\\\/\\\/stiftung-ts.de\\\/sts\\\/wp-content\\\/uploads\\\/2021\\\/04\\\/Logo_Stiftung-TS_512-rund.png\",\"contentUrl\":\"https:\\\/\\\/stiftung-ts.de\\\/sts\\\/wp-content\\\/uploads\\\/2021\\\/04\\\/Logo_Stiftung-TS_512-rund.png\",\"width\":512,\"height\":512,\"caption\":\"Stiftung TS\"},\"image\":{\"@id\":\"https:\\\/\\\/stiftung-ts.de\\\/sts\\\/#\\\/schema\\\/logo\\\/image\\\/\"},\"sameAs\":[\"https:\\\/\\\/www.facebook.com\\\/therapeutische.seelsorge\"]}]}<\/script>\n<!-- \/ Yoast SEO plugin. -->","yoast_head_json":{"title":"8 plus 5 Seelsorgetraining und Lebensbegleitung - Stiftung TS","description":"Zuh\u00f6ren lernen - Verst\u00e4ndnis gewinnen - Unterst\u00fctzung bekommen - Menschen in herausfordernden Lebenssituationen begleiten.","robots":{"index":"index","follow":"follow","max-snippet":"max-snippet:-1","max-image-preview":"max-image-preview:large","max-video-preview":"max-video-preview:-1"},"canonical":"https:\/\/stiftung-ts.de\/sts\/gemeinde_1\/seelsorgeschulungen\/8-plus-5-seelsorgetraining-lebensbegleitung\/","og_locale":"de_DE","og_type":"article","og_title":"8 plus 5 Seelsorgetraining und Lebensbegleitung - Stiftung TS","og_description":"Zuh\u00f6ren lernen - Verst\u00e4ndnis gewinnen - Unterst\u00fctzung bekommen - Menschen in herausfordernden Lebenssituationen begleiten.","og_url":"https:\/\/stiftung-ts.de\/sts\/gemeinde_1\/seelsorgeschulungen\/8-plus-5-seelsorgetraining-lebensbegleitung\/","og_site_name":"Stiftung TS","article_publisher":"https:\/\/www.facebook.com\/therapeutische.seelsorge","article_modified_time":"2025-08-14T18:17:07+00:00","og_image":[{"width":1110,"height":350,"url":"https:\/\/stiftung-ts.de\/sts\/wp-content\/uploads\/2025\/08\/Seelsorgetraining_1110x350px.jpg","type":"image\/jpeg"}],"twitter_card":"summary_large_image","twitter_misc":{"Gesch\u00e4tzte Lesezeit":"3\u00a0Minuten"},"schema":{"@context":"https:\/\/schema.org","@graph":[{"@type":"WebPage","@id":"https:\/\/stiftung-ts.de\/sts\/gemeinde_1\/seelsorgeschulungen\/8-plus-5-seelsorgetraining-lebensbegleitung\/","url":"https:\/\/stiftung-ts.de\/sts\/gemeinde_1\/seelsorgeschulungen\/8-plus-5-seelsorgetraining-lebensbegleitung\/","name":"8 plus 5 Seelsorgetraining und Lebensbegleitung - Stiftung TS","isPartOf":{"@id":"https:\/\/stiftung-ts.de\/sts\/#website"},"primaryImageOfPage":{"@id":"https:\/\/stiftung-ts.de\/sts\/gemeinde_1\/seelsorgeschulungen\/8-plus-5-seelsorgetraining-lebensbegleitung\/#primaryimage"},"image":{"@id":"https:\/\/stiftung-ts.de\/sts\/gemeinde_1\/seelsorgeschulungen\/8-plus-5-seelsorgetraining-lebensbegleitung\/#primaryimage"},"thumbnailUrl":"https:\/\/stiftung-ts.de\/sts\/wp-content\/uploads\/2025\/08\/Seelsorgetraining_1110x350px.jpg","datePublished":"2024-07-25T09:40:17+00:00","dateModified":"2025-08-14T18:17:07+00:00","description":"Zuh\u00f6ren lernen - Verst\u00e4ndnis gewinnen - Unterst\u00fctzung bekommen - Menschen in herausfordernden Lebenssituationen begleiten.","breadcrumb":{"@id":"https:\/\/stiftung-ts.de\/sts\/gemeinde_1\/seelsorgeschulungen\/8-plus-5-seelsorgetraining-lebensbegleitung\/#breadcrumb"},"inLanguage":"de","potentialAction":[{"@type":"ReadAction","target":["https:\/\/stiftung-ts.de\/sts\/gemeinde_1\/seelsorgeschulungen\/8-plus-5-seelsorgetraining-lebensbegleitung\/"]}]},{"@type":"ImageObject","inLanguage":"de","@id":"https:\/\/stiftung-ts.de\/sts\/gemeinde_1\/seelsorgeschulungen\/8-plus-5-seelsorgetraining-lebensbegleitung\/#primaryimage","url":"https:\/\/stiftung-ts.de\/sts\/wp-content\/uploads\/2025\/08\/Seelsorgetraining_1110x350px.jpg","contentUrl":"https:\/\/stiftung-ts.de\/sts\/wp-content\/uploads\/2025\/08\/Seelsorgetraining_1110x350px.jpg","width":1110,"height":350},{"@type":"BreadcrumbList","@id":"https:\/\/stiftung-ts.de\/sts\/gemeinde_1\/seelsorgeschulungen\/8-plus-5-seelsorgetraining-lebensbegleitung\/#breadcrumb","itemListElement":[{"@type":"ListItem","position":1,"name":"Startseite","item":"https:\/\/stiftung-ts.de\/sts\/"},{"@type":"ListItem","position":2,"name":"Gemeinde","item":"https:\/\/stiftung-ts.de\/sts\/gemeinde_1\/"},{"@type":"ListItem","position":3,"name":"Seelsorgeschulungen","item":"https:\/\/stiftung-ts.de\/sts\/gemeinde_1\/seelsorgeschulungen\/"},{"@type":"ListItem","position":4,"name":"8 plus 5 Seelsorgetraining und Lebensbegleitung"}]},{"@type":"WebSite","@id":"https:\/\/stiftung-ts.de\/sts\/#website","url":"https:\/\/stiftung-ts.de\/sts\/","name":"Stiftung TS","description":"","publisher":{"@id":"https:\/\/stiftung-ts.de\/sts\/#organization"},"potentialAction":[{"@type":"SearchAction","target":{"@type":"EntryPoint","urlTemplate":"https:\/\/stiftung-ts.de\/sts\/?s={search_term_string}"},"query-input":{"@type":"PropertyValueSpecification","valueRequired":true,"valueName":"search_term_string"}}],"inLanguage":"de"},{"@type":"Organization","@id":"https:\/\/stiftung-ts.de\/sts\/#organization","name":"Stiftung TS","url":"https:\/\/stiftung-ts.de\/sts\/","logo":{"@type":"ImageObject","inLanguage":"de","@id":"https:\/\/stiftung-ts.de\/sts\/#\/schema\/logo\/image\/","url":"https:\/\/stiftung-ts.de\/sts\/wp-content\/uploads\/2021\/04\/Logo_Stiftung-TS_512-rund.png","contentUrl":"https:\/\/stiftung-ts.de\/sts\/wp-content\/uploads\/2021\/04\/Logo_Stiftung-TS_512-rund.png","width":512,"height":512,"caption":"Stiftung TS"},"image":{"@id":"https:\/\/stiftung-ts.de\/sts\/#\/schema\/logo\/image\/"},"sameAs":["https:\/\/www.facebook.com\/therapeutische.seelsorge"]}]}},"_links":{"self":[{"href":"https:\/\/stiftung-ts.de\/sts\/wp-json\/wp\/v2\/pages\/5238","targetHints":{"allow":["GET"]}}],"collection":[{"href":"https:\/\/stiftung-ts.de\/sts\/wp-json\/wp\/v2\/pages"}],"about":[{"href":"https:\/\/stiftung-ts.de\/sts\/wp-json\/wp\/v2\/types\/page"}],"author":[{"embeddable":true,"href":"https:\/\/stiftung-ts.de\/sts\/wp-json\/wp\/v2\/users\/1"}],"replies":[{"embeddable":true,"href":"https:\/\/stiftung-ts.de\/sts\/wp-json\/wp\/v2\/comments?post=5238"}],"version-history":[{"count":0,"href":"https:\/\/stiftung-ts.de\/sts\/wp-json\/wp\/v2\/pages\/5238\/revisions"}],"up":[{"embeddable":true,"href":"https:\/\/stiftung-ts.de\/sts\/wp-json\/wp\/v2\/pages\/3166"}],"wp:featuredmedia":[{"embeddable":true,"href":"https:\/\/stiftung-ts.de\/sts\/wp-json\/wp\/v2\/media\/6566"}],"wp:attachment":[{"href":"https:\/\/stiftung-ts.de\/sts\/wp-json\/wp\/v2\/media?parent=5238"}],"curies":[{"name":"wp","href":"https:\/\/api.w.org\/{rel}","templated":true}]}}