{"id":4919,"date":"2023-12-04T20:25:54","date_gmt":"2023-12-04T19:25:54","guid":{"rendered":"https:\/\/stiftung-ts.de\/sts\/?page_id=4919"},"modified":"2025-10-29T16:34:35","modified_gmt":"2025-10-29T15:34:35","slug":"ehekurs","status":"publish","type":"page","link":"https:\/\/stiftung-ts.de\/sts\/gemeinde_1\/tools-fuer-paare\/ehekurs\/","title":{"rendered":"Ehekurs"},"content":{"rendered":"\n<h2 class=\"wp-block-heading\">Ehekurs<\/h2>\n\n\n\n<p><strong>Was wir tun k\u00f6nnen, damit wir gerne verheiratet bleiben<\/strong><\/p>\n\n\n\n<p>Haben Sie sich auch schon manchmal gefragt, was Paare gut machen, die auch nach vielen Jahren noch gerne verheiratet sind?<\/p>\n\n\n\n<p>Dieser Frage ist der Eheforscher John Gottman nachgegangen. Er hat \u00fcber einen Zeitraum von 16 Jahren \u00fcber 700 Paare jeden Alters in v\u00f6llig unterschiedlichen Lebensphasen begleitet, beobachtet und analysiert.<\/p>\n\n\n\n<p>Paare, die gerne verheiratet sind, sind nicht kl\u00fcger, reicher oder psychologisch gesehen raffinierter als andere. Manche Paare waren sogar bez\u00fcglich des Temperamentes, der Interessen und Wertvorstellungen sehr unterschiedlich. Auch zu ihrer Beziehung geh\u00f6rten Konflikte \u00fcber Themen wie Geld, die Arbeit, die Kinder, den Haushalt, Sexualit\u00e4t und den Umgang mit der Verwandtschaft.<\/p>\n\n\n\n<p>Auff\u00e4llig an ihnen war jedoch: Diese Paare haben in ihrem Alltag eine Dynamik entwickelt, die verhindert, dass die negativen Gedanken und Gef\u00fchle die positiven \u00fcberdecken.<\/p>\n\n\n\n<blockquote class=\"wp-block-quote is-layout-flow wp-block-quote-is-layout-flow\">\n<p>\u201eDer Schl\u00fcssel zur Wiederbelebung oder zum Schutz einer Beziehung <br>liegt nicht darin, wie man mit Streitpunkten umgeht, <br>sondern wie man sich einander gegen\u00fcber verh\u00e4lt, wenn man nicht streitet.\u201c <br>&#8211; John Gottman<\/p>\n<\/blockquote>\n\n\n\n<p>Der Kurs besteht aus Vortr\u00e4gen, Gespr\u00e4chszeit zu zweit und der M\u00f6glichkeit sich mit anderen Paaren auszutauschen. Die Paare bekommen au\u00dferdem umfangreiches Material, um nach dem Kurs die Inhalte weiter vertiefen und im Alltag besser anwenden zu k\u00f6nnen.<\/p>\n\n\n\n<p>Gleichzeitig wird damit auch veranschaulicht, was mit folgendem Zitat aus der Bibel gemeint ist:<\/p>\n\n\n\n<blockquote class=\"wp-block-quote is-layout-flow wp-block-quote-is-layout-flow\">\n<p>&#8222;Begegnet einander zuvorkommend und mit Respekt.&#8220; <br>&#8211; Bibel: R\u00f6mer 12,10b<\/p>\n<\/blockquote>\n\n\n\n<div style=\"height:30px\" aria-hidden=\"true\" class=\"wp-block-spacer\"><\/div>\n\n\n\n<h3 class=\"wp-block-heading\">Kurseinheiten<\/h3>\n\n\n\n<p>Der Ehekurs ist aufgeteilt in einen Basis- und einen Aufbaukurs mit jeweils 4 Einheiten.<\/p>\n\n\n\n<p><strong>Themen Basiskurs<\/strong><\/p>\n\n\n\n<ul class=\"wp-block-list\">\n<li>Mit der Lebenswelt des Partners vertraut sein. <br>Was wissen wir voneinander?<\/li>\n\n\n\n<li>Zuneigung und Bewunderung pflegen. <br>Das Gold in der Ehe sichtbar machen.<\/li>\n\n\n\n<li>Liebe ausdr\u00fccken durch Kleinigkeiten des Alltags. <br>Die Bedeutung der kleinen Gesten.<\/li>\n\n\n\n<li>Was dir wichtig ist, ist auch mir wichtig. <br>Sich vom anderen beeinflussen lassen.<\/li>\n<\/ul>\n\n\n\n<p><strong>Themen Aufbaukurs<\/strong><\/p>\n\n\n\n<ul class=\"wp-block-list\">\n<li>Einen guten Umgang mit Problemen pflegen.<ul><li>Unterscheiden zwischen l\u00f6sbaren Problemen und Dauerproblemen (Teil 1)<\/li><\/ul>\n<ul class=\"wp-block-list\">\n<li>Gegenseitiger Respekt. <br>Damit ein guter Umgang m\u00f6glich wird. (Teil 2)<\/li>\n<\/ul>\n<\/li>\n\n\n\n<li>Wir haben uns festgefahren. <br>Auswege finden.<\/li>\n\n\n\n<li>Einen gemeinsamen Sinn finden. <br>Was uns beiden wichtig ist.<\/li>\n<\/ul>\n\n\n\n<div style=\"height:30px\" aria-hidden=\"true\" class=\"wp-block-spacer\"><\/div>\n\n\n\n<h3 class=\"wp-block-heading\">Termine<\/h3>\n\n\n\n<p>Die Kurse werden online angeboten.<\/p>\n\n\n\n<p>N\u00e4chste <a href=\"https:\/\/stiftung-ts.de\/sts\/gemeinde_1\/termine-2\/\">Termine<\/a><\/p>\n\n\n\n<div style=\"height:30px\" aria-hidden=\"true\" class=\"wp-block-spacer\"><\/div>\n\n\n\n<h3 class=\"wp-block-heading\">Kosten<\/h3>\n\n\n\n<p>Die Kosten f\u00fcr den Basis- bzw. Aufbaukurs betragen jeweils 180 Euro pro Paar.<\/p>\n\n\n\n<p class=\"has-small-font-size\">Stand: Januar 2025<\/p>\n\n\n\n<div style=\"height:30px\" aria-hidden=\"true\" class=\"wp-block-spacer\"><\/div>\n\n\n\n<h3 class=\"wp-block-heading\">Kursleitung<\/h3>\n\n\n\n<div class=\"wp-block-columns is-layout-flex wp-container-core-columns-is-layout-9d6595d7 wp-block-columns-is-layout-flex\">\n<div class=\"wp-block-column is-layout-flow wp-block-column-is-layout-flow\" style=\"flex-basis:160px\">\n<figure class=\"wp-block-image size-full is-resized\"><img loading=\"lazy\" decoding=\"async\" width=\"90\" height=\"120\" src=\"https:\/\/stiftung-ts.de\/sts\/wp-content\/uploads\/2022\/03\/berater_alexi_thomas.jpg\" alt=\"\" class=\"wp-image-4145\" style=\"width:150px\"\/><\/figure>\n<\/div>\n\n\n\n<div class=\"wp-block-column is-layout-flow wp-block-column-is-layout-flow\" style=\"flex-basis:50%\">\n<p><strong>Thomas Alexi<\/strong><\/p>\n\n\n\n<ul class=\"wp-block-list\">\n<li>Pastor<\/li>\n\n\n\n<li>Eheberatung<\/li>\n\n\n\n<li>Trainer f\u00fcr KEK Ehe-Gespr\u00e4chstraining<\/li>\n<\/ul>\n<\/div>\n<\/div>\n\n\n\n<div style=\"height:30px\" aria-hidden=\"true\" class=\"wp-block-spacer\"><\/div>\n\n\n\n<h3 class=\"wp-block-heading\">Anmeldung<\/h3>\n\n\n\n<p>bis 4 Tage vor Kursbeginn<br>an Sekretariat Stiftung Therapeutische Seelsorge, <a href=\"mailto:sekretariat@stiftung-ts.de\">sekretariat@stiftung-ts.de<\/a>.<\/p>\n","protected":false},"excerpt":{"rendered":"<p>Ehekurs Was wir tun k\u00f6nnen, damit wir gerne verheiratet bleiben Haben Sie sich auch schon manchmal gefragt, was Paare gut machen, die auch nach vielen Jahren noch gerne verheiratet sind? Dieser Frage ist der Eheforscher John Gottman nachgegangen. Er hat \u00fcber einen Zeitraum von 16 Jahren \u00fcber 700 Paare jeden Alters in v\u00f6llig unterschiedlichen Lebensphasen<\/p>\n","protected":false},"author":2,"featured_media":5163,"parent":6293,"menu_order":3,"comment_status":"closed","ping_status":"closed","template":"page-fullwidth.php","meta":{"footnotes":""},"class_list":["post-4919","page","type-page","status-publish","has-post-thumbnail","hentry"],"yoast_head":"<!-- This site is optimized with the Yoast SEO plugin v27.3 - https:\/\/yoast.com\/product\/yoast-seo-wordpress\/ -->\n<title>Ehekurs - Stiftung TS<\/title>\n<meta name=\"description\" content=\"Was wir tun k\u00f6nnen, damit wir gerne verheiratet bleiben.\" \/>\n<meta name=\"robots\" content=\"index, follow, max-snippet:-1, max-image-preview:large, max-video-preview:-1\" \/>\n<link rel=\"canonical\" href=\"https:\/\/stiftung-ts.de\/sts\/gemeinde_1\/tools-fuer-paare\/ehekurs\/\" \/>\n<meta property=\"og:locale\" content=\"de_DE\" \/>\n<meta property=\"og:type\" content=\"article\" \/>\n<meta property=\"og:title\" content=\"Ehekurs - Stiftung TS\" \/>\n<meta property=\"og:description\" content=\"Was wir tun k\u00f6nnen, damit wir gerne verheiratet bleiben.\" \/>\n<meta property=\"og:url\" content=\"https:\/\/stiftung-ts.de\/sts\/gemeinde_1\/tools-fuer-paare\/ehekurs\/\" \/>\n<meta property=\"og:site_name\" content=\"Stiftung TS\" \/>\n<meta property=\"article:publisher\" content=\"https:\/\/www.facebook.com\/therapeutische.seelsorge\" \/>\n<meta property=\"article:modified_time\" content=\"2025-10-29T15:34:35+00:00\" \/>\n<meta property=\"og:image\" content=\"https:\/\/stiftung-ts.de\/sts\/wp-content\/uploads\/2024\/06\/Ehekurs-Grundkurs_2-1.jpg\" \/>\n\t<meta property=\"og:image:width\" content=\"628\" \/>\n\t<meta property=\"og:image:height\" content=\"314\" \/>\n\t<meta property=\"og:image:type\" content=\"image\/jpeg\" \/>\n<meta name=\"twitter:card\" content=\"summary_large_image\" \/>\n<meta name=\"twitter:label1\" content=\"Gesch\u00e4tzte Lesezeit\" \/>\n\t<meta name=\"twitter:data1\" content=\"3\u00a0Minuten\" \/>\n<script type=\"application\/ld+json\" class=\"yoast-schema-graph\">{\"@context\":\"https:\\\/\\\/schema.org\",\"@graph\":[{\"@type\":\"WebPage\",\"@id\":\"https:\\\/\\\/stiftung-ts.de\\\/sts\\\/gemeinde_1\\\/tools-fuer-paare\\\/ehekurs\\\/\",\"url\":\"https:\\\/\\\/stiftung-ts.de\\\/sts\\\/gemeinde_1\\\/tools-fuer-paare\\\/ehekurs\\\/\",\"name\":\"Ehekurs - Stiftung TS\",\"isPartOf\":{\"@id\":\"https:\\\/\\\/stiftung-ts.de\\\/sts\\\/#website\"},\"primaryImageOfPage\":{\"@id\":\"https:\\\/\\\/stiftung-ts.de\\\/sts\\\/gemeinde_1\\\/tools-fuer-paare\\\/ehekurs\\\/#primaryimage\"},\"image\":{\"@id\":\"https:\\\/\\\/stiftung-ts.de\\\/sts\\\/gemeinde_1\\\/tools-fuer-paare\\\/ehekurs\\\/#primaryimage\"},\"thumbnailUrl\":\"https:\\\/\\\/stiftung-ts.de\\\/sts\\\/wp-content\\\/uploads\\\/2024\\\/06\\\/Ehekurs-Grundkurs_2-1.jpg\",\"datePublished\":\"2023-12-04T19:25:54+00:00\",\"dateModified\":\"2025-10-29T15:34:35+00:00\",\"description\":\"Was wir tun k\u00f6nnen, damit wir gerne verheiratet bleiben.\",\"breadcrumb\":{\"@id\":\"https:\\\/\\\/stiftung-ts.de\\\/sts\\\/gemeinde_1\\\/tools-fuer-paare\\\/ehekurs\\\/#breadcrumb\"},\"inLanguage\":\"de\",\"potentialAction\":[{\"@type\":\"ReadAction\",\"target\":[\"https:\\\/\\\/stiftung-ts.de\\\/sts\\\/gemeinde_1\\\/tools-fuer-paare\\\/ehekurs\\\/\"]}]},{\"@type\":\"ImageObject\",\"inLanguage\":\"de\",\"@id\":\"https:\\\/\\\/stiftung-ts.de\\\/sts\\\/gemeinde_1\\\/tools-fuer-paare\\\/ehekurs\\\/#primaryimage\",\"url\":\"https:\\\/\\\/stiftung-ts.de\\\/sts\\\/wp-content\\\/uploads\\\/2024\\\/06\\\/Ehekurs-Grundkurs_2-1.jpg\",\"contentUrl\":\"https:\\\/\\\/stiftung-ts.de\\\/sts\\\/wp-content\\\/uploads\\\/2024\\\/06\\\/Ehekurs-Grundkurs_2-1.jpg\",\"width\":628,\"height\":314},{\"@type\":\"BreadcrumbList\",\"@id\":\"https:\\\/\\\/stiftung-ts.de\\\/sts\\\/gemeinde_1\\\/tools-fuer-paare\\\/ehekurs\\\/#breadcrumb\",\"itemListElement\":[{\"@type\":\"ListItem\",\"position\":1,\"name\":\"Startseite\",\"item\":\"https:\\\/\\\/stiftung-ts.de\\\/sts\\\/\"},{\"@type\":\"ListItem\",\"position\":2,\"name\":\"Gemeinde\",\"item\":\"https:\\\/\\\/stiftung-ts.de\\\/sts\\\/gemeinde_1\\\/\"},{\"@type\":\"ListItem\",\"position\":3,\"name\":\"Tools f\u00fcr Paare\",\"item\":\"https:\\\/\\\/stiftung-ts.de\\\/sts\\\/gemeinde_1\\\/tools-fuer-paare\\\/\"},{\"@type\":\"ListItem\",\"position\":4,\"name\":\"Ehekurs\"}]},{\"@type\":\"WebSite\",\"@id\":\"https:\\\/\\\/stiftung-ts.de\\\/sts\\\/#website\",\"url\":\"https:\\\/\\\/stiftung-ts.de\\\/sts\\\/\",\"name\":\"Stiftung TS\",\"description\":\"\",\"publisher\":{\"@id\":\"https:\\\/\\\/stiftung-ts.de\\\/sts\\\/#organization\"},\"potentialAction\":[{\"@type\":\"SearchAction\",\"target\":{\"@type\":\"EntryPoint\",\"urlTemplate\":\"https:\\\/\\\/stiftung-ts.de\\\/sts\\\/?s={search_term_string}\"},\"query-input\":{\"@type\":\"PropertyValueSpecification\",\"valueRequired\":true,\"valueName\":\"search_term_string\"}}],\"inLanguage\":\"de\"},{\"@type\":\"Organization\",\"@id\":\"https:\\\/\\\/stiftung-ts.de\\\/sts\\\/#organization\",\"name\":\"Stiftung TS\",\"url\":\"https:\\\/\\\/stiftung-ts.de\\\/sts\\\/\",\"logo\":{\"@type\":\"ImageObject\",\"inLanguage\":\"de\",\"@id\":\"https:\\\/\\\/stiftung-ts.de\\\/sts\\\/#\\\/schema\\\/logo\\\/image\\\/\",\"url\":\"https:\\\/\\\/stiftung-ts.de\\\/sts\\\/wp-content\\\/uploads\\\/2021\\\/04\\\/Logo_Stiftung-TS_512-rund.png\",\"contentUrl\":\"https:\\\/\\\/stiftung-ts.de\\\/sts\\\/wp-content\\\/uploads\\\/2021\\\/04\\\/Logo_Stiftung-TS_512-rund.png\",\"width\":512,\"height\":512,\"caption\":\"Stiftung TS\"},\"image\":{\"@id\":\"https:\\\/\\\/stiftung-ts.de\\\/sts\\\/#\\\/schema\\\/logo\\\/image\\\/\"},\"sameAs\":[\"https:\\\/\\\/www.facebook.com\\\/therapeutische.seelsorge\"]}]}<\/script>\n<!-- \/ Yoast SEO plugin. -->","yoast_head_json":{"title":"Ehekurs - Stiftung TS","description":"Was wir tun k\u00f6nnen, damit wir gerne verheiratet bleiben.","robots":{"index":"index","follow":"follow","max-snippet":"max-snippet:-1","max-image-preview":"max-image-preview:large","max-video-preview":"max-video-preview:-1"},"canonical":"https:\/\/stiftung-ts.de\/sts\/gemeinde_1\/tools-fuer-paare\/ehekurs\/","og_locale":"de_DE","og_type":"article","og_title":"Ehekurs - Stiftung TS","og_description":"Was wir tun k\u00f6nnen, damit wir gerne verheiratet bleiben.","og_url":"https:\/\/stiftung-ts.de\/sts\/gemeinde_1\/tools-fuer-paare\/ehekurs\/","og_site_name":"Stiftung TS","article_publisher":"https:\/\/www.facebook.com\/therapeutische.seelsorge","article_modified_time":"2025-10-29T15:34:35+00:00","og_image":[{"width":628,"height":314,"url":"https:\/\/stiftung-ts.de\/sts\/wp-content\/uploads\/2024\/06\/Ehekurs-Grundkurs_2-1.jpg","type":"image\/jpeg"}],"twitter_card":"summary_large_image","twitter_misc":{"Gesch\u00e4tzte Lesezeit":"3\u00a0Minuten"},"schema":{"@context":"https:\/\/schema.org","@graph":[{"@type":"WebPage","@id":"https:\/\/stiftung-ts.de\/sts\/gemeinde_1\/tools-fuer-paare\/ehekurs\/","url":"https:\/\/stiftung-ts.de\/sts\/gemeinde_1\/tools-fuer-paare\/ehekurs\/","name":"Ehekurs - Stiftung TS","isPartOf":{"@id":"https:\/\/stiftung-ts.de\/sts\/#website"},"primaryImageOfPage":{"@id":"https:\/\/stiftung-ts.de\/sts\/gemeinde_1\/tools-fuer-paare\/ehekurs\/#primaryimage"},"image":{"@id":"https:\/\/stiftung-ts.de\/sts\/gemeinde_1\/tools-fuer-paare\/ehekurs\/#primaryimage"},"thumbnailUrl":"https:\/\/stiftung-ts.de\/sts\/wp-content\/uploads\/2024\/06\/Ehekurs-Grundkurs_2-1.jpg","datePublished":"2023-12-04T19:25:54+00:00","dateModified":"2025-10-29T15:34:35+00:00","description":"Was wir tun k\u00f6nnen, damit wir gerne verheiratet bleiben.","breadcrumb":{"@id":"https:\/\/stiftung-ts.de\/sts\/gemeinde_1\/tools-fuer-paare\/ehekurs\/#breadcrumb"},"inLanguage":"de","potentialAction":[{"@type":"ReadAction","target":["https:\/\/stiftung-ts.de\/sts\/gemeinde_1\/tools-fuer-paare\/ehekurs\/"]}]},{"@type":"ImageObject","inLanguage":"de","@id":"https:\/\/stiftung-ts.de\/sts\/gemeinde_1\/tools-fuer-paare\/ehekurs\/#primaryimage","url":"https:\/\/stiftung-ts.de\/sts\/wp-content\/uploads\/2024\/06\/Ehekurs-Grundkurs_2-1.jpg","contentUrl":"https:\/\/stiftung-ts.de\/sts\/wp-content\/uploads\/2024\/06\/Ehekurs-Grundkurs_2-1.jpg","width":628,"height":314},{"@type":"BreadcrumbList","@id":"https:\/\/stiftung-ts.de\/sts\/gemeinde_1\/tools-fuer-paare\/ehekurs\/#breadcrumb","itemListElement":[{"@type":"ListItem","position":1,"name":"Startseite","item":"https:\/\/stiftung-ts.de\/sts\/"},{"@type":"ListItem","position":2,"name":"Gemeinde","item":"https:\/\/stiftung-ts.de\/sts\/gemeinde_1\/"},{"@type":"ListItem","position":3,"name":"Tools f\u00fcr Paare","item":"https:\/\/stiftung-ts.de\/sts\/gemeinde_1\/tools-fuer-paare\/"},{"@type":"ListItem","position":4,"name":"Ehekurs"}]},{"@type":"WebSite","@id":"https:\/\/stiftung-ts.de\/sts\/#website","url":"https:\/\/stiftung-ts.de\/sts\/","name":"Stiftung TS","description":"","publisher":{"@id":"https:\/\/stiftung-ts.de\/sts\/#organization"},"potentialAction":[{"@type":"SearchAction","target":{"@type":"EntryPoint","urlTemplate":"https:\/\/stiftung-ts.de\/sts\/?s={search_term_string}"},"query-input":{"@type":"PropertyValueSpecification","valueRequired":true,"valueName":"search_term_string"}}],"inLanguage":"de"},{"@type":"Organization","@id":"https:\/\/stiftung-ts.de\/sts\/#organization","name":"Stiftung TS","url":"https:\/\/stiftung-ts.de\/sts\/","logo":{"@type":"ImageObject","inLanguage":"de","@id":"https:\/\/stiftung-ts.de\/sts\/#\/schema\/logo\/image\/","url":"https:\/\/stiftung-ts.de\/sts\/wp-content\/uploads\/2021\/04\/Logo_Stiftung-TS_512-rund.png","contentUrl":"https:\/\/stiftung-ts.de\/sts\/wp-content\/uploads\/2021\/04\/Logo_Stiftung-TS_512-rund.png","width":512,"height":512,"caption":"Stiftung TS"},"image":{"@id":"https:\/\/stiftung-ts.de\/sts\/#\/schema\/logo\/image\/"},"sameAs":["https:\/\/www.facebook.com\/therapeutische.seelsorge"]}]}},"_links":{"self":[{"href":"https:\/\/stiftung-ts.de\/sts\/wp-json\/wp\/v2\/pages\/4919","targetHints":{"allow":["GET"]}}],"collection":[{"href":"https:\/\/stiftung-ts.de\/sts\/wp-json\/wp\/v2\/pages"}],"about":[{"href":"https:\/\/stiftung-ts.de\/sts\/wp-json\/wp\/v2\/types\/page"}],"author":[{"embeddable":true,"href":"https:\/\/stiftung-ts.de\/sts\/wp-json\/wp\/v2\/users\/2"}],"replies":[{"embeddable":true,"href":"https:\/\/stiftung-ts.de\/sts\/wp-json\/wp\/v2\/comments?post=4919"}],"version-history":[{"count":0,"href":"https:\/\/stiftung-ts.de\/sts\/wp-json\/wp\/v2\/pages\/4919\/revisions"}],"up":[{"embeddable":true,"href":"https:\/\/stiftung-ts.de\/sts\/wp-json\/wp\/v2\/pages\/6293"}],"wp:featuredmedia":[{"embeddable":true,"href":"https:\/\/stiftung-ts.de\/sts\/wp-json\/wp\/v2\/media\/5163"}],"wp:attachment":[{"href":"https:\/\/stiftung-ts.de\/sts\/wp-json\/wp\/v2\/media?parent=4919"}],"curies":[{"name":"wp","href":"https:\/\/api.w.org\/{rel}","templated":true}]}}