{"id":3941,"date":"2022-01-14T18:56:02","date_gmt":"2022-01-14T17:56:02","guid":{"rendered":"https:\/\/stiftung-ts.de\/sts\/?page_id=3941"},"modified":"2026-03-16T16:19:10","modified_gmt":"2026-03-16T15:19:10","slug":"beratungsstelle-gunzenhausen","status":"publish","type":"page","link":"https:\/\/stiftung-ts.de\/sts\/ueber-uns\/beratungsstelle-gunzenhausen\/","title":{"rendered":"Beratungsstelle"},"content":{"rendered":"\n<h2 class=\"wp-block-heading\">Beratungsstelle<\/h2>\n\n\n\n<figure class=\"wp-block-image size-full\"><img loading=\"lazy\" decoding=\"async\" width=\"2560\" height=\"1229\" src=\"https:\/\/stiftung-ts.de\/sts\/wp-content\/uploads\/2022\/05\/Beratungsstelle-scaled.jpg\" alt=\"Beratungsstelle Gunzenhausen\" class=\"wp-image-4261\" srcset=\"https:\/\/stiftung-ts.de\/sts\/wp-content\/uploads\/2022\/05\/Beratungsstelle-scaled.jpg 2560w, https:\/\/stiftung-ts.de\/sts\/wp-content\/uploads\/2022\/05\/Beratungsstelle-300x144.jpg 300w, https:\/\/stiftung-ts.de\/sts\/wp-content\/uploads\/2022\/05\/Beratungsstelle-1024x492.jpg 1024w, https:\/\/stiftung-ts.de\/sts\/wp-content\/uploads\/2022\/05\/Beratungsstelle-768x369.jpg 768w, https:\/\/stiftung-ts.de\/sts\/wp-content\/uploads\/2022\/05\/Beratungsstelle-1536x737.jpg 1536w, https:\/\/stiftung-ts.de\/sts\/wp-content\/uploads\/2022\/05\/Beratungsstelle-2048x983.jpg 2048w, https:\/\/stiftung-ts.de\/sts\/wp-content\/uploads\/2022\/05\/Beratungsstelle-730x350.jpg 730w\" sizes=\"auto, (max-width: 2560px) 100vw, 2560px\" \/><\/figure>\n\n\n\n<p>Herzlich Willkommen in der Beratungsstelle der Stiftung Therapeutische Seelsorge.<\/p>\n\n\n\n<p>Gespr\u00e4ch, Beratung oder Coaching \u2013 wir sind f\u00fcr Sie da.<\/p>\n\n\n\n<ul class=\"wp-block-list\">\n<li><strong>Therapeutische Seelsorge<\/strong><br>Sie hat zum Ziel geistliche und seelische Hilfe (\u03b8\u03b5\u03c1\u03b1\u03c0\u03b5\u03af\u03b1 therapeia = helfen) zu bieten. Sinnfragen des Lebens werden reflektiert, st\u00f6rende pers\u00f6nliche Muster thematisiert und durch therapeutische und seelsorgerliche Ans\u00e4tze einer Ver\u00e4nderung (Lebensstil\u00e4nderung) zugef\u00fchrt.<\/li>\n\n\n\n<li><strong>Lebens- und Eheberatung<\/strong><br>Vielfache Beziehungssituationen pr\u00e4gen unser Leben in allen Phasen. Diese erfolgreich zu gestalten und bei St\u00f6rungen hilfreiche L\u00f6sungen zu finden, ist Aufgabe in der Beratung und Begleitung von Menschen. Es soll uns gut gehen mit uns selbst, mit anderen und in unserer Ewigkeitsperspektive.<\/li>\n\n\n\n<li><strong>Krisenmanagement<\/strong><br>Krisen geh\u00f6ren zum Leben, stellen aber eine besondere Herausforderung f\u00fcr jeden Menschen, durch zugespitzte, oftmals emotional \u00fcberlastete Situationen dar. Hier gilt es entschlossen zu handeln, Entlastung zu erreichen und Wege zur stabilisierenden Selbstf\u00fcrsorge zu finden.<\/li>\n\n\n\n<li><strong>Coaching &amp; Supervision<\/strong><br>Dies ist eine zielorientierte, l\u00f6sungsorientierte Beratung als Kompass an den Schnittpunkten des Lebens, sowohl in beruflichen als auch pers\u00f6nlichen Entscheidungsprozessen. Dabei ist es gewinnbringend, sich selbst und andre besser zu verstehen.<\/li>\n<\/ul>\n\n\n\n<div style=\"height:20px\" aria-hidden=\"true\" class=\"wp-block-spacer\"><\/div>\n\n\n\n<p>Online, oder <br>Im Hollerfeld 4, 91710 Gunzenhausen (Bayern)<strong>, <\/strong>oder <br>Zweigstelle 51643 Gummersbach (Nordrhein-Westfalen).<\/p>\n\n\n\n<div style=\"height:20px\" aria-hidden=\"true\" class=\"wp-block-spacer\"><\/div>\n\n\n\n<p>Bei Interesse kontaktieren Sie unsere Berater.<\/p>\n\n\n\n<div style=\"height:20px\" aria-hidden=\"true\" class=\"wp-block-spacer\"><\/div>\n\n\n\n<h3 class=\"wp-block-heading\">Beratende<\/h3>\n\n\n\n<div style=\"height:20px\" aria-hidden=\"true\" class=\"wp-block-spacer\"><\/div>\n\n\n\n<div class=\"wp-block-columns is-layout-flex wp-container-core-columns-is-layout-9d6595d7 wp-block-columns-is-layout-flex\">\n<div class=\"wp-block-column is-layout-flow wp-block-column-is-layout-flow\">\n<figure class=\"wp-block-image size-full is-resized\"><img loading=\"lazy\" decoding=\"async\" width=\"512\" height=\"511\" src=\"https:\/\/stiftung-ts.de\/sts\/wp-content\/uploads\/2024\/07\/Tobias_Daum_1.jpg\" alt=\"\" class=\"wp-image-5295\" style=\"width:225px\" srcset=\"https:\/\/stiftung-ts.de\/sts\/wp-content\/uploads\/2024\/07\/Tobias_Daum_1.jpg 512w, https:\/\/stiftung-ts.de\/sts\/wp-content\/uploads\/2024\/07\/Tobias_Daum_1-300x300.jpg 300w, https:\/\/stiftung-ts.de\/sts\/wp-content\/uploads\/2024\/07\/Tobias_Daum_1-150x150.jpg 150w, https:\/\/stiftung-ts.de\/sts\/wp-content\/uploads\/2024\/07\/Tobias_Daum_1-90x90.jpg 90w, https:\/\/stiftung-ts.de\/sts\/wp-content\/uploads\/2024\/07\/Tobias_Daum_1-360x360.jpg 360w, https:\/\/stiftung-ts.de\/sts\/wp-content\/uploads\/2024\/07\/Tobias_Daum_1-64x64.jpg 64w\" sizes=\"auto, (max-width: 512px) 100vw, 512px\" \/><\/figure>\n\n\n\n<p class=\"has-medium-font-size\"><strong>Tobias Daum<\/strong> <\/p>\n\n\n\n<p><strong>Therapeutischer Seelsorger<\/strong> <\/p>\n\n\n\n<p><i class=\"fa fa-home\"> <\/i> Beratungsstelle Gunzenhausen <br><i class=\"fa fa-phone\"> <\/i> 0152 05894951 <br><a href=\"mailto:tobias.daum@stiftung-ts.de\"><em>tobias.daum(at)stiftung-ts.de<\/em><\/a><\/p>\n\n\n\n<details class=\"wp-block-details is-layout-flow wp-block-details-is-layout-flow\"><summary>Qualifikation<\/summary>\n<ul class=\"wp-block-list\">\n<li>Therapeutischer Seelsorger (ISB)<\/li>\n\n\n\n<li>Selbstregulationstrainer (PtF)<\/li>\n\n\n\n<li>Ehe- und Familienberater (UofN)<\/li>\n\n\n\n<li>Systemische Seelsorge (UofN)<\/li>\n\n\n\n<li>Resilienztrainer (LRA)<\/li>\n\n\n\n<li>Elternkursleiter GELKI (DKSB)<\/li>\n\n\n\n<li>Akkreditierter Berater (ACC)<\/li>\n<\/ul>\n<\/details>\n\n\n\n<details class=\"wp-block-details is-layout-flow wp-block-details-is-layout-flow\"><summary>Beratungsschwerpunkte<\/summary>\n<ul class=\"wp-block-list\">\n<li>Pers\u00f6nlichkeitsentwicklung \u2013 Identit\u00e4t<\/li>\n\n\n\n<li>Ehe- und Partnerbeziehung \u2013 Beziehungsdynamiken verstehen<\/li>\n\n\n\n<li>Psychosomatische Beschwerden verstehen und bearbeiten<\/li>\n\n\n\n<li>Hilfe bei traumatischen Erlebnissen<\/li>\n\n\n\n<li>Krisen und Verluste \u00fcberwinden<\/li>\n<\/ul>\n<\/details>\n<\/div>\n\n\n\n<div class=\"wp-block-column is-layout-flow wp-block-column-is-layout-flow\">\n<figure class=\"wp-block-image size-full is-resized\"><img loading=\"lazy\" decoding=\"async\" width=\"512\" height=\"512\" src=\"https:\/\/stiftung-ts.de\/sts\/wp-content\/uploads\/2023\/09\/Werner_Schaefer_1.jpg\" alt=\"\" class=\"wp-image-4812\" style=\"width:225px\" srcset=\"https:\/\/stiftung-ts.de\/sts\/wp-content\/uploads\/2023\/09\/Werner_Schaefer_1.jpg 512w, https:\/\/stiftung-ts.de\/sts\/wp-content\/uploads\/2023\/09\/Werner_Schaefer_1-300x300.jpg 300w, https:\/\/stiftung-ts.de\/sts\/wp-content\/uploads\/2023\/09\/Werner_Schaefer_1-150x150.jpg 150w, https:\/\/stiftung-ts.de\/sts\/wp-content\/uploads\/2023\/09\/Werner_Schaefer_1-90x90.jpg 90w, https:\/\/stiftung-ts.de\/sts\/wp-content\/uploads\/2023\/09\/Werner_Schaefer_1-360x360.jpg 360w, https:\/\/stiftung-ts.de\/sts\/wp-content\/uploads\/2023\/09\/Werner_Schaefer_1-64x64.jpg 64w\" sizes=\"auto, (max-width: 512px) 100vw, 512px\" \/><\/figure>\n\n\n\n<p class=\"has-medium-font-size\"><strong>Werner Sch\u00e4fer<\/strong><\/p>\n\n\n\n<p><strong>Therapeutischer Seelsorger \/ Heilpraktiker<\/strong> <\/p>\n\n\n\n<p><i class=\"fa fa-home\"> <\/i> Beratungsstelle Gunzenhausen <br><i class=\"fa fa-phone\"> <\/i> 09146 940481 <br><a href=\"mailto:werner.schaefer@stiftung-ts.de\"><em>werner.schaefer(at)stiftung-ts.de<\/em><\/a><\/p>\n\n\n\n<details class=\"wp-block-details is-layout-flow wp-block-details-is-layout-flow\"><summary>Qualifikation<\/summary>\n<ul class=\"wp-block-list\">\n<li>Therapeutischer Seelsorger (TS)<\/li>\n\n\n\n<li>Heilpraktiker f\u00fcr Psychotherapie<\/li>\n\n\n\n<li>Traumaseelsorger (TS)<\/li>\n\n\n\n<li>Individualpsychologischer Coach (TS)<\/li>\n\n\n\n<li>Kommunikationstrainer (EPL\/KEK)<\/li>\n\n\n\n<li>Gordon-Familientrainer<\/li>\n\n\n\n<li>Akkreditierter Supervisor (ACC)<\/li>\n<\/ul>\n<\/details>\n\n\n\n<details class=\"wp-block-details is-layout-flow wp-block-details-is-layout-flow\"><summary>Beratungsschwerpunkte<\/summary>\n<ul class=\"wp-block-list\">\n<li>Umgang mit belastenden Lebenssituationen bei Verlusterlebnissen, Trauer, Depression, \u00dcberforderung, Burnout<\/li>\n\n\n\n<li>Ehe- und Partnerbeziehung<\/li>\n\n\n\n<li>Umbruchphasen des Lebens (Coaching)<\/li>\n\n\n\n<li>Stabilisierung und Bearbeitung erlebter traumatischer Ereignisse<\/li>\n<\/ul>\n<\/details>\n<\/div>\n\n\n\n<div class=\"wp-block-column is-layout-flow wp-block-column-is-layout-flow\">\n<figure class=\"wp-block-image size-full is-resized\"><img loading=\"lazy\" decoding=\"async\" width=\"309\" height=\"308\" src=\"https:\/\/stiftung-ts.de\/sts\/wp-content\/uploads\/2020\/01\/Kessler.jpg\" alt=\"\" class=\"wp-image-943\" style=\"width:225px\" srcset=\"https:\/\/stiftung-ts.de\/sts\/wp-content\/uploads\/2020\/01\/Kessler.jpg 309w, https:\/\/stiftung-ts.de\/sts\/wp-content\/uploads\/2020\/01\/Kessler-300x300.jpg 300w, https:\/\/stiftung-ts.de\/sts\/wp-content\/uploads\/2020\/01\/Kessler-150x150.jpg 150w, https:\/\/stiftung-ts.de\/sts\/wp-content\/uploads\/2020\/01\/Kessler-90x90.jpg 90w, https:\/\/stiftung-ts.de\/sts\/wp-content\/uploads\/2020\/01\/Kessler-64x64.jpg 64w\" sizes=\"auto, (max-width: 309px) 100vw, 309px\" \/><\/figure>\n\n\n\n<p class=\"has-medium-font-size\"><strong>Dr. theol. Martina Kessler<\/strong><\/p>\n\n\n\n<p><strong>Beratende Seelsorgerin<\/strong><\/p>\n\n\n\n<p><i class=\"fa fa-home\"> <\/i> Zweigstelle Gummersbach<br><i class=\"fa fa-phone\"> <\/i> 02261 807225<br><a href=\"mailto:martina.kessler@stiftung-ts.de\"><em>martina.kessler(at)stiftung-ts.de<\/em><\/a><\/p>\n\n\n\n<details class=\"wp-block-details is-layout-flow wp-block-details-is-layout-flow\"><summary>Qualifikation<\/summary>\n<ul class=\"wp-block-list\">\n<li>Krankenschwester<\/li>\n\n\n\n<li>psychologische Beraterin<\/li>\n\n\n\n<li>Theologin<\/li>\n<\/ul>\n<\/details>\n\n\n\n<details class=\"wp-block-details is-layout-flow wp-block-details-is-layout-flow\"><summary>Beratungsschwerpunkte<\/summary>\n<ul class=\"wp-block-list\">\n<li>Coaching von F\u00fchrungskr\u00e4ften<\/li>\n\n\n\n<li>Berufscoaching<\/li>\n\n\n\n<li>problemorientierte Paar- und Einzelberatung<\/li>\n<\/ul>\n<\/details>\n<\/div>\n<\/div>\n\n\n\n<div style=\"height:20px\" aria-hidden=\"true\" class=\"wp-block-spacer\"><\/div>\n\n\n\n<figure class=\"wp-block-image size-large is-resized\"><img loading=\"lazy\" decoding=\"async\" width=\"1024\" height=\"349\" src=\"https:\/\/stiftung-ts.de\/sts\/wp-content\/uploads\/2023\/09\/acc-logo2023-weiss-1024x349.jpg\" alt=\"Anerkannt von ACC - Dachverband f\u00fcr Christliche Beratung.\nSeelsorge und Beratung qualit\u00e4tsgepr\u00fcft \" class=\"wp-image-4725\" style=\"width:600px\" srcset=\"https:\/\/stiftung-ts.de\/sts\/wp-content\/uploads\/2023\/09\/acc-logo2023-weiss-1024x349.jpg 1024w, https:\/\/stiftung-ts.de\/sts\/wp-content\/uploads\/2023\/09\/acc-logo2023-weiss-300x102.jpg 300w, https:\/\/stiftung-ts.de\/sts\/wp-content\/uploads\/2023\/09\/acc-logo2023-weiss-768x262.jpg 768w, https:\/\/stiftung-ts.de\/sts\/wp-content\/uploads\/2023\/09\/acc-logo2023-weiss.jpg 1436w\" sizes=\"auto, (max-width: 1024px) 100vw, 1024px\" \/><\/figure>\n","protected":false},"excerpt":{"rendered":"<p>Beratungsstelle Herzlich Willkommen in der Beratungsstelle der Stiftung Therapeutische Seelsorge. Gespr\u00e4ch, Beratung oder Coaching \u2013 wir sind f\u00fcr Sie da. Online, oder Im Hollerfeld 4, 91710 Gunzenhausen (Bayern), oder Zweigstelle 51643 Gummersbach (Nordrhein-Westfalen). Bei Interesse kontaktieren Sie unsere Berater. Beratende Tobias Daum Therapeutischer Seelsorger Beratungsstelle Gunzenhausen 0152 05894951 tobias.daum(at)stiftung-ts.de Werner Sch\u00e4fer Therapeutischer Seelsorger \/ Heilpraktiker<\/p>\n","protected":false},"author":1,"featured_media":0,"parent":725,"menu_order":3,"comment_status":"closed","ping_status":"closed","template":"page-fullwidth.php","meta":{"footnotes":""},"class_list":["post-3941","page","type-page","status-publish","hentry"],"yoast_head":"<!-- This site is optimized with the Yoast SEO plugin v27.3 - https:\/\/yoast.com\/product\/yoast-seo-wordpress\/ -->\n<title>Beratungsstelle - Stiftung TS<\/title>\n<meta name=\"description\" content=\"Unsere Beratungsstelle bietet Ihnen Therapeutische Seelsorge, Lebens- und Eheberatung, Krisenmanagement, Coaching und Supervision.\" \/>\n<meta name=\"robots\" content=\"index, follow, max-snippet:-1, max-image-preview:large, max-video-preview:-1\" \/>\n<link rel=\"canonical\" href=\"https:\/\/stiftung-ts.de\/sts\/ueber-uns\/beratungsstelle-gunzenhausen\/\" \/>\n<meta property=\"og:locale\" content=\"de_DE\" \/>\n<meta property=\"og:type\" content=\"article\" \/>\n<meta property=\"og:title\" content=\"Beratungsstelle - Stiftung TS\" \/>\n<meta property=\"og:description\" content=\"Unsere Beratungsstelle bietet Ihnen Therapeutische Seelsorge, Lebens- und Eheberatung, Krisenmanagement, Coaching und Supervision.\" \/>\n<meta property=\"og:url\" content=\"https:\/\/stiftung-ts.de\/sts\/ueber-uns\/beratungsstelle-gunzenhausen\/\" \/>\n<meta property=\"og:site_name\" content=\"Stiftung TS\" \/>\n<meta property=\"article:publisher\" content=\"https:\/\/www.facebook.com\/therapeutische.seelsorge\" \/>\n<meta property=\"article:modified_time\" content=\"2026-03-16T15:19:10+00:00\" \/>\n<meta property=\"og:image\" content=\"https:\/\/stiftung-ts.de\/sts\/wp-content\/uploads\/2022\/05\/Beratungsstelle-scaled.jpg\" \/>\n\t<meta property=\"og:image:width\" content=\"2560\" \/>\n\t<meta property=\"og:image:height\" content=\"1229\" \/>\n\t<meta property=\"og:image:type\" content=\"image\/jpeg\" \/>\n<meta name=\"twitter:card\" content=\"summary_large_image\" \/>\n<meta name=\"twitter:label1\" content=\"Gesch\u00e4tzte Lesezeit\" \/>\n\t<meta name=\"twitter:data1\" content=\"3\u00a0Minuten\" \/>\n<script type=\"application\/ld+json\" class=\"yoast-schema-graph\">{\"@context\":\"https:\\\/\\\/schema.org\",\"@graph\":[{\"@type\":\"WebPage\",\"@id\":\"https:\\\/\\\/stiftung-ts.de\\\/sts\\\/ueber-uns\\\/beratungsstelle-gunzenhausen\\\/\",\"url\":\"https:\\\/\\\/stiftung-ts.de\\\/sts\\\/ueber-uns\\\/beratungsstelle-gunzenhausen\\\/\",\"name\":\"Beratungsstelle - Stiftung TS\",\"isPartOf\":{\"@id\":\"https:\\\/\\\/stiftung-ts.de\\\/sts\\\/#website\"},\"primaryImageOfPage\":{\"@id\":\"https:\\\/\\\/stiftung-ts.de\\\/sts\\\/ueber-uns\\\/beratungsstelle-gunzenhausen\\\/#primaryimage\"},\"image\":{\"@id\":\"https:\\\/\\\/stiftung-ts.de\\\/sts\\\/ueber-uns\\\/beratungsstelle-gunzenhausen\\\/#primaryimage\"},\"thumbnailUrl\":\"https:\\\/\\\/stiftung-ts.de\\\/sts\\\/wp-content\\\/uploads\\\/2022\\\/05\\\/Beratungsstelle-scaled.jpg\",\"datePublished\":\"2022-01-14T17:56:02+00:00\",\"dateModified\":\"2026-03-16T15:19:10+00:00\",\"description\":\"Unsere Beratungsstelle bietet Ihnen Therapeutische Seelsorge, Lebens- und Eheberatung, Krisenmanagement, Coaching und Supervision.\",\"breadcrumb\":{\"@id\":\"https:\\\/\\\/stiftung-ts.de\\\/sts\\\/ueber-uns\\\/beratungsstelle-gunzenhausen\\\/#breadcrumb\"},\"inLanguage\":\"de\",\"potentialAction\":[{\"@type\":\"ReadAction\",\"target\":[\"https:\\\/\\\/stiftung-ts.de\\\/sts\\\/ueber-uns\\\/beratungsstelle-gunzenhausen\\\/\"]}]},{\"@type\":\"ImageObject\",\"inLanguage\":\"de\",\"@id\":\"https:\\\/\\\/stiftung-ts.de\\\/sts\\\/ueber-uns\\\/beratungsstelle-gunzenhausen\\\/#primaryimage\",\"url\":\"https:\\\/\\\/stiftung-ts.de\\\/sts\\\/wp-content\\\/uploads\\\/2022\\\/05\\\/Beratungsstelle-scaled.jpg\",\"contentUrl\":\"https:\\\/\\\/stiftung-ts.de\\\/sts\\\/wp-content\\\/uploads\\\/2022\\\/05\\\/Beratungsstelle-scaled.jpg\",\"width\":2560,\"height\":1229,\"caption\":\"Beratungsstelle\"},{\"@type\":\"BreadcrumbList\",\"@id\":\"https:\\\/\\\/stiftung-ts.de\\\/sts\\\/ueber-uns\\\/beratungsstelle-gunzenhausen\\\/#breadcrumb\",\"itemListElement\":[{\"@type\":\"ListItem\",\"position\":1,\"name\":\"Startseite\",\"item\":\"https:\\\/\\\/stiftung-ts.de\\\/sts\\\/\"},{\"@type\":\"ListItem\",\"position\":2,\"name\":\"\u00dcber uns\",\"item\":\"https:\\\/\\\/stiftung-ts.de\\\/sts\\\/ueber-uns\\\/\"},{\"@type\":\"ListItem\",\"position\":3,\"name\":\"Beratungsstelle\"}]},{\"@type\":\"WebSite\",\"@id\":\"https:\\\/\\\/stiftung-ts.de\\\/sts\\\/#website\",\"url\":\"https:\\\/\\\/stiftung-ts.de\\\/sts\\\/\",\"name\":\"Stiftung TS\",\"description\":\"\",\"publisher\":{\"@id\":\"https:\\\/\\\/stiftung-ts.de\\\/sts\\\/#organization\"},\"potentialAction\":[{\"@type\":\"SearchAction\",\"target\":{\"@type\":\"EntryPoint\",\"urlTemplate\":\"https:\\\/\\\/stiftung-ts.de\\\/sts\\\/?s={search_term_string}\"},\"query-input\":{\"@type\":\"PropertyValueSpecification\",\"valueRequired\":true,\"valueName\":\"search_term_string\"}}],\"inLanguage\":\"de\"},{\"@type\":\"Organization\",\"@id\":\"https:\\\/\\\/stiftung-ts.de\\\/sts\\\/#organization\",\"name\":\"Stiftung TS\",\"url\":\"https:\\\/\\\/stiftung-ts.de\\\/sts\\\/\",\"logo\":{\"@type\":\"ImageObject\",\"inLanguage\":\"de\",\"@id\":\"https:\\\/\\\/stiftung-ts.de\\\/sts\\\/#\\\/schema\\\/logo\\\/image\\\/\",\"url\":\"https:\\\/\\\/stiftung-ts.de\\\/sts\\\/wp-content\\\/uploads\\\/2021\\\/04\\\/Logo_Stiftung-TS_512-rund.png\",\"contentUrl\":\"https:\\\/\\\/stiftung-ts.de\\\/sts\\\/wp-content\\\/uploads\\\/2021\\\/04\\\/Logo_Stiftung-TS_512-rund.png\",\"width\":512,\"height\":512,\"caption\":\"Stiftung TS\"},\"image\":{\"@id\":\"https:\\\/\\\/stiftung-ts.de\\\/sts\\\/#\\\/schema\\\/logo\\\/image\\\/\"},\"sameAs\":[\"https:\\\/\\\/www.facebook.com\\\/therapeutische.seelsorge\"]}]}<\/script>\n<!-- \/ Yoast SEO plugin. -->","yoast_head_json":{"title":"Beratungsstelle - Stiftung TS","description":"Unsere Beratungsstelle bietet Ihnen Therapeutische Seelsorge, Lebens- und Eheberatung, Krisenmanagement, Coaching und Supervision.","robots":{"index":"index","follow":"follow","max-snippet":"max-snippet:-1","max-image-preview":"max-image-preview:large","max-video-preview":"max-video-preview:-1"},"canonical":"https:\/\/stiftung-ts.de\/sts\/ueber-uns\/beratungsstelle-gunzenhausen\/","og_locale":"de_DE","og_type":"article","og_title":"Beratungsstelle - Stiftung TS","og_description":"Unsere Beratungsstelle bietet Ihnen Therapeutische Seelsorge, Lebens- und Eheberatung, Krisenmanagement, Coaching und Supervision.","og_url":"https:\/\/stiftung-ts.de\/sts\/ueber-uns\/beratungsstelle-gunzenhausen\/","og_site_name":"Stiftung TS","article_publisher":"https:\/\/www.facebook.com\/therapeutische.seelsorge","article_modified_time":"2026-03-16T15:19:10+00:00","og_image":[{"width":2560,"height":1229,"url":"https:\/\/stiftung-ts.de\/sts\/wp-content\/uploads\/2022\/05\/Beratungsstelle-scaled.jpg","type":"image\/jpeg"}],"twitter_card":"summary_large_image","twitter_misc":{"Gesch\u00e4tzte Lesezeit":"3\u00a0Minuten"},"schema":{"@context":"https:\/\/schema.org","@graph":[{"@type":"WebPage","@id":"https:\/\/stiftung-ts.de\/sts\/ueber-uns\/beratungsstelle-gunzenhausen\/","url":"https:\/\/stiftung-ts.de\/sts\/ueber-uns\/beratungsstelle-gunzenhausen\/","name":"Beratungsstelle - Stiftung TS","isPartOf":{"@id":"https:\/\/stiftung-ts.de\/sts\/#website"},"primaryImageOfPage":{"@id":"https:\/\/stiftung-ts.de\/sts\/ueber-uns\/beratungsstelle-gunzenhausen\/#primaryimage"},"image":{"@id":"https:\/\/stiftung-ts.de\/sts\/ueber-uns\/beratungsstelle-gunzenhausen\/#primaryimage"},"thumbnailUrl":"https:\/\/stiftung-ts.de\/sts\/wp-content\/uploads\/2022\/05\/Beratungsstelle-scaled.jpg","datePublished":"2022-01-14T17:56:02+00:00","dateModified":"2026-03-16T15:19:10+00:00","description":"Unsere Beratungsstelle bietet Ihnen Therapeutische Seelsorge, Lebens- und Eheberatung, Krisenmanagement, Coaching und Supervision.","breadcrumb":{"@id":"https:\/\/stiftung-ts.de\/sts\/ueber-uns\/beratungsstelle-gunzenhausen\/#breadcrumb"},"inLanguage":"de","potentialAction":[{"@type":"ReadAction","target":["https:\/\/stiftung-ts.de\/sts\/ueber-uns\/beratungsstelle-gunzenhausen\/"]}]},{"@type":"ImageObject","inLanguage":"de","@id":"https:\/\/stiftung-ts.de\/sts\/ueber-uns\/beratungsstelle-gunzenhausen\/#primaryimage","url":"https:\/\/stiftung-ts.de\/sts\/wp-content\/uploads\/2022\/05\/Beratungsstelle-scaled.jpg","contentUrl":"https:\/\/stiftung-ts.de\/sts\/wp-content\/uploads\/2022\/05\/Beratungsstelle-scaled.jpg","width":2560,"height":1229,"caption":"Beratungsstelle"},{"@type":"BreadcrumbList","@id":"https:\/\/stiftung-ts.de\/sts\/ueber-uns\/beratungsstelle-gunzenhausen\/#breadcrumb","itemListElement":[{"@type":"ListItem","position":1,"name":"Startseite","item":"https:\/\/stiftung-ts.de\/sts\/"},{"@type":"ListItem","position":2,"name":"\u00dcber uns","item":"https:\/\/stiftung-ts.de\/sts\/ueber-uns\/"},{"@type":"ListItem","position":3,"name":"Beratungsstelle"}]},{"@type":"WebSite","@id":"https:\/\/stiftung-ts.de\/sts\/#website","url":"https:\/\/stiftung-ts.de\/sts\/","name":"Stiftung TS","description":"","publisher":{"@id":"https:\/\/stiftung-ts.de\/sts\/#organization"},"potentialAction":[{"@type":"SearchAction","target":{"@type":"EntryPoint","urlTemplate":"https:\/\/stiftung-ts.de\/sts\/?s={search_term_string}"},"query-input":{"@type":"PropertyValueSpecification","valueRequired":true,"valueName":"search_term_string"}}],"inLanguage":"de"},{"@type":"Organization","@id":"https:\/\/stiftung-ts.de\/sts\/#organization","name":"Stiftung TS","url":"https:\/\/stiftung-ts.de\/sts\/","logo":{"@type":"ImageObject","inLanguage":"de","@id":"https:\/\/stiftung-ts.de\/sts\/#\/schema\/logo\/image\/","url":"https:\/\/stiftung-ts.de\/sts\/wp-content\/uploads\/2021\/04\/Logo_Stiftung-TS_512-rund.png","contentUrl":"https:\/\/stiftung-ts.de\/sts\/wp-content\/uploads\/2021\/04\/Logo_Stiftung-TS_512-rund.png","width":512,"height":512,"caption":"Stiftung TS"},"image":{"@id":"https:\/\/stiftung-ts.de\/sts\/#\/schema\/logo\/image\/"},"sameAs":["https:\/\/www.facebook.com\/therapeutische.seelsorge"]}]}},"_links":{"self":[{"href":"https:\/\/stiftung-ts.de\/sts\/wp-json\/wp\/v2\/pages\/3941","targetHints":{"allow":["GET"]}}],"collection":[{"href":"https:\/\/stiftung-ts.de\/sts\/wp-json\/wp\/v2\/pages"}],"about":[{"href":"https:\/\/stiftung-ts.de\/sts\/wp-json\/wp\/v2\/types\/page"}],"author":[{"embeddable":true,"href":"https:\/\/stiftung-ts.de\/sts\/wp-json\/wp\/v2\/users\/1"}],"replies":[{"embeddable":true,"href":"https:\/\/stiftung-ts.de\/sts\/wp-json\/wp\/v2\/comments?post=3941"}],"version-history":[{"count":1,"href":"https:\/\/stiftung-ts.de\/sts\/wp-json\/wp\/v2\/pages\/3941\/revisions"}],"predecessor-version":[{"id":7355,"href":"https:\/\/stiftung-ts.de\/sts\/wp-json\/wp\/v2\/pages\/3941\/revisions\/7355"}],"up":[{"embeddable":true,"href":"https:\/\/stiftung-ts.de\/sts\/wp-json\/wp\/v2\/pages\/725"}],"wp:attachment":[{"href":"https:\/\/stiftung-ts.de\/sts\/wp-json\/wp\/v2\/media?parent=3941"}],"curies":[{"name":"wp","href":"https:\/\/api.w.org\/{rel}","templated":true}]}}