{"id":3915,"date":"2022-01-11T18:46:33","date_gmt":"2022-01-11T17:46:33","guid":{"rendered":"https:\/\/stiftung-ts.de\/sts\/?page_id=3915"},"modified":"2025-08-27T14:07:36","modified_gmt":"2025-08-27T12:07:36","slug":"die-geburtsstunde-der-stiftung-therapeutische-seelsorge","status":"publish","type":"page","link":"https:\/\/stiftung-ts.de\/sts\/ueber-uns\/die-geburtsstunde-der-stiftung-therapeutische-seelsorge\/","title":{"rendered":"Die Geburtsstunde der Stiftung Therapeutische Seelsorge"},"content":{"rendered":"\n<h2 class=\"wp-block-heading\">Wie alles begann<\/h2>\n\n\n\n<p><strong>Michael H\u00fcbner erz\u00e4hlt, wie alles begann<\/strong><\/p>\n\n\n\n<p>Da sitze ich, nassgeschwitzt und \u201efr\u00f6hlich fertig\u201c. Habe ja auch das letzte gegeben f\u00fcr diese Bande. Die Kinder haben den Raum verlassen. Noch alles schnell aufr\u00e4umen und vorbereiten f\u00fcr Morgen. Dann geht die Kinderwoche weiter. Aber was ist das? Es kommt aus einer Ecke: \u201eHerr H\u00fcbner, hast Du noch mal Zeit f\u00fcr mich?\u201c Ein Junge, \u2013 ich nenne ihn Jens, stand da vor mir. \u201eWas ist denn?\u201c \u201eIch muss Dir was sagen\u2026\u201c<\/p>\n\n\n\n<p>Wir setzen uns zusammen in einem Nebenraum. Mit entschiedener Klarheit platzt es aus ihm: \u201ePapa haut uns immer, sobald Mama fortgeht, und wir Kinder m\u00fcssen uns verstecken\u2026\u201c Dann h\u00f6re ich aus dem Munde dieses 11j\u00e4hrigen dramatische Familiensituationen, die mich geradezu umhauen. Ein wenig hilflos lade ich ihn zum n\u00e4chsten Tag ein: \u201eKomm doch mal mit deiner Mama!\u201c Und tats\u00e4chlich kommt er: \u201eMama, du setzt dich bitte da hin und ich hier\u201c. Er weist entschlossen auf den Platz gegen\u00fcber am Tisch. Ich sitze wie zum Schutz zwischen beiden. Beherzt schaut er seine Mutter an. Nun erlebe ich einen Jungen, wie er, \u2013 zum ersten Mal, wie ich sp\u00e4ter h\u00f6re, \u2013 seiner Mutter schaurige Familienereignisse mit seinem Vater erz\u00e4hlt. Diese ist mit Tr\u00e4nen in den Augen, sprachlos und v\u00f6llig am Ende. Und ich sehe mich selbst als ziemlich hilflos. Eines ist mir klar, \u2013 hier wird akut Hilfe gebraucht.<\/p>\n\n\n\n<p>Diese und \u00e4hnliche seelsorgliche Begegnungen lie\u00dfen mich als jungen Mann nicht los. Als Kinderevangelist konnte ich wohl zu einem Weg mit Jesus ermutigen. Aber bei solchen Problemen war ich am Ende. Wirklich?<\/p>\n\n\n\n<p>Heute sage ich: Hier war eigentlich der Anfang. Als ich diesen Jens etwa 20 Jahre sp\u00e4ter als jungen Familienvater wiedersah, konnte ich ihm sagen: \u201eDiese Stunde und dein kindlicher, aber entschlossener Mut waren die Geburtsstunde der Stiftung Therapeutische Seelsorge\u201c. Und Jens sagte mir, wie Jesus zu ihm in der Kinderwoche gesprochen und solchen Mut gegeben hatte.<\/p>\n\n\n\n<p>Angefangen mit einem brennenden Herzen f\u00fcr Ehen und Familien, machten meine Frau und ich uns 1988 auf den Weg. Mutige Vorst\u00e4nde des Bayerischen Jugendverbandes \u201eEntschieden f\u00fcr Christus\u201c (EC) e.V. und hunderte williger Spender erm\u00f6glichten, was wir nie zu tr\u00e4umen wagten.  <\/p>\n\n\n\n<figure class=\"wp-block-image\"><img loading=\"lazy\" decoding=\"async\" width=\"300\" height=\"300\" src=\"https:\/\/stiftung-ts.de\/sts\/wp-content\/uploads\/2021\/11\/MichaelUtina_Huebner_rund-300x300.png\" alt=\"\" class=\"wp-image-3814\" srcset=\"https:\/\/stiftung-ts.de\/sts\/wp-content\/uploads\/2021\/11\/MichaelUtina_Huebner_rund-300x300.png 300w, https:\/\/stiftung-ts.de\/sts\/wp-content\/uploads\/2021\/11\/MichaelUtina_Huebner_rund-150x150.png 150w, https:\/\/stiftung-ts.de\/sts\/wp-content\/uploads\/2021\/11\/MichaelUtina_Huebner_rund-90x90.png 90w, https:\/\/stiftung-ts.de\/sts\/wp-content\/uploads\/2021\/11\/MichaelUtina_Huebner_rund-360x360.png 360w, https:\/\/stiftung-ts.de\/sts\/wp-content\/uploads\/2021\/11\/MichaelUtina_Huebner_rund-64x64.png 64w, https:\/\/stiftung-ts.de\/sts\/wp-content\/uploads\/2021\/11\/MichaelUtina_Huebner_rund.png 497w\" sizes=\"auto, (max-width: 300px) 100vw, 300px\" \/><figcaption class=\"wp-element-caption\">Dr. Michael und Utina H\u00fcbner<\/figcaption><\/figure>\n","protected":false},"excerpt":{"rendered":"<p>Wie alles begann Michael H\u00fcbner erz\u00e4hlt, wie alles begann Da sitze ich, nassgeschwitzt und \u201efr\u00f6hlich fertig\u201c. Habe ja auch das letzte gegeben f\u00fcr diese Bande. Die Kinder haben den Raum verlassen. Noch alles schnell aufr\u00e4umen und vorbereiten f\u00fcr Morgen. Dann geht die Kinderwoche weiter. Aber was ist das? Es kommt aus einer Ecke: \u201eHerr H\u00fcbner,<\/p>\n","protected":false},"author":1,"featured_media":0,"parent":725,"menu_order":0,"comment_status":"closed","ping_status":"closed","template":"page-fullwidth.php","meta":{"footnotes":""},"class_list":["post-3915","page","type-page","status-publish","hentry"],"yoast_head":"<!-- This site is optimized with the Yoast SEO plugin v27.3 - https:\/\/yoast.com\/product\/yoast-seo-wordpress\/ -->\n<title>Die Geburtsstunde der Stiftung Therapeutische Seelsorge - Stiftung TS<\/title>\n<meta name=\"description\" content=\"Michael H\u00fcbner erz\u00e4hlt wie alles begann\" \/>\n<meta name=\"robots\" content=\"noindex, nofollow\" \/>\n<meta property=\"og:locale\" content=\"de_DE\" \/>\n<meta property=\"og:type\" content=\"article\" \/>\n<meta property=\"og:title\" content=\"Die Geburtsstunde der Stiftung Therapeutische Seelsorge - Stiftung TS\" \/>\n<meta property=\"og:description\" content=\"Michael H\u00fcbner erz\u00e4hlt wie alles begann\" \/>\n<meta property=\"og:url\" content=\"https:\/\/stiftung-ts.de\/sts\/ueber-uns\/die-geburtsstunde-der-stiftung-therapeutische-seelsorge\/\" \/>\n<meta property=\"og:site_name\" content=\"Stiftung TS\" \/>\n<meta property=\"article:publisher\" content=\"https:\/\/www.facebook.com\/therapeutische.seelsorge\" \/>\n<meta property=\"article:modified_time\" content=\"2025-08-27T12:07:36+00:00\" \/>\n<meta property=\"og:image\" content=\"https:\/\/stiftung-ts.de\/sts\/wp-content\/uploads\/2021\/11\/MichaelUtina_Huebner_rund.png\" \/>\n\t<meta property=\"og:image:width\" content=\"497\" \/>\n\t<meta property=\"og:image:height\" content=\"498\" \/>\n\t<meta property=\"og:image:type\" content=\"image\/png\" \/>\n<meta name=\"twitter:card\" content=\"summary_large_image\" \/>\n<meta name=\"twitter:label1\" content=\"Gesch\u00e4tzte Lesezeit\" \/>\n\t<meta name=\"twitter:data1\" content=\"3\u00a0Minuten\" \/>\n<script type=\"application\/ld+json\" class=\"yoast-schema-graph\">{\"@context\":\"https:\\\/\\\/schema.org\",\"@graph\":[{\"@type\":\"WebPage\",\"@id\":\"https:\\\/\\\/stiftung-ts.de\\\/sts\\\/ueber-uns\\\/die-geburtsstunde-der-stiftung-therapeutische-seelsorge\\\/\",\"url\":\"https:\\\/\\\/stiftung-ts.de\\\/sts\\\/ueber-uns\\\/die-geburtsstunde-der-stiftung-therapeutische-seelsorge\\\/\",\"name\":\"Die Geburtsstunde der Stiftung Therapeutische Seelsorge - Stiftung TS\",\"isPartOf\":{\"@id\":\"https:\\\/\\\/stiftung-ts.de\\\/sts\\\/#website\"},\"primaryImageOfPage\":{\"@id\":\"https:\\\/\\\/stiftung-ts.de\\\/sts\\\/ueber-uns\\\/die-geburtsstunde-der-stiftung-therapeutische-seelsorge\\\/#primaryimage\"},\"image\":{\"@id\":\"https:\\\/\\\/stiftung-ts.de\\\/sts\\\/ueber-uns\\\/die-geburtsstunde-der-stiftung-therapeutische-seelsorge\\\/#primaryimage\"},\"thumbnailUrl\":\"https:\\\/\\\/stiftung-ts.de\\\/sts\\\/wp-content\\\/uploads\\\/2021\\\/11\\\/MichaelUtina_Huebner_rund-300x300.png\",\"datePublished\":\"2022-01-11T17:46:33+00:00\",\"dateModified\":\"2025-08-27T12:07:36+00:00\",\"description\":\"Michael H\u00fcbner erz\u00e4hlt wie alles begann\",\"breadcrumb\":{\"@id\":\"https:\\\/\\\/stiftung-ts.de\\\/sts\\\/ueber-uns\\\/die-geburtsstunde-der-stiftung-therapeutische-seelsorge\\\/#breadcrumb\"},\"inLanguage\":\"de\",\"potentialAction\":[{\"@type\":\"ReadAction\",\"target\":[\"https:\\\/\\\/stiftung-ts.de\\\/sts\\\/ueber-uns\\\/die-geburtsstunde-der-stiftung-therapeutische-seelsorge\\\/\"]}]},{\"@type\":\"ImageObject\",\"inLanguage\":\"de\",\"@id\":\"https:\\\/\\\/stiftung-ts.de\\\/sts\\\/ueber-uns\\\/die-geburtsstunde-der-stiftung-therapeutische-seelsorge\\\/#primaryimage\",\"url\":\"https:\\\/\\\/stiftung-ts.de\\\/sts\\\/wp-content\\\/uploads\\\/2021\\\/11\\\/MichaelUtina_Huebner_rund.png\",\"contentUrl\":\"https:\\\/\\\/stiftung-ts.de\\\/sts\\\/wp-content\\\/uploads\\\/2021\\\/11\\\/MichaelUtina_Huebner_rund.png\",\"width\":497,\"height\":498},{\"@type\":\"BreadcrumbList\",\"@id\":\"https:\\\/\\\/stiftung-ts.de\\\/sts\\\/ueber-uns\\\/die-geburtsstunde-der-stiftung-therapeutische-seelsorge\\\/#breadcrumb\",\"itemListElement\":[{\"@type\":\"ListItem\",\"position\":1,\"name\":\"Startseite\",\"item\":\"https:\\\/\\\/stiftung-ts.de\\\/sts\\\/\"},{\"@type\":\"ListItem\",\"position\":2,\"name\":\"\u00dcber uns\",\"item\":\"https:\\\/\\\/stiftung-ts.de\\\/sts\\\/ueber-uns\\\/\"},{\"@type\":\"ListItem\",\"position\":3,\"name\":\"Die Geburtsstunde der Stiftung Therapeutische Seelsorge\"}]},{\"@type\":\"WebSite\",\"@id\":\"https:\\\/\\\/stiftung-ts.de\\\/sts\\\/#website\",\"url\":\"https:\\\/\\\/stiftung-ts.de\\\/sts\\\/\",\"name\":\"Stiftung TS\",\"description\":\"\",\"publisher\":{\"@id\":\"https:\\\/\\\/stiftung-ts.de\\\/sts\\\/#organization\"},\"potentialAction\":[{\"@type\":\"SearchAction\",\"target\":{\"@type\":\"EntryPoint\",\"urlTemplate\":\"https:\\\/\\\/stiftung-ts.de\\\/sts\\\/?s={search_term_string}\"},\"query-input\":{\"@type\":\"PropertyValueSpecification\",\"valueRequired\":true,\"valueName\":\"search_term_string\"}}],\"inLanguage\":\"de\"},{\"@type\":\"Organization\",\"@id\":\"https:\\\/\\\/stiftung-ts.de\\\/sts\\\/#organization\",\"name\":\"Stiftung TS\",\"url\":\"https:\\\/\\\/stiftung-ts.de\\\/sts\\\/\",\"logo\":{\"@type\":\"ImageObject\",\"inLanguage\":\"de\",\"@id\":\"https:\\\/\\\/stiftung-ts.de\\\/sts\\\/#\\\/schema\\\/logo\\\/image\\\/\",\"url\":\"https:\\\/\\\/stiftung-ts.de\\\/sts\\\/wp-content\\\/uploads\\\/2021\\\/04\\\/Logo_Stiftung-TS_512-rund.png\",\"contentUrl\":\"https:\\\/\\\/stiftung-ts.de\\\/sts\\\/wp-content\\\/uploads\\\/2021\\\/04\\\/Logo_Stiftung-TS_512-rund.png\",\"width\":512,\"height\":512,\"caption\":\"Stiftung TS\"},\"image\":{\"@id\":\"https:\\\/\\\/stiftung-ts.de\\\/sts\\\/#\\\/schema\\\/logo\\\/image\\\/\"},\"sameAs\":[\"https:\\\/\\\/www.facebook.com\\\/therapeutische.seelsorge\"]}]}<\/script>\n<!-- \/ Yoast SEO plugin. -->","yoast_head_json":{"title":"Die Geburtsstunde der Stiftung Therapeutische Seelsorge - Stiftung TS","description":"Michael H\u00fcbner erz\u00e4hlt wie alles begann","robots":{"index":"noindex","follow":"nofollow"},"og_locale":"de_DE","og_type":"article","og_title":"Die Geburtsstunde der Stiftung Therapeutische Seelsorge - Stiftung TS","og_description":"Michael H\u00fcbner erz\u00e4hlt wie alles begann","og_url":"https:\/\/stiftung-ts.de\/sts\/ueber-uns\/die-geburtsstunde-der-stiftung-therapeutische-seelsorge\/","og_site_name":"Stiftung TS","article_publisher":"https:\/\/www.facebook.com\/therapeutische.seelsorge","article_modified_time":"2025-08-27T12:07:36+00:00","og_image":[{"width":497,"height":498,"url":"https:\/\/stiftung-ts.de\/sts\/wp-content\/uploads\/2021\/11\/MichaelUtina_Huebner_rund.png","type":"image\/png"}],"twitter_card":"summary_large_image","twitter_misc":{"Gesch\u00e4tzte Lesezeit":"3\u00a0Minuten"},"schema":{"@context":"https:\/\/schema.org","@graph":[{"@type":"WebPage","@id":"https:\/\/stiftung-ts.de\/sts\/ueber-uns\/die-geburtsstunde-der-stiftung-therapeutische-seelsorge\/","url":"https:\/\/stiftung-ts.de\/sts\/ueber-uns\/die-geburtsstunde-der-stiftung-therapeutische-seelsorge\/","name":"Die Geburtsstunde der Stiftung Therapeutische Seelsorge - Stiftung TS","isPartOf":{"@id":"https:\/\/stiftung-ts.de\/sts\/#website"},"primaryImageOfPage":{"@id":"https:\/\/stiftung-ts.de\/sts\/ueber-uns\/die-geburtsstunde-der-stiftung-therapeutische-seelsorge\/#primaryimage"},"image":{"@id":"https:\/\/stiftung-ts.de\/sts\/ueber-uns\/die-geburtsstunde-der-stiftung-therapeutische-seelsorge\/#primaryimage"},"thumbnailUrl":"https:\/\/stiftung-ts.de\/sts\/wp-content\/uploads\/2021\/11\/MichaelUtina_Huebner_rund-300x300.png","datePublished":"2022-01-11T17:46:33+00:00","dateModified":"2025-08-27T12:07:36+00:00","description":"Michael H\u00fcbner erz\u00e4hlt wie alles begann","breadcrumb":{"@id":"https:\/\/stiftung-ts.de\/sts\/ueber-uns\/die-geburtsstunde-der-stiftung-therapeutische-seelsorge\/#breadcrumb"},"inLanguage":"de","potentialAction":[{"@type":"ReadAction","target":["https:\/\/stiftung-ts.de\/sts\/ueber-uns\/die-geburtsstunde-der-stiftung-therapeutische-seelsorge\/"]}]},{"@type":"ImageObject","inLanguage":"de","@id":"https:\/\/stiftung-ts.de\/sts\/ueber-uns\/die-geburtsstunde-der-stiftung-therapeutische-seelsorge\/#primaryimage","url":"https:\/\/stiftung-ts.de\/sts\/wp-content\/uploads\/2021\/11\/MichaelUtina_Huebner_rund.png","contentUrl":"https:\/\/stiftung-ts.de\/sts\/wp-content\/uploads\/2021\/11\/MichaelUtina_Huebner_rund.png","width":497,"height":498},{"@type":"BreadcrumbList","@id":"https:\/\/stiftung-ts.de\/sts\/ueber-uns\/die-geburtsstunde-der-stiftung-therapeutische-seelsorge\/#breadcrumb","itemListElement":[{"@type":"ListItem","position":1,"name":"Startseite","item":"https:\/\/stiftung-ts.de\/sts\/"},{"@type":"ListItem","position":2,"name":"\u00dcber uns","item":"https:\/\/stiftung-ts.de\/sts\/ueber-uns\/"},{"@type":"ListItem","position":3,"name":"Die Geburtsstunde der Stiftung Therapeutische Seelsorge"}]},{"@type":"WebSite","@id":"https:\/\/stiftung-ts.de\/sts\/#website","url":"https:\/\/stiftung-ts.de\/sts\/","name":"Stiftung TS","description":"","publisher":{"@id":"https:\/\/stiftung-ts.de\/sts\/#organization"},"potentialAction":[{"@type":"SearchAction","target":{"@type":"EntryPoint","urlTemplate":"https:\/\/stiftung-ts.de\/sts\/?s={search_term_string}"},"query-input":{"@type":"PropertyValueSpecification","valueRequired":true,"valueName":"search_term_string"}}],"inLanguage":"de"},{"@type":"Organization","@id":"https:\/\/stiftung-ts.de\/sts\/#organization","name":"Stiftung TS","url":"https:\/\/stiftung-ts.de\/sts\/","logo":{"@type":"ImageObject","inLanguage":"de","@id":"https:\/\/stiftung-ts.de\/sts\/#\/schema\/logo\/image\/","url":"https:\/\/stiftung-ts.de\/sts\/wp-content\/uploads\/2021\/04\/Logo_Stiftung-TS_512-rund.png","contentUrl":"https:\/\/stiftung-ts.de\/sts\/wp-content\/uploads\/2021\/04\/Logo_Stiftung-TS_512-rund.png","width":512,"height":512,"caption":"Stiftung TS"},"image":{"@id":"https:\/\/stiftung-ts.de\/sts\/#\/schema\/logo\/image\/"},"sameAs":["https:\/\/www.facebook.com\/therapeutische.seelsorge"]}]}},"_links":{"self":[{"href":"https:\/\/stiftung-ts.de\/sts\/wp-json\/wp\/v2\/pages\/3915","targetHints":{"allow":["GET"]}}],"collection":[{"href":"https:\/\/stiftung-ts.de\/sts\/wp-json\/wp\/v2\/pages"}],"about":[{"href":"https:\/\/stiftung-ts.de\/sts\/wp-json\/wp\/v2\/types\/page"}],"author":[{"embeddable":true,"href":"https:\/\/stiftung-ts.de\/sts\/wp-json\/wp\/v2\/users\/1"}],"replies":[{"embeddable":true,"href":"https:\/\/stiftung-ts.de\/sts\/wp-json\/wp\/v2\/comments?post=3915"}],"version-history":[{"count":0,"href":"https:\/\/stiftung-ts.de\/sts\/wp-json\/wp\/v2\/pages\/3915\/revisions"}],"up":[{"embeddable":true,"href":"https:\/\/stiftung-ts.de\/sts\/wp-json\/wp\/v2\/pages\/725"}],"wp:attachment":[{"href":"https:\/\/stiftung-ts.de\/sts\/wp-json\/wp\/v2\/media?parent=3915"}],"curies":[{"name":"wp","href":"https:\/\/api.w.org\/{rel}","templated":true}]}}