{"id":3686,"date":"2021-09-13T12:13:24","date_gmt":"2021-09-13T10:13:24","guid":{"rendered":"https:\/\/stiftung-ts.de\/sts\/?page_id=3686"},"modified":"2025-08-27T14:55:59","modified_gmt":"2025-08-27T12:55:59","slug":"newsletter-abonnieren","status":"publish","type":"page","link":"https:\/\/stiftung-ts.de\/sts\/newsletter-abonnieren\/","title":{"rendered":"Newsletter abonnieren"},"content":{"rendered":"\n<h2 class=\"wp-block-heading\">Newsletter abonnieren<\/h2>\n\n\n\n<div style=\"height:30px\" aria-hidden=\"true\" class=\"wp-block-spacer\"><\/div>\n\n\n\n<script>\nfunction loadjQuery(e,t){var n=document.createElement(\"script\");n.setAttribute(\"src\",e);n.onload=t;n.onreadystatechange=function(){if(this.readyState==\"complete\"||this.readyState==\"loaded\")t()};document.getElementsByTagName(\"head\")[0].appendChild(n)}function main(){\nvar $cr=jQuery.noConflict();var old_src;$cr(document).ready(function(){$cr(\".cr_form\").submit(function(){$cr(this).find('.clever_form_error').removeClass('clever_form_error');$cr(this).find('.clever_form_note').remove();$cr(this).find(\".musthave\").find('input, textarea').each(function(){if(jQuery.trim($cr(this).val())==\"\"||($cr(this).is(':checkbox'))||($cr(this).is(':radio'))){if($cr(this).is(':checkbox')||($cr(this).is(':radio'))){if(!$cr(this).parents(\".cr_ipe_item\").find(\":checked\").is(\":checked\")){$cr(this).parents(\".cr_ipe_item\").addClass('clever_form_error')}}else{$cr(this).addClass('clever_form_error')}}});if($cr(this).attr(\"action\").search(document.domain)>0&&$cr(\".cr_form\").attr(\"action\").search(\"wcs\")>0){var cr_email=$cr(this).find('input[name=email]');var unsub=false;if($cr(\"input['name=cr_subunsubscribe'][value='false']\").length){if($cr(\"input['name=cr_subunsubscribe'][value='false']\").is(\":checked\")){unsub=true}}if(cr_email.val()&&!unsub){$cr.ajax({type:\"GET\",url:$cr(\".cr_form\").attr(\"action\").replace(\"wcs\",\"check_email\")+window.btoa($cr(this).find('input[name=email]').val()),success:function(data){if(data){cr_email.addClass('clever_form_error').before(\"<div class='clever_form_note cr_font'>\"+data+\"<\/div>\");return false}},async:false})}var cr_captcha=$cr(this).find('input[name=captcha]');if(cr_captcha.val()){$cr.ajax({type:\"GET\",url:$cr(\".cr_form\").attr(\"action\").replace(\"wcs\",\"check_captcha\")+$cr(this).find('input[name=captcha]').val(),success:function(data){if(data){cr_captcha.addClass('clever_form_error').after(\"<div style='display:block' class='clever_form_note cr_font'>\"+data+\"<\/div>\");return false}},async:false})}}if($cr(this).find('.clever_form_error').length){return false}return true});$cr('input[class*=\"cr_number\"]').change(function(){if(isNaN($cr(this).val())){$cr(this).val(1)}if($cr(this).attr(\"min\")){if(($cr(this).val()*1)<($cr(this).attr(\"min\")*1)){$cr(this).val($cr(this).attr(\"min\"))}}if($cr(this).attr(\"max\")){if(($cr(this).val()*1)>($cr(this).attr(\"max\")*1)){$cr(this).val($cr(this).attr(\"max\"))}}});old_src=$cr(\"div[rel='captcha'] img:not(.captcha2_reload)\").attr(\"src\");if($cr(\"div[rel='captcha'] img:not(.captcha2_reload)\").length!=0){captcha_reload()}});function captcha_reload(){var timestamp=new Date().getTime();$cr(\"div[rel='captcha'] img:not(.captcha2_reload)\").attr(\"src\",\"\");$cr(\"div[rel='captcha'] img:not(.captcha2_reload)\").attr(\"src\",old_src+\"?t=\"+timestamp);return false}\n\n}\nif(typeof jQuery===\"undefined\"){loadjQuery(\"\/\/ajax.googleapis.com\/ajax\/libs\/jquery\/1.4.4\/jquery.min.js\",main)}else{main()}\n\n<\/script>\n\n\n<style>\n* {box-sizing: border-box;}\n.cr-mail-responsive, .cr-mail-responsive * {box-sizing: unset;}\n.cr_site{margin:0;padding:75px 0 0 0;text-align:center;background-color:#eeeeee;}\n.cr_font{font-size: 14px;font-family: Arial;}\n.cr_page{width: 100% !important;max-width:640px}\n.cr_body{box-shadow: 0px 0px 14px 0px rgba(51,51,51,0.4);border-radius:8px;line-height:150%;font-family:Helvetica;font-size:12px;color:#333333;}\n.cr_body h2, .cr_header h2{font-size:22px;line-height:28px;margin:0 0 10px 0;}\n.cr_body h1, .cr_header h2{font-size:28px;margin-bottom:15px;padding:0;margin-top:0;}\n.wrapper, .cr_page{margin:0 auto 10px auto;text-align:left;}\n.cr_header{text-align:center;background: transparent !Important;}\n.cr_header img {max-width: 100%;}\n.cr_body label, .cr_body .label{float:none;clear:both;display:inline-block;width:auto;margin-top:8px;text-align:left;font-weight:bold;position:relative;}\n.cr_body .no-label{font-weight: normal;}\n.cr_body #editable_content{padding:20px;}\n.editable-content {padding:20px}\n.cr_button{display:inline-block;font-family:'Helvetica', Arial, sans-serif;width:auto;white-space:nowrap;height:32px;margin:5px 0;padding:0 22px;text-decoration:none;text-align:center;font-weight:bold;font-style:normal;font-size:15px;line-height:32px;cursor:pointer;border:0;-moz-border-radius:4px;border-radius:4px;-webkit-border-radius:4px;vertical-align:top;}\n.cr_button{background-color:#333;color:#ffffff;}\n.cr_button:hover,.cr_button-small:hover{opacity:0.7;filter:alpha(opacity=70);}\n.powered{padding:20px 0;width:560px;margin:0 auto;}\n.cr_ipe_item label{line-height:150%;font-size:14px;}\n.cr_ipe_item textarea{background: none repeat scroll 0 0 #ffffff;border-radius:3px;border: 1px solid #ccc;font-family: Helvetica;font-size: 16px;}\n.cr_ipe_item input{background: none repeat scroll 0 0 #ffffff;border-radius:3px;border: 1px solid #ccc;padding: 12px;font-family: Helvetica;font-size: 16px;}\n.cr_ipe_item select{background: none repeat scroll 0 0 #ffffff;border-radius:3px;border: 1px solid #ccc;padding: 12px !Important;display: block;margin: 0;padding: 5px;width: 100%;font-family: Helvetica;font-size: 16px;}\n.cr_ipe_item input.cr_ipe_radio, input.cr_ipe_checkbox{-moz-binding: none;-moz-box-sizing: border-box;background-color: -moz-field !important;border: 2px inset ThreeDFace !important;color: -moz-fieldtext !important;cursor: default;height: 13px;padding: 0 !important;width: 13px;}\n.cr_ipe_item input.cr_ipe_radio{-moz-appearance: radio;border-radius: 100% 100% 100% 100% !important;margin: 3px 3px 0 5px;}\n.cr_ipe_item{margin: 0px 10px; padding: 0px 10px;}\n.submit_container{text-align:center}\n.cr_ipe_item.inactive{display:none;}\n.imprint{font-size:0.8em;}\n.cr_captcha{padding-left:130px;}\n.cr_error{font-size:1.1em;padding:10px;}\n.clever_form_error{background-color:#f99; color:#000; border:1px solid #f22 !important}\n.clever_form_note {margin:26px 0 0 3px;position:absolute;display:inline; padding: 2px 4px; font-weight:bold;background-color:#f2ecb5; color:#000; font-size:12px !important;  }\n.cr_form-flex{display: flex;}\n.cr_form-flex>.cr_form-inputgroup{flex-grow:1;margin-right: 5px;}\n.cr_form-flex>.cr_form-inputgroup:last-child{margin-right: 0px;}\n.cr_form-flex input{width:100%;}\n\n.cr_site {background-color:#eee;}\n.cr_header {color:#000000;}\n.cr_body {background-color:#ffffff;font-size:12px;color:#000000;}\n.cr_hr {background-color:#ccc;}\n.cr_site a {color:#0084ff;}\n.imprint{color:#000;}\n\n<\/style>\n\n\n<style id=\"style\">\n.cr_site {background-color:#f0f0f0;}\n.cr_header {color:#3b3b3b;}\n.cr_body {background-color:#ffffff;font-size:12px;color:#000000;}\n.cr_hr {background-color:#ccc;}\n.cr_site a {color:#0074be;}\n.imprint {color:#3b3b3b;}\n.cr_page {width:auto;max-width:640px;}\n.cr_font {color:#212529;}\n.cr_button {background-color:#0074be; margin-bottom: 32px}\n\n<\/style>\n\n\n\n<form class=\"layout_form cr_form cr_font\" action=\"https:\/\/seu2.cleverreach.com\/f\/310614-321480\/wcs\/\" method=\"post\" target=\"_blank\">\n\t<div class=\"cr_body cr_page cr_font formbox\">\n\t\t<div class=\"non_sortable\" style=\"text-align:left;\">\n\t\t\t\n\t\t<\/div>\n\t\t\n\t\t<div class=\"editable_content\" style=\"text-align:left;\">\n\t\t<div id=\"7170217\" rel=\"mce_text\" class=\"cr_ipe_item ui-sortable\">\n    <div class=\"mce_text\"><p><span style=\"font-size: x-large;\" mce_style=\"font-size: x-large;\"><br>Anmeldung zum Newsletter Stiftung TS<br><\/span><\/p><\/div>\n    <\/div><div id=\"8731008\" rel=\"mce_text\" class=\"cr_ipe_item ui-sortable\">\n    <div class=\"mce_text\"><p><span style=\"font-size: medium;\" mce_style=\"font-size: medium;\">Gern schicken wir Ihnen unseren Newsletter regelm\u00e4\u00dfig kostenlos und unverbindlich per E-Mail zu.<\/span><\/p><p><span style=\"font-size: medium;\" mce_style=\"font-size: medium;\">In jedem Newsletter finden Sie die M\u00f6glichkeit, dieses Abonnement sofort zu beenden.<\/span><\/p><\/div>\n    <\/div><div id=\"7170142\" rel=\"text\" class=\"cr_form-component cr_form-component--text cr_ipe_item ui-sortable musthave\" style=\" margin-bottom:0px;\">\n    <div class=\"cr_form-inputgroup cr_form-inputgroup--typetext\">\n        <label for=\"cr_form-input--text7170142\" class=\"itemname\">Vorname*<\/label>\n        <input id=\"cr_form-input--text7170142\" class=\"cr_form-input\" type=\"text\" name=\"1048605\" placeholder=\"\" style=\"width:100%;\">\n    <\/div>\n<\/div>\n<div id=\"7170143\" rel=\"text\" class=\"cr_form-component cr_form-component--text cr_ipe_item ui-sortable musthave\" style=\" margin-bottom:0px;\">\n    <div class=\"cr_form-inputgroup cr_form-inputgroup--typetext\">\n        <label for=\"cr_form-input--text7170143\" class=\"itemname\">Name*<\/label>\n        <input id=\"cr_form-input--text7170143\" class=\"cr_form-input\" type=\"text\" name=\"1048606\" placeholder=\"\" style=\"width:100%;\">\n    <\/div>\n<\/div>\n<div id=\"7170100\" rel=\"email\" class=\"cr_form-component cr_form-component--email cr_ipe_item ui-sortable musthave\" style=\"margin-bottom:30px;\">\n    <div class=\"cr_form-inputgroup cr_form-inputgroup--typeemail\">\n        <label for=\"text7170100\">E-Mail*<\/label>\n        <input class=\"cr_form-input\" type=\"email\" id=\"text7170100\" name=\"email\" value=\"\" placeholder=\"name@example.com\" style=\"width:100%;\">\n    <\/div>\n<\/div><div id=\"7170186\" rel=\"checkbox\" class=\"cr_form-component cr_form-component--group cr_form-component--checkbox cr_ipe_item ui-sortable musthave\" style=\" margin-bottom:0px;\">\n    <span class=\"label cr_form-component--header\">Einwilligung*<\/span>\n\n    <div class=\"cr_form-component--group\">\n    \n        <!-- FIXME: Nebeneinander, nicht untereinander -->\n        <span class=\"cr_form-inputgroup cr_form-inputgroup--typecheckbox\">\n            <input id=\"Ich habe die Datenschutzerkl\u00e4rung und die Widerrufsm\u00f6glichkeit zur Kenntnis genommen und erkl\u00e4re mich damit einverstanden.7170186\" class=\"cr_form-checkbox cr_ipe_checkbox\" type=\"checkbox\" name=\"1048685[]\" value=\"Ich habe die Datenschutzerkl\u00e4rung und die Widerrufsm\u00f6glichkeit zur Kenntnis genommen und erkl\u00e4re mich damit einverstanden.\" >\n            <label class=\"no-label\" for=\"Ich habe die Datenschutzerkl\u00e4rung und die Widerrufsm\u00f6glichkeit zur Kenntnis genommen und erkl\u00e4re mich damit einverstanden.7170186\">Ich habe die Datenschutzerkl\u00e4rung und die Widerrufsm\u00f6glichkeit zur Kenntnis genommen und erkl\u00e4re mich damit einverstanden.<\/label>\n        <\/span>&nbsp;\n    \n    <\/div>\n<\/div>\n<div id=\"7170238\" rel=\"mce_text\" class=\"cr_ipe_item ui-sortable\">\n    <div class=\"mce_text\"><p><span style=\"font-size: small;\" mce_style=\"font-size: small;\">Link zur <a href=\"https:\/\/stiftung-ts.de\/sts\/datenschutzerklaerung-2\/\" mce_href=\"https:\/\/stiftung-ts.de\/sts\/datenschutzerklaerung-2\/\" target=\"_blank\" rel=\"noopener\">Datenschutzerkl\u00e4rung<\/a><\/span><\/p><p><span style=\"font-size: medium;\" mce_style=\"font-size: medium;\"><br><\/span><\/p><\/div>\n    <\/div><div id=\"7170102\" rel=\"button\" class=\"cr_form-component cr_form-component--submit cr_ipe_item ui-sortable  submit_container\">\n    <button type=\"submit\" class=\"cr_form-block cr_button\">Anmelden<\/button>\n<\/div>\n\n        <\/div>\n        \n\t<noscript><a href=\"https:\/\/www.cleverreach.com\/de-de\/\">www.CleverReach.de<\/a><\/noscript>\n    <\/div>\n\n    \n<\/form>\n\n\n\n<div style=\"height:30px\" aria-hidden=\"true\" class=\"wp-block-spacer\"><\/div>\n\n\n\n<p><\/p>\n","protected":false},"excerpt":{"rendered":"<p>Newsletter abonnieren Anmeldung zum Newsletter Stiftung TS Gern schicken wir Ihnen unseren Newsletter regelm\u00e4\u00dfig kostenlos und unverbindlich per E-Mail zu. In jedem Newsletter finden Sie die M\u00f6glichkeit, dieses Abonnement sofort zu beenden. Vorname* Name* E-Mail* Einwilligung* Ich habe die Datenschutzerkl\u00e4rung und die Widerrufsm\u00f6glichkeit zur Kenntnis genommen und erkl\u00e4re mich damit einverstanden. &nbsp; Link zur Datenschutzerkl\u00e4rung<\/p>\n","protected":false},"author":1,"featured_media":0,"parent":0,"menu_order":10,"comment_status":"closed","ping_status":"closed","template":"page-fullwidth.php","meta":{"footnotes":""},"class_list":["post-3686","page","type-page","status-publish","hentry"],"yoast_head":"<!-- This site is optimized with the Yoast SEO plugin v27.5 - https:\/\/yoast.com\/product\/yoast-seo-wordpress\/ -->\n<title>Newsletter abonnieren - Stiftung TS<\/title>\n<meta name=\"robots\" content=\"noindex, nofollow\" \/>\n<meta property=\"og:locale\" content=\"de_DE\" \/>\n<meta property=\"og:type\" content=\"article\" \/>\n<meta property=\"og:title\" content=\"Newsletter abonnieren - Stiftung TS\" \/>\n<meta property=\"og:description\" content=\"Newsletter abonnieren Anmeldung zum Newsletter Stiftung TS Gern schicken wir Ihnen unseren Newsletter regelm\u00e4\u00dfig kostenlos und unverbindlich per E-Mail zu. In jedem Newsletter finden Sie die M\u00f6glichkeit, dieses Abonnement sofort zu beenden. Vorname* Name* E-Mail* Einwilligung* Ich habe die Datenschutzerkl\u00e4rung und die Widerrufsm\u00f6glichkeit zur Kenntnis genommen und erkl\u00e4re mich damit einverstanden. &nbsp; Link zur Datenschutzerkl\u00e4rung\" \/>\n<meta property=\"og:url\" content=\"https:\/\/stiftung-ts.de\/sts\/newsletter-abonnieren\/\" \/>\n<meta property=\"og:site_name\" content=\"Stiftung TS\" \/>\n<meta property=\"article:publisher\" content=\"https:\/\/www.facebook.com\/therapeutische.seelsorge\" \/>\n<meta property=\"article:modified_time\" content=\"2025-08-27T12:55:59+00:00\" \/>\n<meta name=\"twitter:card\" content=\"summary_large_image\" \/>\n<meta name=\"twitter:label1\" content=\"Gesch\u00e4tzte Lesezeit\" \/>\n\t<meta name=\"twitter:data1\" content=\"1\u00a0Minute\" \/>\n<script type=\"application\/ld+json\" class=\"yoast-schema-graph\">{\"@context\":\"https:\\\/\\\/schema.org\",\"@graph\":[{\"@type\":\"WebPage\",\"@id\":\"https:\\\/\\\/stiftung-ts.de\\\/sts\\\/newsletter-abonnieren\\\/\",\"url\":\"https:\\\/\\\/stiftung-ts.de\\\/sts\\\/newsletter-abonnieren\\\/\",\"name\":\"Newsletter abonnieren - Stiftung TS\",\"isPartOf\":{\"@id\":\"https:\\\/\\\/stiftung-ts.de\\\/sts\\\/#website\"},\"datePublished\":\"2021-09-13T10:13:24+00:00\",\"dateModified\":\"2025-08-27T12:55:59+00:00\",\"breadcrumb\":{\"@id\":\"https:\\\/\\\/stiftung-ts.de\\\/sts\\\/newsletter-abonnieren\\\/#breadcrumb\"},\"inLanguage\":\"de\",\"potentialAction\":[{\"@type\":\"ReadAction\",\"target\":[\"https:\\\/\\\/stiftung-ts.de\\\/sts\\\/newsletter-abonnieren\\\/\"]}]},{\"@type\":\"BreadcrumbList\",\"@id\":\"https:\\\/\\\/stiftung-ts.de\\\/sts\\\/newsletter-abonnieren\\\/#breadcrumb\",\"itemListElement\":[{\"@type\":\"ListItem\",\"position\":1,\"name\":\"Startseite\",\"item\":\"https:\\\/\\\/stiftung-ts.de\\\/sts\\\/\"},{\"@type\":\"ListItem\",\"position\":2,\"name\":\"Newsletter abonnieren\"}]},{\"@type\":\"WebSite\",\"@id\":\"https:\\\/\\\/stiftung-ts.de\\\/sts\\\/#website\",\"url\":\"https:\\\/\\\/stiftung-ts.de\\\/sts\\\/\",\"name\":\"Stiftung TS\",\"description\":\"\",\"publisher\":{\"@id\":\"https:\\\/\\\/stiftung-ts.de\\\/sts\\\/#organization\"},\"potentialAction\":[{\"@type\":\"SearchAction\",\"target\":{\"@type\":\"EntryPoint\",\"urlTemplate\":\"https:\\\/\\\/stiftung-ts.de\\\/sts\\\/?s={search_term_string}\"},\"query-input\":{\"@type\":\"PropertyValueSpecification\",\"valueRequired\":true,\"valueName\":\"search_term_string\"}}],\"inLanguage\":\"de\"},{\"@type\":\"Organization\",\"@id\":\"https:\\\/\\\/stiftung-ts.de\\\/sts\\\/#organization\",\"name\":\"Stiftung TS\",\"url\":\"https:\\\/\\\/stiftung-ts.de\\\/sts\\\/\",\"logo\":{\"@type\":\"ImageObject\",\"inLanguage\":\"de\",\"@id\":\"https:\\\/\\\/stiftung-ts.de\\\/sts\\\/#\\\/schema\\\/logo\\\/image\\\/\",\"url\":\"https:\\\/\\\/stiftung-ts.de\\\/sts\\\/wp-content\\\/uploads\\\/2021\\\/04\\\/Logo_Stiftung-TS_512-rund.png\",\"contentUrl\":\"https:\\\/\\\/stiftung-ts.de\\\/sts\\\/wp-content\\\/uploads\\\/2021\\\/04\\\/Logo_Stiftung-TS_512-rund.png\",\"width\":512,\"height\":512,\"caption\":\"Stiftung TS\"},\"image\":{\"@id\":\"https:\\\/\\\/stiftung-ts.de\\\/sts\\\/#\\\/schema\\\/logo\\\/image\\\/\"},\"sameAs\":[\"https:\\\/\\\/www.facebook.com\\\/therapeutische.seelsorge\"]}]}<\/script>\n<!-- \/ Yoast SEO plugin. -->","yoast_head_json":{"title":"Newsletter abonnieren - Stiftung TS","robots":{"index":"noindex","follow":"nofollow"},"og_locale":"de_DE","og_type":"article","og_title":"Newsletter abonnieren - Stiftung TS","og_description":"Newsletter abonnieren Anmeldung zum Newsletter Stiftung TS Gern schicken wir Ihnen unseren Newsletter regelm\u00e4\u00dfig kostenlos und unverbindlich per E-Mail zu. In jedem Newsletter finden Sie die M\u00f6glichkeit, dieses Abonnement sofort zu beenden. Vorname* Name* E-Mail* Einwilligung* Ich habe die Datenschutzerkl\u00e4rung und die Widerrufsm\u00f6glichkeit zur Kenntnis genommen und erkl\u00e4re mich damit einverstanden. &nbsp; Link zur Datenschutzerkl\u00e4rung","og_url":"https:\/\/stiftung-ts.de\/sts\/newsletter-abonnieren\/","og_site_name":"Stiftung TS","article_publisher":"https:\/\/www.facebook.com\/therapeutische.seelsorge","article_modified_time":"2025-08-27T12:55:59+00:00","twitter_card":"summary_large_image","twitter_misc":{"Gesch\u00e4tzte Lesezeit":"1\u00a0Minute"},"schema":{"@context":"https:\/\/schema.org","@graph":[{"@type":"WebPage","@id":"https:\/\/stiftung-ts.de\/sts\/newsletter-abonnieren\/","url":"https:\/\/stiftung-ts.de\/sts\/newsletter-abonnieren\/","name":"Newsletter abonnieren - Stiftung TS","isPartOf":{"@id":"https:\/\/stiftung-ts.de\/sts\/#website"},"datePublished":"2021-09-13T10:13:24+00:00","dateModified":"2025-08-27T12:55:59+00:00","breadcrumb":{"@id":"https:\/\/stiftung-ts.de\/sts\/newsletter-abonnieren\/#breadcrumb"},"inLanguage":"de","potentialAction":[{"@type":"ReadAction","target":["https:\/\/stiftung-ts.de\/sts\/newsletter-abonnieren\/"]}]},{"@type":"BreadcrumbList","@id":"https:\/\/stiftung-ts.de\/sts\/newsletter-abonnieren\/#breadcrumb","itemListElement":[{"@type":"ListItem","position":1,"name":"Startseite","item":"https:\/\/stiftung-ts.de\/sts\/"},{"@type":"ListItem","position":2,"name":"Newsletter abonnieren"}]},{"@type":"WebSite","@id":"https:\/\/stiftung-ts.de\/sts\/#website","url":"https:\/\/stiftung-ts.de\/sts\/","name":"Stiftung TS","description":"","publisher":{"@id":"https:\/\/stiftung-ts.de\/sts\/#organization"},"potentialAction":[{"@type":"SearchAction","target":{"@type":"EntryPoint","urlTemplate":"https:\/\/stiftung-ts.de\/sts\/?s={search_term_string}"},"query-input":{"@type":"PropertyValueSpecification","valueRequired":true,"valueName":"search_term_string"}}],"inLanguage":"de"},{"@type":"Organization","@id":"https:\/\/stiftung-ts.de\/sts\/#organization","name":"Stiftung TS","url":"https:\/\/stiftung-ts.de\/sts\/","logo":{"@type":"ImageObject","inLanguage":"de","@id":"https:\/\/stiftung-ts.de\/sts\/#\/schema\/logo\/image\/","url":"https:\/\/stiftung-ts.de\/sts\/wp-content\/uploads\/2021\/04\/Logo_Stiftung-TS_512-rund.png","contentUrl":"https:\/\/stiftung-ts.de\/sts\/wp-content\/uploads\/2021\/04\/Logo_Stiftung-TS_512-rund.png","width":512,"height":512,"caption":"Stiftung TS"},"image":{"@id":"https:\/\/stiftung-ts.de\/sts\/#\/schema\/logo\/image\/"},"sameAs":["https:\/\/www.facebook.com\/therapeutische.seelsorge"]}]}},"_links":{"self":[{"href":"https:\/\/stiftung-ts.de\/sts\/wp-json\/wp\/v2\/pages\/3686","targetHints":{"allow":["GET"]}}],"collection":[{"href":"https:\/\/stiftung-ts.de\/sts\/wp-json\/wp\/v2\/pages"}],"about":[{"href":"https:\/\/stiftung-ts.de\/sts\/wp-json\/wp\/v2\/types\/page"}],"author":[{"embeddable":true,"href":"https:\/\/stiftung-ts.de\/sts\/wp-json\/wp\/v2\/users\/1"}],"replies":[{"embeddable":true,"href":"https:\/\/stiftung-ts.de\/sts\/wp-json\/wp\/v2\/comments?post=3686"}],"version-history":[{"count":0,"href":"https:\/\/stiftung-ts.de\/sts\/wp-json\/wp\/v2\/pages\/3686\/revisions"}],"wp:attachment":[{"href":"https:\/\/stiftung-ts.de\/sts\/wp-json\/wp\/v2\/media?parent=3686"}],"curies":[{"name":"wp","href":"https:\/\/api.w.org\/{rel}","templated":true}]}}