{"id":3166,"date":"2021-05-14T15:17:23","date_gmt":"2021-05-14T13:17:23","guid":{"rendered":"https:\/\/stiftung-ts.de\/sts\/?page_id=3166"},"modified":"2025-08-27T14:42:37","modified_gmt":"2025-08-27T12:42:37","slug":"seelsorgeschulungen","status":"publish","type":"page","link":"https:\/\/stiftung-ts.de\/sts\/gemeinde_1\/seelsorgeschulungen\/","title":{"rendered":"Seelsorgeschulungen"},"content":{"rendered":"\n<h2 class=\"wp-block-heading\">Seelsorgeschulungen f\u00fcr die Gemeinde<\/h2>\n\n\n\n<p>Es bereichert die Gemeinde vor Ort, wenn sich Gemeindeglieder f\u00fcr die Seelsorge gewinnen lassen. Dann ist Seelsorge nicht nur Sache der eigens daf\u00fcr Ausgebildeten. <\/p>\n\n\n\n<p>Deshalb bieten wir f\u00fcr die Gemeinde folgende Schulungsprogramme an:<\/p>\n\n\n\n<ul class=\"wp-block-list\">\n<li><strong><a href=\"https:\/\/stiftung-ts.de\/sts\/gemeinde_1\/seelsorgeschulungen\/gelingende-gespraeche\/\">Besser reden. Ehrlich zuh\u00f6ren. Wirklich verstehen.<\/a><\/strong><br>Workshop f\u00fcr gelingende Gespr\u00e4che<\/li>\n\n\n\n<li><strong><a href=\"https:\/\/stiftung-ts.de\/sts\/gemeinde_1\/seelsorgeschulungen\/seelsorge-in-kleingruppen\/\">Ein heiliger Ort mitten im Alltag &#8211; Seelsorge in der Kleingruppe<\/a><\/strong><br>Schulungstag f\u00fcr Start und Leitung einer Kleingruppe in gesch\u00fctztem Rahmen<\/li>\n\n\n\n<li><strong><a href=\"https:\/\/stiftung-ts.de\/sts\/gemeinde_1\/seelsorgeschulungen\/8-plus-5-seelsorgetraining-lebensbegleitung\/\">8 plus 5 Seelsorgetraining und Lebensbegleitung<\/a><\/strong><br>Training zur F\u00f6rderung der Seelsorge und geistlichen Begleitung von Menschen im Alltag<\/li>\n<\/ul>\n\n\n\n<p><\/p>\n","protected":false},"excerpt":{"rendered":"<p>Seelsorgeschulungen f\u00fcr die Gemeinde Es bereichert die Gemeinde vor Ort, wenn sich Gemeindeglieder f\u00fcr die Seelsorge gewinnen lassen. Dann ist Seelsorge nicht nur Sache der eigens daf\u00fcr Ausgebildeten. Deshalb bieten wir f\u00fcr die Gemeinde folgende Schulungsprogramme an:<\/p>\n","protected":false},"author":1,"featured_media":6567,"parent":90,"menu_order":2,"comment_status":"closed","ping_status":"closed","template":"page-fullwidth.php","meta":{"footnotes":""},"class_list":["post-3166","page","type-page","status-publish","has-post-thumbnail","hentry"],"yoast_head":"<!-- This site is optimized with the Yoast SEO plugin v27.4 - https:\/\/yoast.com\/product\/yoast-seo-wordpress\/ -->\n<title>Seelsorgeschulungen - Gemeinde - Stiftung TS<\/title>\n<meta name=\"description\" content=\"Schulungsprogramme zur F\u00f6rderung der Seelsorge im Gemeindealltag\" \/>\n<meta name=\"robots\" content=\"index, follow, max-snippet:-1, max-image-preview:large, max-video-preview:-1\" \/>\n<link rel=\"canonical\" href=\"https:\/\/stiftung-ts.de\/sts\/gemeinde_1\/seelsorgeschulungen\/\" \/>\n<meta property=\"og:locale\" content=\"de_DE\" \/>\n<meta property=\"og:type\" content=\"article\" \/>\n<meta property=\"og:title\" content=\"Seelsorgeschulungen - Gemeinde - Stiftung TS\" \/>\n<meta property=\"og:description\" content=\"Schulungsprogramme zur F\u00f6rderung der Seelsorge im Gemeindealltag\" \/>\n<meta property=\"og:url\" content=\"https:\/\/stiftung-ts.de\/sts\/gemeinde_1\/seelsorgeschulungen\/\" \/>\n<meta property=\"og:site_name\" content=\"Stiftung TS\" \/>\n<meta property=\"article:publisher\" content=\"https:\/\/www.facebook.com\/therapeutische.seelsorge\" \/>\n<meta property=\"article:modified_time\" content=\"2025-08-27T12:42:37+00:00\" \/>\n<meta property=\"og:image\" content=\"https:\/\/stiftung-ts.de\/sts\/wp-content\/uploads\/2025\/08\/Seeslsorgeschulungen_1110x350px.jpg\" \/>\n\t<meta property=\"og:image:width\" content=\"1110\" \/>\n\t<meta property=\"og:image:height\" content=\"350\" \/>\n\t<meta property=\"og:image:type\" content=\"image\/jpeg\" \/>\n<meta name=\"twitter:card\" content=\"summary_large_image\" \/>\n<meta name=\"twitter:label1\" content=\"Gesch\u00e4tzte Lesezeit\" \/>\n\t<meta name=\"twitter:data1\" content=\"1\u00a0Minute\" \/>\n<script type=\"application\/ld+json\" class=\"yoast-schema-graph\">{\"@context\":\"https:\\\/\\\/schema.org\",\"@graph\":[{\"@type\":\"WebPage\",\"@id\":\"https:\\\/\\\/stiftung-ts.de\\\/sts\\\/gemeinde_1\\\/seelsorgeschulungen\\\/\",\"url\":\"https:\\\/\\\/stiftung-ts.de\\\/sts\\\/gemeinde_1\\\/seelsorgeschulungen\\\/\",\"name\":\"Seelsorgeschulungen - Gemeinde - Stiftung TS\",\"isPartOf\":{\"@id\":\"https:\\\/\\\/stiftung-ts.de\\\/sts\\\/#website\"},\"primaryImageOfPage\":{\"@id\":\"https:\\\/\\\/stiftung-ts.de\\\/sts\\\/gemeinde_1\\\/seelsorgeschulungen\\\/#primaryimage\"},\"image\":{\"@id\":\"https:\\\/\\\/stiftung-ts.de\\\/sts\\\/gemeinde_1\\\/seelsorgeschulungen\\\/#primaryimage\"},\"thumbnailUrl\":\"https:\\\/\\\/stiftung-ts.de\\\/sts\\\/wp-content\\\/uploads\\\/2025\\\/08\\\/Seeslsorgeschulungen_1110x350px.jpg\",\"datePublished\":\"2021-05-14T13:17:23+00:00\",\"dateModified\":\"2025-08-27T12:42:37+00:00\",\"description\":\"Schulungsprogramme zur F\u00f6rderung der Seelsorge im Gemeindealltag\",\"breadcrumb\":{\"@id\":\"https:\\\/\\\/stiftung-ts.de\\\/sts\\\/gemeinde_1\\\/seelsorgeschulungen\\\/#breadcrumb\"},\"inLanguage\":\"de\",\"potentialAction\":[{\"@type\":\"ReadAction\",\"target\":[\"https:\\\/\\\/stiftung-ts.de\\\/sts\\\/gemeinde_1\\\/seelsorgeschulungen\\\/\"]}]},{\"@type\":\"ImageObject\",\"inLanguage\":\"de\",\"@id\":\"https:\\\/\\\/stiftung-ts.de\\\/sts\\\/gemeinde_1\\\/seelsorgeschulungen\\\/#primaryimage\",\"url\":\"https:\\\/\\\/stiftung-ts.de\\\/sts\\\/wp-content\\\/uploads\\\/2025\\\/08\\\/Seeslsorgeschulungen_1110x350px.jpg\",\"contentUrl\":\"https:\\\/\\\/stiftung-ts.de\\\/sts\\\/wp-content\\\/uploads\\\/2025\\\/08\\\/Seeslsorgeschulungen_1110x350px.jpg\",\"width\":1110,\"height\":350},{\"@type\":\"BreadcrumbList\",\"@id\":\"https:\\\/\\\/stiftung-ts.de\\\/sts\\\/gemeinde_1\\\/seelsorgeschulungen\\\/#breadcrumb\",\"itemListElement\":[{\"@type\":\"ListItem\",\"position\":1,\"name\":\"Startseite\",\"item\":\"https:\\\/\\\/stiftung-ts.de\\\/sts\\\/\"},{\"@type\":\"ListItem\",\"position\":2,\"name\":\"Gemeinde\",\"item\":\"https:\\\/\\\/stiftung-ts.de\\\/sts\\\/gemeinde_1\\\/\"},{\"@type\":\"ListItem\",\"position\":3,\"name\":\"Seelsorgeschulungen\"}]},{\"@type\":\"WebSite\",\"@id\":\"https:\\\/\\\/stiftung-ts.de\\\/sts\\\/#website\",\"url\":\"https:\\\/\\\/stiftung-ts.de\\\/sts\\\/\",\"name\":\"Stiftung TS\",\"description\":\"\",\"publisher\":{\"@id\":\"https:\\\/\\\/stiftung-ts.de\\\/sts\\\/#organization\"},\"potentialAction\":[{\"@type\":\"SearchAction\",\"target\":{\"@type\":\"EntryPoint\",\"urlTemplate\":\"https:\\\/\\\/stiftung-ts.de\\\/sts\\\/?s={search_term_string}\"},\"query-input\":{\"@type\":\"PropertyValueSpecification\",\"valueRequired\":true,\"valueName\":\"search_term_string\"}}],\"inLanguage\":\"de\"},{\"@type\":\"Organization\",\"@id\":\"https:\\\/\\\/stiftung-ts.de\\\/sts\\\/#organization\",\"name\":\"Stiftung TS\",\"url\":\"https:\\\/\\\/stiftung-ts.de\\\/sts\\\/\",\"logo\":{\"@type\":\"ImageObject\",\"inLanguage\":\"de\",\"@id\":\"https:\\\/\\\/stiftung-ts.de\\\/sts\\\/#\\\/schema\\\/logo\\\/image\\\/\",\"url\":\"https:\\\/\\\/stiftung-ts.de\\\/sts\\\/wp-content\\\/uploads\\\/2021\\\/04\\\/Logo_Stiftung-TS_512-rund.png\",\"contentUrl\":\"https:\\\/\\\/stiftung-ts.de\\\/sts\\\/wp-content\\\/uploads\\\/2021\\\/04\\\/Logo_Stiftung-TS_512-rund.png\",\"width\":512,\"height\":512,\"caption\":\"Stiftung TS\"},\"image\":{\"@id\":\"https:\\\/\\\/stiftung-ts.de\\\/sts\\\/#\\\/schema\\\/logo\\\/image\\\/\"},\"sameAs\":[\"https:\\\/\\\/www.facebook.com\\\/therapeutische.seelsorge\"]}]}<\/script>\n<!-- \/ Yoast SEO plugin. -->","yoast_head_json":{"title":"Seelsorgeschulungen - Gemeinde - Stiftung TS","description":"Schulungsprogramme zur F\u00f6rderung der Seelsorge im Gemeindealltag","robots":{"index":"index","follow":"follow","max-snippet":"max-snippet:-1","max-image-preview":"max-image-preview:large","max-video-preview":"max-video-preview:-1"},"canonical":"https:\/\/stiftung-ts.de\/sts\/gemeinde_1\/seelsorgeschulungen\/","og_locale":"de_DE","og_type":"article","og_title":"Seelsorgeschulungen - Gemeinde - Stiftung TS","og_description":"Schulungsprogramme zur F\u00f6rderung der Seelsorge im Gemeindealltag","og_url":"https:\/\/stiftung-ts.de\/sts\/gemeinde_1\/seelsorgeschulungen\/","og_site_name":"Stiftung TS","article_publisher":"https:\/\/www.facebook.com\/therapeutische.seelsorge","article_modified_time":"2025-08-27T12:42:37+00:00","og_image":[{"width":1110,"height":350,"url":"https:\/\/stiftung-ts.de\/sts\/wp-content\/uploads\/2025\/08\/Seeslsorgeschulungen_1110x350px.jpg","type":"image\/jpeg"}],"twitter_card":"summary_large_image","twitter_misc":{"Gesch\u00e4tzte Lesezeit":"1\u00a0Minute"},"schema":{"@context":"https:\/\/schema.org","@graph":[{"@type":"WebPage","@id":"https:\/\/stiftung-ts.de\/sts\/gemeinde_1\/seelsorgeschulungen\/","url":"https:\/\/stiftung-ts.de\/sts\/gemeinde_1\/seelsorgeschulungen\/","name":"Seelsorgeschulungen - Gemeinde - Stiftung TS","isPartOf":{"@id":"https:\/\/stiftung-ts.de\/sts\/#website"},"primaryImageOfPage":{"@id":"https:\/\/stiftung-ts.de\/sts\/gemeinde_1\/seelsorgeschulungen\/#primaryimage"},"image":{"@id":"https:\/\/stiftung-ts.de\/sts\/gemeinde_1\/seelsorgeschulungen\/#primaryimage"},"thumbnailUrl":"https:\/\/stiftung-ts.de\/sts\/wp-content\/uploads\/2025\/08\/Seeslsorgeschulungen_1110x350px.jpg","datePublished":"2021-05-14T13:17:23+00:00","dateModified":"2025-08-27T12:42:37+00:00","description":"Schulungsprogramme zur F\u00f6rderung der Seelsorge im Gemeindealltag","breadcrumb":{"@id":"https:\/\/stiftung-ts.de\/sts\/gemeinde_1\/seelsorgeschulungen\/#breadcrumb"},"inLanguage":"de","potentialAction":[{"@type":"ReadAction","target":["https:\/\/stiftung-ts.de\/sts\/gemeinde_1\/seelsorgeschulungen\/"]}]},{"@type":"ImageObject","inLanguage":"de","@id":"https:\/\/stiftung-ts.de\/sts\/gemeinde_1\/seelsorgeschulungen\/#primaryimage","url":"https:\/\/stiftung-ts.de\/sts\/wp-content\/uploads\/2025\/08\/Seeslsorgeschulungen_1110x350px.jpg","contentUrl":"https:\/\/stiftung-ts.de\/sts\/wp-content\/uploads\/2025\/08\/Seeslsorgeschulungen_1110x350px.jpg","width":1110,"height":350},{"@type":"BreadcrumbList","@id":"https:\/\/stiftung-ts.de\/sts\/gemeinde_1\/seelsorgeschulungen\/#breadcrumb","itemListElement":[{"@type":"ListItem","position":1,"name":"Startseite","item":"https:\/\/stiftung-ts.de\/sts\/"},{"@type":"ListItem","position":2,"name":"Gemeinde","item":"https:\/\/stiftung-ts.de\/sts\/gemeinde_1\/"},{"@type":"ListItem","position":3,"name":"Seelsorgeschulungen"}]},{"@type":"WebSite","@id":"https:\/\/stiftung-ts.de\/sts\/#website","url":"https:\/\/stiftung-ts.de\/sts\/","name":"Stiftung TS","description":"","publisher":{"@id":"https:\/\/stiftung-ts.de\/sts\/#organization"},"potentialAction":[{"@type":"SearchAction","target":{"@type":"EntryPoint","urlTemplate":"https:\/\/stiftung-ts.de\/sts\/?s={search_term_string}"},"query-input":{"@type":"PropertyValueSpecification","valueRequired":true,"valueName":"search_term_string"}}],"inLanguage":"de"},{"@type":"Organization","@id":"https:\/\/stiftung-ts.de\/sts\/#organization","name":"Stiftung TS","url":"https:\/\/stiftung-ts.de\/sts\/","logo":{"@type":"ImageObject","inLanguage":"de","@id":"https:\/\/stiftung-ts.de\/sts\/#\/schema\/logo\/image\/","url":"https:\/\/stiftung-ts.de\/sts\/wp-content\/uploads\/2021\/04\/Logo_Stiftung-TS_512-rund.png","contentUrl":"https:\/\/stiftung-ts.de\/sts\/wp-content\/uploads\/2021\/04\/Logo_Stiftung-TS_512-rund.png","width":512,"height":512,"caption":"Stiftung TS"},"image":{"@id":"https:\/\/stiftung-ts.de\/sts\/#\/schema\/logo\/image\/"},"sameAs":["https:\/\/www.facebook.com\/therapeutische.seelsorge"]}]}},"_links":{"self":[{"href":"https:\/\/stiftung-ts.de\/sts\/wp-json\/wp\/v2\/pages\/3166","targetHints":{"allow":["GET"]}}],"collection":[{"href":"https:\/\/stiftung-ts.de\/sts\/wp-json\/wp\/v2\/pages"}],"about":[{"href":"https:\/\/stiftung-ts.de\/sts\/wp-json\/wp\/v2\/types\/page"}],"author":[{"embeddable":true,"href":"https:\/\/stiftung-ts.de\/sts\/wp-json\/wp\/v2\/users\/1"}],"replies":[{"embeddable":true,"href":"https:\/\/stiftung-ts.de\/sts\/wp-json\/wp\/v2\/comments?post=3166"}],"version-history":[{"count":0,"href":"https:\/\/stiftung-ts.de\/sts\/wp-json\/wp\/v2\/pages\/3166\/revisions"}],"up":[{"embeddable":true,"href":"https:\/\/stiftung-ts.de\/sts\/wp-json\/wp\/v2\/pages\/90"}],"wp:featuredmedia":[{"embeddable":true,"href":"https:\/\/stiftung-ts.de\/sts\/wp-json\/wp\/v2\/media\/6567"}],"wp:attachment":[{"href":"https:\/\/stiftung-ts.de\/sts\/wp-json\/wp\/v2\/media?parent=3166"}],"curies":[{"name":"wp","href":"https:\/\/api.w.org\/{rel}","templated":true}]}}