{"id":306,"date":"2019-03-27T15:22:53","date_gmt":"2019-03-27T14:22:53","guid":{"rendered":"https:\/\/stiftung-ts.de\/sts\/?page_id=306"},"modified":"2025-08-26T20:56:09","modified_gmt":"2025-08-26T18:56:09","slug":"downloads-dr-samuel-pfeifer","status":"publish","type":"page","link":"https:\/\/stiftung-ts.de\/sts\/ueber-uns\/publikationen\/downloads-dr-samuel-pfeifer\/","title":{"rendered":"Seminarhefte Psychiatrie &amp; Seelsorge"},"content":{"rendered":"\n<figure class=\"wp-block-image size-medium\"><img loading=\"lazy\" decoding=\"async\" width=\"217\" height=\"300\" src=\"https:\/\/stiftung-ts.de\/sts\/wp-content\/uploads\/2024\/06\/Samuel_Pfeifer_Seminarhefte_Set-217x300.jpg\" alt=\"Titelblatt Seminarhefte-Set Seelische Erkrankungen\" class=\"wp-image-5186\" style=\"object-fit:cover\" srcset=\"https:\/\/stiftung-ts.de\/sts\/wp-content\/uploads\/2024\/06\/Samuel_Pfeifer_Seminarhefte_Set-217x300.jpg 217w, https:\/\/stiftung-ts.de\/sts\/wp-content\/uploads\/2024\/06\/Samuel_Pfeifer_Seminarhefte_Set-742x1024.jpg 742w, https:\/\/stiftung-ts.de\/sts\/wp-content\/uploads\/2024\/06\/Samuel_Pfeifer_Seminarhefte_Set-768x1060.jpg 768w, https:\/\/stiftung-ts.de\/sts\/wp-content\/uploads\/2024\/06\/Samuel_Pfeifer_Seminarhefte_Set.jpg 832w\" sizes=\"auto, (max-width: 217px) 100vw, 217px\" \/><\/figure>\n\n\n\n<p>Dr. Samuel Pfeifer<\/p>\n\n\n\n<h2 class=\"wp-block-heading\">Seelische Erkrankungen<\/h2>\n\n\n\n<h3 class=\"wp-block-heading\">Basiswissen &#8211; bestehend aus 12 Seminarheften<\/h3>\n\n\n\n<p>In der Heftreihe <strong>Psychiatrie &amp; Seelsorge<\/strong> werden einzelne Themen umfassend und doch in knapper Form dargestellt. Auf wenigen Seiten finden sich die wesentlichsten Informationen \u00fcber H\u00e4ufigkeit, Ursachen, Entstehungsformen und Behandlungsm\u00f6glichkeiten der einzelnen St\u00f6rungen. Zudem wird eine \u00dcbersicht \u00fcber weiterf\u00fchrende Literatur gegeben.<\/p>\n\n\n\n<div style=\"height:30px\" aria-hidden=\"true\" class=\"wp-block-spacer\"><\/div>\n\n\n\n<figure class=\"wp-block-image size-full is-resized\"><img loading=\"lazy\" decoding=\"async\" width=\"150\" height=\"196\" src=\"https:\/\/stiftung-ts.de\/sts\/wp-content\/uploads\/2021\/04\/pfeifer_samuel.jpg\" alt=\"Dr. Samuel Pfeifer\" class=\"wp-image-2213\" style=\"width:150px\"\/><\/figure>\n\n\n\n<p>Prof. Dr. med. Samuel Pfeifer ist Facharzt f\u00fcr Psychiatrie und Psychologie. Von 1988 bis 2015 war er Chefarzt der christlichen Klinik f\u00fcr Psychiatrie und Psychotherapie \u201eSonnenhalde\u201c in Riehen bei Basel \/ Schweiz. Jetzt f\u00fchrt er in Riehen eine eigene Praxis. Seit 2015 ist er Professor f\u00fcr Psychotherapie und Spiritualit\u00e4t an der Evang. Hochschule in Marburg.<br>Er hat mehrere B\u00fccher und zahlreiche Artikel im Bereich von Seelsorge, Klinischer Psychiatrie und Psychotherapie ver\u00f6ffentlicht. Weitere Interessen liegen im Bereich \u201eGlobal Mental Health in christlichem Kontext, wo er international Fachpersonen und Laien in einer professionellen Psychiatrie weiterbildet, die von christlichen Werten gepr\u00e4gt ist.<br>Mehr Informationen:&nbsp;<a href=\"https:\/\/www.samuelpfeifer.com\/\" target=\"_blank\" rel=\"noreferrer noopener\">www.samuelpfeifer.com<\/a>, <a href=\"https:\/\/www.sonnenhalde.ch\/\" target=\"_blank\" rel=\"noreferrer noopener\">www.sonnenhalde.ch\/<\/a>.<\/p>\n\n\n\n<div style=\"height:30px\" aria-hidden=\"true\" class=\"wp-block-spacer\"><\/div>\n\n\n\n<blockquote class=\"wp-block-quote is-style-default is-layout-flow wp-block-quote-is-layout-flow\">\n<p>Mit der Stiftung f\u00fcr Therapeutische Seelsorge verbindet mich das gemeinsame Anliegen um eine professionelle, menschliche und christliche Beratung in seelischen Krisen. In den Begegnungen mit Mitarbeitern und Absolventen sp\u00fcrte ich eine beeindruckende Tragf\u00e4higkeit und das Umsetzen von Konzepten, die zeitgem\u00e4\u00df, engagiert und werteorientiert sind. Die Stiftung TS ist voll am Puls der Zeit!<\/p>\n<cite>Dr. Samuel Pfeifer<\/cite><\/blockquote>\n\n\n\n<div style=\"height:30px\" aria-hidden=\"true\" class=\"wp-block-spacer\"><\/div>\n\n\n\n<p>Die 12 Seminarhefte der Reihe PSYCHIATRIE &amp; SEELSORGE von Dr. Samuel Pfeifer sind &#8211; einzeln oder als Set &#8211; erh\u00e4ltlich als gedruckte Hefte und als PDFs zum Download beim Verlag MOSAICSTONES <a href=\"https:\/\/www.mosaicstones.ch\/suche\/Seminarheft\" target=\"_blank\" rel=\"noreferrer noopener\">https:\/\/www.mosaicstones.ch\/suche\/Seminarheft<\/a> oder im Buchhandel. <\/p>\n\n\n\n<p><strong>Leseproben<\/strong><\/p>\n\n\n\n<figure class=\"wp-block-table is-style-stripes\"><table><tbody><tr><td class=\"has-text-align-center\" data-align=\"center\"><a href=\"https:\/\/stiftung-ts.de\/sts\/wp-content\/uploads\/2024\/06\/ipad_ALTERNATIVE_MEDIZIN_Samuel_Pfeifer.pdf\" target=\"_blank\" rel=\"noreferrer noopener\"><img loading=\"lazy\" decoding=\"async\" width=\"85\" height=\"120\" class=\"wp-image-2214\" style=\"width: 85px;\" src=\"https:\/\/stiftung-ts.de\/sts\/wp-content\/uploads\/2021\/04\/alternativmedizin.jpg\" alt=\"Alternativmedizin\"><\/a><\/td><td class=\"has-text-align-left\" data-align=\"left\"><a href=\"https:\/\/stiftung-ts.de\/sts\/wp-content\/uploads\/2024\/06\/ipad_ALTERNATIVE_MEDIZIN_Samuel_Pfeifer.pdf\" target=\"_blank\" rel=\"noreferrer noopener\">ALTERNATIVMEDIZIN<\/a><br>Spannungsfeld Alternativmedizin, Psyche und Glaube<\/td><\/tr><tr><td class=\"has-text-align-center\" data-align=\"center\"><a href=\"https:\/\/stiftung-ts.de\/sts\/wp-content\/uploads\/2024\/06\/ipad_ANGST-_Seminarheft_Samuel_Pfeifer.pdf\" target=\"_blank\" rel=\"noreferrer noopener\"><img loading=\"lazy\" decoding=\"async\" width=\"85\" height=\"120\" class=\"wp-image-2215\" style=\"width: 85px;\" src=\"https:\/\/stiftung-ts.de\/sts\/wp-content\/uploads\/2021\/04\/angst.jpg\" alt=\"Angst\"><\/a><\/td><td class=\"has-text-align-left\" data-align=\"left\"><a href=\"https:\/\/stiftung-ts.de\/sts\/wp-content\/uploads\/2024\/06\/ipad_ANGST-_Seminarheft_Samuel_Pfeifer.pdf\" target=\"_blank\" rel=\"noreferrer noopener\">ANGST<\/a><br>Gesunde und ungesunde Angst, Angstkreislauf, Panikattacken<\/td><\/tr><tr><td class=\"has-text-align-center\" data-align=\"center\"><a href=\"https:\/\/stiftung-ts.de\/sts\/wp-content\/uploads\/2024\/06\/ipad_BORDERLINE_Samuel_Pfeifer_Seminarheft.pdf\" target=\"_blank\" rel=\"noreferrer noopener\"><img loading=\"lazy\" decoding=\"async\" width=\"85\" height=\"120\" class=\"wp-image-2217\" style=\"width: 85px;\" src=\"https:\/\/stiftung-ts.de\/sts\/wp-content\/uploads\/2021\/04\/borderline.jpg\" alt=\"Borderline\"><\/a><\/td><td class=\"has-text-align-left\" data-align=\"left\"><a href=\"https:\/\/stiftung-ts.de\/sts\/wp-content\/uploads\/2024\/06\/ipad_BORDERLINE_Samuel_Pfeifer_Seminarheft.pdf\" target=\"_blank\" rel=\"noreferrer noopener\">BORDERLINE<\/a><br>Emotional instabile Pers\u00f6nlichkeitsst\u00f6rung, Diagnose, Ursachen, Selbstverletzung, Sexualit\u00e4t<\/td><\/tr><tr><td class=\"has-text-align-center\" data-align=\"center\"><a href=\"https:\/\/stiftung-ts.de\/sts\/wp-content\/uploads\/2024\/06\/ipad_DEPRESSION_Samuel_Pfeifer.pdf\" target=\"_blank\" rel=\"noreferrer noopener\"><img loading=\"lazy\" decoding=\"async\" width=\"85\" height=\"120\" class=\"wp-image-2219\" style=\"width: 85px;\" src=\"https:\/\/stiftung-ts.de\/sts\/wp-content\/uploads\/2021\/04\/depression.jpg\" alt=\"Depression\"><\/a><\/td><td class=\"has-text-align-left\" data-align=\"left\"><a href=\"https:\/\/stiftung-ts.de\/sts\/wp-content\/uploads\/2024\/06\/ipad_DEPRESSION_Samuel_Pfeifer.pdf\" target=\"_blank\" rel=\"noreferrer noopener\">DEPRESSION<\/a><br>Kriterien der Depression, Manie, depressive Denkmuster<\/td><\/tr><tr><td class=\"has-text-align-center\" data-align=\"center\"><a href=\"https:\/\/stiftung-ts.de\/sts\/wp-content\/uploads\/2024\/06\/ipad_INTERNETSUCHT_Samuel_Pfeifer_Seminarheft_.pdf\" target=\"_blank\" rel=\"noreferrer noopener\"><img loading=\"lazy\" decoding=\"async\" width=\"85\" height=\"120\" class=\"wp-image-2220\" style=\"width: 85px;\" src=\"https:\/\/stiftung-ts.de\/sts\/wp-content\/uploads\/2021\/04\/internetsucht.jpg\" alt=\"Internetsucht\"><\/a><\/td><td class=\"has-text-align-left\" data-align=\"left\"><a href=\"https:\/\/stiftung-ts.de\/sts\/wp-content\/uploads\/2024\/06\/ipad_INTERNETSUCHT_Samuel_Pfeifer_Seminarheft_.pdf\" target=\"_blank\" rel=\"noreferrer noopener\">INTERNETSUCHT<\/a><br>Die dunkle Seite des Netzes, Moral, Suchtkreislauf<\/td><\/tr><tr><td class=\"has-text-align-center\" data-align=\"center\"><a href=\"https:\/\/stiftung-ts.de\/sts\/wp-content\/uploads\/2024\/06\/ipad_PSYCHOSOMATIK_Samuel_Pfeifer.pdf\" target=\"_blank\" rel=\"noreferrer noopener\"><img loading=\"lazy\" decoding=\"async\" width=\"85\" height=\"120\" class=\"wp-image-2221\" style=\"width: 85px;\" src=\"https:\/\/stiftung-ts.de\/sts\/wp-content\/uploads\/2021\/04\/psychosomatik.jpg\" alt=\"Psychosomatik\"><\/a><\/td><td class=\"has-text-align-left\" data-align=\"left\"><a href=\"https:\/\/stiftung-ts.de\/sts\/wp-content\/uploads\/2024\/06\/ipad_PSYCHOSOMATIK_Samuel_Pfeifer.pdf\" target=\"_blank\" rel=\"noreferrer noopener\">PSYCHOSOMATIK<\/a><br>Die Sprache des K\u00f6rpers verstehen<\/td><\/tr><tr><td class=\"has-text-align-center\" data-align=\"center\"><a href=\"https:\/\/stiftung-ts.de\/sts\/wp-content\/uploads\/2024\/06\/ipad_SCHIZOPHRENIE_Samuel_Pfeifer_Seminarheft.pdf\" target=\"_blank\" rel=\"noreferrer noopener\"><img loading=\"lazy\" decoding=\"async\" width=\"85\" height=\"120\" class=\"wp-image-2222\" style=\"width: 85px;\" src=\"https:\/\/stiftung-ts.de\/sts\/wp-content\/uploads\/2021\/04\/schizophrenie.jpg\" alt=\"Schizophrenie\"><\/a><\/td><td class=\"has-text-align-left\" data-align=\"left\"><a href=\"https:\/\/stiftung-ts.de\/sts\/wp-content\/uploads\/2024\/06\/ipad_SCHIZOPHRENIE_Samuel_Pfeifer_Seminarheft.pdf\" target=\"_blank\" rel=\"noreferrer noopener\">SCHIZOPHRENIE<\/a><br>Fr\u00fche Anzeichen, Wahn, medikament\u00f6se Behandlung<\/td><\/tr><tr><td class=\"has-text-align-center\" data-align=\"center\"><a href=\"https:\/\/stiftung-ts.de\/sts\/wp-content\/uploads\/2024\/06\/ipad_SCHLAF_Samuel-Pfeifer_Seminarheft.pdf\" target=\"_blank\" rel=\"noreferrer noopener\"><img loading=\"lazy\" decoding=\"async\" width=\"85\" height=\"120\" class=\"wp-image-2223\" style=\"width: 85px;\" src=\"https:\/\/stiftung-ts.de\/sts\/wp-content\/uploads\/2021\/04\/schlafen.jpg\" alt=\"Schlafen und Tr\u00e4umen\"><\/a><\/td><td class=\"has-text-align-left\" data-align=\"left\"><a href=\"https:\/\/stiftung-ts.de\/sts\/wp-content\/uploads\/2024\/06\/ipad_SCHLAF_Samuel-Pfeifer_Seminarheft.pdf\" target=\"_blank\" rel=\"noreferrer noopener\">SCHLAFEN und TR\u00c4UMEN<\/a><br>Schlafst\u00f6rungen \u2013 Diagnose und Therapie<\/td><\/tr><tr><td class=\"has-text-align-center\" data-align=\"center\"><a href=\"https:\/\/stiftung-ts.de\/sts\/wp-content\/uploads\/2024\/06\/ipad_SENSIB_Samuel_Pfeifer_Seminarheft.pdf\" target=\"_blank\" rel=\"noreferrer noopener\"><img loading=\"lazy\" decoding=\"async\" width=\"85\" height=\"120\" class=\"wp-image-2224\" style=\"width: 85px;\" src=\"https:\/\/stiftung-ts.de\/sts\/wp-content\/uploads\/2021\/04\/sensibilitaet.jpg\" alt=\"\nSensibilit\u00e4t\"><\/a><\/td><td class=\"has-text-align-left\" data-align=\"left\"><a href=\"https:\/\/stiftung-ts.de\/sts\/wp-content\/uploads\/2024\/06\/ipad_SENSIB_Samuel_Pfeifer_Seminarheft.pdf\" target=\"_blank\" rel=\"noreferrer noopener\">SENSIBILIT\u00c4T<\/a><br>Wenn sie zur Krankheit wird<\/td><\/tr><tr><td class=\"has-text-align-center\" data-align=\"center\"><a href=\"https:\/\/stiftung-ts.de\/sts\/wp-content\/uploads\/2024\/06\/ipad_BURNOUT_STRESS_Seminarheft_Pfeifer.pdf\" target=\"_blank\" rel=\"noreferrer noopener\"><img loading=\"lazy\" decoding=\"async\" width=\"85\" height=\"120\" class=\"wp-image-2218\" style=\"width: 85px;\" src=\"https:\/\/stiftung-ts.de\/sts\/wp-content\/uploads\/2021\/04\/burnout.jpg\" alt=\"Stress und Burnout\"><\/a><\/td><td class=\"has-text-align-left\" data-align=\"left\"><a href=\"https:\/\/stiftung-ts.de\/sts\/wp-content\/uploads\/2024\/06\/ipad_BURNOUT_STRESS_Seminarheft_Pfeifer.pdf\" target=\"_blank\" rel=\"noreferrer noopener\">STRESS und BURNOUT<\/a><br>Formen von Stress, Resilienz, 24 Fragen zur Erfassung von Burnout<\/td><\/tr><tr><td class=\"has-text-align-center\" data-align=\"center\"><a href=\"https:\/\/stiftung-ts.de\/sts\/wp-content\/uploads\/2024\/06\/ipad_TRAUMA_Samuel_Pfeifer_Seminarheft.pdf\" target=\"_blank\" rel=\"noreferrer noopener\"><img loading=\"lazy\" decoding=\"async\" width=\"85\" height=\"120\" class=\"wp-image-2225\" style=\"width: 85px;\" src=\"https:\/\/stiftung-ts.de\/sts\/wp-content\/uploads\/2021\/04\/trauma.jpg\" alt=\"Trauma\"><\/a><\/td><td class=\"has-text-align-left\" data-align=\"left\"><a href=\"https:\/\/stiftung-ts.de\/sts\/wp-content\/uploads\/2024\/06\/ipad_TRAUMA_Samuel_Pfeifer_Seminarheft.pdf\" target=\"_blank\" rel=\"noreferrer noopener\">TRAUMA<\/a><br>Wunden der Gewalt, seelische Traumatisierung, Komplextrauma, PTSD<\/td><\/tr><tr><td class=\"has-text-align-center\" data-align=\"center\"><a href=\"https:\/\/stiftung-ts.de\/sts\/wp-content\/uploads\/2024\/06\/ipad_ZWANG_Samuel_Pfeifer_Seminarheft.pdf\" target=\"_blank\" rel=\"noreferrer noopener\"><img loading=\"lazy\" decoding=\"async\" width=\"85\" height=\"120\" class=\"wp-image-2226\" style=\"width: 85px;\" src=\"https:\/\/stiftung-ts.de\/sts\/wp-content\/uploads\/2021\/04\/zwang.jpg\" alt=\"Zwang und Zweifel\"><\/a><\/td><td class=\"has-text-align-left\" data-align=\"left\"><a href=\"https:\/\/stiftung-ts.de\/sts\/wp-content\/uploads\/2024\/06\/ipad_ZWANG_Samuel_Pfeifer_Seminarheft.pdf\" target=\"_blank\" rel=\"noreferrer noopener\">ZWANG und ZWEIFEL<\/a><br>Zwanghaftes Verhalten, r\u00e4tselhafte Rituale und obsessive Gedanken, Diagnose, D\u00e4monie<\/td><\/tr><\/tbody><\/table><\/figure>\n\n\n\n<p><\/p>\n","protected":false},"excerpt":{"rendered":"<p>Dr. Samuel Pfeifer Seelische Erkrankungen Basiswissen &#8211; bestehend aus 12 Seminarheften In der Heftreihe Psychiatrie &amp; Seelsorge werden einzelne Themen umfassend und doch in knapper Form dargestellt. Auf wenigen Seiten finden sich die wesentlichsten Informationen \u00fcber H\u00e4ufigkeit, Ursachen, Entstehungsformen und Behandlungsm\u00f6glichkeiten der einzelnen St\u00f6rungen. Zudem wird eine \u00dcbersicht \u00fcber weiterf\u00fchrende Literatur gegeben. Prof. Dr. med.<\/p>\n","protected":false},"author":1,"featured_media":0,"parent":3569,"menu_order":10,"comment_status":"closed","ping_status":"closed","template":"page-fullwidth.php","meta":{"footnotes":""},"class_list":["post-306","page","type-page","status-publish","hentry"],"yoast_head":"<!-- This site is optimized with the Yoast SEO plugin v27.3 - https:\/\/yoast.com\/product\/yoast-seo-wordpress\/ -->\n<title>Seminarhefte Psychiatrie &amp; Seelsorge - Stiftung TS<\/title>\n<meta name=\"description\" content=\"12 Seminarhefte PSYCHIATRIE &amp; SEELSORGE sowie das Handbuch BASISWISSEN SEELSORGE von Dr. Samuel Pfeifer als PDF.\" \/>\n<meta name=\"robots\" content=\"index, follow, max-snippet:-1, max-image-preview:large, max-video-preview:-1\" \/>\n<link rel=\"canonical\" href=\"https:\/\/stiftung-ts.de\/sts\/ueber-uns\/publikationen\/downloads-dr-samuel-pfeifer\/\" \/>\n<meta property=\"og:locale\" content=\"de_DE\" \/>\n<meta property=\"og:type\" content=\"article\" \/>\n<meta property=\"og:title\" content=\"Seminarhefte Psychiatrie &amp; Seelsorge - Stiftung TS\" \/>\n<meta property=\"og:description\" content=\"12 Seminarhefte PSYCHIATRIE &amp; SEELSORGE sowie das Handbuch BASISWISSEN SEELSORGE von Dr. Samuel Pfeifer als PDF.\" \/>\n<meta property=\"og:url\" content=\"https:\/\/stiftung-ts.de\/sts\/ueber-uns\/publikationen\/downloads-dr-samuel-pfeifer\/\" \/>\n<meta property=\"og:site_name\" content=\"Stiftung TS\" \/>\n<meta property=\"article:publisher\" content=\"https:\/\/www.facebook.com\/therapeutische.seelsorge\" \/>\n<meta property=\"article:modified_time\" content=\"2025-08-26T18:56:09+00:00\" \/>\n<meta property=\"og:image\" content=\"https:\/\/stiftung-ts.de\/sts\/wp-content\/uploads\/2024\/06\/Samuel_Pfeifer_Seminarhefte_Set.jpg\" \/>\n\t<meta property=\"og:image:width\" content=\"832\" \/>\n\t<meta property=\"og:image:height\" content=\"1148\" \/>\n\t<meta property=\"og:image:type\" content=\"image\/jpeg\" \/>\n<meta name=\"twitter:card\" content=\"summary_large_image\" \/>\n<meta name=\"twitter:label1\" content=\"Gesch\u00e4tzte Lesezeit\" \/>\n\t<meta name=\"twitter:data1\" content=\"5\u00a0Minuten\" \/>\n<script type=\"application\/ld+json\" class=\"yoast-schema-graph\">{\"@context\":\"https:\\\/\\\/schema.org\",\"@graph\":[{\"@type\":\"WebPage\",\"@id\":\"https:\\\/\\\/stiftung-ts.de\\\/sts\\\/ueber-uns\\\/publikationen\\\/downloads-dr-samuel-pfeifer\\\/\",\"url\":\"https:\\\/\\\/stiftung-ts.de\\\/sts\\\/ueber-uns\\\/publikationen\\\/downloads-dr-samuel-pfeifer\\\/\",\"name\":\"Seminarhefte Psychiatrie &amp; Seelsorge - Stiftung TS\",\"isPartOf\":{\"@id\":\"https:\\\/\\\/stiftung-ts.de\\\/sts\\\/#website\"},\"primaryImageOfPage\":{\"@id\":\"https:\\\/\\\/stiftung-ts.de\\\/sts\\\/ueber-uns\\\/publikationen\\\/downloads-dr-samuel-pfeifer\\\/#primaryimage\"},\"image\":{\"@id\":\"https:\\\/\\\/stiftung-ts.de\\\/sts\\\/ueber-uns\\\/publikationen\\\/downloads-dr-samuel-pfeifer\\\/#primaryimage\"},\"thumbnailUrl\":\"https:\\\/\\\/stiftung-ts.de\\\/sts\\\/wp-content\\\/uploads\\\/2024\\\/06\\\/Samuel_Pfeifer_Seminarhefte_Set-217x300.jpg\",\"datePublished\":\"2019-03-27T14:22:53+00:00\",\"dateModified\":\"2025-08-26T18:56:09+00:00\",\"description\":\"12 Seminarhefte PSYCHIATRIE & SEELSORGE sowie das Handbuch BASISWISSEN SEELSORGE von Dr. Samuel Pfeifer als PDF.\",\"breadcrumb\":{\"@id\":\"https:\\\/\\\/stiftung-ts.de\\\/sts\\\/ueber-uns\\\/publikationen\\\/downloads-dr-samuel-pfeifer\\\/#breadcrumb\"},\"inLanguage\":\"de\",\"potentialAction\":[{\"@type\":\"ReadAction\",\"target\":[\"https:\\\/\\\/stiftung-ts.de\\\/sts\\\/ueber-uns\\\/publikationen\\\/downloads-dr-samuel-pfeifer\\\/\"]}]},{\"@type\":\"ImageObject\",\"inLanguage\":\"de\",\"@id\":\"https:\\\/\\\/stiftung-ts.de\\\/sts\\\/ueber-uns\\\/publikationen\\\/downloads-dr-samuel-pfeifer\\\/#primaryimage\",\"url\":\"https:\\\/\\\/stiftung-ts.de\\\/sts\\\/wp-content\\\/uploads\\\/2024\\\/06\\\/Samuel_Pfeifer_Seminarhefte_Set.jpg\",\"contentUrl\":\"https:\\\/\\\/stiftung-ts.de\\\/sts\\\/wp-content\\\/uploads\\\/2024\\\/06\\\/Samuel_Pfeifer_Seminarhefte_Set.jpg\",\"width\":832,\"height\":1148,\"caption\":\"Seminarhefte-Set Seelische Erkrankungen\"},{\"@type\":\"BreadcrumbList\",\"@id\":\"https:\\\/\\\/stiftung-ts.de\\\/sts\\\/ueber-uns\\\/publikationen\\\/downloads-dr-samuel-pfeifer\\\/#breadcrumb\",\"itemListElement\":[{\"@type\":\"ListItem\",\"position\":1,\"name\":\"Startseite\",\"item\":\"https:\\\/\\\/stiftung-ts.de\\\/sts\\\/\"},{\"@type\":\"ListItem\",\"position\":2,\"name\":\"\u00dcber uns\",\"item\":\"https:\\\/\\\/stiftung-ts.de\\\/sts\\\/ueber-uns\\\/\"},{\"@type\":\"ListItem\",\"position\":3,\"name\":\"Publikationen\",\"item\":\"https:\\\/\\\/stiftung-ts.de\\\/sts\\\/ueber-uns\\\/publikationen\\\/\"},{\"@type\":\"ListItem\",\"position\":4,\"name\":\"Seminarhefte Psychiatrie &amp; Seelsorge\"}]},{\"@type\":\"WebSite\",\"@id\":\"https:\\\/\\\/stiftung-ts.de\\\/sts\\\/#website\",\"url\":\"https:\\\/\\\/stiftung-ts.de\\\/sts\\\/\",\"name\":\"Stiftung TS\",\"description\":\"\",\"publisher\":{\"@id\":\"https:\\\/\\\/stiftung-ts.de\\\/sts\\\/#organization\"},\"potentialAction\":[{\"@type\":\"SearchAction\",\"target\":{\"@type\":\"EntryPoint\",\"urlTemplate\":\"https:\\\/\\\/stiftung-ts.de\\\/sts\\\/?s={search_term_string}\"},\"query-input\":{\"@type\":\"PropertyValueSpecification\",\"valueRequired\":true,\"valueName\":\"search_term_string\"}}],\"inLanguage\":\"de\"},{\"@type\":\"Organization\",\"@id\":\"https:\\\/\\\/stiftung-ts.de\\\/sts\\\/#organization\",\"name\":\"Stiftung TS\",\"url\":\"https:\\\/\\\/stiftung-ts.de\\\/sts\\\/\",\"logo\":{\"@type\":\"ImageObject\",\"inLanguage\":\"de\",\"@id\":\"https:\\\/\\\/stiftung-ts.de\\\/sts\\\/#\\\/schema\\\/logo\\\/image\\\/\",\"url\":\"https:\\\/\\\/stiftung-ts.de\\\/sts\\\/wp-content\\\/uploads\\\/2021\\\/04\\\/Logo_Stiftung-TS_512-rund.png\",\"contentUrl\":\"https:\\\/\\\/stiftung-ts.de\\\/sts\\\/wp-content\\\/uploads\\\/2021\\\/04\\\/Logo_Stiftung-TS_512-rund.png\",\"width\":512,\"height\":512,\"caption\":\"Stiftung TS\"},\"image\":{\"@id\":\"https:\\\/\\\/stiftung-ts.de\\\/sts\\\/#\\\/schema\\\/logo\\\/image\\\/\"},\"sameAs\":[\"https:\\\/\\\/www.facebook.com\\\/therapeutische.seelsorge\"]}]}<\/script>\n<!-- \/ Yoast SEO plugin. -->","yoast_head_json":{"title":"Seminarhefte Psychiatrie &amp; Seelsorge - Stiftung TS","description":"12 Seminarhefte PSYCHIATRIE & SEELSORGE sowie das Handbuch BASISWISSEN SEELSORGE von Dr. Samuel Pfeifer als PDF.","robots":{"index":"index","follow":"follow","max-snippet":"max-snippet:-1","max-image-preview":"max-image-preview:large","max-video-preview":"max-video-preview:-1"},"canonical":"https:\/\/stiftung-ts.de\/sts\/ueber-uns\/publikationen\/downloads-dr-samuel-pfeifer\/","og_locale":"de_DE","og_type":"article","og_title":"Seminarhefte Psychiatrie &amp; Seelsorge - Stiftung TS","og_description":"12 Seminarhefte PSYCHIATRIE & SEELSORGE sowie das Handbuch BASISWISSEN SEELSORGE von Dr. Samuel Pfeifer als PDF.","og_url":"https:\/\/stiftung-ts.de\/sts\/ueber-uns\/publikationen\/downloads-dr-samuel-pfeifer\/","og_site_name":"Stiftung TS","article_publisher":"https:\/\/www.facebook.com\/therapeutische.seelsorge","article_modified_time":"2025-08-26T18:56:09+00:00","og_image":[{"width":832,"height":1148,"url":"https:\/\/stiftung-ts.de\/sts\/wp-content\/uploads\/2024\/06\/Samuel_Pfeifer_Seminarhefte_Set.jpg","type":"image\/jpeg"}],"twitter_card":"summary_large_image","twitter_misc":{"Gesch\u00e4tzte Lesezeit":"5\u00a0Minuten"},"schema":{"@context":"https:\/\/schema.org","@graph":[{"@type":"WebPage","@id":"https:\/\/stiftung-ts.de\/sts\/ueber-uns\/publikationen\/downloads-dr-samuel-pfeifer\/","url":"https:\/\/stiftung-ts.de\/sts\/ueber-uns\/publikationen\/downloads-dr-samuel-pfeifer\/","name":"Seminarhefte Psychiatrie &amp; Seelsorge - Stiftung TS","isPartOf":{"@id":"https:\/\/stiftung-ts.de\/sts\/#website"},"primaryImageOfPage":{"@id":"https:\/\/stiftung-ts.de\/sts\/ueber-uns\/publikationen\/downloads-dr-samuel-pfeifer\/#primaryimage"},"image":{"@id":"https:\/\/stiftung-ts.de\/sts\/ueber-uns\/publikationen\/downloads-dr-samuel-pfeifer\/#primaryimage"},"thumbnailUrl":"https:\/\/stiftung-ts.de\/sts\/wp-content\/uploads\/2024\/06\/Samuel_Pfeifer_Seminarhefte_Set-217x300.jpg","datePublished":"2019-03-27T14:22:53+00:00","dateModified":"2025-08-26T18:56:09+00:00","description":"12 Seminarhefte PSYCHIATRIE & SEELSORGE sowie das Handbuch BASISWISSEN SEELSORGE von Dr. Samuel Pfeifer als PDF.","breadcrumb":{"@id":"https:\/\/stiftung-ts.de\/sts\/ueber-uns\/publikationen\/downloads-dr-samuel-pfeifer\/#breadcrumb"},"inLanguage":"de","potentialAction":[{"@type":"ReadAction","target":["https:\/\/stiftung-ts.de\/sts\/ueber-uns\/publikationen\/downloads-dr-samuel-pfeifer\/"]}]},{"@type":"ImageObject","inLanguage":"de","@id":"https:\/\/stiftung-ts.de\/sts\/ueber-uns\/publikationen\/downloads-dr-samuel-pfeifer\/#primaryimage","url":"https:\/\/stiftung-ts.de\/sts\/wp-content\/uploads\/2024\/06\/Samuel_Pfeifer_Seminarhefte_Set.jpg","contentUrl":"https:\/\/stiftung-ts.de\/sts\/wp-content\/uploads\/2024\/06\/Samuel_Pfeifer_Seminarhefte_Set.jpg","width":832,"height":1148,"caption":"Seminarhefte-Set Seelische Erkrankungen"},{"@type":"BreadcrumbList","@id":"https:\/\/stiftung-ts.de\/sts\/ueber-uns\/publikationen\/downloads-dr-samuel-pfeifer\/#breadcrumb","itemListElement":[{"@type":"ListItem","position":1,"name":"Startseite","item":"https:\/\/stiftung-ts.de\/sts\/"},{"@type":"ListItem","position":2,"name":"\u00dcber uns","item":"https:\/\/stiftung-ts.de\/sts\/ueber-uns\/"},{"@type":"ListItem","position":3,"name":"Publikationen","item":"https:\/\/stiftung-ts.de\/sts\/ueber-uns\/publikationen\/"},{"@type":"ListItem","position":4,"name":"Seminarhefte Psychiatrie &amp; Seelsorge"}]},{"@type":"WebSite","@id":"https:\/\/stiftung-ts.de\/sts\/#website","url":"https:\/\/stiftung-ts.de\/sts\/","name":"Stiftung TS","description":"","publisher":{"@id":"https:\/\/stiftung-ts.de\/sts\/#organization"},"potentialAction":[{"@type":"SearchAction","target":{"@type":"EntryPoint","urlTemplate":"https:\/\/stiftung-ts.de\/sts\/?s={search_term_string}"},"query-input":{"@type":"PropertyValueSpecification","valueRequired":true,"valueName":"search_term_string"}}],"inLanguage":"de"},{"@type":"Organization","@id":"https:\/\/stiftung-ts.de\/sts\/#organization","name":"Stiftung TS","url":"https:\/\/stiftung-ts.de\/sts\/","logo":{"@type":"ImageObject","inLanguage":"de","@id":"https:\/\/stiftung-ts.de\/sts\/#\/schema\/logo\/image\/","url":"https:\/\/stiftung-ts.de\/sts\/wp-content\/uploads\/2021\/04\/Logo_Stiftung-TS_512-rund.png","contentUrl":"https:\/\/stiftung-ts.de\/sts\/wp-content\/uploads\/2021\/04\/Logo_Stiftung-TS_512-rund.png","width":512,"height":512,"caption":"Stiftung TS"},"image":{"@id":"https:\/\/stiftung-ts.de\/sts\/#\/schema\/logo\/image\/"},"sameAs":["https:\/\/www.facebook.com\/therapeutische.seelsorge"]}]}},"_links":{"self":[{"href":"https:\/\/stiftung-ts.de\/sts\/wp-json\/wp\/v2\/pages\/306","targetHints":{"allow":["GET"]}}],"collection":[{"href":"https:\/\/stiftung-ts.de\/sts\/wp-json\/wp\/v2\/pages"}],"about":[{"href":"https:\/\/stiftung-ts.de\/sts\/wp-json\/wp\/v2\/types\/page"}],"author":[{"embeddable":true,"href":"https:\/\/stiftung-ts.de\/sts\/wp-json\/wp\/v2\/users\/1"}],"replies":[{"embeddable":true,"href":"https:\/\/stiftung-ts.de\/sts\/wp-json\/wp\/v2\/comments?post=306"}],"version-history":[{"count":0,"href":"https:\/\/stiftung-ts.de\/sts\/wp-json\/wp\/v2\/pages\/306\/revisions"}],"up":[{"embeddable":true,"href":"https:\/\/stiftung-ts.de\/sts\/wp-json\/wp\/v2\/pages\/3569"}],"wp:attachment":[{"href":"https:\/\/stiftung-ts.de\/sts\/wp-json\/wp\/v2\/media?parent=306"}],"curies":[{"name":"wp","href":"https:\/\/api.w.org\/{rel}","templated":true}]}}