{"id":1918,"date":"2021-02-27T21:19:54","date_gmt":"2021-02-27T20:19:54","guid":{"rendered":"https:\/\/stiftung-ts.de\/sts\/?page_id=1918"},"modified":"2026-05-11T16:19:02","modified_gmt":"2026-05-11T14:19:02","slug":"termine-2","status":"publish","type":"page","link":"https:\/\/stiftung-ts.de\/sts\/gemeinde_1\/termine-2\/","title":{"rendered":"Termine"},"content":{"rendered":"\n<h2 class=\"wp-block-heading\">Veranstaltungen von TS Gemeinde<\/h2>\n\n\n\n<div style=\"height:30px\" aria-hidden=\"true\" class=\"wp-block-spacer\"><\/div>\n\n\n\n<figure class=\"wp-block-table is-style-stripes\"><table><thead><tr><th class=\"has-text-align-left\" data-align=\"left\">Aktuelle Veranstaltungen<\/th><\/tr><\/thead><tbody><tr><td class=\"has-text-align-left\" data-align=\"left\">Termine nach Absprache &#8211; 91085 Weisendorf oder online<br><strong>EPL \u2013 Gespr\u00e4chstraining f\u00fcr junge Paare<\/strong><br>Thomas und Anita Alexi<br>Kosten: 175,- Euro pro Paar<br><a href=\"https:\/\/stiftung-ts.de\/sts\/gemeinde_1\/tools-fuer-paare\/epl\/\">Infos und Anmeldung<\/a><\/td><\/tr><tr><td class=\"has-text-align-left\" data-align=\"left\">Termine nach Absprache &#8211; 91085 Weisendorf oder online<br><strong>KEK \u2013 Gespr\u00e4chstraining f\u00fcr Paare in langj\u00e4hriger Beziehung<\/strong><br>Thomas und Anita Alexi<br>Kosten: 270,- Euro pro Paar<br><a href=\"https:\/\/stiftung-ts.de\/sts\/gemeinde_1\/tools-fuer-paare\/kek\/\">Infos und Anmeldung<\/a><\/td><\/tr><\/tbody><\/table><\/figure>\n\n\n\n<p><\/p>\n","protected":false},"excerpt":{"rendered":"<p>Veranstaltungen von TS Gemeinde Aktuelle Veranstaltungen Termine nach Absprache &#8211; 91085 Weisendorf oder onlineEPL \u2013 Gespr\u00e4chstraining f\u00fcr junge PaareThomas und Anita AlexiKosten: 175,- Euro pro PaarInfos und Anmeldung Termine nach Absprache &#8211; 91085 Weisendorf oder onlineKEK \u2013 Gespr\u00e4chstraining f\u00fcr Paare in langj\u00e4hriger BeziehungThomas und Anita AlexiKosten: 270,- Euro pro PaarInfos und Anmeldung<\/p>\n","protected":false},"author":1,"featured_media":0,"parent":90,"menu_order":5,"comment_status":"closed","ping_status":"closed","template":"page-fullwidth.php","meta":{"footnotes":""},"class_list":["post-1918","page","type-page","status-publish","hentry"],"yoast_head":"<!-- This site is optimized with the Yoast SEO plugin v27.6 - https:\/\/yoast.com\/product\/yoast-seo-wordpress\/ -->\n<title>Termine - Gemeinde - Stiftung TS<\/title>\n<meta name=\"description\" content=\"Veranstaltungen von TS Gemeinde\" \/>\n<meta name=\"robots\" content=\"index, follow, max-snippet:-1, max-image-preview:large, max-video-preview:-1\" \/>\n<link rel=\"canonical\" href=\"https:\/\/stiftung-ts.de\/sts\/gemeinde_1\/termine-2\/\" \/>\n<meta property=\"og:locale\" content=\"de_DE\" \/>\n<meta property=\"og:type\" content=\"article\" \/>\n<meta property=\"og:title\" content=\"Termine - Gemeinde - Stiftung TS\" \/>\n<meta property=\"og:description\" content=\"Veranstaltungen von TS Gemeinde\" \/>\n<meta property=\"og:url\" content=\"https:\/\/stiftung-ts.de\/sts\/gemeinde_1\/termine-2\/\" \/>\n<meta property=\"og:site_name\" content=\"Stiftung TS\" \/>\n<meta property=\"article:publisher\" content=\"https:\/\/www.facebook.com\/therapeutische.seelsorge\" \/>\n<meta property=\"article:modified_time\" content=\"2026-05-11T14:19:02+00:00\" \/>\n<meta name=\"twitter:card\" content=\"summary_large_image\" \/>\n<meta name=\"twitter:label1\" content=\"Gesch\u00e4tzte Lesezeit\" \/>\n\t<meta name=\"twitter:data1\" content=\"1\u00a0Minute\" \/>\n<script type=\"application\/ld+json\" class=\"yoast-schema-graph\">{\"@context\":\"https:\\\/\\\/schema.org\",\"@graph\":[{\"@type\":\"WebPage\",\"@id\":\"https:\\\/\\\/stiftung-ts.de\\\/sts\\\/gemeinde_1\\\/termine-2\\\/\",\"url\":\"https:\\\/\\\/stiftung-ts.de\\\/sts\\\/gemeinde_1\\\/termine-2\\\/\",\"name\":\"Termine - Gemeinde - Stiftung TS\",\"isPartOf\":{\"@id\":\"https:\\\/\\\/stiftung-ts.de\\\/sts\\\/#website\"},\"datePublished\":\"2021-02-27T20:19:54+00:00\",\"dateModified\":\"2026-05-11T14:19:02+00:00\",\"description\":\"Veranstaltungen von TS Gemeinde\",\"breadcrumb\":{\"@id\":\"https:\\\/\\\/stiftung-ts.de\\\/sts\\\/gemeinde_1\\\/termine-2\\\/#breadcrumb\"},\"inLanguage\":\"de\",\"potentialAction\":[{\"@type\":\"ReadAction\",\"target\":[\"https:\\\/\\\/stiftung-ts.de\\\/sts\\\/gemeinde_1\\\/termine-2\\\/\"]}]},{\"@type\":\"BreadcrumbList\",\"@id\":\"https:\\\/\\\/stiftung-ts.de\\\/sts\\\/gemeinde_1\\\/termine-2\\\/#breadcrumb\",\"itemListElement\":[{\"@type\":\"ListItem\",\"position\":1,\"name\":\"Startseite\",\"item\":\"https:\\\/\\\/stiftung-ts.de\\\/sts\\\/\"},{\"@type\":\"ListItem\",\"position\":2,\"name\":\"Gemeinde\",\"item\":\"https:\\\/\\\/stiftung-ts.de\\\/sts\\\/gemeinde_1\\\/\"},{\"@type\":\"ListItem\",\"position\":3,\"name\":\"Termine\"}]},{\"@type\":\"WebSite\",\"@id\":\"https:\\\/\\\/stiftung-ts.de\\\/sts\\\/#website\",\"url\":\"https:\\\/\\\/stiftung-ts.de\\\/sts\\\/\",\"name\":\"Stiftung TS\",\"description\":\"\",\"publisher\":{\"@id\":\"https:\\\/\\\/stiftung-ts.de\\\/sts\\\/#organization\"},\"potentialAction\":[{\"@type\":\"SearchAction\",\"target\":{\"@type\":\"EntryPoint\",\"urlTemplate\":\"https:\\\/\\\/stiftung-ts.de\\\/sts\\\/?s={search_term_string}\"},\"query-input\":{\"@type\":\"PropertyValueSpecification\",\"valueRequired\":true,\"valueName\":\"search_term_string\"}}],\"inLanguage\":\"de\"},{\"@type\":\"Organization\",\"@id\":\"https:\\\/\\\/stiftung-ts.de\\\/sts\\\/#organization\",\"name\":\"Stiftung TS\",\"url\":\"https:\\\/\\\/stiftung-ts.de\\\/sts\\\/\",\"logo\":{\"@type\":\"ImageObject\",\"inLanguage\":\"de\",\"@id\":\"https:\\\/\\\/stiftung-ts.de\\\/sts\\\/#\\\/schema\\\/logo\\\/image\\\/\",\"url\":\"https:\\\/\\\/stiftung-ts.de\\\/sts\\\/wp-content\\\/uploads\\\/2021\\\/04\\\/Logo_Stiftung-TS_512-rund.png\",\"contentUrl\":\"https:\\\/\\\/stiftung-ts.de\\\/sts\\\/wp-content\\\/uploads\\\/2021\\\/04\\\/Logo_Stiftung-TS_512-rund.png\",\"width\":512,\"height\":512,\"caption\":\"Stiftung TS\"},\"image\":{\"@id\":\"https:\\\/\\\/stiftung-ts.de\\\/sts\\\/#\\\/schema\\\/logo\\\/image\\\/\"},\"sameAs\":[\"https:\\\/\\\/www.facebook.com\\\/therapeutische.seelsorge\"]}]}<\/script>\n<!-- \/ Yoast SEO plugin. -->","yoast_head_json":{"title":"Termine - Gemeinde - Stiftung TS","description":"Veranstaltungen von TS Gemeinde","robots":{"index":"index","follow":"follow","max-snippet":"max-snippet:-1","max-image-preview":"max-image-preview:large","max-video-preview":"max-video-preview:-1"},"canonical":"https:\/\/stiftung-ts.de\/sts\/gemeinde_1\/termine-2\/","og_locale":"de_DE","og_type":"article","og_title":"Termine - Gemeinde - Stiftung TS","og_description":"Veranstaltungen von TS Gemeinde","og_url":"https:\/\/stiftung-ts.de\/sts\/gemeinde_1\/termine-2\/","og_site_name":"Stiftung TS","article_publisher":"https:\/\/www.facebook.com\/therapeutische.seelsorge","article_modified_time":"2026-05-11T14:19:02+00:00","twitter_card":"summary_large_image","twitter_misc":{"Gesch\u00e4tzte Lesezeit":"1\u00a0Minute"},"schema":{"@context":"https:\/\/schema.org","@graph":[{"@type":"WebPage","@id":"https:\/\/stiftung-ts.de\/sts\/gemeinde_1\/termine-2\/","url":"https:\/\/stiftung-ts.de\/sts\/gemeinde_1\/termine-2\/","name":"Termine - Gemeinde - Stiftung TS","isPartOf":{"@id":"https:\/\/stiftung-ts.de\/sts\/#website"},"datePublished":"2021-02-27T20:19:54+00:00","dateModified":"2026-05-11T14:19:02+00:00","description":"Veranstaltungen von TS Gemeinde","breadcrumb":{"@id":"https:\/\/stiftung-ts.de\/sts\/gemeinde_1\/termine-2\/#breadcrumb"},"inLanguage":"de","potentialAction":[{"@type":"ReadAction","target":["https:\/\/stiftung-ts.de\/sts\/gemeinde_1\/termine-2\/"]}]},{"@type":"BreadcrumbList","@id":"https:\/\/stiftung-ts.de\/sts\/gemeinde_1\/termine-2\/#breadcrumb","itemListElement":[{"@type":"ListItem","position":1,"name":"Startseite","item":"https:\/\/stiftung-ts.de\/sts\/"},{"@type":"ListItem","position":2,"name":"Gemeinde","item":"https:\/\/stiftung-ts.de\/sts\/gemeinde_1\/"},{"@type":"ListItem","position":3,"name":"Termine"}]},{"@type":"WebSite","@id":"https:\/\/stiftung-ts.de\/sts\/#website","url":"https:\/\/stiftung-ts.de\/sts\/","name":"Stiftung TS","description":"","publisher":{"@id":"https:\/\/stiftung-ts.de\/sts\/#organization"},"potentialAction":[{"@type":"SearchAction","target":{"@type":"EntryPoint","urlTemplate":"https:\/\/stiftung-ts.de\/sts\/?s={search_term_string}"},"query-input":{"@type":"PropertyValueSpecification","valueRequired":true,"valueName":"search_term_string"}}],"inLanguage":"de"},{"@type":"Organization","@id":"https:\/\/stiftung-ts.de\/sts\/#organization","name":"Stiftung TS","url":"https:\/\/stiftung-ts.de\/sts\/","logo":{"@type":"ImageObject","inLanguage":"de","@id":"https:\/\/stiftung-ts.de\/sts\/#\/schema\/logo\/image\/","url":"https:\/\/stiftung-ts.de\/sts\/wp-content\/uploads\/2021\/04\/Logo_Stiftung-TS_512-rund.png","contentUrl":"https:\/\/stiftung-ts.de\/sts\/wp-content\/uploads\/2021\/04\/Logo_Stiftung-TS_512-rund.png","width":512,"height":512,"caption":"Stiftung TS"},"image":{"@id":"https:\/\/stiftung-ts.de\/sts\/#\/schema\/logo\/image\/"},"sameAs":["https:\/\/www.facebook.com\/therapeutische.seelsorge"]}]}},"_links":{"self":[{"href":"https:\/\/stiftung-ts.de\/sts\/wp-json\/wp\/v2\/pages\/1918","targetHints":{"allow":["GET"]}}],"collection":[{"href":"https:\/\/stiftung-ts.de\/sts\/wp-json\/wp\/v2\/pages"}],"about":[{"href":"https:\/\/stiftung-ts.de\/sts\/wp-json\/wp\/v2\/types\/page"}],"author":[{"embeddable":true,"href":"https:\/\/stiftung-ts.de\/sts\/wp-json\/wp\/v2\/users\/1"}],"replies":[{"embeddable":true,"href":"https:\/\/stiftung-ts.de\/sts\/wp-json\/wp\/v2\/comments?post=1918"}],"version-history":[{"count":6,"href":"https:\/\/stiftung-ts.de\/sts\/wp-json\/wp\/v2\/pages\/1918\/revisions"}],"predecessor-version":[{"id":7390,"href":"https:\/\/stiftung-ts.de\/sts\/wp-json\/wp\/v2\/pages\/1918\/revisions\/7390"}],"up":[{"embeddable":true,"href":"https:\/\/stiftung-ts.de\/sts\/wp-json\/wp\/v2\/pages\/90"}],"wp:attachment":[{"href":"https:\/\/stiftung-ts.de\/sts\/wp-json\/wp\/v2\/media?parent=1918"}],"curies":[{"name":"wp","href":"https:\/\/api.w.org\/{rel}","templated":true}]}}