{"id":166,"date":"2019-03-04T17:54:06","date_gmt":"2019-03-04T16:54:06","guid":{"rendered":"https:\/\/stiftung-ts.de\/sts\/?page_id=166"},"modified":"2026-02-04T11:41:41","modified_gmt":"2026-02-04T10:41:41","slug":"seminarangebote-vor-ort","status":"publish","type":"page","link":"https:\/\/stiftung-ts.de\/sts\/ausbildung-2\/seminarangebote-vor-ort\/","title":{"rendered":"Weiterbildungs-Partner"},"content":{"rendered":"\n<h2 class=\"wp-block-heading\">Weiterbildungs-Partner<\/h2>\n\n\n\n<p>Durch Kooperationen mit verschiedenen Tr\u00e4gern besteht deutschlandweit und dar\u00fcber hinaus die M\u00f6glichkeit unsere Seminare bei einem Partner vor Ort zu besuchen.<\/p>\n\n\n\n<figure class=\"wp-block-table alignleft is-style-stripes\"><table><thead><tr><th class=\"has-text-align-center\" data-align=\"center\"><\/th><th class=\"has-text-align-left\" data-align=\"left\">Weiterbildungs-Partner<\/th><\/tr><\/thead><tbody><tr><td class=\"has-text-align-center\" data-align=\"center\"><img loading=\"lazy\" decoding=\"async\" width=\"90\" height=\"57\" class=\"wp-image-2242\" style=\"width: 90px;\" src=\"https:\/\/stiftung-ts.de\/sts\/wp-content\/uploads\/2021\/04\/mini-logo-TS.png\" alt=\"Logo Stiftung Therapeutische Seelsorge\"><\/td><td class=\"has-text-align-left\" data-align=\"left\">Regionen Bayern, NRW-H\u00f6xter, Sachsen<br><strong>Stiftung Therapeutische Seelsorge<\/strong><br>91710 Gunzenhausen<\/td><\/tr><tr><td class=\"has-text-align-center\" data-align=\"center\"><a href=\"https:\/\/isbb.lgv.org\/\" target=\"_blank\" rel=\"noreferrer noopener\"><img loading=\"lazy\" decoding=\"async\" width=\"90\" height=\"57\" class=\"wp-image-159\" style=\"width: 90px;\" src=\"https:\/\/stiftung-ts.de\/sts\/wp-content\/uploads\/2019\/03\/mini-logo-isbb.png\" alt=\"Logo Initiative Seelsorge - Beratung - Bildung\"><\/a><\/td><td class=\"has-text-align-left\" data-align=\"left\">Regionen Baden-W\u00fcrttemberg und Rhein-Main<br><strong><a href=\"https:\/\/isbb.lgv.org\" target=\"_blank\" rel=\"noreferrer noopener\">Initiative Seelsorge &#8211; Beratung &#8211; Bildung<\/a><\/strong><br>75378 Bad Liebenzell <\/td><\/tr><tr><td class=\"has-text-align-center\" data-align=\"center\"><a href=\"https:\/\/www.mbs-marburg.de\/\" target=\"_blank\" rel=\"noreferrer noopener\"><img loading=\"lazy\" decoding=\"async\" width=\"90\" height=\"57\" class=\"wp-image-6471\" style=\"width: 90px;\" src=\"https:\/\/stiftung-ts.de\/sts\/wp-content\/uploads\/2025\/07\/mini-logo-mbs-marburg_grau_2.png\" alt=\"MBS Marburg\"><\/a><\/td><td class=\"has-text-align-left\" data-align=\"left\">Region Hessen<br><strong><a href=\"https:\/\/www.mbs-marburg.de\/\" target=\"_blank\" rel=\"noreferrer noopener\">MBS Marburg<\/a><\/strong><br>35037 Marburg<\/td><\/tr><tr><td class=\"has-text-align-center\" data-align=\"center\"><a href=\"https:\/\/www.cvhs-hamburg.de\" target=\"_blank\" rel=\"noreferrer noopener\"><img loading=\"lazy\" decoding=\"async\" width=\"90\" height=\"57\" class=\"wp-image-156\" style=\"width: 90px;\" src=\"https:\/\/stiftung-ts.de\/sts\/wp-content\/uploads\/2019\/03\/mini-logo-cvhs.png\" alt=\"Christliche Volkshochschule Hamburg\"><\/a><\/td><td class=\"has-text-align-left\" data-align=\"left\">Region Hamburg<br><strong><a href=\"https:\/\/www.cvhs-hamburg.de\/\" target=\"_blank\" rel=\"noreferrer noopener\">Christliche Volkshochschule Hamburg<\/a><\/strong><br>22047 Hamburg<\/td><\/tr><tr><td class=\"has-text-align-center\" data-align=\"center\"><a href=\"https:\/\/lebensecht-ev.de\/\" target=\"_blank\" rel=\"noreferrer noopener\"><img loading=\"lazy\" decoding=\"async\" width=\"90\" height=\"57\" class=\"wp-image-6438\" style=\"width: 90px;\" src=\"https:\/\/stiftung-ts.de\/sts\/wp-content\/uploads\/2025\/06\/mini-logo_logo_lebensecht.png\" alt=\"Logo Lebensecht - Seelsorge und Lebensberatung e.V.\"><\/a><\/td><td class=\"has-text-align-left\" data-align=\"left\">Region Rheinland-Pfalz<br><strong><a href=\"https:\/\/lebensecht-ev.de\" target=\"_blank\" rel=\"noreferrer noopener\">Lebensecht &#8211; Seelsorge und Lebensberatung e.V.<\/a><\/strong><br>67454 Ha\u00dfloch\/Pfalz <\/td><\/tr><tr><td class=\"has-text-align-center\" data-align=\"center\"><a href=\"https:\/\/eleos.hu\/\" target=\"_blank\" rel=\"noreferrer noopener\"><img loading=\"lazy\" decoding=\"async\" width=\"90\" height=\"57\" class=\"wp-image-6441\" style=\"width: 90px;\" src=\"https:\/\/stiftung-ts.de\/sts\/wp-content\/uploads\/2025\/06\/mini-logo_eleos.jpg\" alt=\"Logo Eleos Education \"><\/a><\/td><td class=\"has-text-align-left\" data-align=\"left\">Ungarn<br><strong><a href=\"https:\/\/eleos.hu\/\" target=\"_blank\" rel=\"noreferrer noopener\">Eleos Education<\/a><\/strong> <br>Budapest\/Ungarn<\/td><\/tr><tr><td class=\"has-text-align-center\" data-align=\"center\"><a href=\"https:\/\/acf.de\" target=\"_blank\" rel=\"noreferrer noopener\"><img loading=\"lazy\" decoding=\"async\" width=\"90\" height=\"57\" class=\"wp-image-155\" style=\"width: 90px;\" src=\"https:\/\/stiftung-ts.de\/sts\/wp-content\/uploads\/2019\/03\/mini-logo-acf.png\" alt=\"Logo Akademie f\u00fcr christliche F\u00fchrungskr\u00e4fte\"><\/a><\/td><td class=\"has-text-align-left\" data-align=\"left\">Deutschland<br><strong><a href=\"https:\/\/acf.de\/\" target=\"_blank\" rel=\"noreferrer noopener\">Akademie f\u00fcr christliche F\u00fchrungskr\u00e4fte<\/a><\/strong><br>51643 Gummersbach<\/td><\/tr><\/tbody><\/table><\/figure>\n\n\n\n<p><\/p>\n","protected":false},"excerpt":{"rendered":"<p>Weiterbildungs-Partner Durch Kooperationen mit verschiedenen Tr\u00e4gern besteht deutschlandweit und dar\u00fcber hinaus die M\u00f6glichkeit unsere Seminare bei einem Partner vor Ort zu besuchen. Weiterbildungs-Partner Regionen Bayern, NRW-H\u00f6xter, SachsenStiftung Therapeutische Seelsorge91710 Gunzenhausen Regionen Baden-W\u00fcrttemberg und Rhein-MainInitiative Seelsorge &#8211; Beratung &#8211; Bildung75378 Bad Liebenzell Region HessenMBS Marburg35037 Marburg Region HamburgChristliche Volkshochschule Hamburg22047 Hamburg Region Rheinland-PfalzLebensecht &#8211; Seelsorge und<\/p>\n","protected":false},"author":1,"featured_media":0,"parent":111,"menu_order":4,"comment_status":"closed","ping_status":"closed","template":"page-fullwidth.php","meta":{"footnotes":""},"class_list":["post-166","page","type-page","status-publish","hentry"],"yoast_head":"<!-- This site is optimized with the Yoast SEO plugin v27.4 - https:\/\/yoast.com\/product\/yoast-seo-wordpress\/ -->\n<title>Weiterbildungs-Partner - Stiftung TS<\/title>\n<meta name=\"description\" content=\"Sie haben deutschlandweit und dar\u00fcber hinaus die M\u00f6glichkeit unsere Seminare bei einem Partner vor Ort zu besuchen.\" \/>\n<meta name=\"robots\" content=\"index, follow, max-snippet:-1, max-image-preview:large, max-video-preview:-1\" \/>\n<link rel=\"canonical\" href=\"https:\/\/stiftung-ts.de\/sts\/ausbildung-2\/seminarangebote-vor-ort\/\" \/>\n<meta property=\"og:locale\" content=\"de_DE\" \/>\n<meta property=\"og:type\" content=\"article\" \/>\n<meta property=\"og:title\" content=\"Weiterbildungs-Partner - Stiftung TS\" \/>\n<meta property=\"og:description\" content=\"Sie haben deutschlandweit und dar\u00fcber hinaus die M\u00f6glichkeit unsere Seminare bei einem Partner vor Ort zu besuchen.\" \/>\n<meta property=\"og:url\" content=\"https:\/\/stiftung-ts.de\/sts\/ausbildung-2\/seminarangebote-vor-ort\/\" \/>\n<meta property=\"og:site_name\" content=\"Stiftung TS\" \/>\n<meta property=\"article:publisher\" content=\"https:\/\/www.facebook.com\/therapeutische.seelsorge\" \/>\n<meta property=\"article:modified_time\" content=\"2026-02-04T10:41:41+00:00\" \/>\n<meta property=\"og:image\" content=\"https:\/\/stiftung-ts.de\/sts\/wp-content\/uploads\/2021\/04\/mini-logo-TS.png\" \/>\n\t<meta property=\"og:image:width\" content=\"90\" \/>\n\t<meta property=\"og:image:height\" content=\"57\" \/>\n\t<meta property=\"og:image:type\" content=\"image\/png\" \/>\n<meta name=\"twitter:card\" content=\"summary_large_image\" \/>\n<meta name=\"twitter:label1\" content=\"Gesch\u00e4tzte Lesezeit\" \/>\n\t<meta name=\"twitter:data1\" content=\"2\u00a0Minuten\" \/>\n<script type=\"application\/ld+json\" class=\"yoast-schema-graph\">{\"@context\":\"https:\\\/\\\/schema.org\",\"@graph\":[{\"@type\":\"WebPage\",\"@id\":\"https:\\\/\\\/stiftung-ts.de\\\/sts\\\/ausbildung-2\\\/seminarangebote-vor-ort\\\/\",\"url\":\"https:\\\/\\\/stiftung-ts.de\\\/sts\\\/ausbildung-2\\\/seminarangebote-vor-ort\\\/\",\"name\":\"Weiterbildungs-Partner - Stiftung TS\",\"isPartOf\":{\"@id\":\"https:\\\/\\\/stiftung-ts.de\\\/sts\\\/#website\"},\"primaryImageOfPage\":{\"@id\":\"https:\\\/\\\/stiftung-ts.de\\\/sts\\\/ausbildung-2\\\/seminarangebote-vor-ort\\\/#primaryimage\"},\"image\":{\"@id\":\"https:\\\/\\\/stiftung-ts.de\\\/sts\\\/ausbildung-2\\\/seminarangebote-vor-ort\\\/#primaryimage\"},\"thumbnailUrl\":\"https:\\\/\\\/stiftung-ts.de\\\/sts\\\/wp-content\\\/uploads\\\/2021\\\/04\\\/mini-logo-TS.png\",\"datePublished\":\"2019-03-04T16:54:06+00:00\",\"dateModified\":\"2026-02-04T10:41:41+00:00\",\"description\":\"Sie haben deutschlandweit und dar\u00fcber hinaus die M\u00f6glichkeit unsere Seminare bei einem Partner vor Ort zu besuchen.\",\"breadcrumb\":{\"@id\":\"https:\\\/\\\/stiftung-ts.de\\\/sts\\\/ausbildung-2\\\/seminarangebote-vor-ort\\\/#breadcrumb\"},\"inLanguage\":\"de\",\"potentialAction\":[{\"@type\":\"ReadAction\",\"target\":[\"https:\\\/\\\/stiftung-ts.de\\\/sts\\\/ausbildung-2\\\/seminarangebote-vor-ort\\\/\"]}]},{\"@type\":\"ImageObject\",\"inLanguage\":\"de\",\"@id\":\"https:\\\/\\\/stiftung-ts.de\\\/sts\\\/ausbildung-2\\\/seminarangebote-vor-ort\\\/#primaryimage\",\"url\":\"https:\\\/\\\/stiftung-ts.de\\\/sts\\\/wp-content\\\/uploads\\\/2021\\\/04\\\/mini-logo-TS.png\",\"contentUrl\":\"https:\\\/\\\/stiftung-ts.de\\\/sts\\\/wp-content\\\/uploads\\\/2021\\\/04\\\/mini-logo-TS.png\",\"width\":90,\"height\":57,\"caption\":\"Logo Stiftung TS\"},{\"@type\":\"BreadcrumbList\",\"@id\":\"https:\\\/\\\/stiftung-ts.de\\\/sts\\\/ausbildung-2\\\/seminarangebote-vor-ort\\\/#breadcrumb\",\"itemListElement\":[{\"@type\":\"ListItem\",\"position\":1,\"name\":\"Startseite\",\"item\":\"https:\\\/\\\/stiftung-ts.de\\\/sts\\\/\"},{\"@type\":\"ListItem\",\"position\":2,\"name\":\"Ausbildung\",\"item\":\"https:\\\/\\\/stiftung-ts.de\\\/sts\\\/ausbildung-2\\\/\"},{\"@type\":\"ListItem\",\"position\":3,\"name\":\"Weiterbildungs-Partner\"}]},{\"@type\":\"WebSite\",\"@id\":\"https:\\\/\\\/stiftung-ts.de\\\/sts\\\/#website\",\"url\":\"https:\\\/\\\/stiftung-ts.de\\\/sts\\\/\",\"name\":\"Stiftung TS\",\"description\":\"\",\"publisher\":{\"@id\":\"https:\\\/\\\/stiftung-ts.de\\\/sts\\\/#organization\"},\"potentialAction\":[{\"@type\":\"SearchAction\",\"target\":{\"@type\":\"EntryPoint\",\"urlTemplate\":\"https:\\\/\\\/stiftung-ts.de\\\/sts\\\/?s={search_term_string}\"},\"query-input\":{\"@type\":\"PropertyValueSpecification\",\"valueRequired\":true,\"valueName\":\"search_term_string\"}}],\"inLanguage\":\"de\"},{\"@type\":\"Organization\",\"@id\":\"https:\\\/\\\/stiftung-ts.de\\\/sts\\\/#organization\",\"name\":\"Stiftung TS\",\"url\":\"https:\\\/\\\/stiftung-ts.de\\\/sts\\\/\",\"logo\":{\"@type\":\"ImageObject\",\"inLanguage\":\"de\",\"@id\":\"https:\\\/\\\/stiftung-ts.de\\\/sts\\\/#\\\/schema\\\/logo\\\/image\\\/\",\"url\":\"https:\\\/\\\/stiftung-ts.de\\\/sts\\\/wp-content\\\/uploads\\\/2021\\\/04\\\/Logo_Stiftung-TS_512-rund.png\",\"contentUrl\":\"https:\\\/\\\/stiftung-ts.de\\\/sts\\\/wp-content\\\/uploads\\\/2021\\\/04\\\/Logo_Stiftung-TS_512-rund.png\",\"width\":512,\"height\":512,\"caption\":\"Stiftung TS\"},\"image\":{\"@id\":\"https:\\\/\\\/stiftung-ts.de\\\/sts\\\/#\\\/schema\\\/logo\\\/image\\\/\"},\"sameAs\":[\"https:\\\/\\\/www.facebook.com\\\/therapeutische.seelsorge\"]}]}<\/script>\n<!-- \/ Yoast SEO plugin. -->","yoast_head_json":{"title":"Weiterbildungs-Partner - Stiftung TS","description":"Sie haben deutschlandweit und dar\u00fcber hinaus die M\u00f6glichkeit unsere Seminare bei einem Partner vor Ort zu besuchen.","robots":{"index":"index","follow":"follow","max-snippet":"max-snippet:-1","max-image-preview":"max-image-preview:large","max-video-preview":"max-video-preview:-1"},"canonical":"https:\/\/stiftung-ts.de\/sts\/ausbildung-2\/seminarangebote-vor-ort\/","og_locale":"de_DE","og_type":"article","og_title":"Weiterbildungs-Partner - Stiftung TS","og_description":"Sie haben deutschlandweit und dar\u00fcber hinaus die M\u00f6glichkeit unsere Seminare bei einem Partner vor Ort zu besuchen.","og_url":"https:\/\/stiftung-ts.de\/sts\/ausbildung-2\/seminarangebote-vor-ort\/","og_site_name":"Stiftung TS","article_publisher":"https:\/\/www.facebook.com\/therapeutische.seelsorge","article_modified_time":"2026-02-04T10:41:41+00:00","og_image":[{"width":90,"height":57,"url":"https:\/\/stiftung-ts.de\/sts\/wp-content\/uploads\/2021\/04\/mini-logo-TS.png","type":"image\/png"}],"twitter_card":"summary_large_image","twitter_misc":{"Gesch\u00e4tzte Lesezeit":"2\u00a0Minuten"},"schema":{"@context":"https:\/\/schema.org","@graph":[{"@type":"WebPage","@id":"https:\/\/stiftung-ts.de\/sts\/ausbildung-2\/seminarangebote-vor-ort\/","url":"https:\/\/stiftung-ts.de\/sts\/ausbildung-2\/seminarangebote-vor-ort\/","name":"Weiterbildungs-Partner - Stiftung TS","isPartOf":{"@id":"https:\/\/stiftung-ts.de\/sts\/#website"},"primaryImageOfPage":{"@id":"https:\/\/stiftung-ts.de\/sts\/ausbildung-2\/seminarangebote-vor-ort\/#primaryimage"},"image":{"@id":"https:\/\/stiftung-ts.de\/sts\/ausbildung-2\/seminarangebote-vor-ort\/#primaryimage"},"thumbnailUrl":"https:\/\/stiftung-ts.de\/sts\/wp-content\/uploads\/2021\/04\/mini-logo-TS.png","datePublished":"2019-03-04T16:54:06+00:00","dateModified":"2026-02-04T10:41:41+00:00","description":"Sie haben deutschlandweit und dar\u00fcber hinaus die M\u00f6glichkeit unsere Seminare bei einem Partner vor Ort zu besuchen.","breadcrumb":{"@id":"https:\/\/stiftung-ts.de\/sts\/ausbildung-2\/seminarangebote-vor-ort\/#breadcrumb"},"inLanguage":"de","potentialAction":[{"@type":"ReadAction","target":["https:\/\/stiftung-ts.de\/sts\/ausbildung-2\/seminarangebote-vor-ort\/"]}]},{"@type":"ImageObject","inLanguage":"de","@id":"https:\/\/stiftung-ts.de\/sts\/ausbildung-2\/seminarangebote-vor-ort\/#primaryimage","url":"https:\/\/stiftung-ts.de\/sts\/wp-content\/uploads\/2021\/04\/mini-logo-TS.png","contentUrl":"https:\/\/stiftung-ts.de\/sts\/wp-content\/uploads\/2021\/04\/mini-logo-TS.png","width":90,"height":57,"caption":"Logo Stiftung TS"},{"@type":"BreadcrumbList","@id":"https:\/\/stiftung-ts.de\/sts\/ausbildung-2\/seminarangebote-vor-ort\/#breadcrumb","itemListElement":[{"@type":"ListItem","position":1,"name":"Startseite","item":"https:\/\/stiftung-ts.de\/sts\/"},{"@type":"ListItem","position":2,"name":"Ausbildung","item":"https:\/\/stiftung-ts.de\/sts\/ausbildung-2\/"},{"@type":"ListItem","position":3,"name":"Weiterbildungs-Partner"}]},{"@type":"WebSite","@id":"https:\/\/stiftung-ts.de\/sts\/#website","url":"https:\/\/stiftung-ts.de\/sts\/","name":"Stiftung TS","description":"","publisher":{"@id":"https:\/\/stiftung-ts.de\/sts\/#organization"},"potentialAction":[{"@type":"SearchAction","target":{"@type":"EntryPoint","urlTemplate":"https:\/\/stiftung-ts.de\/sts\/?s={search_term_string}"},"query-input":{"@type":"PropertyValueSpecification","valueRequired":true,"valueName":"search_term_string"}}],"inLanguage":"de"},{"@type":"Organization","@id":"https:\/\/stiftung-ts.de\/sts\/#organization","name":"Stiftung TS","url":"https:\/\/stiftung-ts.de\/sts\/","logo":{"@type":"ImageObject","inLanguage":"de","@id":"https:\/\/stiftung-ts.de\/sts\/#\/schema\/logo\/image\/","url":"https:\/\/stiftung-ts.de\/sts\/wp-content\/uploads\/2021\/04\/Logo_Stiftung-TS_512-rund.png","contentUrl":"https:\/\/stiftung-ts.de\/sts\/wp-content\/uploads\/2021\/04\/Logo_Stiftung-TS_512-rund.png","width":512,"height":512,"caption":"Stiftung TS"},"image":{"@id":"https:\/\/stiftung-ts.de\/sts\/#\/schema\/logo\/image\/"},"sameAs":["https:\/\/www.facebook.com\/therapeutische.seelsorge"]}]}},"_links":{"self":[{"href":"https:\/\/stiftung-ts.de\/sts\/wp-json\/wp\/v2\/pages\/166","targetHints":{"allow":["GET"]}}],"collection":[{"href":"https:\/\/stiftung-ts.de\/sts\/wp-json\/wp\/v2\/pages"}],"about":[{"href":"https:\/\/stiftung-ts.de\/sts\/wp-json\/wp\/v2\/types\/page"}],"author":[{"embeddable":true,"href":"https:\/\/stiftung-ts.de\/sts\/wp-json\/wp\/v2\/users\/1"}],"replies":[{"embeddable":true,"href":"https:\/\/stiftung-ts.de\/sts\/wp-json\/wp\/v2\/comments?post=166"}],"version-history":[{"count":0,"href":"https:\/\/stiftung-ts.de\/sts\/wp-json\/wp\/v2\/pages\/166\/revisions"}],"up":[{"embeddable":true,"href":"https:\/\/stiftung-ts.de\/sts\/wp-json\/wp\/v2\/pages\/111"}],"wp:attachment":[{"href":"https:\/\/stiftung-ts.de\/sts\/wp-json\/wp\/v2\/media?parent=166"}],"curies":[{"name":"wp","href":"https:\/\/api.w.org\/{rel}","templated":true}]}}