{"id":143,"date":"2019-02-11T23:55:49","date_gmt":"2019-02-11T22:55:49","guid":{"rendered":"https:\/\/stiftung-ts.de\/sts\/?page_id=143"},"modified":"2026-02-06T19:44:22","modified_gmt":"2026-02-06T18:44:22","slug":"helfen-sie-mit","status":"publish","type":"page","link":"https:\/\/stiftung-ts.de\/sts\/helfen-sie-mit\/","title":{"rendered":"Spenden"},"content":{"rendered":"\n<h2 class=\"wp-block-heading\">Spenden<\/h2>\n\n\n\n<p>In Krisen und bei pers\u00f6nlichen Problemen ganzheitliche Hilfe erm\u00f6glichen, entschlossen handeln, Entlastung erreichen und Wege zur stabilisierenden Selbstf\u00fcrsorge finden.<br>Dies tun wir als Stiftung TS durch unseren Bereich der Weiterbildung, in Vortr\u00e4gen und in allen Beratungs- und Coachinggespr\u00e4chen.<\/p>\n\n\n\n<p>Mit Ihrer Spende erm\u00f6glichen Sie diese wichtige Arbeit.<\/p>\n\n\n\n<div class=\"wp-block-group\"><div class=\"wp-block-group__inner-container is-layout-constrained wp-block-group-is-layout-constrained\">\n<p><strong>Wie Sie unsere Arbeit unterst\u00fctzen k\u00f6nnen &#8211; werden Sie Freund und F\u00f6rderer<\/strong><\/p>\n\n\n\n<details class=\"wp-block-details is-layout-flow wp-block-details-is-layout-flow\"><summary>Online-Eink\u00e4ufe \u00fcber Gooding<\/summary>\n<figure class=\"wp-block-image size-thumbnail\"><img loading=\"lazy\" decoding=\"async\" width=\"150\" height=\"45\" src=\"https:\/\/stiftung-ts.de\/sts\/wp-content\/uploads\/2025\/08\/gooding_logo_1-150x45.png\" alt=\"\" class=\"wp-image-6585\" srcset=\"https:\/\/stiftung-ts.de\/sts\/wp-content\/uploads\/2025\/08\/gooding_logo_1-150x45.png 150w, https:\/\/stiftung-ts.de\/sts\/wp-content\/uploads\/2025\/08\/gooding_logo_1.png 300w\" sizes=\"auto, (max-width: 150px) 100vw, 150px\" \/><\/figure>\n\n\n\n<p>Die Internet-Plattform <a href=\"https:\/\/www.gooding.de\/\" target=\"_blank\" rel=\"noreferrer noopener\">gooding.de<\/a> erm\u00f6glicht es jedem, unsere Stiftung durch seine Online-Eink\u00e4ufe zu unterst\u00fctzen \u2013 ganz ohne Mehrkosten.<\/p>\n\n\n\n<p><a href=\"https:\/\/stiftung-ts.de\/sts\/wp-content\/uploads\/2021\/09\/So-funktioniert-Gooding-Stiftung-therapeutische-Seelsorge.pdf\" target=\"_blank\" rel=\"noreferrer noopener\">So funktioniert die Unterst\u00fctzung \u00fcber Gooding<\/a> <br><\/p>\n<\/details>\n\n\n\n<details class=\"wp-block-details is-layout-flow wp-block-details-is-layout-flow\"><summary>Einmalige Spenden<\/summary>\n<p>Mit einer einmaligen Spende helfen Sie da wo es gerade n\u00f6tig ist (z.B.: Seminarzusch\u00fcsse, Werbema\u00dfnahmen, Ehekurse, B\u00fcroausr\u00fcstung).<\/p>\n<\/details>\n\n\n\n<details class=\"wp-block-details is-layout-flow wp-block-details-is-layout-flow\"><summary>Monatliche Spende (Dauerauftrag)<\/summary>\n<p>Mit einer monatlichen Spende (Dauerauftrag) tragen Sie zu einer zuverl\u00e4ssigen Planung des Jahreshaushaltes bei und sichern u. a. das Gehalt unserer Mitarbeiter.<\/p>\n<\/details>\n\n\n\n<details class=\"wp-block-details is-layout-flow wp-block-details-is-layout-flow\"><summary>Jahresspende Ihrer Firma<\/summary>\n<p>Mit einer Jahresspende Ihrer Firma helfen Sie das Jahr positiv abzuschlie\u00dfen.<\/p>\n<\/details>\n\n\n\n<details class=\"wp-block-details is-layout-flow wp-block-details-is-layout-flow\"><summary>Zustiftungen (Verm\u00e4chtnisse)<\/summary>\n<p>Mit Zustiftungen (Verm\u00e4chtnissen) helfen Sie den Bestand der Stiftung langfristig zu sichern und den Auftrag der Therapeutischen Seelsorge vielen Menschen zug\u00e4ngig zu machen. <br>Wenden Sie sich an die <a href=\"https:\/\/stiftung-ts.de\/sts\/ueber-uns\/unser-team\/\">Stiftungsleitung<\/a>, um Einzelheiten zu kl\u00e4ren.<\/p>\n\n\n\n<p><\/p>\n<\/details>\n\n\n\n<div style=\"height:30px\" aria-hidden=\"true\" class=\"wp-block-spacer\"><\/div>\n<\/div><\/div>\n\n\n\n<p>Ja, das m\u00f6chte ich gerne unterst\u00fctzen!<\/p>\n\n\n\n<div style=\"height:30px\" aria-hidden=\"true\" class=\"wp-block-spacer\"><\/div>\n\n\n\n<p><strong>Bankverbindung<\/strong><\/p>\n\n\n\n<p>Stiftung Therapeutische Seelsorge<br>Sparkasse Ansbach<br>IBAN: DE48 7655 0000 0720 0018 17<br>BIC: BYLADEM1ANS<\/p>\n\n\n\n<div style=\"height:30px\" aria-hidden=\"true\" class=\"wp-block-spacer\"><\/div>\n\n\n\n<p><strong>Online Spenden<\/strong><\/p>\n\n\n\n<p> <img loading=\"lazy\" decoding=\"async\" width=\"120\" height=\"40\" class=\"wp-image-5088\" style=\"width: 120px;\" src=\"https:\/\/stiftung-ts.de\/sts\/wp-content\/uploads\/2024\/04\/paypal_logo-e1714474596602.jpg\" alt=\"PayPal\">&#8211; einfach und sicher online spenden<br>mit PayPal, Kredit- oder Debitkarte.<\/p>\n\n\n\n<a class=\"enigma_blog_read_btn\" href=\"https:\/\/www.paypal.com\/donate?hosted_button_id=EN4ZFMZAUBWFU\" target=\"_blank\" rel=\"noreferrer noopener\">Online spenden<\/a>\n\n\n\n<p class=\"has-small-font-size\">Hinweis: Bei PayPal m\u00fcssen wir 1,5% + 0,35\u20ac Geb\u00fchr abf\u00fchren. <br>Die Spenden-Bescheinigung nennt immer den vollen Betrag.<\/p>\n\n\n\n<div style=\"height:30px\" aria-hidden=\"true\" class=\"wp-block-spacer\"><\/div>\n\n\n\n<p>Herzlichen Dank, diese Spende<\/p>\n\n\n\n<ul class=\"wp-block-list\">\n<li>erm\u00f6glicht die Weiterbildung im Bereich Seelsorge \u2013 finanziell tragbar \u2013 anzubieten<\/li>\n\n\n\n<li>unterst\u00fctzt Menschen eine seelsorgerliche Beratung \/ Therapie in Anspruch nehmen zu k\u00f6nnen<\/li>\n\n\n\n<li>gibt Menschen neuen Fokus und Zuversicht in Umbruchphasen des Lebens<\/li>\n\n\n\n<li>stabilisiert Ehen und erm\u00f6glicht die Bearbeitung traumatischer Erlebnisse<\/li>\n<\/ul>\n\n\n\n<div style=\"height:30px\" aria-hidden=\"true\" class=\"wp-block-spacer\"><\/div>\n\n\n\n<p>Wenn Sie Projekte von<strong>TS Care <\/strong>unterst\u00fctzen m\u00f6chten, <br>verwenden Sie dazu bitte das eigene <a href=\"https:\/\/www.care.stiftung-ts.de\/spenden\/\" target=\"_blank\" rel=\"noreferrer noopener\">TS Care Spendenkonto<\/a>.<\/p>\n\n\n\n<div style=\"height:50px\" aria-hidden=\"true\" class=\"wp-block-spacer is-style-dots\"><\/div>\n\n\n\n<p><\/p>\n","protected":false},"excerpt":{"rendered":"<p>Spenden In Krisen und bei pers\u00f6nlichen Problemen ganzheitliche Hilfe erm\u00f6glichen, entschlossen handeln, Entlastung erreichen und Wege zur stabilisierenden Selbstf\u00fcrsorge finden.Dies tun wir als Stiftung TS durch unseren Bereich der Weiterbildung, in Vortr\u00e4gen und in allen Beratungs- und Coachinggespr\u00e4chen. Mit Ihrer Spende erm\u00f6glichen Sie diese wichtige Arbeit. Wie Sie unsere Arbeit unterst\u00fctzen k\u00f6nnen &#8211; werden Sie<\/p>\n","protected":false},"author":1,"featured_media":0,"parent":0,"menu_order":6,"comment_status":"closed","ping_status":"closed","template":"page-fullwidth.php","meta":{"footnotes":""},"class_list":["post-143","page","type-page","status-publish","hentry"],"yoast_head":"<!-- This site is optimized with the Yoast SEO plugin v27.5 - https:\/\/yoast.com\/product\/yoast-seo-wordpress\/ -->\n<title>Spenden - Stiftung TS<\/title>\n<meta name=\"description\" content=\"Wir danken Ihnen von Herzen, wenn Sie uns mit einer Spende helfen.\" \/>\n<meta name=\"robots\" content=\"index, follow, max-snippet:-1, max-image-preview:large, max-video-preview:-1\" \/>\n<link rel=\"canonical\" href=\"https:\/\/stiftung-ts.de\/sts\/helfen-sie-mit\/\" \/>\n<meta property=\"og:locale\" content=\"de_DE\" \/>\n<meta property=\"og:type\" content=\"article\" \/>\n<meta property=\"og:title\" content=\"Spenden - Stiftung TS\" \/>\n<meta property=\"og:description\" content=\"Wir danken Ihnen von Herzen, wenn Sie uns mit einer Spende helfen.\" \/>\n<meta property=\"og:url\" content=\"https:\/\/stiftung-ts.de\/sts\/helfen-sie-mit\/\" \/>\n<meta property=\"og:site_name\" content=\"Stiftung TS\" \/>\n<meta property=\"article:publisher\" content=\"https:\/\/www.facebook.com\/therapeutische.seelsorge\" \/>\n<meta property=\"article:modified_time\" content=\"2026-02-06T18:44:22+00:00\" \/>\n<meta property=\"og:image\" content=\"https:\/\/stiftung-ts.de\/sts\/wp-content\/uploads\/2025\/08\/gooding_logo_1.png\" \/>\n\t<meta property=\"og:image:width\" content=\"300\" \/>\n\t<meta property=\"og:image:height\" content=\"90\" \/>\n\t<meta property=\"og:image:type\" content=\"image\/png\" \/>\n<meta name=\"twitter:card\" content=\"summary_large_image\" \/>\n<meta name=\"twitter:label1\" content=\"Gesch\u00e4tzte Lesezeit\" \/>\n\t<meta name=\"twitter:data1\" content=\"3\u00a0Minuten\" \/>\n<script type=\"application\/ld+json\" class=\"yoast-schema-graph\">{\"@context\":\"https:\\\/\\\/schema.org\",\"@graph\":[{\"@type\":\"WebPage\",\"@id\":\"https:\\\/\\\/stiftung-ts.de\\\/sts\\\/helfen-sie-mit\\\/\",\"url\":\"https:\\\/\\\/stiftung-ts.de\\\/sts\\\/helfen-sie-mit\\\/\",\"name\":\"Spenden - Stiftung TS\",\"isPartOf\":{\"@id\":\"https:\\\/\\\/stiftung-ts.de\\\/sts\\\/#website\"},\"primaryImageOfPage\":{\"@id\":\"https:\\\/\\\/stiftung-ts.de\\\/sts\\\/helfen-sie-mit\\\/#primaryimage\"},\"image\":{\"@id\":\"https:\\\/\\\/stiftung-ts.de\\\/sts\\\/helfen-sie-mit\\\/#primaryimage\"},\"thumbnailUrl\":\"https:\\\/\\\/stiftung-ts.de\\\/sts\\\/wp-content\\\/uploads\\\/2025\\\/08\\\/gooding_logo_1-150x45.png\",\"datePublished\":\"2019-02-11T22:55:49+00:00\",\"dateModified\":\"2026-02-06T18:44:22+00:00\",\"description\":\"Wir danken Ihnen von Herzen, wenn Sie uns mit einer Spende helfen.\",\"breadcrumb\":{\"@id\":\"https:\\\/\\\/stiftung-ts.de\\\/sts\\\/helfen-sie-mit\\\/#breadcrumb\"},\"inLanguage\":\"de\",\"potentialAction\":[{\"@type\":\"ReadAction\",\"target\":[\"https:\\\/\\\/stiftung-ts.de\\\/sts\\\/helfen-sie-mit\\\/\"]}]},{\"@type\":\"ImageObject\",\"inLanguage\":\"de\",\"@id\":\"https:\\\/\\\/stiftung-ts.de\\\/sts\\\/helfen-sie-mit\\\/#primaryimage\",\"url\":\"https:\\\/\\\/stiftung-ts.de\\\/sts\\\/wp-content\\\/uploads\\\/2025\\\/08\\\/gooding_logo_1.png\",\"contentUrl\":\"https:\\\/\\\/stiftung-ts.de\\\/sts\\\/wp-content\\\/uploads\\\/2025\\\/08\\\/gooding_logo_1.png\",\"width\":300,\"height\":90,\"caption\":\"Gooding Logo\"},{\"@type\":\"BreadcrumbList\",\"@id\":\"https:\\\/\\\/stiftung-ts.de\\\/sts\\\/helfen-sie-mit\\\/#breadcrumb\",\"itemListElement\":[{\"@type\":\"ListItem\",\"position\":1,\"name\":\"Startseite\",\"item\":\"https:\\\/\\\/stiftung-ts.de\\\/sts\\\/\"},{\"@type\":\"ListItem\",\"position\":2,\"name\":\"Spenden\"}]},{\"@type\":\"WebSite\",\"@id\":\"https:\\\/\\\/stiftung-ts.de\\\/sts\\\/#website\",\"url\":\"https:\\\/\\\/stiftung-ts.de\\\/sts\\\/\",\"name\":\"Stiftung TS\",\"description\":\"\",\"publisher\":{\"@id\":\"https:\\\/\\\/stiftung-ts.de\\\/sts\\\/#organization\"},\"potentialAction\":[{\"@type\":\"SearchAction\",\"target\":{\"@type\":\"EntryPoint\",\"urlTemplate\":\"https:\\\/\\\/stiftung-ts.de\\\/sts\\\/?s={search_term_string}\"},\"query-input\":{\"@type\":\"PropertyValueSpecification\",\"valueRequired\":true,\"valueName\":\"search_term_string\"}}],\"inLanguage\":\"de\"},{\"@type\":\"Organization\",\"@id\":\"https:\\\/\\\/stiftung-ts.de\\\/sts\\\/#organization\",\"name\":\"Stiftung TS\",\"url\":\"https:\\\/\\\/stiftung-ts.de\\\/sts\\\/\",\"logo\":{\"@type\":\"ImageObject\",\"inLanguage\":\"de\",\"@id\":\"https:\\\/\\\/stiftung-ts.de\\\/sts\\\/#\\\/schema\\\/logo\\\/image\\\/\",\"url\":\"https:\\\/\\\/stiftung-ts.de\\\/sts\\\/wp-content\\\/uploads\\\/2021\\\/04\\\/Logo_Stiftung-TS_512-rund.png\",\"contentUrl\":\"https:\\\/\\\/stiftung-ts.de\\\/sts\\\/wp-content\\\/uploads\\\/2021\\\/04\\\/Logo_Stiftung-TS_512-rund.png\",\"width\":512,\"height\":512,\"caption\":\"Stiftung TS\"},\"image\":{\"@id\":\"https:\\\/\\\/stiftung-ts.de\\\/sts\\\/#\\\/schema\\\/logo\\\/image\\\/\"},\"sameAs\":[\"https:\\\/\\\/www.facebook.com\\\/therapeutische.seelsorge\"]}]}<\/script>\n<!-- \/ Yoast SEO plugin. -->","yoast_head_json":{"title":"Spenden - Stiftung TS","description":"Wir danken Ihnen von Herzen, wenn Sie uns mit einer Spende helfen.","robots":{"index":"index","follow":"follow","max-snippet":"max-snippet:-1","max-image-preview":"max-image-preview:large","max-video-preview":"max-video-preview:-1"},"canonical":"https:\/\/stiftung-ts.de\/sts\/helfen-sie-mit\/","og_locale":"de_DE","og_type":"article","og_title":"Spenden - Stiftung TS","og_description":"Wir danken Ihnen von Herzen, wenn Sie uns mit einer Spende helfen.","og_url":"https:\/\/stiftung-ts.de\/sts\/helfen-sie-mit\/","og_site_name":"Stiftung TS","article_publisher":"https:\/\/www.facebook.com\/therapeutische.seelsorge","article_modified_time":"2026-02-06T18:44:22+00:00","og_image":[{"width":300,"height":90,"url":"https:\/\/stiftung-ts.de\/sts\/wp-content\/uploads\/2025\/08\/gooding_logo_1.png","type":"image\/png"}],"twitter_card":"summary_large_image","twitter_misc":{"Gesch\u00e4tzte Lesezeit":"3\u00a0Minuten"},"schema":{"@context":"https:\/\/schema.org","@graph":[{"@type":"WebPage","@id":"https:\/\/stiftung-ts.de\/sts\/helfen-sie-mit\/","url":"https:\/\/stiftung-ts.de\/sts\/helfen-sie-mit\/","name":"Spenden - Stiftung TS","isPartOf":{"@id":"https:\/\/stiftung-ts.de\/sts\/#website"},"primaryImageOfPage":{"@id":"https:\/\/stiftung-ts.de\/sts\/helfen-sie-mit\/#primaryimage"},"image":{"@id":"https:\/\/stiftung-ts.de\/sts\/helfen-sie-mit\/#primaryimage"},"thumbnailUrl":"https:\/\/stiftung-ts.de\/sts\/wp-content\/uploads\/2025\/08\/gooding_logo_1-150x45.png","datePublished":"2019-02-11T22:55:49+00:00","dateModified":"2026-02-06T18:44:22+00:00","description":"Wir danken Ihnen von Herzen, wenn Sie uns mit einer Spende helfen.","breadcrumb":{"@id":"https:\/\/stiftung-ts.de\/sts\/helfen-sie-mit\/#breadcrumb"},"inLanguage":"de","potentialAction":[{"@type":"ReadAction","target":["https:\/\/stiftung-ts.de\/sts\/helfen-sie-mit\/"]}]},{"@type":"ImageObject","inLanguage":"de","@id":"https:\/\/stiftung-ts.de\/sts\/helfen-sie-mit\/#primaryimage","url":"https:\/\/stiftung-ts.de\/sts\/wp-content\/uploads\/2025\/08\/gooding_logo_1.png","contentUrl":"https:\/\/stiftung-ts.de\/sts\/wp-content\/uploads\/2025\/08\/gooding_logo_1.png","width":300,"height":90,"caption":"Gooding Logo"},{"@type":"BreadcrumbList","@id":"https:\/\/stiftung-ts.de\/sts\/helfen-sie-mit\/#breadcrumb","itemListElement":[{"@type":"ListItem","position":1,"name":"Startseite","item":"https:\/\/stiftung-ts.de\/sts\/"},{"@type":"ListItem","position":2,"name":"Spenden"}]},{"@type":"WebSite","@id":"https:\/\/stiftung-ts.de\/sts\/#website","url":"https:\/\/stiftung-ts.de\/sts\/","name":"Stiftung TS","description":"","publisher":{"@id":"https:\/\/stiftung-ts.de\/sts\/#organization"},"potentialAction":[{"@type":"SearchAction","target":{"@type":"EntryPoint","urlTemplate":"https:\/\/stiftung-ts.de\/sts\/?s={search_term_string}"},"query-input":{"@type":"PropertyValueSpecification","valueRequired":true,"valueName":"search_term_string"}}],"inLanguage":"de"},{"@type":"Organization","@id":"https:\/\/stiftung-ts.de\/sts\/#organization","name":"Stiftung TS","url":"https:\/\/stiftung-ts.de\/sts\/","logo":{"@type":"ImageObject","inLanguage":"de","@id":"https:\/\/stiftung-ts.de\/sts\/#\/schema\/logo\/image\/","url":"https:\/\/stiftung-ts.de\/sts\/wp-content\/uploads\/2021\/04\/Logo_Stiftung-TS_512-rund.png","contentUrl":"https:\/\/stiftung-ts.de\/sts\/wp-content\/uploads\/2021\/04\/Logo_Stiftung-TS_512-rund.png","width":512,"height":512,"caption":"Stiftung TS"},"image":{"@id":"https:\/\/stiftung-ts.de\/sts\/#\/schema\/logo\/image\/"},"sameAs":["https:\/\/www.facebook.com\/therapeutische.seelsorge"]}]}},"_links":{"self":[{"href":"https:\/\/stiftung-ts.de\/sts\/wp-json\/wp\/v2\/pages\/143","targetHints":{"allow":["GET"]}}],"collection":[{"href":"https:\/\/stiftung-ts.de\/sts\/wp-json\/wp\/v2\/pages"}],"about":[{"href":"https:\/\/stiftung-ts.de\/sts\/wp-json\/wp\/v2\/types\/page"}],"author":[{"embeddable":true,"href":"https:\/\/stiftung-ts.de\/sts\/wp-json\/wp\/v2\/users\/1"}],"replies":[{"embeddable":true,"href":"https:\/\/stiftung-ts.de\/sts\/wp-json\/wp\/v2\/comments?post=143"}],"version-history":[{"count":0,"href":"https:\/\/stiftung-ts.de\/sts\/wp-json\/wp\/v2\/pages\/143\/revisions"}],"wp:attachment":[{"href":"https:\/\/stiftung-ts.de\/sts\/wp-json\/wp\/v2\/media?parent=143"}],"curies":[{"name":"wp","href":"https:\/\/api.w.org\/{rel}","templated":true}]}}