{"id":136,"date":"2019-02-11T23:38:03","date_gmt":"2019-02-11T22:38:03","guid":{"rendered":"https:\/\/stiftung-ts.de\/sts\/?page_id=136"},"modified":"2026-02-04T13:06:00","modified_gmt":"2026-02-04T12:06:00","slug":"akademisches-aufbau-programm","status":"publish","type":"page","link":"https:\/\/stiftung-ts.de\/sts\/ausbildung-2\/ausbildungsprogramm\/akademisches-aufbau-programm\/","title":{"rendered":"Akademisches Aufbauprogramm"},"content":{"rendered":"\n<h2 class=\"wp-block-heading\">Akademisches Aufbauprogramm (AAP)<\/h2>\n\n\n\n<p>Die weltweite Gemeinde Jesu braucht Menschen, die Seelsorge praxisrelevant und verantwortlich aus\u00fcben, mit christlich-theologischer Theorie verbinden und dies zugleich akademische reflektieren k\u00f6nnen!<\/p>\n\n\n\n<p>Um Sie auf diesem Weg zu begleiten, bietet Ihnen das Akademische Aufbauprogramm (AAP) der Stiftung TS ein Seelsorgekonzept mit Lehrinhalten aus der Individualpsychologie, der Systemischen Therapie, der Gespr\u00e4chspsychotherapie, der Rational-Emotiven Therapie und der Logotherapie. Ihre theologischen Grundlagen werden Sie akademisch reflektieren und vertiefen und sich diese sowohl akademisch und als auch f\u00fcr die Praxis erschlie\u00dfen.<\/p>\n\n\n\n<h3 class=\"wp-block-heading\">Weiterbildungsstruktur des AAP<\/h3>\n\n\n\n<p>Das Akademische Aufbauprogramm (AAP) bereitet Sie auf ein Masterstudium an der University of South Africa (Unisa) und der University of Pretoria (UP), beide Pretoria vor. Einen Masterabschluss kann anstreben, wer das AAP bei TS und einen Bachelor-Abschluss (B.A.) oder eine vergleichbare Vorbildung (B.A. equiv.) absolviert hat. Danach kann man sich f\u00fcr ein Masterstudium bei Unisa oder UP einschreiben.<\/p>\n\n\n\n<p>Das AAP kann mit dem Weiterbildungsprogramm Beratende Seelsorge kombiniert werden.<\/p>\n\n\n\n<p>Die Kooperation mit der\u00a0Unisa und UP\u00a0und erfolgt \u00fcber die\u00a0<a href=\"https:\/\/gbfe.eu\/\" target=\"_blank\" rel=\"noreferrer noopener\">Gesellschaft f\u00fcr Bildung und Forschung in Europa<\/a>. <br><a href=\"https:\/\/www.unisa.ac.za\/\" target=\"_blank\" rel=\"noreferrer noopener\">Unisa <\/a>ist die \u00e4lteste und gr\u00f6\u00dfte Fernuniversit\u00e4t der s\u00fcdlichen Welthalbkugel. Sie ist mit derzeit 360.000 Studierenden (Stand 2019) eine der gro\u00dfen Player in der globalen Bildungsszene. <br>Ganz neu ist unsere Kooperation mit der <a href=\"https:\/\/www.up.ac.za\/\" target=\"_blank\" rel=\"noreferrer noopener\">University of Pretoria<\/a>. Diese Uni wurde 1908 gegr\u00fcndet. Die University of Pretoria hat allj\u00e4hrlich die h\u00f6chste Wissenschaftsleistung in S\u00fcdafrika. An ihr werden die meisten Master- und Doktorabschl\u00fcsse in S\u00fcdafrika erreicht. Gerade ihre theologische Fakult\u00e4t steht weltweit f\u00fcr Exzellenz.<\/p>\n\n\n\n<h3 class=\"wp-block-heading\">Weiterbildungsmodelle<\/h3>\n\n\n\n<ul class=\"wp-block-list\">\n<li><strong>AAPpur<\/strong>: Seelsorglich-akademische Kompetenz ohne praktisch-seelsorgliche Kompetenz.<\/li>\n\n\n\n<li><strong>AAPplus<\/strong>: Kombination von Beratender Seelsorge und AAPpur.<\/li>\n\n\n\n<li><strong>AAPkombi<\/strong>: AAPpur oder AAPplus in Kombination mit anderen bei GBFE angeschlossenen Instituten.<\/li>\n<\/ul>\n\n\n\n<div style=\"height:30px\" aria-hidden=\"true\" class=\"wp-block-spacer\"><\/div>\n\n\n\n<blockquote class=\"wp-block-quote is-layout-flow wp-block-quote-is-layout-flow\">\n<p>Die Kombination aus wissenschaftlichen Erkenntnissen und christlichem Glauben weitet meinen Blick und bietet mir die M\u00f6glichkeit mich pers\u00f6nlich weiterzuentwickeln. F\u00fcr die Kombination aus dem AAP und der Ausbildung zur Therapeutischen Seelsorgerin habe ich mich entschieden, damit ich ratsuchenden Menschen in meinem Umfeld eine fachlich qualifizierte und geistliche Begleitung in verschiedenen<br>Lebensbereichen mit individuellen Krisen und Herausforderungen anbieten kann.<\/p>\n<cite>Eveline van Marwyk<\/cite><\/blockquote>\n\n\n\n<div style=\"height:30px\" aria-hidden=\"true\" class=\"wp-block-spacer\"><\/div>\n\n\n\n<p><strong>Weiterf\u00fchrende Informationen<\/strong><\/p>\n\n\n\n<div class=\"wp-block-group is-layout-flex wp-block-group-is-layout-flex\">\n<figure class=\"wp-block-image size-thumbnail\"><a href=\"https:\/\/stiftung-ts.de\/sts\/wp-content\/uploads\/2025\/02\/Broschuere_AAP_2024a_web.pdf\" target=\"_blank\" rel=\" noreferrer noopener\"><img loading=\"lazy\" decoding=\"async\" width=\"150\" height=\"150\" src=\"https:\/\/stiftung-ts.de\/sts\/wp-content\/uploads\/2025\/08\/Broschuere_AAP_2024a_web-1-150x150.jpg\" alt=\"Leitlinien Akademisches Aufbauprogramm\" class=\"wp-image-6703\" style=\"object-fit:cover\" srcset=\"https:\/\/stiftung-ts.de\/sts\/wp-content\/uploads\/2025\/08\/Broschuere_AAP_2024a_web-1-150x150.jpg 150w, https:\/\/stiftung-ts.de\/sts\/wp-content\/uploads\/2025\/08\/Broschuere_AAP_2024a_web-1-300x300.jpg 300w, https:\/\/stiftung-ts.de\/sts\/wp-content\/uploads\/2025\/08\/Broschuere_AAP_2024a_web-1-768x768.jpg 768w, https:\/\/stiftung-ts.de\/sts\/wp-content\/uploads\/2025\/08\/Broschuere_AAP_2024a_web-1-90x90.jpg 90w, https:\/\/stiftung-ts.de\/sts\/wp-content\/uploads\/2025\/08\/Broschuere_AAP_2024a_web-1-360x360.jpg 360w, https:\/\/stiftung-ts.de\/sts\/wp-content\/uploads\/2025\/08\/Broschuere_AAP_2024a_web-1-64x64.jpg 64w, https:\/\/stiftung-ts.de\/sts\/wp-content\/uploads\/2025\/08\/Broschuere_AAP_2024a_web-1.jpg 909w\" sizes=\"auto, (max-width: 150px) 100vw, 150px\" \/><\/a><\/figure>\n\n\n\n<p><a href=\"https:\/\/stiftung-ts.de\/sts\/wp-content\/uploads\/2025\/02\/Broschuere_AAP_2024a_web.pdf\" target=\"_blank\" rel=\"noreferrer noopener\"><strong>Leitlinien Akademisches Aufbauprogramm<\/strong><\/a><\/p>\n<\/div>\n\n\n\n<div style=\"height:30px\" aria-hidden=\"true\" class=\"wp-block-spacer\"><\/div>\n\n\n\n<h3 class=\"wp-block-heading\">Leitung Fachbereich Akademisches Aufbauprogramm<\/h3>\n\n\n\n<figure class=\"wp-block-image size-medium is-resized\"><img loading=\"lazy\" decoding=\"async\" width=\"300\" height=\"300\" src=\"https:\/\/stiftung-ts.de\/sts\/wp-content\/uploads\/2020\/01\/Kessler-300x300.jpg\" alt=\"\" class=\"wp-image-943\" style=\"width:225px;height:225px\" srcset=\"https:\/\/stiftung-ts.de\/sts\/wp-content\/uploads\/2020\/01\/Kessler-300x300.jpg 300w, https:\/\/stiftung-ts.de\/sts\/wp-content\/uploads\/2020\/01\/Kessler-150x150.jpg 150w, https:\/\/stiftung-ts.de\/sts\/wp-content\/uploads\/2020\/01\/Kessler-90x90.jpg 90w, https:\/\/stiftung-ts.de\/sts\/wp-content\/uploads\/2020\/01\/Kessler-64x64.jpg 64w, https:\/\/stiftung-ts.de\/sts\/wp-content\/uploads\/2020\/01\/Kessler.jpg 309w\" sizes=\"auto, (max-width: 300px) 100vw, 300px\" \/><\/figure>\n\n\n\n<p class=\"has-medium-font-size\"><strong>Dr. theol. Martina Kessler<\/strong><\/p>\n\n\n\n<p><strong>Studienleitung<br>Fachbereichs\u00adleitung Akademisches Aufbauprogramm<\/strong><\/p>\n\n\n\n<p><a href=\"mailto:martina.kessler@stiftung-ts.de\"><em>martina.kessler(at)stiftung-ts.de<\/em><\/a><\/p>\n","protected":false},"excerpt":{"rendered":"<p>Akademisches Aufbauprogramm (AAP) Die weltweite Gemeinde Jesu braucht Menschen, die Seelsorge praxisrelevant und verantwortlich aus\u00fcben, mit christlich-theologischer Theorie verbinden und dies zugleich akademische reflektieren k\u00f6nnen! Um Sie auf diesem Weg zu begleiten, bietet Ihnen das Akademische Aufbauprogramm (AAP) der Stiftung TS ein Seelsorgekonzept mit Lehrinhalten aus der Individualpsychologie, der Systemischen Therapie, der Gespr\u00e4chspsychotherapie, der Rational-Emotiven<\/p>\n","protected":false},"author":1,"featured_media":0,"parent":611,"menu_order":4,"comment_status":"closed","ping_status":"closed","template":"page-fullwidth.php","meta":{"footnotes":""},"class_list":["post-136","page","type-page","status-publish","hentry"],"yoast_head":"<!-- This site is optimized with the Yoast SEO plugin v27.3 - https:\/\/yoast.com\/product\/yoast-seo-wordpress\/ -->\n<title>Akademisches Aufbauprogramm - Weiterbildungen - Stiftung TS<\/title>\n<meta name=\"description\" content=\"Das Akademische Aufbauprogramm (AAP) bereitet auf ein Masterstudium an der University of South Africa (Unisa) vor.\" \/>\n<meta name=\"robots\" content=\"index, follow, max-snippet:-1, max-image-preview:large, max-video-preview:-1\" \/>\n<link rel=\"canonical\" href=\"https:\/\/stiftung-ts.de\/sts\/ausbildung-2\/ausbildungsprogramm\/akademisches-aufbau-programm\/\" \/>\n<meta property=\"og:locale\" content=\"de_DE\" \/>\n<meta property=\"og:type\" content=\"article\" \/>\n<meta property=\"og:title\" content=\"Akademisches Aufbauprogramm - Weiterbildungen - Stiftung TS\" \/>\n<meta property=\"og:description\" content=\"Das Akademische Aufbauprogramm (AAP) bereitet auf ein Masterstudium an der University of South Africa (Unisa) vor.\" \/>\n<meta property=\"og:url\" content=\"https:\/\/stiftung-ts.de\/sts\/ausbildung-2\/ausbildungsprogramm\/akademisches-aufbau-programm\/\" \/>\n<meta property=\"og:site_name\" content=\"Stiftung TS\" \/>\n<meta property=\"article:publisher\" content=\"https:\/\/www.facebook.com\/therapeutische.seelsorge\" \/>\n<meta property=\"article:modified_time\" content=\"2026-02-04T12:06:00+00:00\" \/>\n<meta property=\"og:image\" content=\"https:\/\/stiftung-ts.de\/sts\/wp-content\/uploads\/2025\/08\/Broschuere_AAP_2024a_web-1.jpg\" \/>\n\t<meta property=\"og:image:width\" content=\"909\" \/>\n\t<meta property=\"og:image:height\" content=\"909\" \/>\n\t<meta property=\"og:image:type\" content=\"image\/jpeg\" \/>\n<meta name=\"twitter:card\" content=\"summary_large_image\" \/>\n<meta name=\"twitter:label1\" content=\"Gesch\u00e4tzte Lesezeit\" \/>\n\t<meta name=\"twitter:data1\" content=\"2\u00a0Minuten\" \/>\n<script type=\"application\/ld+json\" class=\"yoast-schema-graph\">{\"@context\":\"https:\\\/\\\/schema.org\",\"@graph\":[{\"@type\":\"WebPage\",\"@id\":\"https:\\\/\\\/stiftung-ts.de\\\/sts\\\/ausbildung-2\\\/ausbildungsprogramm\\\/akademisches-aufbau-programm\\\/\",\"url\":\"https:\\\/\\\/stiftung-ts.de\\\/sts\\\/ausbildung-2\\\/ausbildungsprogramm\\\/akademisches-aufbau-programm\\\/\",\"name\":\"Akademisches Aufbauprogramm - Weiterbildungen - Stiftung TS\",\"isPartOf\":{\"@id\":\"https:\\\/\\\/stiftung-ts.de\\\/sts\\\/#website\"},\"primaryImageOfPage\":{\"@id\":\"https:\\\/\\\/stiftung-ts.de\\\/sts\\\/ausbildung-2\\\/ausbildungsprogramm\\\/akademisches-aufbau-programm\\\/#primaryimage\"},\"image\":{\"@id\":\"https:\\\/\\\/stiftung-ts.de\\\/sts\\\/ausbildung-2\\\/ausbildungsprogramm\\\/akademisches-aufbau-programm\\\/#primaryimage\"},\"thumbnailUrl\":\"https:\\\/\\\/stiftung-ts.de\\\/sts\\\/wp-content\\\/uploads\\\/2025\\\/08\\\/Broschuere_AAP_2024a_web-1-150x150.jpg\",\"datePublished\":\"2019-02-11T22:38:03+00:00\",\"dateModified\":\"2026-02-04T12:06:00+00:00\",\"description\":\"Das Akademische Aufbauprogramm (AAP) bereitet auf ein Masterstudium an der University of South Africa (Unisa) vor.\",\"breadcrumb\":{\"@id\":\"https:\\\/\\\/stiftung-ts.de\\\/sts\\\/ausbildung-2\\\/ausbildungsprogramm\\\/akademisches-aufbau-programm\\\/#breadcrumb\"},\"inLanguage\":\"de\",\"potentialAction\":[{\"@type\":\"ReadAction\",\"target\":[\"https:\\\/\\\/stiftung-ts.de\\\/sts\\\/ausbildung-2\\\/ausbildungsprogramm\\\/akademisches-aufbau-programm\\\/\"]}]},{\"@type\":\"ImageObject\",\"inLanguage\":\"de\",\"@id\":\"https:\\\/\\\/stiftung-ts.de\\\/sts\\\/ausbildung-2\\\/ausbildungsprogramm\\\/akademisches-aufbau-programm\\\/#primaryimage\",\"url\":\"https:\\\/\\\/stiftung-ts.de\\\/sts\\\/wp-content\\\/uploads\\\/2025\\\/08\\\/Broschuere_AAP_2024a_web-1.jpg\",\"contentUrl\":\"https:\\\/\\\/stiftung-ts.de\\\/sts\\\/wp-content\\\/uploads\\\/2025\\\/08\\\/Broschuere_AAP_2024a_web-1.jpg\",\"width\":909,\"height\":909,\"caption\":\"Brosch\u00fcre AAP\"},{\"@type\":\"BreadcrumbList\",\"@id\":\"https:\\\/\\\/stiftung-ts.de\\\/sts\\\/ausbildung-2\\\/ausbildungsprogramm\\\/akademisches-aufbau-programm\\\/#breadcrumb\",\"itemListElement\":[{\"@type\":\"ListItem\",\"position\":1,\"name\":\"Startseite\",\"item\":\"https:\\\/\\\/stiftung-ts.de\\\/sts\\\/\"},{\"@type\":\"ListItem\",\"position\":2,\"name\":\"Ausbildung\",\"item\":\"https:\\\/\\\/stiftung-ts.de\\\/sts\\\/ausbildung-2\\\/\"},{\"@type\":\"ListItem\",\"position\":3,\"name\":\"Weiterbildungen\",\"item\":\"https:\\\/\\\/stiftung-ts.de\\\/sts\\\/ausbildung-2\\\/ausbildungsprogramm\\\/\"},{\"@type\":\"ListItem\",\"position\":4,\"name\":\"Akademisches Aufbauprogramm\"}]},{\"@type\":\"WebSite\",\"@id\":\"https:\\\/\\\/stiftung-ts.de\\\/sts\\\/#website\",\"url\":\"https:\\\/\\\/stiftung-ts.de\\\/sts\\\/\",\"name\":\"Stiftung TS\",\"description\":\"\",\"publisher\":{\"@id\":\"https:\\\/\\\/stiftung-ts.de\\\/sts\\\/#organization\"},\"potentialAction\":[{\"@type\":\"SearchAction\",\"target\":{\"@type\":\"EntryPoint\",\"urlTemplate\":\"https:\\\/\\\/stiftung-ts.de\\\/sts\\\/?s={search_term_string}\"},\"query-input\":{\"@type\":\"PropertyValueSpecification\",\"valueRequired\":true,\"valueName\":\"search_term_string\"}}],\"inLanguage\":\"de\"},{\"@type\":\"Organization\",\"@id\":\"https:\\\/\\\/stiftung-ts.de\\\/sts\\\/#organization\",\"name\":\"Stiftung TS\",\"url\":\"https:\\\/\\\/stiftung-ts.de\\\/sts\\\/\",\"logo\":{\"@type\":\"ImageObject\",\"inLanguage\":\"de\",\"@id\":\"https:\\\/\\\/stiftung-ts.de\\\/sts\\\/#\\\/schema\\\/logo\\\/image\\\/\",\"url\":\"https:\\\/\\\/stiftung-ts.de\\\/sts\\\/wp-content\\\/uploads\\\/2021\\\/04\\\/Logo_Stiftung-TS_512-rund.png\",\"contentUrl\":\"https:\\\/\\\/stiftung-ts.de\\\/sts\\\/wp-content\\\/uploads\\\/2021\\\/04\\\/Logo_Stiftung-TS_512-rund.png\",\"width\":512,\"height\":512,\"caption\":\"Stiftung TS\"},\"image\":{\"@id\":\"https:\\\/\\\/stiftung-ts.de\\\/sts\\\/#\\\/schema\\\/logo\\\/image\\\/\"},\"sameAs\":[\"https:\\\/\\\/www.facebook.com\\\/therapeutische.seelsorge\"]}]}<\/script>\n<!-- \/ Yoast SEO plugin. -->","yoast_head_json":{"title":"Akademisches Aufbauprogramm - Weiterbildungen - Stiftung TS","description":"Das Akademische Aufbauprogramm (AAP) bereitet auf ein Masterstudium an der University of South Africa (Unisa) vor.","robots":{"index":"index","follow":"follow","max-snippet":"max-snippet:-1","max-image-preview":"max-image-preview:large","max-video-preview":"max-video-preview:-1"},"canonical":"https:\/\/stiftung-ts.de\/sts\/ausbildung-2\/ausbildungsprogramm\/akademisches-aufbau-programm\/","og_locale":"de_DE","og_type":"article","og_title":"Akademisches Aufbauprogramm - Weiterbildungen - Stiftung TS","og_description":"Das Akademische Aufbauprogramm (AAP) bereitet auf ein Masterstudium an der University of South Africa (Unisa) vor.","og_url":"https:\/\/stiftung-ts.de\/sts\/ausbildung-2\/ausbildungsprogramm\/akademisches-aufbau-programm\/","og_site_name":"Stiftung TS","article_publisher":"https:\/\/www.facebook.com\/therapeutische.seelsorge","article_modified_time":"2026-02-04T12:06:00+00:00","og_image":[{"width":909,"height":909,"url":"https:\/\/stiftung-ts.de\/sts\/wp-content\/uploads\/2025\/08\/Broschuere_AAP_2024a_web-1.jpg","type":"image\/jpeg"}],"twitter_card":"summary_large_image","twitter_misc":{"Gesch\u00e4tzte Lesezeit":"2\u00a0Minuten"},"schema":{"@context":"https:\/\/schema.org","@graph":[{"@type":"WebPage","@id":"https:\/\/stiftung-ts.de\/sts\/ausbildung-2\/ausbildungsprogramm\/akademisches-aufbau-programm\/","url":"https:\/\/stiftung-ts.de\/sts\/ausbildung-2\/ausbildungsprogramm\/akademisches-aufbau-programm\/","name":"Akademisches Aufbauprogramm - Weiterbildungen - Stiftung TS","isPartOf":{"@id":"https:\/\/stiftung-ts.de\/sts\/#website"},"primaryImageOfPage":{"@id":"https:\/\/stiftung-ts.de\/sts\/ausbildung-2\/ausbildungsprogramm\/akademisches-aufbau-programm\/#primaryimage"},"image":{"@id":"https:\/\/stiftung-ts.de\/sts\/ausbildung-2\/ausbildungsprogramm\/akademisches-aufbau-programm\/#primaryimage"},"thumbnailUrl":"https:\/\/stiftung-ts.de\/sts\/wp-content\/uploads\/2025\/08\/Broschuere_AAP_2024a_web-1-150x150.jpg","datePublished":"2019-02-11T22:38:03+00:00","dateModified":"2026-02-04T12:06:00+00:00","description":"Das Akademische Aufbauprogramm (AAP) bereitet auf ein Masterstudium an der University of South Africa (Unisa) vor.","breadcrumb":{"@id":"https:\/\/stiftung-ts.de\/sts\/ausbildung-2\/ausbildungsprogramm\/akademisches-aufbau-programm\/#breadcrumb"},"inLanguage":"de","potentialAction":[{"@type":"ReadAction","target":["https:\/\/stiftung-ts.de\/sts\/ausbildung-2\/ausbildungsprogramm\/akademisches-aufbau-programm\/"]}]},{"@type":"ImageObject","inLanguage":"de","@id":"https:\/\/stiftung-ts.de\/sts\/ausbildung-2\/ausbildungsprogramm\/akademisches-aufbau-programm\/#primaryimage","url":"https:\/\/stiftung-ts.de\/sts\/wp-content\/uploads\/2025\/08\/Broschuere_AAP_2024a_web-1.jpg","contentUrl":"https:\/\/stiftung-ts.de\/sts\/wp-content\/uploads\/2025\/08\/Broschuere_AAP_2024a_web-1.jpg","width":909,"height":909,"caption":"Brosch\u00fcre AAP"},{"@type":"BreadcrumbList","@id":"https:\/\/stiftung-ts.de\/sts\/ausbildung-2\/ausbildungsprogramm\/akademisches-aufbau-programm\/#breadcrumb","itemListElement":[{"@type":"ListItem","position":1,"name":"Startseite","item":"https:\/\/stiftung-ts.de\/sts\/"},{"@type":"ListItem","position":2,"name":"Ausbildung","item":"https:\/\/stiftung-ts.de\/sts\/ausbildung-2\/"},{"@type":"ListItem","position":3,"name":"Weiterbildungen","item":"https:\/\/stiftung-ts.de\/sts\/ausbildung-2\/ausbildungsprogramm\/"},{"@type":"ListItem","position":4,"name":"Akademisches Aufbauprogramm"}]},{"@type":"WebSite","@id":"https:\/\/stiftung-ts.de\/sts\/#website","url":"https:\/\/stiftung-ts.de\/sts\/","name":"Stiftung TS","description":"","publisher":{"@id":"https:\/\/stiftung-ts.de\/sts\/#organization"},"potentialAction":[{"@type":"SearchAction","target":{"@type":"EntryPoint","urlTemplate":"https:\/\/stiftung-ts.de\/sts\/?s={search_term_string}"},"query-input":{"@type":"PropertyValueSpecification","valueRequired":true,"valueName":"search_term_string"}}],"inLanguage":"de"},{"@type":"Organization","@id":"https:\/\/stiftung-ts.de\/sts\/#organization","name":"Stiftung TS","url":"https:\/\/stiftung-ts.de\/sts\/","logo":{"@type":"ImageObject","inLanguage":"de","@id":"https:\/\/stiftung-ts.de\/sts\/#\/schema\/logo\/image\/","url":"https:\/\/stiftung-ts.de\/sts\/wp-content\/uploads\/2021\/04\/Logo_Stiftung-TS_512-rund.png","contentUrl":"https:\/\/stiftung-ts.de\/sts\/wp-content\/uploads\/2021\/04\/Logo_Stiftung-TS_512-rund.png","width":512,"height":512,"caption":"Stiftung TS"},"image":{"@id":"https:\/\/stiftung-ts.de\/sts\/#\/schema\/logo\/image\/"},"sameAs":["https:\/\/www.facebook.com\/therapeutische.seelsorge"]}]}},"_links":{"self":[{"href":"https:\/\/stiftung-ts.de\/sts\/wp-json\/wp\/v2\/pages\/136","targetHints":{"allow":["GET"]}}],"collection":[{"href":"https:\/\/stiftung-ts.de\/sts\/wp-json\/wp\/v2\/pages"}],"about":[{"href":"https:\/\/stiftung-ts.de\/sts\/wp-json\/wp\/v2\/types\/page"}],"author":[{"embeddable":true,"href":"https:\/\/stiftung-ts.de\/sts\/wp-json\/wp\/v2\/users\/1"}],"replies":[{"embeddable":true,"href":"https:\/\/stiftung-ts.de\/sts\/wp-json\/wp\/v2\/comments?post=136"}],"version-history":[{"count":0,"href":"https:\/\/stiftung-ts.de\/sts\/wp-json\/wp\/v2\/pages\/136\/revisions"}],"up":[{"embeddable":true,"href":"https:\/\/stiftung-ts.de\/sts\/wp-json\/wp\/v2\/pages\/611"}],"wp:attachment":[{"href":"https:\/\/stiftung-ts.de\/sts\/wp-json\/wp\/v2\/media?parent=136"}],"curies":[{"name":"wp","href":"https:\/\/api.w.org\/{rel}","templated":true}]}}