{"id":1172,"date":"2020-02-10T18:22:12","date_gmt":"2020-02-10T17:22:12","guid":{"rendered":"https:\/\/stiftung-ts.de\/sts\/?page_id=1172"},"modified":"2026-02-04T11:41:33","modified_gmt":"2026-02-04T10:41:33","slug":"dozenten-2","status":"publish","type":"page","link":"https:\/\/stiftung-ts.de\/sts\/ausbildung-2\/dozenten-2\/","title":{"rendered":"Dozenten"},"content":{"rendered":"\n<h2 class=\"wp-block-heading\">Dozenten<\/h2>\n\n\n\n<table id=\"tablepress-1\" class=\"tablepress tablepress-id-1 tbody-has-connected-cells\">\n<tbody class=\"row-striping row-hover\">\n<tr class=\"row-1\">\n\t<td colspan=\"2\" class=\"column-1\"><b><big><big>Studienleitung<\/big><\/big><\/b><\/td>\n<\/tr>\n<tr class=\"row-2\">\n\t<td class=\"column-1\"><img loading=\"lazy\" decoding=\"async\" src=\"https:\/\/stiftung-ts.de\/sts\/wp-content\/uploads\/2024\/05\/dozenten_tobias_daum.jpg\" alt=\"\" width=\"100\" height=\"133\" class=\"alignnone size-full wp-image-4811\" \/><\/td><td class=\"column-2\"><b>Tobias Daum<\/b> <br \/>\nStudienleitung der Stiftung Therapeutische Seelsorge.<\/td>\n<\/tr>\n<tr class=\"row-3\">\n\t<td colspan=\"2\" class=\"column-1\"><hr><b><big><big>Dozentinnen und Dozenten der Seelsorge-Weiterbildung<\/big><\/big><\/b><\/td>\n<\/tr>\n<tr class=\"row-4\">\n\t<td class=\"column-1\"><img loading=\"lazy\" decoding=\"async\" src=\"https:\/\/stiftung-ts.de\/sts\/wp-content\/uploads\/2026\/01\/dozenten_ricarda_abrell_1.jpg\" alt=\"\" width=\"100\" height=\"133\" class=\"alignnone size-full wp-image-7159\" \/><\/td><td class=\"column-2\"><b>Ricarda Abrell<\/b><br \/>\nGemeindereferentin, <br \/>\nBeratende Seelsorgerin,<br \/>\nSystemische Beraterin,<br \/>\nSupervisorin (DGSv).<\/td>\n<\/tr>\n<tr class=\"row-5\">\n\t<td class=\"column-1\"><img loading=\"lazy\" decoding=\"async\" src=\"https:\/\/stiftung-ts.de\/sts\/wp-content\/uploads\/2024\/10\/dozentin_bettina_beck_3.jpg\" alt=\"\" width=\"100\" height=\"133\" class=\"alignnone size-full wp-image-5604\" \/><\/td><td class=\"column-2\"><b>Bettina Beck<\/b><br \/>\nTherapeutische Seelsorgerin (i. A.),<br \/>\nHeilpraktikerin f\u00fcr Psychotherapie,<br \/>\nPhysiotherapeutin,<br \/>\nGymnastiklehrerin,<br \/>\nHanne-Marquardt-Fussreflex- Therapeutin, <br \/>\nTrainerin f\u00fcr Autogenes Training\/ Progressive Muskelentspannung,<br \/>\nPraxis &#8222;Wertvoll&#8220; mit Schwerpunkt Stress, Konflikte und chronische k\u00f6rperliche Beschwerden. <br \/>\n<\/td>\n<\/tr>\n<tr class=\"row-6\">\n\t<td class=\"column-1\"><img loading=\"lazy\" decoding=\"async\" src=\"https:\/\/stiftung-ts.de\/sts\/wp-content\/uploads\/2022\/11\/dozenten_heike_bindner.jpg\" alt=\"\" width=\"100\" height=\"133\" class=\"alignnone size-full wp-image-4530\" \/><\/td><td class=\"column-2\"><b>Dr. Heike Bindner<\/b><br \/>\nTherapeutische Seelsorgerin (TS), <br \/>\nTraumatherapeutin (MIT-zertifiziert), <br \/>\nPraktische \u00c4rztin.<br \/>\n<\/td>\n<\/tr>\n<tr class=\"row-7\">\n\t<td class=\"column-1\"><img loading=\"lazy\" decoding=\"async\" src=\"https:\/\/stiftung-ts.de\/sts\/wp-content\/uploads\/2024\/05\/dozenten_tobias_daum.jpg\" alt=\"\" width=\"100\" height=\"133\" class=\"alignnone size-full wp-image-5127\" \/><\/td><td class=\"column-2\"><b>Tobias Daum<\/b><br \/>\nStudienleitung der Stiftung Therapeutische Seelsorge,<br \/>\nTherapeutischer Seelsorger (ISB),<br \/>\nEhe- und Familienberater (UofN),<br \/>\nSystemische Seelsorge (UofN),<br \/>\nSelbstregulationstrainer (PtF),<br \/>\nResilienztrainer (LRA),<br \/>\nElternkursleiter GELKI (DKSB),<br \/>\nAkkreditierter Berater (ACC).<br \/>\n<\/td>\n<\/tr>\n<tr class=\"row-8\">\n\t<td class=\"column-1\"><img loading=\"lazy\" decoding=\"async\" src=\"https:\/\/stiftung-ts.de\/sts\/wp-content\/uploads\/2024\/07\/dozenten-janina-englert.jpg\" alt=\"\" width=\"100\" height=\"133\" class=\"alignnone size-full wp-image-5221\" \/><\/td><td class=\"column-2\"><b>Janina Englert<\/b><br \/>\nTherapeutische Seelsorgerin (TS)<br \/>\nHeilpraktikerin f\u00fcr Psychotherapie<br \/>\nDipl. Sozialp\u00e4dagogin<br \/>\nTrainingsleiterin f\u00fcr Progressive Muskelentspannung<br \/>\n<\/td>\n<\/tr>\n<tr class=\"row-9\">\n\t<td class=\"column-1\"><img loading=\"lazy\" decoding=\"async\" src=\"https:\/\/stiftung-ts.de\/sts\/wp-content\/uploads\/2020\/01\/dozenten-martin-drogat.jpg\" alt=\"\" width=\"100\" height=\"133\" class=\"alignnone size-full wp-image-1008\" \/><\/td><td class=\"column-2\"><b>Martin Drogat<\/b><br \/>\nTheologe und Diplomp\u00e4dagoge, <br \/>\nCoach, <br \/>\nPsychodramap\u00e4dagoge,<br \/>\nSystemischer Therapeut,<br \/>\nt\u00e4tig als Familientherapeut und Dozent an der Lierhnhof-Akademie in Homberg-Ohm sowie als Coach in eigener Praxis.<\/td>\n<\/tr>\n<tr class=\"row-10\">\n\t<td class=\"column-1\"><img loading=\"lazy\" decoding=\"async\" src=\"https:\/\/stiftung-ts.de\/sts\/wp-content\/uploads\/2020\/01\/dozenten-susanne-haas.jpg\" alt=\"\" width=\"100\" height=\"133\" class=\"alignnone size-full wp-image-1016\" \/><\/td><td class=\"column-2\"><b>Susanne Haas<\/b><br \/>\nTherapeutische Seelsorgerin, <br \/>\nEhetherapeutin,<br \/>\nPraxis f\u00fcr Psychotherapie nach dem Heilpraktikergesetz,<br \/>\nEhekommunikationstrainerin (KOMKOM),<br \/>\nDozentin f\u00fcr den Bereich Selbsterfahrung,<br \/>\nReferentin f\u00fcr Biografiearbeit.<\/td>\n<\/tr>\n<tr class=\"row-11\">\n\t<td class=\"column-1\"><img loading=\"lazy\" decoding=\"async\" src=\"https:\/\/stiftung-ts.de\/sts\/wp-content\/uploads\/2023\/09\/dozenten_melanie_helmreich.jpg\" alt=\"\" width=\"100\" height=\"133\" class=\"alignnone size-full wp-image-4737\" \/><\/td><td class=\"column-2\"><b>Melanie Helmreich<\/b><br \/>\nTherapeutische Seelsorgerin (TS),<br \/>\nDipl.-Sozialp\u00e4dagogin (FH), t\u00e4tig in einem Tageszentrum f\u00fcr Erwachsene mit psychischer Erkrankung,<br \/>\nSTEP-Elterntrainerin.<\/td>\n<\/tr>\n<tr class=\"row-12\">\n\t<td class=\"column-1\"><img loading=\"lazy\" decoding=\"async\" src=\"https:\/\/stiftung-ts.de\/sts\/wp-content\/uploads\/2023\/09\/dozenten_friedbert_herm.jpg\" alt=\"\" width=\"100\" height=\"133\" class=\"alignnone size-full wp-image-4770\" \/><\/td><td class=\"column-2\"><b>Dr. med. Friedbert Herm<\/b><br \/>\nFacharzt f\u00fcr Orthop\u00e4die, Physikalische Medizin und Rehabilitation, Schmerztherapeut,<br \/>\nPastoraltherapeut mit einem Master in Pastoraltherapie (UNISA). <br \/>\nChefarzt der Altm\u00fchlseeklinik Hensoltsh\u00f6he, einer Fachklinik f\u00fcr orthop\u00e4dische, onkologische und psychosomatische Rehabilitation. <\/td>\n<\/tr>\n<tr class=\"row-13\">\n\t<td class=\"column-1\"><img loading=\"lazy\" decoding=\"async\" src=\"https:\/\/stiftung-ts.de\/sts\/wp-content\/uploads\/2023\/09\/dozenten_kerstin_herm.jpg\" alt=\"\" width=\"100\" height=\"133\" class=\"alignnone size-full wp-image-4771\" \/><\/td><td class=\"column-2\"><b>Dr. phil. Kerstin Herm<\/b><br \/>\npsychologische Psychotherapeutin mit dem Richtlinienverfahren Verhaltenstherapie (Einzel &amp; Gruppe), <br \/>\nPsycho- Traumatherapie und EMDR. <br \/>\nLeiterin der psychologischen Abteilung in der Altm\u00fchlseeklinik Hensoltsh\u00f6he, einer Fachklinik f\u00fcr orthop\u00e4dische, onkologische und psychosomatische Rehabilitation.<\/td>\n<\/tr>\n<tr class=\"row-14\">\n\t<td class=\"column-1\"><img loading=\"lazy\" decoding=\"async\" src=\"https:\/\/stiftung-ts.de\/sts\/wp-content\/uploads\/2021\/04\/dozenten-utina-huebner_2.jpg\" alt=\"\" width=\"100\" height=\"133\" class=\"alignnone size-full wp-image-1017\" \/><\/td><td class=\"column-2\"><b>Utina H\u00fcbner<\/b><br \/>\nTherapeutische Seelsorgerin, <br \/>\nPastoralpsychologin, <br \/>\nEhekommunikationstrainerin (EPL\/KEK), <br \/>\nGordon-Familientrainerin, <br \/>\nPraxis f\u00fcr Psychotherapie nach dem Heilpraktikergesetz,<br \/>\nGastdozentin f\u00fcr den Bereich Selbsterfahrung.<\/td>\n<\/tr>\n<tr class=\"row-15\">\n\t<td class=\"column-1\"><img loading=\"lazy\" decoding=\"async\" src=\"https:\/\/stiftung-ts.de\/sts\/wp-content\/uploads\/2020\/01\/dozenten-martina-kessler.jpg\" alt=\"\" width=\"100\" height=\"133\" class=\"alignnone size-full wp-image-1007\" \/><\/td><td class=\"column-2\"><b>Dr. (UNISA) Martina Kessler<\/b><br \/>\nFachbereichsleiterin Akademisches Aufbauprogramm der Stiftung TS, <br \/>\nLeitung und Dozentin an der Akademie f\u00fcr christliche F\u00fchrungskr\u00e4fte (AcF), <br \/>\nPsychologische Beraterin und Theologin in der Lebensberatung,<br \/>\nim Vorstand der APS.<\/td>\n<\/tr>\n<tr class=\"row-16\">\n\t<td class=\"column-1\"><img loading=\"lazy\" decoding=\"async\" src=\"https:\/\/stiftung-ts.de\/sts\/wp-content\/uploads\/2023\/05\/dozenten_volker_kessler_2.jpg\" alt=\"\" width=\"100\" height=\"133\" class=\"alignnone size-full wp-image-1018\" \/><\/td><td class=\"column-2\"><b>Prof. Dr. habil. Dr. rer. nat. Volker Kessler<\/b><br \/>\nLeiter der Akademie f\u00fcr christliche F\u00fchrungskr\u00e4fte, <br \/>\nDekan der Gesellschaft f\u00fcr Bildung und Forschung in Europa e.V.,<br \/>\nProfessor extraordinarius an der University of South Africa,<br \/>\nDozent an der Academia de Liderazgo Cooperativo, Paraguay. <br \/>\nBekannter Buchautor mit Bestsellern wie \u201eDie Machtfalle\u201c, \u201eKritisieren ohne zu verletzen\u201c.<\/td>\n<\/tr>\n<tr class=\"row-17\">\n\t<td class=\"column-1\"><img loading=\"lazy\" decoding=\"async\" src=\"https:\/\/stiftung-ts.de\/sts\/wp-content\/uploads\/2021\/05\/dozenten-otto-lang_2.jpg\" alt=\"\" width=\"100\" height=\"133\" class=\"alignnone size-full wp-image-3263\" \/><\/td><td class=\"column-2\"><b>Otto Lang<\/b><br \/>\nTheologe, <br \/>\nPastor und Gesch\u00e4ftsf\u00fchrer im S\u00fcdwestdeutschen Gemeinschaftsverband, <br \/>\nTherapeutischer Seelsorger, <br \/>\nPraxis als Heilpraktiker f\u00fcr Psychotherapie, <br \/>\nWertecockpit-Coach zur Pers\u00f6nlichkeitsentwicklung.<\/td>\n<\/tr>\n<tr class=\"row-18\">\n\t<td class=\"column-1\"><img loading=\"lazy\" decoding=\"async\" src=\"https:\/\/stiftung-ts.de\/sts\/wp-content\/uploads\/2020\/01\/dozenten-matthias-otte.jpg\" alt=\"\" width=\"100\" height=\"133\" class=\"alignnone size-full wp-image-1009\" \/><\/td><td class=\"column-2\"><b>Matthias Otte<\/b><br \/>\nErgotherapeut, <br \/>\nDozent, <br \/>\nTherapeutischer Seelsorger, <br \/>\nSystemische Beratung und Seelsorge, <br \/>\nBerater beim Wei\u00dfen Kreuz.<\/td>\n<\/tr>\n<tr class=\"row-19\">\n\t<td class=\"column-1\"><img loading=\"lazy\" decoding=\"async\" src=\"https:\/\/stiftung-ts.de\/sts\/wp-content\/uploads\/2025\/08\/dozentin_maike_prolingheuer.jpg\" alt=\"\" width=\"100\" height=\"133\" class=\"alignnone size-full wp-image-6816\" \/><\/td><td class=\"column-2\"><b> Maike Prolingheuer<\/b><br \/>\nLeiterin der Initiative Seelsorge \u2022 Beratung \u2022 Bildung (isbb), <br \/>\nPsychologische Beraterin und Therapeutin (de\u2019ignis) f\u00fcr Pastoralpsychologie, Psychotherapie und psychosoziale Arbeit, <br \/>\nHeilpraktikerin f\u00fcr Psychotherapie, <br \/>\nGrund- und Hauptschullehrerin, <br \/>\nTheologischer M.A. \u00e4quiv. (Mission und Gemeindebau), <br \/>\nKursleiterin f\u00fcr Progressive Muskelrelaxation und Stresspr\u00e4vention.<br \/>\n<\/td>\n<\/tr>\n<tr class=\"row-20\">\n\t<td class=\"column-1\"><img loading=\"lazy\" decoding=\"async\" src=\"https:\/\/stiftung-ts.de\/sts\/wp-content\/uploads\/2023\/09\/dozenten_werner_schaefer_2.jpg\" alt=\"\" width=\"100\" height=\"133\" class=\"alignnone size-full wp-image-4811\" \/><\/td><td class=\"column-2\"><b>Werner Sch\u00e4fer<\/b><br \/>\nVorstand der Stiftung Therapeutische Seelsorge, <br \/>\nTherapeutischer Seelsorger (TS),<br \/>\nPraxis f\u00fcr Psychotherapie nach dem Heilpraktikergesetz,<br \/>\nEPL\/KEK Trainer, <br \/>\nGordon Familientrainer, <br \/>\nIndividualpsychologischer Coach TS.<\/td>\n<\/tr>\n<tr class=\"row-21\">\n\t<td class=\"column-1\"><img loading=\"lazy\" decoding=\"async\" src=\"https:\/\/stiftung-ts.de\/sts\/wp-content\/uploads\/2023\/09\/dozenten_joachim_schnuerle.jpg\" alt=\"\" width=\"100\" height=\"133\" class=\"alignnone size-full wp-image-4784\" \/><\/td><td class=\"column-2\"><b>Dr. med. Joachim Schn\u00fcrle<\/b><br \/>\nFacharzt f\u00fcr Innere Medizin mit den Zusatzbezeichnungen Notfallmedizin und Psychotherapie. <br \/>\nLeitender Oberarzt der Abteilung f\u00fcr psychosomatische und onkologische Rehabilitation in der Altm\u00fchlseeklinik Hensoltsh\u00f6he, einer Fachklinik f\u00fcr orthop\u00e4dische, onkologische und psychosomatische Rehabilitation.<\/td>\n<\/tr>\n<tr class=\"row-22\">\n\t<td class=\"column-1\"><img loading=\"lazy\" decoding=\"async\" src=\"https:\/\/stiftung-ts.de\/sts\/wp-content\/uploads\/2021\/04\/Dozenten-Gebhard-Weik.jpg\" alt=\"\" width=\"100\" height=\"133\" class=\"alignnone size-full wp-image-2147\" \/><\/a><\/td><td class=\"column-2\"><b>Gebhard Weik<\/b><br \/>\nM.A. (Middlesex University London),<br \/>\nPraktischer Theologe und Beratender Seelsorge,<br \/>\nEhe- und Familienberater.<\/td>\n<\/tr>\n<tr class=\"row-23\">\n\t<td colspan=\"2\" class=\"column-1\"><hr><b><big><big>Dozentin unserer Partnerorganisation Eleos-Education Ungarn<\/big><\/big><\/b><\/td>\n<\/tr>\n<tr class=\"row-24\">\n\t<td class=\"column-1\"><img loading=\"lazy\" decoding=\"async\" src=\"https:\/\/stiftung-ts.de\/sts\/wp-content\/uploads\/2023\/09\/dozenten_marta_reimer_2.jpg\" alt=\"\" width=\"100\" height=\"133\" class=\"alignnone size-full wp-image-4741\" \/><\/td><td class=\"column-2\"><b> Marta Reimer<\/b><br \/>\nMth. Theologie\/Pastoraltherapie (UNISA),<br \/>\nGr\u00fcnderin und Dozentin der Eleos-Education im Bereich Seelsorge\/ Pastoralpsychologie in Ungarn\/Budapest,<br \/>\nTherapeutische Seelsorgerin,<br \/>\nReferentin,<br \/>\nPraxis f\u00fcr Psychotherapie nach dem Heilpraktikergesetz,<br \/>\nDISG Trainerin.<br \/>\n<\/td>\n<\/tr>\n<tr class=\"row-25\">\n\t<td colspan=\"2\" class=\"column-1\"><hr><b><big><big>Begutachtung der Abschlussarbeiten<\/big><\/big><\/b><\/td>\n<\/tr>\n<tr class=\"row-26\">\n\t<td class=\"column-1\"><img loading=\"lazy\" decoding=\"async\" src=\"https:\/\/stiftung-ts.de\/sts\/wp-content\/uploads\/2022\/11\/dozenten_michael_utsch_2.jpg\" alt=\"\" width=\"100\" height=\"133\" class=\"alignnone size-full wp-image-1011\" \/><\/td><td class=\"column-2\"><b>Prof. Dr. phil. Michael Utsch<\/b><br \/>\nStudium der evang. Theologie, <br \/>\nDipl.-Psychologe, <br \/>\napprobierter Psychotherapeut, <br \/>\nwissenschaftlicher Referent der evangelischen Zentralstelle f\u00fcr Weltanschauungsfragen in Berlin, <br \/>\n2013 Ernennung zum Honorarprofessor der Evang. Hochschule Tabor, Marburg.<\/td>\n<\/tr>\n<\/tbody>\n<\/table>\n<!-- #tablepress-1 from cache -->","protected":false},"excerpt":{"rendered":"<p>Dozenten<\/p>\n","protected":false},"author":1,"featured_media":0,"parent":111,"menu_order":3,"comment_status":"closed","ping_status":"closed","template":"page-fullwidth.php","meta":{"footnotes":""},"class_list":["post-1172","page","type-page","status-publish","hentry"],"yoast_head":"<!-- This site is optimized with the Yoast SEO plugin v27.6 - https:\/\/yoast.com\/product\/yoast-seo-wordpress\/ -->\n<title>Dozenten - Ausbildung - Stiftung TS<\/title>\n<meta name=\"description\" content=\"Dozenten der Seelsorge-Weiterbildung\" \/>\n<meta name=\"robots\" content=\"index, follow, max-snippet:-1, max-image-preview:large, max-video-preview:-1\" \/>\n<link rel=\"canonical\" href=\"https:\/\/stiftung-ts.de\/sts\/ausbildung-2\/dozenten-2\/\" \/>\n<meta property=\"og:locale\" content=\"de_DE\" \/>\n<meta property=\"og:type\" content=\"article\" \/>\n<meta property=\"og:title\" content=\"Dozenten - Ausbildung - Stiftung TS\" \/>\n<meta property=\"og:description\" content=\"Dozenten der Seelsorge-Weiterbildung\" \/>\n<meta property=\"og:url\" content=\"https:\/\/stiftung-ts.de\/sts\/ausbildung-2\/dozenten-2\/\" \/>\n<meta property=\"og:site_name\" content=\"Stiftung TS\" \/>\n<meta property=\"article:publisher\" content=\"https:\/\/www.facebook.com\/therapeutische.seelsorge\" \/>\n<meta property=\"article:modified_time\" content=\"2026-02-04T10:41:33+00:00\" \/>\n<meta name=\"twitter:card\" content=\"summary_large_image\" \/>\n<meta name=\"twitter:label1\" content=\"Gesch\u00e4tzte Lesezeit\" \/>\n\t<meta name=\"twitter:data1\" content=\"1\u00a0Minute\" \/>\n<script type=\"application\/ld+json\" class=\"yoast-schema-graph\">{\"@context\":\"https:\\\/\\\/schema.org\",\"@graph\":[{\"@type\":\"WebPage\",\"@id\":\"https:\\\/\\\/stiftung-ts.de\\\/sts\\\/ausbildung-2\\\/dozenten-2\\\/\",\"url\":\"https:\\\/\\\/stiftung-ts.de\\\/sts\\\/ausbildung-2\\\/dozenten-2\\\/\",\"name\":\"Dozenten - Ausbildung - Stiftung TS\",\"isPartOf\":{\"@id\":\"https:\\\/\\\/stiftung-ts.de\\\/sts\\\/#website\"},\"datePublished\":\"2020-02-10T17:22:12+00:00\",\"dateModified\":\"2026-02-04T10:41:33+00:00\",\"description\":\"Dozenten der Seelsorge-Weiterbildung\",\"breadcrumb\":{\"@id\":\"https:\\\/\\\/stiftung-ts.de\\\/sts\\\/ausbildung-2\\\/dozenten-2\\\/#breadcrumb\"},\"inLanguage\":\"de\",\"potentialAction\":[{\"@type\":\"ReadAction\",\"target\":[\"https:\\\/\\\/stiftung-ts.de\\\/sts\\\/ausbildung-2\\\/dozenten-2\\\/\"]}]},{\"@type\":\"BreadcrumbList\",\"@id\":\"https:\\\/\\\/stiftung-ts.de\\\/sts\\\/ausbildung-2\\\/dozenten-2\\\/#breadcrumb\",\"itemListElement\":[{\"@type\":\"ListItem\",\"position\":1,\"name\":\"Startseite\",\"item\":\"https:\\\/\\\/stiftung-ts.de\\\/sts\\\/\"},{\"@type\":\"ListItem\",\"position\":2,\"name\":\"Ausbildung\",\"item\":\"https:\\\/\\\/stiftung-ts.de\\\/sts\\\/ausbildung-2\\\/\"},{\"@type\":\"ListItem\",\"position\":3,\"name\":\"Dozenten\"}]},{\"@type\":\"WebSite\",\"@id\":\"https:\\\/\\\/stiftung-ts.de\\\/sts\\\/#website\",\"url\":\"https:\\\/\\\/stiftung-ts.de\\\/sts\\\/\",\"name\":\"Stiftung TS\",\"description\":\"\",\"publisher\":{\"@id\":\"https:\\\/\\\/stiftung-ts.de\\\/sts\\\/#organization\"},\"potentialAction\":[{\"@type\":\"SearchAction\",\"target\":{\"@type\":\"EntryPoint\",\"urlTemplate\":\"https:\\\/\\\/stiftung-ts.de\\\/sts\\\/?s={search_term_string}\"},\"query-input\":{\"@type\":\"PropertyValueSpecification\",\"valueRequired\":true,\"valueName\":\"search_term_string\"}}],\"inLanguage\":\"de\"},{\"@type\":\"Organization\",\"@id\":\"https:\\\/\\\/stiftung-ts.de\\\/sts\\\/#organization\",\"name\":\"Stiftung TS\",\"url\":\"https:\\\/\\\/stiftung-ts.de\\\/sts\\\/\",\"logo\":{\"@type\":\"ImageObject\",\"inLanguage\":\"de\",\"@id\":\"https:\\\/\\\/stiftung-ts.de\\\/sts\\\/#\\\/schema\\\/logo\\\/image\\\/\",\"url\":\"https:\\\/\\\/stiftung-ts.de\\\/sts\\\/wp-content\\\/uploads\\\/2021\\\/04\\\/Logo_Stiftung-TS_512-rund.png\",\"contentUrl\":\"https:\\\/\\\/stiftung-ts.de\\\/sts\\\/wp-content\\\/uploads\\\/2021\\\/04\\\/Logo_Stiftung-TS_512-rund.png\",\"width\":512,\"height\":512,\"caption\":\"Stiftung TS\"},\"image\":{\"@id\":\"https:\\\/\\\/stiftung-ts.de\\\/sts\\\/#\\\/schema\\\/logo\\\/image\\\/\"},\"sameAs\":[\"https:\\\/\\\/www.facebook.com\\\/therapeutische.seelsorge\"]}]}<\/script>\n<!-- \/ Yoast SEO plugin. -->","yoast_head_json":{"title":"Dozenten - Ausbildung - Stiftung TS","description":"Dozenten der Seelsorge-Weiterbildung","robots":{"index":"index","follow":"follow","max-snippet":"max-snippet:-1","max-image-preview":"max-image-preview:large","max-video-preview":"max-video-preview:-1"},"canonical":"https:\/\/stiftung-ts.de\/sts\/ausbildung-2\/dozenten-2\/","og_locale":"de_DE","og_type":"article","og_title":"Dozenten - Ausbildung - Stiftung TS","og_description":"Dozenten der Seelsorge-Weiterbildung","og_url":"https:\/\/stiftung-ts.de\/sts\/ausbildung-2\/dozenten-2\/","og_site_name":"Stiftung TS","article_publisher":"https:\/\/www.facebook.com\/therapeutische.seelsorge","article_modified_time":"2026-02-04T10:41:33+00:00","twitter_card":"summary_large_image","twitter_misc":{"Gesch\u00e4tzte Lesezeit":"1\u00a0Minute"},"schema":{"@context":"https:\/\/schema.org","@graph":[{"@type":"WebPage","@id":"https:\/\/stiftung-ts.de\/sts\/ausbildung-2\/dozenten-2\/","url":"https:\/\/stiftung-ts.de\/sts\/ausbildung-2\/dozenten-2\/","name":"Dozenten - Ausbildung - Stiftung TS","isPartOf":{"@id":"https:\/\/stiftung-ts.de\/sts\/#website"},"datePublished":"2020-02-10T17:22:12+00:00","dateModified":"2026-02-04T10:41:33+00:00","description":"Dozenten der Seelsorge-Weiterbildung","breadcrumb":{"@id":"https:\/\/stiftung-ts.de\/sts\/ausbildung-2\/dozenten-2\/#breadcrumb"},"inLanguage":"de","potentialAction":[{"@type":"ReadAction","target":["https:\/\/stiftung-ts.de\/sts\/ausbildung-2\/dozenten-2\/"]}]},{"@type":"BreadcrumbList","@id":"https:\/\/stiftung-ts.de\/sts\/ausbildung-2\/dozenten-2\/#breadcrumb","itemListElement":[{"@type":"ListItem","position":1,"name":"Startseite","item":"https:\/\/stiftung-ts.de\/sts\/"},{"@type":"ListItem","position":2,"name":"Ausbildung","item":"https:\/\/stiftung-ts.de\/sts\/ausbildung-2\/"},{"@type":"ListItem","position":3,"name":"Dozenten"}]},{"@type":"WebSite","@id":"https:\/\/stiftung-ts.de\/sts\/#website","url":"https:\/\/stiftung-ts.de\/sts\/","name":"Stiftung TS","description":"","publisher":{"@id":"https:\/\/stiftung-ts.de\/sts\/#organization"},"potentialAction":[{"@type":"SearchAction","target":{"@type":"EntryPoint","urlTemplate":"https:\/\/stiftung-ts.de\/sts\/?s={search_term_string}"},"query-input":{"@type":"PropertyValueSpecification","valueRequired":true,"valueName":"search_term_string"}}],"inLanguage":"de"},{"@type":"Organization","@id":"https:\/\/stiftung-ts.de\/sts\/#organization","name":"Stiftung TS","url":"https:\/\/stiftung-ts.de\/sts\/","logo":{"@type":"ImageObject","inLanguage":"de","@id":"https:\/\/stiftung-ts.de\/sts\/#\/schema\/logo\/image\/","url":"https:\/\/stiftung-ts.de\/sts\/wp-content\/uploads\/2021\/04\/Logo_Stiftung-TS_512-rund.png","contentUrl":"https:\/\/stiftung-ts.de\/sts\/wp-content\/uploads\/2021\/04\/Logo_Stiftung-TS_512-rund.png","width":512,"height":512,"caption":"Stiftung TS"},"image":{"@id":"https:\/\/stiftung-ts.de\/sts\/#\/schema\/logo\/image\/"},"sameAs":["https:\/\/www.facebook.com\/therapeutische.seelsorge"]}]}},"_links":{"self":[{"href":"https:\/\/stiftung-ts.de\/sts\/wp-json\/wp\/v2\/pages\/1172","targetHints":{"allow":["GET"]}}],"collection":[{"href":"https:\/\/stiftung-ts.de\/sts\/wp-json\/wp\/v2\/pages"}],"about":[{"href":"https:\/\/stiftung-ts.de\/sts\/wp-json\/wp\/v2\/types\/page"}],"author":[{"embeddable":true,"href":"https:\/\/stiftung-ts.de\/sts\/wp-json\/wp\/v2\/users\/1"}],"replies":[{"embeddable":true,"href":"https:\/\/stiftung-ts.de\/sts\/wp-json\/wp\/v2\/comments?post=1172"}],"version-history":[{"count":0,"href":"https:\/\/stiftung-ts.de\/sts\/wp-json\/wp\/v2\/pages\/1172\/revisions"}],"up":[{"embeddable":true,"href":"https:\/\/stiftung-ts.de\/sts\/wp-json\/wp\/v2\/pages\/111"}],"wp:attachment":[{"href":"https:\/\/stiftung-ts.de\/sts\/wp-json\/wp\/v2\/media?parent=1172"}],"curies":[{"name":"wp","href":"https:\/\/api.w.org\/{rel}","templated":true}]}}