{"id":111,"date":"2019-02-11T23:00:12","date_gmt":"2019-02-11T22:00:12","guid":{"rendered":"https:\/\/stiftung-ts.de\/sts\/?page_id=111"},"modified":"2026-03-16T16:26:18","modified_gmt":"2026-03-16T15:26:18","slug":"ausbildung-2","status":"publish","type":"page","link":"https:\/\/stiftung-ts.de\/sts\/ausbildung-2\/","title":{"rendered":"Ausbildung"},"content":{"rendered":"<div class=\"wp-block-image is-resized\">\n<figure class=\"aligncenter size-medium\"><img loading=\"lazy\" decoding=\"async\" width=\"293\" height=\"300\" src=\"https:\/\/stiftung-ts.de\/sts\/wp-content\/uploads\/2021\/04\/Logo_TS-Ausbildung-293x300.png\" alt=\"\" class=\"wp-image-2461\" style=\"object-fit:cover;width:150px;height:150px\" srcset=\"https:\/\/stiftung-ts.de\/sts\/wp-content\/uploads\/2021\/04\/Logo_TS-Ausbildung-293x300.png 293w, https:\/\/stiftung-ts.de\/sts\/wp-content\/uploads\/2021\/04\/Logo_TS-Ausbildung-1001x1024.png 1001w, https:\/\/stiftung-ts.de\/sts\/wp-content\/uploads\/2021\/04\/Logo_TS-Ausbildung-768x786.png 768w, https:\/\/stiftung-ts.de\/sts\/wp-content\/uploads\/2021\/04\/Logo_TS-Ausbildung.png 1080w\" sizes=\"auto, (max-width: 293px) 100vw, 293px\" \/><\/figure>\n<\/div>\n\n\n<div style=\"height:30px\" aria-hidden=\"true\" class=\"wp-block-spacer\"><\/div>\n\n\n\n<p>Wir m\u00f6chten dich inspirieren, dich selbst und andere besser verstehen zu lernen. Damit deine Beziehungen gest\u00e4rkt werden und du Herausforderungen kompetent begegnen kannst. Du entdeckst deine St\u00e4rken und lernst stabilisierende Selbstf\u00fcrsorge kennen.<\/p>\n\n\n\n<p>Lege mit der Begleitenden Seelsorge den Grundstein f\u00fcr eine weiterf\u00fchrende Qualifikation in der Seelsorge oder nimm an einzelnen Seminaren zur pers\u00f6nlichen Weiterbildung teil. So wie es f\u00fcr dich gerade passt!<\/p>\n\n\n\n<div style=\"height:30px\" aria-hidden=\"true\" class=\"wp-block-spacer\"><\/div>\n\n\n\n<h2 class=\"wp-block-heading\">Weiterbildungen<\/h2>\n\n\n\n<p>Die Stiftung&nbsp;Therapeutische Seelsorge bietet <strong><a href=\"https:\/\/stiftung-ts.de\/sts\/ausbildung-2\/ausbildungsprogramm\/\" type=\"page\" id=\"611\">Weiterbildungen<\/a><\/strong> im Bereich Seelsorge an.<\/p>\n\n\n\n<p><strong>Weiterbildungsm\u00f6glichkeiten im \u00dcberblick<\/strong><\/p>\n\n\n\n<figure class=\"wp-block-image size-full\"><img loading=\"lazy\" decoding=\"async\" width=\"826\" height=\"246\" src=\"https:\/\/stiftung-ts.de\/sts\/wp-content\/uploads\/2024\/11\/Grafik_Weiterbildung.png\" alt=\"Weiterbildungsm\u00f6glichkeiten im \u00dcberblick: Begleitende - Beratende - Therapeutische Seelsorge sowie Akademisches Aufbauprogramm\" class=\"wp-image-5941\" srcset=\"https:\/\/stiftung-ts.de\/sts\/wp-content\/uploads\/2024\/11\/Grafik_Weiterbildung.png 826w, https:\/\/stiftung-ts.de\/sts\/wp-content\/uploads\/2024\/11\/Grafik_Weiterbildung-300x89.png 300w, https:\/\/stiftung-ts.de\/sts\/wp-content\/uploads\/2024\/11\/Grafik_Weiterbildung-768x229.png 768w\" sizes=\"auto, (max-width: 826px) 100vw, 826px\" \/><\/figure>\n\n\n\n<div style=\"height:60px\" aria-hidden=\"true\" class=\"wp-block-spacer\"><\/div>\n\n\n\n<h2 class=\"wp-block-heading\">Seminare<\/h2>\n\n\n\n<p>Wir bieten <strong><a href=\"https:\/\/stiftung-ts.de\/sts\/ausbildung-2\/ausbildungsprogramm\/\" type=\"page\" id=\"611\"><\/a><strong><a href=\"https:\/\/stiftung-ts.de\/sts\/ausbildung-2\/seminare\/\">Seminare<\/a><\/strong><\/strong> zur Weiterbildung in Seelsorge, Beratung und Therapie an, <br>oder einfach um sich selbst und andere besser zu verstehen.<\/p>\n\n\n\n<p>Alle Seminare k\u00f6nnen zur pers\u00f6nlichen Bereicherung besucht werden, also auch ohne das Ziel einer kompletten Weiterbildung.<\/p>\n\n\n\n<a class=\"enigma_blog_read_btn\" href=\"https:\/\/seminare.stiftung-ts.de\/\" target=\"_blank\" rel=\"noreferrer noopener\">Aktuelle Seminare anzeigen und buchen<\/a>\n\n\n\n<div style=\"height:60px\" aria-hidden=\"true\" class=\"wp-block-spacer\"><\/div>\n\n\n\n<p>F\u00fcr pers\u00f6nliche Beratung schreibe uns gerne eine E-Mail oder rufe uns an.<\/p>\n\n\n\n<p><\/p>\n","protected":false},"excerpt":{"rendered":"<p>Wir m\u00f6chten dich inspirieren, dich selbst und andere besser verstehen zu lernen. Damit deine Beziehungen gest\u00e4rkt werden und du Herausforderungen kompetent begegnen kannst. Du entdeckst deine St\u00e4rken und lernst stabilisierende Selbstf\u00fcrsorge kennen. Lege mit der Begleitenden Seelsorge den Grundstein f\u00fcr eine weiterf\u00fchrende Qualifikation in der Seelsorge oder nimm an einzelnen Seminaren zur pers\u00f6nlichen Weiterbildung teil.<\/p>\n","protected":false},"author":1,"featured_media":0,"parent":0,"menu_order":2,"comment_status":"closed","ping_status":"closed","template":"page-fullwidth.php","meta":{"footnotes":""},"class_list":["post-111","page","type-page","status-publish","hentry"],"yoast_head":"<!-- This site is optimized with the Yoast SEO plugin v27.4 - https:\/\/yoast.com\/product\/yoast-seo-wordpress\/ -->\n<title>Ausbildung - Stiftung TS<\/title>\n<meta name=\"description\" content=\"Die Stiftung Therapeutische Seelsorge bietet Weiterbildungen und Seminare im Bereich Seelsorge an.\" \/>\n<meta name=\"robots\" content=\"index, follow, max-snippet:-1, max-image-preview:large, max-video-preview:-1\" \/>\n<link rel=\"canonical\" href=\"https:\/\/stiftung-ts.de\/sts\/ausbildung-2\/\" \/>\n<meta property=\"og:locale\" content=\"de_DE\" \/>\n<meta property=\"og:type\" content=\"article\" \/>\n<meta property=\"og:title\" content=\"Ausbildung - Stiftung TS\" \/>\n<meta property=\"og:description\" content=\"Die Stiftung Therapeutische Seelsorge bietet Weiterbildungen und Seminare im Bereich Seelsorge an.\" \/>\n<meta property=\"og:url\" content=\"https:\/\/stiftung-ts.de\/sts\/ausbildung-2\/\" \/>\n<meta property=\"og:site_name\" content=\"Stiftung TS\" \/>\n<meta property=\"article:publisher\" content=\"https:\/\/www.facebook.com\/therapeutische.seelsorge\" \/>\n<meta property=\"article:modified_time\" content=\"2026-03-16T15:26:18+00:00\" \/>\n<meta property=\"og:image\" content=\"https:\/\/stiftung-ts.de\/sts\/wp-content\/uploads\/2021\/04\/Logo_TS-Ausbildung.png\" \/>\n\t<meta property=\"og:image:width\" content=\"1080\" \/>\n\t<meta property=\"og:image:height\" content=\"1105\" \/>\n\t<meta property=\"og:image:type\" content=\"image\/png\" \/>\n<meta name=\"twitter:card\" content=\"summary_large_image\" \/>\n<meta name=\"twitter:label1\" content=\"Gesch\u00e4tzte Lesezeit\" \/>\n\t<meta name=\"twitter:data1\" content=\"2\u00a0Minuten\" \/>\n<script type=\"application\/ld+json\" class=\"yoast-schema-graph\">{\"@context\":\"https:\\\/\\\/schema.org\",\"@graph\":[{\"@type\":\"WebPage\",\"@id\":\"https:\\\/\\\/stiftung-ts.de\\\/sts\\\/ausbildung-2\\\/\",\"url\":\"https:\\\/\\\/stiftung-ts.de\\\/sts\\\/ausbildung-2\\\/\",\"name\":\"Ausbildung - Stiftung TS\",\"isPartOf\":{\"@id\":\"https:\\\/\\\/stiftung-ts.de\\\/sts\\\/#website\"},\"primaryImageOfPage\":{\"@id\":\"https:\\\/\\\/stiftung-ts.de\\\/sts\\\/ausbildung-2\\\/#primaryimage\"},\"image\":{\"@id\":\"https:\\\/\\\/stiftung-ts.de\\\/sts\\\/ausbildung-2\\\/#primaryimage\"},\"thumbnailUrl\":\"https:\\\/\\\/stiftung-ts.de\\\/sts\\\/wp-content\\\/uploads\\\/2021\\\/04\\\/Logo_TS-Ausbildung-293x300.png\",\"datePublished\":\"2019-02-11T22:00:12+00:00\",\"dateModified\":\"2026-03-16T15:26:18+00:00\",\"description\":\"Die Stiftung Therapeutische Seelsorge bietet Weiterbildungen und Seminare im Bereich Seelsorge an.\",\"breadcrumb\":{\"@id\":\"https:\\\/\\\/stiftung-ts.de\\\/sts\\\/ausbildung-2\\\/#breadcrumb\"},\"inLanguage\":\"de\",\"potentialAction\":[{\"@type\":\"ReadAction\",\"target\":[\"https:\\\/\\\/stiftung-ts.de\\\/sts\\\/ausbildung-2\\\/\"]}]},{\"@type\":\"ImageObject\",\"inLanguage\":\"de\",\"@id\":\"https:\\\/\\\/stiftung-ts.de\\\/sts\\\/ausbildung-2\\\/#primaryimage\",\"url\":\"https:\\\/\\\/stiftung-ts.de\\\/sts\\\/wp-content\\\/uploads\\\/2021\\\/04\\\/Logo_TS-Ausbildung.png\",\"contentUrl\":\"https:\\\/\\\/stiftung-ts.de\\\/sts\\\/wp-content\\\/uploads\\\/2021\\\/04\\\/Logo_TS-Ausbildung.png\",\"width\":1080,\"height\":1105,\"caption\":\"Logo Stiftung TS - Bereich Ausbildung\"},{\"@type\":\"BreadcrumbList\",\"@id\":\"https:\\\/\\\/stiftung-ts.de\\\/sts\\\/ausbildung-2\\\/#breadcrumb\",\"itemListElement\":[{\"@type\":\"ListItem\",\"position\":1,\"name\":\"Startseite\",\"item\":\"https:\\\/\\\/stiftung-ts.de\\\/sts\\\/\"},{\"@type\":\"ListItem\",\"position\":2,\"name\":\"Ausbildung\"}]},{\"@type\":\"WebSite\",\"@id\":\"https:\\\/\\\/stiftung-ts.de\\\/sts\\\/#website\",\"url\":\"https:\\\/\\\/stiftung-ts.de\\\/sts\\\/\",\"name\":\"Stiftung TS\",\"description\":\"\",\"publisher\":{\"@id\":\"https:\\\/\\\/stiftung-ts.de\\\/sts\\\/#organization\"},\"potentialAction\":[{\"@type\":\"SearchAction\",\"target\":{\"@type\":\"EntryPoint\",\"urlTemplate\":\"https:\\\/\\\/stiftung-ts.de\\\/sts\\\/?s={search_term_string}\"},\"query-input\":{\"@type\":\"PropertyValueSpecification\",\"valueRequired\":true,\"valueName\":\"search_term_string\"}}],\"inLanguage\":\"de\"},{\"@type\":\"Organization\",\"@id\":\"https:\\\/\\\/stiftung-ts.de\\\/sts\\\/#organization\",\"name\":\"Stiftung TS\",\"url\":\"https:\\\/\\\/stiftung-ts.de\\\/sts\\\/\",\"logo\":{\"@type\":\"ImageObject\",\"inLanguage\":\"de\",\"@id\":\"https:\\\/\\\/stiftung-ts.de\\\/sts\\\/#\\\/schema\\\/logo\\\/image\\\/\",\"url\":\"https:\\\/\\\/stiftung-ts.de\\\/sts\\\/wp-content\\\/uploads\\\/2021\\\/04\\\/Logo_Stiftung-TS_512-rund.png\",\"contentUrl\":\"https:\\\/\\\/stiftung-ts.de\\\/sts\\\/wp-content\\\/uploads\\\/2021\\\/04\\\/Logo_Stiftung-TS_512-rund.png\",\"width\":512,\"height\":512,\"caption\":\"Stiftung TS\"},\"image\":{\"@id\":\"https:\\\/\\\/stiftung-ts.de\\\/sts\\\/#\\\/schema\\\/logo\\\/image\\\/\"},\"sameAs\":[\"https:\\\/\\\/www.facebook.com\\\/therapeutische.seelsorge\"]}]}<\/script>\n<!-- \/ Yoast SEO plugin. -->","yoast_head_json":{"title":"Ausbildung - Stiftung TS","description":"Die Stiftung Therapeutische Seelsorge bietet Weiterbildungen und Seminare im Bereich Seelsorge an.","robots":{"index":"index","follow":"follow","max-snippet":"max-snippet:-1","max-image-preview":"max-image-preview:large","max-video-preview":"max-video-preview:-1"},"canonical":"https:\/\/stiftung-ts.de\/sts\/ausbildung-2\/","og_locale":"de_DE","og_type":"article","og_title":"Ausbildung - Stiftung TS","og_description":"Die Stiftung Therapeutische Seelsorge bietet Weiterbildungen und Seminare im Bereich Seelsorge an.","og_url":"https:\/\/stiftung-ts.de\/sts\/ausbildung-2\/","og_site_name":"Stiftung TS","article_publisher":"https:\/\/www.facebook.com\/therapeutische.seelsorge","article_modified_time":"2026-03-16T15:26:18+00:00","og_image":[{"width":1080,"height":1105,"url":"https:\/\/stiftung-ts.de\/sts\/wp-content\/uploads\/2021\/04\/Logo_TS-Ausbildung.png","type":"image\/png"}],"twitter_card":"summary_large_image","twitter_misc":{"Gesch\u00e4tzte Lesezeit":"2\u00a0Minuten"},"schema":{"@context":"https:\/\/schema.org","@graph":[{"@type":"WebPage","@id":"https:\/\/stiftung-ts.de\/sts\/ausbildung-2\/","url":"https:\/\/stiftung-ts.de\/sts\/ausbildung-2\/","name":"Ausbildung - Stiftung TS","isPartOf":{"@id":"https:\/\/stiftung-ts.de\/sts\/#website"},"primaryImageOfPage":{"@id":"https:\/\/stiftung-ts.de\/sts\/ausbildung-2\/#primaryimage"},"image":{"@id":"https:\/\/stiftung-ts.de\/sts\/ausbildung-2\/#primaryimage"},"thumbnailUrl":"https:\/\/stiftung-ts.de\/sts\/wp-content\/uploads\/2021\/04\/Logo_TS-Ausbildung-293x300.png","datePublished":"2019-02-11T22:00:12+00:00","dateModified":"2026-03-16T15:26:18+00:00","description":"Die Stiftung Therapeutische Seelsorge bietet Weiterbildungen und Seminare im Bereich Seelsorge an.","breadcrumb":{"@id":"https:\/\/stiftung-ts.de\/sts\/ausbildung-2\/#breadcrumb"},"inLanguage":"de","potentialAction":[{"@type":"ReadAction","target":["https:\/\/stiftung-ts.de\/sts\/ausbildung-2\/"]}]},{"@type":"ImageObject","inLanguage":"de","@id":"https:\/\/stiftung-ts.de\/sts\/ausbildung-2\/#primaryimage","url":"https:\/\/stiftung-ts.de\/sts\/wp-content\/uploads\/2021\/04\/Logo_TS-Ausbildung.png","contentUrl":"https:\/\/stiftung-ts.de\/sts\/wp-content\/uploads\/2021\/04\/Logo_TS-Ausbildung.png","width":1080,"height":1105,"caption":"Logo Stiftung TS - Bereich Ausbildung"},{"@type":"BreadcrumbList","@id":"https:\/\/stiftung-ts.de\/sts\/ausbildung-2\/#breadcrumb","itemListElement":[{"@type":"ListItem","position":1,"name":"Startseite","item":"https:\/\/stiftung-ts.de\/sts\/"},{"@type":"ListItem","position":2,"name":"Ausbildung"}]},{"@type":"WebSite","@id":"https:\/\/stiftung-ts.de\/sts\/#website","url":"https:\/\/stiftung-ts.de\/sts\/","name":"Stiftung TS","description":"","publisher":{"@id":"https:\/\/stiftung-ts.de\/sts\/#organization"},"potentialAction":[{"@type":"SearchAction","target":{"@type":"EntryPoint","urlTemplate":"https:\/\/stiftung-ts.de\/sts\/?s={search_term_string}"},"query-input":{"@type":"PropertyValueSpecification","valueRequired":true,"valueName":"search_term_string"}}],"inLanguage":"de"},{"@type":"Organization","@id":"https:\/\/stiftung-ts.de\/sts\/#organization","name":"Stiftung TS","url":"https:\/\/stiftung-ts.de\/sts\/","logo":{"@type":"ImageObject","inLanguage":"de","@id":"https:\/\/stiftung-ts.de\/sts\/#\/schema\/logo\/image\/","url":"https:\/\/stiftung-ts.de\/sts\/wp-content\/uploads\/2021\/04\/Logo_Stiftung-TS_512-rund.png","contentUrl":"https:\/\/stiftung-ts.de\/sts\/wp-content\/uploads\/2021\/04\/Logo_Stiftung-TS_512-rund.png","width":512,"height":512,"caption":"Stiftung TS"},"image":{"@id":"https:\/\/stiftung-ts.de\/sts\/#\/schema\/logo\/image\/"},"sameAs":["https:\/\/www.facebook.com\/therapeutische.seelsorge"]}]}},"_links":{"self":[{"href":"https:\/\/stiftung-ts.de\/sts\/wp-json\/wp\/v2\/pages\/111","targetHints":{"allow":["GET"]}}],"collection":[{"href":"https:\/\/stiftung-ts.de\/sts\/wp-json\/wp\/v2\/pages"}],"about":[{"href":"https:\/\/stiftung-ts.de\/sts\/wp-json\/wp\/v2\/types\/page"}],"author":[{"embeddable":true,"href":"https:\/\/stiftung-ts.de\/sts\/wp-json\/wp\/v2\/users\/1"}],"replies":[{"embeddable":true,"href":"https:\/\/stiftung-ts.de\/sts\/wp-json\/wp\/v2\/comments?post=111"}],"version-history":[{"count":1,"href":"https:\/\/stiftung-ts.de\/sts\/wp-json\/wp\/v2\/pages\/111\/revisions"}],"predecessor-version":[{"id":7358,"href":"https:\/\/stiftung-ts.de\/sts\/wp-json\/wp\/v2\/pages\/111\/revisions\/7358"}],"wp:attachment":[{"href":"https:\/\/stiftung-ts.de\/sts\/wp-json\/wp\/v2\/media?parent=111"}],"curies":[{"name":"wp","href":"https:\/\/api.w.org\/{rel}","templated":true}]}}